{"id":55,"date":"2024-12-10T16:05:00","date_gmt":"2024-12-10T19:05:00","guid":{"rendered":"https:\/\/sites.usp.br\/srcbiomedicina\/?page_id=55"},"modified":"2024-12-19T19:31:16","modified_gmt":"2024-12-19T22:31:16","slug":"transporte","status":"publish","type":"page","link":"https:\/\/sites.usp.br\/srcbiomedicina\/transporte\/","title":{"rendered":"Transporte"},"content":{"rendered":"<h1><span style=\"color: #1ebf1b;\">Transporte<\/span><\/h1>\n<hr \/>\n<div>\n<p>No campus, h\u00e1 4 linhas de \u00f4nibus, os quais s\u00e3o chamados de \u201ccirculares\u201d, utilizados para o transporte dentro da USP. Eles s\u00e3o gratuitos para quem possui o Bilhete USP (BUSP), ou seja, todos os alunos da universidade, e permite a locomo\u00e7\u00e3o nas linhas <strong>8082-10<\/strong>, <strong>8083-10<\/strong>, <strong>8084-10<\/strong> e <strong>8085-10<\/strong>:<\/p>\n<\/div>\n<div id='gallery-1' class='gallery galleryid-55 gallery-columns-2 gallery-size-full'><figure class='gallery-item'>\n\t\t\t<div class='gallery-icon landscape'>\n\t\t\t\t<a href='https:\/\/sites.usp.br\/srcbiomedicina\/wp-content\/uploads\/sites\/1570\/2024\/11\/circular8082_10-768x539-1.jpg'><img fetchpriority=\"high\" decoding=\"async\" width=\"768\" height=\"539\" src=\"https:\/\/sites.usp.br\/srcbiomedicina\/wp-content\/uploads\/sites\/1570\/2024\/11\/circular8082_10-768x539-1.jpg\" class=\"attachment-full size-full\" alt=\"\" aria-describedby=\"gallery-1-16\" srcset=\"https:\/\/sites.usp.br\/srcbiomedicina\/wp-content\/uploads\/sites\/1570\/2024\/11\/circular8082_10-768x539-1.jpg 768w, https:\/\/sites.usp.br\/srcbiomedicina\/wp-content\/uploads\/sites\/1570\/2024\/11\/circular8082_10-768x539-1-300x211.jpg 300w\" sizes=\"(max-width: 768px) 100vw, 768px\" \/><\/a>\n\t\t\t<\/div>\n\t\t\t\t<figcaption class='wp-caption-text gallery-caption' id='gallery-1-16'>\n\t\t\t\t8082-10\n\t\t\t\t<\/figcaption><\/figure><figure class='gallery-item'>\n\t\t\t<div class='gallery-icon landscape'>\n\t\t\t\t<a href='https:\/\/sites.usp.br\/srcbiomedicina\/wp-content\/uploads\/sites\/1570\/2024\/11\/circular8083_10-768x541-1.jpg'><img decoding=\"async\" width=\"768\" height=\"541\" src=\"https:\/\/sites.usp.br\/srcbiomedicina\/wp-content\/uploads\/sites\/1570\/2024\/11\/circular8083_10-768x541-1.jpg\" class=\"attachment-full size-full\" alt=\"\" aria-describedby=\"gallery-1-17\" srcset=\"https:\/\/sites.usp.br\/srcbiomedicina\/wp-content\/uploads\/sites\/1570\/2024\/11\/circular8083_10-768x541-1.jpg 768w, https:\/\/sites.usp.br\/srcbiomedicina\/wp-content\/uploads\/sites\/1570\/2024\/11\/circular8083_10-768x541-1-300x211.jpg 300w\" sizes=\"(max-width: 768px) 100vw, 768px\" \/><\/a>\n\t\t\t<\/div>\n\t\t\t\t<figcaption class='wp-caption-text gallery-caption' id='gallery-1-17'>\n\t\t\t\t8083-10\n\t\t\t\t<\/figcaption><\/figure><figure class='gallery-item'>\n\t\t\t<div class='gallery-icon landscape'>\n\t\t\t\t<a href='https:\/\/sites.usp.br\/srcbiomedicina\/wp-content\/uploads\/sites\/1570\/2024\/11\/circular8084_10-768x542-1.jpg'><img decoding=\"async\" width=\"768\" height=\"542\" src=\"https:\/\/sites.usp.br\/srcbiomedicina\/wp-content\/uploads\/sites\/1570\/2024\/11\/circular8084_10-768x542-1.jpg\" class=\"attachment-full size-full\" alt=\"\" aria-describedby=\"gallery-1-18\" srcset=\"https:\/\/sites.usp.br\/srcbiomedicina\/wp-content\/uploads\/sites\/1570\/2024\/11\/circular8084_10-768x542-1.jpg 768w, https:\/\/sites.usp.br\/srcbiomedicina\/wp-content\/uploads\/sites\/1570\/2024\/11\/circular8084_10-768x542-1-300x212.jpg 300w\" sizes=\"(max-width: 768px) 100vw, 768px\" \/><\/a>\n\t\t\t<\/div>\n\t\t\t\t<figcaption class='wp-caption-text gallery-caption' id='gallery-1-18'>\n\t\t\t\t8084-10\n\t\t\t\t<\/figcaption><\/figure><figure class='gallery-item'>\n\t\t\t<div class='gallery-icon landscape'>\n\t\t\t\t<a href='https:\/\/sites.usp.br\/srcbiomedicina\/wp-content\/uploads\/sites\/1570\/2024\/11\/circular8085_10-768x539-1.jpg'><img loading=\"lazy\" decoding=\"async\" width=\"768\" height=\"539\" src=\"https:\/\/sites.usp.br\/srcbiomedicina\/wp-content\/uploads\/sites\/1570\/2024\/11\/circular8085_10-768x539-1.jpg\" class=\"attachment-full size-full\" alt=\"\" aria-describedby=\"gallery-1-19\" srcset=\"https:\/\/sites.usp.br\/srcbiomedicina\/wp-content\/uploads\/sites\/1570\/2024\/11\/circular8085_10-768x539-1.jpg 768w, https:\/\/sites.usp.br\/srcbiomedicina\/wp-content\/uploads\/sites\/1570\/2024\/11\/circular8085_10-768x539-1-300x211.jpg 300w\" sizes=\"(max-width: 768px) 100vw, 768px\" \/><\/a>\n\t\t\t<\/div>\n\t\t\t\t<figcaption class='wp-caption-text gallery-caption' id='gallery-1-19'>\n\t\t\t\t8085-10\n\t\t\t\t<\/figcaption><\/figure>\n\t\t<\/div>\n\n<p>&nbsp;<\/p>\n<p style=\"text-align: left;\">Para solicitar o <span style=\"color: #1ebf1b;\">BUSP<\/span>, \u00e9 necess\u00e1rio fazer o login pelo<span style=\"color: #1ebf1b;\"> <a style=\"color: #1ebf1b;\" href=\"https:\/\/uspdigital.usp.br\/jupiterweb\/\">Sistema J\u00fapiter<\/a>\u00a0<\/span>e, na aba \u201cCart\u00e3o USP\u201d, fazer o pedido do seu Bilhete USP.<\/p>\n","protected":false},"excerpt":{"rendered":"<p>Transporte No campus, h\u00e1 4 linhas de \u00f4nibus, os quais s\u00e3o chamados de \u201ccirculares\u201d, utilizados para o transporte dentro da USP. Eles s\u00e3o gratuitos para quem possui o Bilhete USP (BUSP), ou seja, todos os alunos da universidade, e permite a locomo\u00e7\u00e3o nas linhas 8082-10, 8083-10, 8084-10 e 8085-10: &nbsp; Para solicitar o BUSP, \u00e9<a href=\"https:\/\/sites.usp.br\/srcbiomedicina\/transporte\/\">[&#8230;]<\/a><\/p>\n","protected":false},"author":22540,"featured_media":0,"parent":0,"menu_order":0,"comment_status":"closed","ping_status":"closed","template":"template-fullwidth-no-title.php","meta":{"footnotes":"","_links_to":"","_links_to_target":""},"class_list":["post-55","page","type-page","status-publish","hentry"],"_links":{"self":[{"href":"https:\/\/sites.usp.br\/srcbiomedicina\/wp-json\/wp\/v2\/pages\/55","targetHints":{"allow":["GET"]}}],"collection":[{"href":"https:\/\/sites.usp.br\/srcbiomedicina\/wp-json\/wp\/v2\/pages"}],"about":[{"href":"https:\/\/sites.usp.br\/srcbiomedicina\/wp-json\/wp\/v2\/types\/page"}],"author":[{"embeddable":true,"href":"https:\/\/sites.usp.br\/srcbiomedicina\/wp-json\/wp\/v2\/users\/22540"}],"replies":[{"embeddable":true,"href":"https:\/\/sites.usp.br\/srcbiomedicina\/wp-json\/wp\/v2\/comments?post=55"}],"version-history":[{"count":4,"href":"https:\/\/sites.usp.br\/srcbiomedicina\/wp-json\/wp\/v2\/pages\/55\/revisions"}],"predecessor-version":[{"id":263,"href":"https:\/\/sites.usp.br\/srcbiomedicina\/wp-json\/wp\/v2\/pages\/55\/revisions\/263"}],"wp:attachment":[{"href":"https:\/\/sites.usp.br\/srcbiomedicina\/wp-json\/wp\/v2\/media?parent=55"}],"curies":[{"name":"wp","href":"https:\/\/api.w.org\/{rel}","templated":true}]}}