{"id":56,"date":"2024-12-10T16:05:02","date_gmt":"2024-12-10T19:05:02","guid":{"rendered":"https:\/\/sites.usp.br\/srcbiomedicina\/?page_id=56"},"modified":"2024-12-27T14:04:57","modified_gmt":"2024-12-27T17:04:57","slug":"auxilios","status":"publish","type":"page","link":"https:\/\/sites.usp.br\/srcbiomedicina\/auxilios\/","title":{"rendered":"Aux\u00edlios"},"content":{"rendered":"<h1><span style=\"color: #1ebf1b;\">Aux\u00edlios<\/span><\/h1>\n<hr \/>\n<div>\n<p>Com o intuito de promover a perman\u00eancia de estudantes em condi\u00e7\u00e3o de vulnerabilidade socioecon\u00f4mica, a USP, sob coordena\u00e7\u00e3o da Pr\u00f3-Reitoria de Inclus\u00e3o e Pertencimento (PRIP), disp\u00f5e dos seguintes programas:<\/p>\n<ul>\n<li>\n<h3><span style=\"color: #1ebf1b;\">Programa de Apoio \u00e0 Perman\u00eancia e Forma\u00e7\u00e3o Estudantil (PAPFE) <\/span><\/h3>\n<\/li>\n<\/ul>\n<p>O Programa de Apoio \u00e0 Perman\u00eancia e Forma\u00e7\u00e3o Estudantil \u2013 PAPFE integra a pol\u00edtica de perman\u00eancia da Universidade de S\u00e3o Paulo (USP) e visa dar suporte a estudantes de gradua\u00e7\u00e3o e de p\u00f3s-gradua\u00e7\u00e3o stricto sensu da USP em condi\u00e7\u00e3o de vulnerabilidade socioecon\u00f4mica por meio da concess\u00e3o de benef\u00edcios, conforme a Resolu\u00e7\u00e3o N\u00ba 8555, de 21\/12\/2023. A sele\u00e7\u00e3o dos estudantes, implementa\u00e7\u00e3o e acompanhamento dos benef\u00edcios do PAPFE s\u00e3o coordenados pela Pr\u00f3-Reitoria de Inclus\u00e3o e Pertencimento. A inscri\u00e7\u00e3o \u00e9 feita no per\u00edodo informado no edital, atrav\u00e9s do<span style=\"color: #1ebf1b;\"><a style=\"color: #1ebf1b;\" href=\"https:\/\/portalservicos.usp.br\/\"> Portal de Servi\u00e7os da USP<\/a>.<\/span><\/p>\n<h3><span style=\"color: #1ebf1b;\"><img decoding=\"async\" class=\"wp-image-23 size-medium alignnone\" style=\"font-size: 16px;\" src=\"https:\/\/sites.usp.br\/srcbiomedicina\/wp-content\/uploads\/sites\/1570\/2024\/11\/logo_prip_PNG-1024x139-1-300x41.png\" alt=\"\" width=\"300\" height=\"41\" srcset=\"https:\/\/sites.usp.br\/srcbiomedicina\/wp-content\/uploads\/sites\/1570\/2024\/11\/logo_prip_PNG-1024x139-1-300x41.png 300w, https:\/\/sites.usp.br\/srcbiomedicina\/wp-content\/uploads\/sites\/1570\/2024\/11\/logo_prip_PNG-1024x139-1-768x104.png 768w, https:\/\/sites.usp.br\/srcbiomedicina\/wp-content\/uploads\/sites\/1570\/2024\/11\/logo_prip_PNG-1024x139-1.png 1024w\" sizes=\"(max-width: 300px) 100vw, 300px\" \/><\/span><\/h3>\n<ul>\n<li>\n<h3><span style=\"color: #1ebf1b;\">Programa Extraor\u00e7ament\u00e1rio de Promo\u00e7\u00e3o da Diversidade Estudantil USP (USP DIVERSA)<\/span><\/h3>\n<\/li>\n<\/ul>\n<p>O <a href=\"https:\/\/www5.usp.br\/uspdiversa\/\"><span style=\"color: #1ebf1b;\">USP Diversa<\/span><\/a> \u00e9 um programa de bolsas de estudos para estudantes que v\u00eam do ensino p\u00fablico e est\u00e3o em vulnerabilidade socioecon\u00f4mica ou social. Seu objetivo \u00e9 agir de forma complementar a\u00a0outros programas de perman\u00eancia estudantil da USP.<\/p>\n<p><img decoding=\"async\" class=\"wp-image-25 alignnone\" src=\"https:\/\/sites.usp.br\/srcbiomedicina\/wp-content\/uploads\/sites\/1570\/2024\/11\/USP-diversa_roxo-e-azul-1-300x300.jpg\" alt=\"\" width=\"114\" height=\"114\" srcset=\"https:\/\/sites.usp.br\/srcbiomedicina\/wp-content\/uploads\/sites\/1570\/2024\/11\/USP-diversa_roxo-e-azul-1-300x300.jpg 300w, https:\/\/sites.usp.br\/srcbiomedicina\/wp-content\/uploads\/sites\/1570\/2024\/11\/USP-diversa_roxo-e-azul-1-150x150.jpg 150w, https:\/\/sites.usp.br\/srcbiomedicina\/wp-content\/uploads\/sites\/1570\/2024\/11\/USP-diversa_roxo-e-azul-1-45x45.jpg 45w, https:\/\/sites.usp.br\/srcbiomedicina\/wp-content\/uploads\/sites\/1570\/2024\/11\/USP-diversa_roxo-e-azul-1.jpg 543w\" sizes=\"(max-width: 114px) 100vw, 114px\" \/><\/p>\n<ul>\n<li>\n<h3><span style=\"color: #1ebf1b;\">Aux\u00edlio Prov\u00e3o Paulista<\/span><\/h3>\n<\/li>\n<\/ul>\n<p>O Aux\u00edlio Prov\u00e3o Paulista \u00e9 parte de conv\u00eanio celebrado com a Secret\u00e1ria da Educa\u00e7\u00e3o do Estado de S\u00e3o Paulo. No intuito de contribuir para a perman\u00eancia e forma\u00e7\u00e3o dos estudantes egressos da rede p\u00fablica paulista de ensino que estejam, comprovadamente, em situa\u00e7\u00e3o de vulnerabilidade socioecon\u00f4mica, a Secretaria de Educa\u00e7\u00e3o do Estado de S\u00e3o Paulo (SEDUC-SP), em conv\u00eanio com a Universidade de S\u00e3o Paulo, oferta at\u00e9 450 bolsas. Para concorrer ao Aux\u00edlio Prov\u00e3o Paulista, o estudante dever\u00e1 fazer inscri\u00e7\u00e3o no Programa de Apoio \u00e0 Perman\u00eancia e Forma\u00e7\u00e3o Estudantil (PAPFE) para a avalia\u00e7\u00e3o de situa\u00e7\u00e3o socioecon\u00f4mica, sendo eleg\u00edveis estudantes que ingressaram pela modalidade do Prov\u00e3o Paulista Seriado e que tenham renda familiar per capita de at\u00e9 1,5 sal\u00e1rio m\u00ednimo.<\/p>\n<p><img decoding=\"async\" class=\"size-medium wp-image-24 alignnone\" style=\"color: #1ebf1b;\" src=\"https:\/\/sites.usp.br\/srcbiomedicina\/wp-content\/uploads\/sites\/1570\/2024\/11\/logo-provao-1-300x54.png\" alt=\"\" width=\"300\" height=\"54\" srcset=\"https:\/\/sites.usp.br\/srcbiomedicina\/wp-content\/uploads\/sites\/1570\/2024\/11\/logo-provao-1-300x54.png 300w, https:\/\/sites.usp.br\/srcbiomedicina\/wp-content\/uploads\/sites\/1570\/2024\/11\/logo-provao-1-768x138.png 768w, https:\/\/sites.usp.br\/srcbiomedicina\/wp-content\/uploads\/sites\/1570\/2024\/11\/logo-provao-1.png 959w\" sizes=\"(max-width: 300px) 100vw, 300px\" \/><\/p>\n<\/div>\n","protected":false},"excerpt":{"rendered":"<p>Aux\u00edlios Com o intuito de promover a perman\u00eancia de estudantes em condi\u00e7\u00e3o de vulnerabilidade socioecon\u00f4mica, a USP, sob coordena\u00e7\u00e3o da Pr\u00f3-Reitoria de Inclus\u00e3o e Pertencimento (PRIP), disp\u00f5e dos seguintes programas: Programa de Apoio \u00e0 Perman\u00eancia e Forma\u00e7\u00e3o Estudantil (PAPFE) O Programa de Apoio \u00e0 Perman\u00eancia e Forma\u00e7\u00e3o Estudantil \u2013 PAPFE integra a pol\u00edtica de perman\u00eancia<a href=\"https:\/\/sites.usp.br\/srcbiomedicina\/auxilios\/\">[&#8230;]<\/a><\/p>\n","protected":false},"author":22540,"featured_media":0,"parent":0,"menu_order":0,"comment_status":"closed","ping_status":"closed","template":"template-fullwidth-no-title.php","meta":{"footnotes":"","_links_to":"","_links_to_target":""},"class_list":["post-56","page","type-page","status-publish","hentry"],"_links":{"self":[{"href":"https:\/\/sites.usp.br\/srcbiomedicina\/wp-json\/wp\/v2\/pages\/56","targetHints":{"allow":["GET"]}}],"collection":[{"href":"https:\/\/sites.usp.br\/srcbiomedicina\/wp-json\/wp\/v2\/pages"}],"about":[{"href":"https:\/\/sites.usp.br\/srcbiomedicina\/wp-json\/wp\/v2\/types\/page"}],"author":[{"embeddable":true,"href":"https:\/\/sites.usp.br\/srcbiomedicina\/wp-json\/wp\/v2\/users\/22540"}],"replies":[{"embeddable":true,"href":"https:\/\/sites.usp.br\/srcbiomedicina\/wp-json\/wp\/v2\/comments?post=56"}],"version-history":[{"count":4,"href":"https:\/\/sites.usp.br\/srcbiomedicina\/wp-json\/wp\/v2\/pages\/56\/revisions"}],"predecessor-version":[{"id":320,"href":"https:\/\/sites.usp.br\/srcbiomedicina\/wp-json\/wp\/v2\/pages\/56\/revisions\/320"}],"wp:attachment":[{"href":"https:\/\/sites.usp.br\/srcbiomedicina\/wp-json\/wp\/v2\/media?parent=56"}],"curies":[{"name":"wp","href":"https:\/\/api.w.org\/{rel}","templated":true}]}}