{"id":57,"date":"2024-12-10T16:05:04","date_gmt":"2024-12-10T19:05:04","guid":{"rendered":"https:\/\/sites.usp.br\/srcbiomedicina\/?page_id=57"},"modified":"2024-12-19T19:24:51","modified_gmt":"2024-12-19T22:24:51","slug":"alimentacao","status":"publish","type":"page","link":"https:\/\/sites.usp.br\/srcbiomedicina\/alimentacao\/","title":{"rendered":"Alimenta\u00e7\u00e3o"},"content":{"rendered":"<div>\n<h1><span style=\"color: #1ebf1b;\">Alimenta\u00e7\u00e3o<\/span><\/h1>\n<p>Os Restaurantes Universit\u00e1rios, mais conhecidos como bandej\u00f5es, oferecem caf\u00e9 da manh\u00e3, almo\u00e7o e jantar para a comunidade USP. No campus, est\u00e3o dispon\u00edveis 4 op\u00e7\u00f5es: Central, PUSP-C (Prefeitura), F\u00edsica e Qu\u00edmicas. Eles funcionam de segunda \u00e0 sexta e as refei\u00e7\u00f5es custam R$2,00 para alunos. No entanto, para acesso aos RUs \u00e9 necess\u00e1rio possuir o Cart\u00e3o USP (Carterinha) ou o E-Card digitalmente atrav\u00e9s do aplicativo \u201cE-Card\u201d dispon\u00edvel na Play Store e App Store.<\/p>\n<h1><\/h1>\n<p><img decoding=\"async\" class=\" wp-image-20 alignright\" src=\"https:\/\/sites.usp.br\/srcbiomedicina\/wp-content\/uploads\/sites\/1570\/2024\/11\/cardapio-300x300.png\" alt=\"\" width=\"169\" height=\"169\" srcset=\"https:\/\/sites.usp.br\/srcbiomedicina\/wp-content\/uploads\/sites\/1570\/2024\/11\/cardapio-300x300.png 300w, https:\/\/sites.usp.br\/srcbiomedicina\/wp-content\/uploads\/sites\/1570\/2024\/11\/cardapio-150x150.png 150w, https:\/\/sites.usp.br\/srcbiomedicina\/wp-content\/uploads\/sites\/1570\/2024\/11\/cardapio-45x45.png 45w, https:\/\/sites.usp.br\/srcbiomedicina\/wp-content\/uploads\/sites\/1570\/2024\/11\/cardapio.png 512w\" sizes=\"(max-width: 169px) 100vw, 169px\" \/><\/p>\n<\/div>\n<div>\n<p>Al\u00e9m disso, h\u00e1 o aplicativo \u201cCard\u00e1pio+\u201d importante para fazer a recarga do RUCard. Com ele, al\u00e9m da consulta aos card\u00e1pios dos restaurantes da Universidade de S\u00e3o Paulo e ao saldo do seu RuCard, \u00e9 poss\u00edvel ter acesso a informa\u00e7\u00f5es de outros servi\u00e7os e a\u00e7\u00f5es da Pr\u00f3-Reitoria de Inclus\u00e3o e Pertencimento, oferecidos \u00e0 comunidade USP. Vale ressaltar que a recarga do cart\u00e3o \u00e9 feita apenas por meio do Pix.<\/p>\n<div>\n<p>Para mais detalhes sobre dias e hor\u00e1rios de funcionamento\u00a0consulte\u00a0 <span style=\"color: #1ebf1b;\"><a style=\"color: #1ebf1b;\" href=\"https:\/\/prip.usp.br\/restaurantes\/\">https:\/\/prip.usp.br\/restaurantes\/<\/a><\/span><\/p>\n<\/div>\n<p>&nbsp;<\/p>\n<div>\n<div id=\"attachment_183\" style=\"width: 1375px\" class=\"wp-caption alignnone\"><img fetchpriority=\"high\" decoding=\"async\" aria-describedby=\"caption-attachment-183\" class=\"wp-image-183\" src=\"https:\/\/sites.usp.br\/srcbiomedicina\/wp-content\/uploads\/sites\/1570\/2024\/12\/3.png\" alt=\"\" width=\"1365\" height=\"683\" srcset=\"https:\/\/sites.usp.br\/srcbiomedicina\/wp-content\/uploads\/sites\/1570\/2024\/12\/3.png 6912w, https:\/\/sites.usp.br\/srcbiomedicina\/wp-content\/uploads\/sites\/1570\/2024\/12\/3-300x150.png 300w, https:\/\/sites.usp.br\/srcbiomedicina\/wp-content\/uploads\/sites\/1570\/2024\/12\/3-1024x512.png 1024w, https:\/\/sites.usp.br\/srcbiomedicina\/wp-content\/uploads\/sites\/1570\/2024\/12\/3-768x384.png 768w, https:\/\/sites.usp.br\/srcbiomedicina\/wp-content\/uploads\/sites\/1570\/2024\/12\/3-1536x768.png 1536w, https:\/\/sites.usp.br\/srcbiomedicina\/wp-content\/uploads\/sites\/1570\/2024\/12\/3-2048x1024.png 2048w, https:\/\/sites.usp.br\/srcbiomedicina\/wp-content\/uploads\/sites\/1570\/2024\/12\/3-600x300.png 600w, https:\/\/sites.usp.br\/srcbiomedicina\/wp-content\/uploads\/sites\/1570\/2024\/12\/3-400x200.png 400w\" sizes=\"(max-width: 1365px) 100vw, 1365px\" \/><p id=\"caption-attachment-183\" class=\"wp-caption-text\">\u00a0Mapas dos bandej\u00f5es do Campus USP Butat\u00e3<\/p><\/div>\n<\/div>\n<\/div>\n","protected":false},"excerpt":{"rendered":"<p>Alimenta\u00e7\u00e3o Os Restaurantes Universit\u00e1rios, mais conhecidos como bandej\u00f5es, oferecem caf\u00e9 da manh\u00e3, almo\u00e7o e jantar para a comunidade USP. No campus, est\u00e3o dispon\u00edveis 4 op\u00e7\u00f5es: Central, PUSP-C (Prefeitura), F\u00edsica e Qu\u00edmicas. Eles funcionam de segunda \u00e0 sexta e as refei\u00e7\u00f5es custam R$2,00 para alunos. No entanto, para acesso aos RUs \u00e9 necess\u00e1rio possuir o Cart\u00e3o<a href=\"https:\/\/sites.usp.br\/srcbiomedicina\/alimentacao\/\">[&#8230;]<\/a><\/p>\n","protected":false},"author":22540,"featured_media":0,"parent":0,"menu_order":0,"comment_status":"closed","ping_status":"closed","template":"template-fullwidth-no-title.php","meta":{"footnotes":"","_links_to":"","_links_to_target":""},"class_list":["post-57","page","type-page","status-publish","hentry"],"_links":{"self":[{"href":"https:\/\/sites.usp.br\/srcbiomedicina\/wp-json\/wp\/v2\/pages\/57","targetHints":{"allow":["GET"]}}],"collection":[{"href":"https:\/\/sites.usp.br\/srcbiomedicina\/wp-json\/wp\/v2\/pages"}],"about":[{"href":"https:\/\/sites.usp.br\/srcbiomedicina\/wp-json\/wp\/v2\/types\/page"}],"author":[{"embeddable":true,"href":"https:\/\/sites.usp.br\/srcbiomedicina\/wp-json\/wp\/v2\/users\/22540"}],"replies":[{"embeddable":true,"href":"https:\/\/sites.usp.br\/srcbiomedicina\/wp-json\/wp\/v2\/comments?post=57"}],"version-history":[{"count":4,"href":"https:\/\/sites.usp.br\/srcbiomedicina\/wp-json\/wp\/v2\/pages\/57\/revisions"}],"predecessor-version":[{"id":259,"href":"https:\/\/sites.usp.br\/srcbiomedicina\/wp-json\/wp\/v2\/pages\/57\/revisions\/259"}],"wp:attachment":[{"href":"https:\/\/sites.usp.br\/srcbiomedicina\/wp-json\/wp\/v2\/media?parent=57"}],"curies":[{"name":"wp","href":"https:\/\/api.w.org\/{rel}","templated":true}]}}