{"id":191,"date":"2025-08-12T19:22:06","date_gmt":"2025-08-12T22:22:06","guid":{"rendered":"https:\/\/sites.usp.br\/supfab\/?page_id=191"},"modified":"2026-05-03T12:32:30","modified_gmt":"2026-05-03T15:32:30","slug":"cronograma","status":"publish","type":"page","link":"https:\/\/sites.usp.br\/supfab\/cronograma\/","title":{"rendered":"Cronograma"},"content":{"rendered":"<p><a href=\"https:\/\/sites.usp.br\/supfab\/wp-content\/uploads\/sites\/1717\/2026\/05\/afs.png\"><img loading=\"lazy\" decoding=\"async\" class=\" wp-image-667 aligncenter\" src=\"https:\/\/sites.usp.br\/supfab\/wp-content\/uploads\/sites\/1717\/2026\/05\/afs-300x240.png\" sizes=\"auto, (max-width: 645px) 100vw, 645px\" srcset=\"https:\/\/sites.usp.br\/supfab\/wp-content\/uploads\/sites\/1717\/2026\/05\/afs-300x240.png 300w, https:\/\/sites.usp.br\/supfab\/wp-content\/uploads\/sites\/1717\/2026\/05\/afs-1024x819.png 1024w, https:\/\/sites.usp.br\/supfab\/wp-content\/uploads\/sites\/1717\/2026\/05\/afs-768x614.png 768w, https:\/\/sites.usp.br\/supfab\/wp-content\/uploads\/sites\/1717\/2026\/05\/afs-400x320.png 400w, https:\/\/sites.usp.br\/supfab\/wp-content\/uploads\/sites\/1717\/2026\/05\/afs.png 1350w\" alt=\"\" width=\"645\" height=\"516\" \/><\/a><\/p>\n<p><img decoding=\"async\" class=\"emoji\" role=\"img\" draggable=\"false\" src=\"https:\/\/s.w.org\/images\/core\/emoji\/17.0.2\/svg\/1f477-200d-2642-fe0f.svg\" alt=\"\ud83d\udc77\u200d\u2642\ufe0f\" \/><img decoding=\"async\" class=\"emoji\" role=\"img\" draggable=\"false\" src=\"https:\/\/s.w.org\/images\/core\/emoji\/17.0.2\/svg\/1f477-200d-2640-fe0f.svg\" alt=\"\ud83d\udc77\u200d\u2640\ufe0f\" \/>\u00a0Estamos construindo a SUPFAB LX\u2026\u00a0<img decoding=\"async\" class=\"emoji\" role=\"img\" draggable=\"false\" src=\"https:\/\/s.w.org\/images\/core\/emoji\/17.0.2\/svg\/26cf.svg\" alt=\"\u26cf\ufe0f\" \/><\/p>\n<p>Em breve, voc\u00ea ter\u00e1 acesso a todas as informa\u00e7\u00f5es sobre o evento, programa\u00e7\u00e3o e novidades.<\/p>\n<p>Aguarde! \ud83d\udc9a\ud83d\udc9c<\/p>\n","protected":false},"excerpt":{"rendered":"<p>\u00a0Estamos construindo a SUPFAB LX\u2026\u00a0 Em breve, voc\u00ea ter\u00e1 acesso a todas as informa\u00e7\u00f5es sobre o evento, programa\u00e7\u00e3o e novidades.&#46;&#46;&#46;<\/p>\n","protected":false},"author":24857,"featured_media":0,"parent":0,"menu_order":0,"comment_status":"closed","ping_status":"closed","template":"","meta":{"footnotes":"","_links_to":"","_links_to_target":""},"class_list":["post-191","page","type-page","status-publish","hentry"],"_links":{"self":[{"href":"https:\/\/sites.usp.br\/supfab\/wp-json\/wp\/v2\/pages\/191","targetHints":{"allow":["GET"]}}],"collection":[{"href":"https:\/\/sites.usp.br\/supfab\/wp-json\/wp\/v2\/pages"}],"about":[{"href":"https:\/\/sites.usp.br\/supfab\/wp-json\/wp\/v2\/types\/page"}],"author":[{"embeddable":true,"href":"https:\/\/sites.usp.br\/supfab\/wp-json\/wp\/v2\/users\/24857"}],"replies":[{"embeddable":true,"href":"https:\/\/sites.usp.br\/supfab\/wp-json\/wp\/v2\/comments?post=191"}],"version-history":[{"count":5,"href":"https:\/\/sites.usp.br\/supfab\/wp-json\/wp\/v2\/pages\/191\/revisions"}],"predecessor-version":[{"id":679,"href":"https:\/\/sites.usp.br\/supfab\/wp-json\/wp\/v2\/pages\/191\/revisions\/679"}],"wp:attachment":[{"href":"https:\/\/sites.usp.br\/supfab\/wp-json\/wp\/v2\/media?parent=191"}],"curies":[{"name":"wp","href":"https:\/\/api.w.org\/{rel}","templated":true}]}}