{"id":192,"date":"2025-08-12T19:22:07","date_gmt":"2025-08-12T22:22:07","guid":{"rendered":"https:\/\/sites.usp.br\/supfab\/?page_id=192"},"modified":"2026-05-03T12:31:40","modified_gmt":"2026-05-03T15:31:40","slug":"patrocinadores","status":"publish","type":"page","link":"https:\/\/sites.usp.br\/supfab\/patrocinadores\/","title":{"rendered":"Patrocinadores"},"content":{"rendered":"<p><a href=\"https:\/\/sites.usp.br\/supfab\/wp-content\/uploads\/sites\/1717\/2026\/05\/afs.png\"><img loading=\"lazy\" decoding=\"async\" class=\" wp-image-667 aligncenter\" src=\"https:\/\/sites.usp.br\/supfab\/wp-content\/uploads\/sites\/1717\/2026\/05\/afs-300x240.png\" alt=\"\" width=\"645\" height=\"516\" srcset=\"https:\/\/sites.usp.br\/supfab\/wp-content\/uploads\/sites\/1717\/2026\/05\/afs-300x240.png 300w, https:\/\/sites.usp.br\/supfab\/wp-content\/uploads\/sites\/1717\/2026\/05\/afs-1024x819.png 1024w, https:\/\/sites.usp.br\/supfab\/wp-content\/uploads\/sites\/1717\/2026\/05\/afs-768x614.png 768w, https:\/\/sites.usp.br\/supfab\/wp-content\/uploads\/sites\/1717\/2026\/05\/afs-400x320.png 400w, https:\/\/sites.usp.br\/supfab\/wp-content\/uploads\/sites\/1717\/2026\/05\/afs.png 1350w\" sizes=\"auto, (max-width: 645px) 100vw, 645px\" \/><\/a><\/p>\n<p>\ud83d\udc77\u200d\u2642\ufe0f\ud83d\udc77\u200d\u2640\ufe0f Estamos construindo a SUPFAB LX&#8230; \u26cf\ufe0f<\/p>\n<p data-start=\"204\" data-end=\"319\">Em breve, divulgaremos os patrocinadores que tornam esta edi\u00e7\u00e3o poss\u00edvel, conectando inova\u00e7\u00e3o, ci\u00eancia e mercado.<\/p>\n<p data-start=\"321\" data-end=\"526\">Tem interesse em ver sua empresa em nosso evento? Entre em contato com a gente pelo Instagram (<a href=\"https:\/\/www.instagram.com\/supfabusp\/\">@supfabusp<\/a>) ou envie um e-mail para <a class=\"decorated-link cursor-pointer\" rel=\"noopener\" data-start=\"471\" data-end=\"492\">cientificocafb@usp.br<\/a> para conhecer as oportunidades.<\/p>\n<p data-start=\"528\" data-end=\"541\" data-is-last-node=\"\" data-is-only-node=\"\">Aguarde! \ud83d\udc9a\ud83d\udc9c<\/p>\n","protected":false},"excerpt":{"rendered":"<p>\ud83d\udc77\u200d\u2642\ufe0f\ud83d\udc77\u200d\u2640\ufe0f Estamos construindo a SUPFAB LX&#8230; \u26cf\ufe0f Em breve, divulgaremos os patrocinadores que tornam esta edi\u00e7\u00e3o poss\u00edvel, conectando inova\u00e7\u00e3o, ci\u00eancia&#46;&#46;&#46;<\/p>\n","protected":false},"author":24849,"featured_media":0,"parent":0,"menu_order":0,"comment_status":"closed","ping_status":"closed","template":"","meta":{"footnotes":"","_links_to":"","_links_to_target":""},"class_list":["post-192","page","type-page","status-publish","hentry"],"_links":{"self":[{"href":"https:\/\/sites.usp.br\/supfab\/wp-json\/wp\/v2\/pages\/192","targetHints":{"allow":["GET"]}}],"collection":[{"href":"https:\/\/sites.usp.br\/supfab\/wp-json\/wp\/v2\/pages"}],"about":[{"href":"https:\/\/sites.usp.br\/supfab\/wp-json\/wp\/v2\/types\/page"}],"author":[{"embeddable":true,"href":"https:\/\/sites.usp.br\/supfab\/wp-json\/wp\/v2\/users\/24849"}],"replies":[{"embeddable":true,"href":"https:\/\/sites.usp.br\/supfab\/wp-json\/wp\/v2\/comments?post=192"}],"version-history":[{"count":4,"href":"https:\/\/sites.usp.br\/supfab\/wp-json\/wp\/v2\/pages\/192\/revisions"}],"predecessor-version":[{"id":675,"href":"https:\/\/sites.usp.br\/supfab\/wp-json\/wp\/v2\/pages\/192\/revisions\/675"}],"wp:attachment":[{"href":"https:\/\/sites.usp.br\/supfab\/wp-json\/wp\/v2\/media?parent=192"}],"curies":[{"name":"wp","href":"https:\/\/api.w.org\/{rel}","templated":true}]}}