{"id":203,"date":"2025-08-14T16:57:44","date_gmt":"2025-08-14T19:57:44","guid":{"rendered":"https:\/\/sites.usp.br\/supfab\/?page_id=203"},"modified":"2025-10-16T01:46:12","modified_gmt":"2025-10-16T04:46:12","slug":"20-10-segunda-feira","status":"publish","type":"page","link":"https:\/\/sites.usp.br\/supfab\/20-10-segunda-feira\/","title":{"rendered":"20\/10 (Segunda-feira)"},"content":{"rendered":"<p data-start=\"0\" data-end=\"179\">Que tal dar uma espiadinha no que te espera? \ud83d\udc40\ud83d\udc99<br data-start=\"49\" data-end=\"52\" \/>A programa\u00e7\u00e3o da <strong data-start=\"69\" data-end=\"83\">SUPFAB LIX<\/strong> est\u00e1 recheada de conhecimento, conex\u00f5es e momentos incr\u00edveis que v\u00e3o marcar a sua trajet\u00f3ria!<\/p>\n<p data-start=\"181\" data-end=\"342\" data-is-last-node=\"\" data-is-only-node=\"\">\u2728 Ent\u00e3o\u2026 vamos ver o que vem por a\u00ed na segunda-feira, 20 de outubro?<br data-start=\"239\" data-end=\"242\" \/>Confira o cronograma e j\u00e1 se prepare\u00a0para viver essa experi\u00eancia cient\u00edfica com a gente! \ud83d\ude80<\/p>\n<p data-start=\"0\" data-end=\"179\"><a href=\"https:\/\/sites.usp.br\/supfab\/wp-content\/uploads\/sites\/1717\/2025\/10\/2-1-scaled.png\"><img loading=\"lazy\" decoding=\"async\" class=\"alignnone size-full wp-image-500\" src=\"https:\/\/sites.usp.br\/supfab\/wp-content\/uploads\/sites\/1717\/2025\/10\/2-1-scaled.png\" alt=\"\" width=\"2560\" height=\"1600\" srcset=\"https:\/\/sites.usp.br\/supfab\/wp-content\/uploads\/sites\/1717\/2025\/10\/2-1-scaled.png 2560w, https:\/\/sites.usp.br\/supfab\/wp-content\/uploads\/sites\/1717\/2025\/10\/2-1-300x188.png 300w, https:\/\/sites.usp.br\/supfab\/wp-content\/uploads\/sites\/1717\/2025\/10\/2-1-1024x640.png 1024w, https:\/\/sites.usp.br\/supfab\/wp-content\/uploads\/sites\/1717\/2025\/10\/2-1-768x480.png 768w, https:\/\/sites.usp.br\/supfab\/wp-content\/uploads\/sites\/1717\/2025\/10\/2-1-1536x960.png 1536w, https:\/\/sites.usp.br\/supfab\/wp-content\/uploads\/sites\/1717\/2025\/10\/2-1-2048x1280.png 2048w, https:\/\/sites.usp.br\/supfab\/wp-content\/uploads\/sites\/1717\/2025\/10\/2-1-400x250.png 400w\" sizes=\"auto, (max-width: 2560px) 100vw, 2560px\" \/><\/a><\/p>\n<p style=\"text-align: center;\">\n","protected":false},"excerpt":{"rendered":"<p>Que tal dar uma espiadinha no que te espera? \ud83d\udc40\ud83d\udc99A programa\u00e7\u00e3o da SUPFAB LIX est\u00e1 recheada de conhecimento, conex\u00f5es e&#46;&#46;&#46;<\/p>\n","protected":false},"author":24857,"featured_media":499,"parent":0,"menu_order":0,"comment_status":"closed","ping_status":"closed","template":"","meta":{"footnotes":"","_links_to":"","_links_to_target":""},"class_list":["post-203","page","type-page","status-publish","has-post-thumbnail","hentry"],"_links":{"self":[{"href":"https:\/\/sites.usp.br\/supfab\/wp-json\/wp\/v2\/pages\/203","targetHints":{"allow":["GET"]}}],"collection":[{"href":"https:\/\/sites.usp.br\/supfab\/wp-json\/wp\/v2\/pages"}],"about":[{"href":"https:\/\/sites.usp.br\/supfab\/wp-json\/wp\/v2\/types\/page"}],"author":[{"embeddable":true,"href":"https:\/\/sites.usp.br\/supfab\/wp-json\/wp\/v2\/users\/24857"}],"replies":[{"embeddable":true,"href":"https:\/\/sites.usp.br\/supfab\/wp-json\/wp\/v2\/comments?post=203"}],"version-history":[{"count":4,"href":"https:\/\/sites.usp.br\/supfab\/wp-json\/wp\/v2\/pages\/203\/revisions"}],"predecessor-version":[{"id":507,"href":"https:\/\/sites.usp.br\/supfab\/wp-json\/wp\/v2\/pages\/203\/revisions\/507"}],"wp:featuredmedia":[{"embeddable":true,"href":"https:\/\/sites.usp.br\/supfab\/wp-json\/wp\/v2\/media\/499"}],"wp:attachment":[{"href":"https:\/\/sites.usp.br\/supfab\/wp-json\/wp\/v2\/media?parent=203"}],"curies":[{"name":"wp","href":"https:\/\/api.w.org\/{rel}","templated":true}]}}