{"id":62,"date":"2025-02-12T11:28:30","date_gmt":"2025-02-12T13:28:30","guid":{"rendered":"http:\/\/sites.usp.br\/supfab\/?page_id=62"},"modified":"2026-05-03T12:31:54","modified_gmt":"2026-05-03T15:31:54","slug":"palestras","status":"publish","type":"page","link":"https:\/\/sites.usp.br\/supfab\/palestras\/","title":{"rendered":"Palestras"},"content":{"rendered":"<p><a href=\"https:\/\/sites.usp.br\/supfab\/wp-content\/uploads\/sites\/1717\/2026\/05\/afs.png\"><img loading=\"lazy\" decoding=\"async\" class=\" wp-image-667 aligncenter\" src=\"https:\/\/sites.usp.br\/supfab\/wp-content\/uploads\/sites\/1717\/2026\/05\/afs-300x240.png\" sizes=\"auto, (max-width: 645px) 100vw, 645px\" srcset=\"https:\/\/sites.usp.br\/supfab\/wp-content\/uploads\/sites\/1717\/2026\/05\/afs-300x240.png 300w, https:\/\/sites.usp.br\/supfab\/wp-content\/uploads\/sites\/1717\/2026\/05\/afs-1024x819.png 1024w, https:\/\/sites.usp.br\/supfab\/wp-content\/uploads\/sites\/1717\/2026\/05\/afs-768x614.png 768w, https:\/\/sites.usp.br\/supfab\/wp-content\/uploads\/sites\/1717\/2026\/05\/afs-400x320.png 400w, https:\/\/sites.usp.br\/supfab\/wp-content\/uploads\/sites\/1717\/2026\/05\/afs.png 1350w\" alt=\"\" width=\"645\" height=\"516\" \/><\/a><\/p>\n<p><img decoding=\"async\" class=\"emoji\" role=\"img\" draggable=\"false\" src=\"https:\/\/s.w.org\/images\/core\/emoji\/17.0.2\/svg\/1f477-200d-2642-fe0f.svg\" alt=\"\ud83d\udc77\u200d\u2642\ufe0f\" \/><img decoding=\"async\" class=\"emoji\" role=\"img\" draggable=\"false\" src=\"https:\/\/s.w.org\/images\/core\/emoji\/17.0.2\/svg\/1f477-200d-2640-fe0f.svg\" alt=\"\ud83d\udc77\u200d\u2640\ufe0f\" \/>\u00a0Estamos construindo a SUPFAB LX\u2026\u00a0<img decoding=\"async\" class=\"emoji\" role=\"img\" draggable=\"false\" src=\"https:\/\/s.w.org\/images\/core\/emoji\/17.0.2\/svg\/26cf.svg\" alt=\"\u26cf\ufe0f\" \/><\/p>\n<p data-start=\"52\" data-end=\"202\">Em breve, voc\u00ea ter\u00e1 acesso \u00e0 programa\u00e7\u00e3o completa de palestras, com temas atuais e convidados que refletem a diversidade e a evolu\u00e7\u00e3o da nossa \u00e1rea.<\/p>\n<p data-start=\"204\" data-end=\"363\">Tem interesse em levar sua palestra para a SUPFAB LX? Entre em contato com a gente pelo Instagram (<a href=\"https:\/\/www.instagram.com\/supfabusp\/\">@supfabusp<\/a>) ou envie um e-mail para <a class=\"decorated-link cursor-pointer\" rel=\"noopener\" data-start=\"339\" data-end=\"360\">cientificocafb@usp.br<\/a>.<\/p>\n<p data-start=\"365\" data-end=\"378\" data-is-last-node=\"\" data-is-only-node=\"\">Aguarde! \ud83d\udc9a\ud83d\udc9c<\/p>\n","protected":false},"excerpt":{"rendered":"<p>\u00a0Estamos construindo a SUPFAB LX\u2026\u00a0 Em breve, voc\u00ea ter\u00e1 acesso \u00e0 programa\u00e7\u00e3o completa de palestras, com temas atuais e convidados&#46;&#46;&#46;<\/p>\n","protected":false},"author":1,"featured_media":0,"parent":0,"menu_order":0,"comment_status":"closed","ping_status":"closed","template":"","meta":{"footnotes":"","_links_to":"","_links_to_target":""},"class_list":["post-62","page","type-page","status-publish","hentry"],"_links":{"self":[{"href":"https:\/\/sites.usp.br\/supfab\/wp-json\/wp\/v2\/pages\/62","targetHints":{"allow":["GET"]}}],"collection":[{"href":"https:\/\/sites.usp.br\/supfab\/wp-json\/wp\/v2\/pages"}],"about":[{"href":"https:\/\/sites.usp.br\/supfab\/wp-json\/wp\/v2\/types\/page"}],"author":[{"embeddable":true,"href":"https:\/\/sites.usp.br\/supfab\/wp-json\/wp\/v2\/users\/1"}],"replies":[{"embeddable":true,"href":"https:\/\/sites.usp.br\/supfab\/wp-json\/wp\/v2\/comments?post=62"}],"version-history":[{"count":4,"href":"https:\/\/sites.usp.br\/supfab\/wp-json\/wp\/v2\/pages\/62\/revisions"}],"predecessor-version":[{"id":676,"href":"https:\/\/sites.usp.br\/supfab\/wp-json\/wp\/v2\/pages\/62\/revisions\/676"}],"wp:attachment":[{"href":"https:\/\/sites.usp.br\/supfab\/wp-json\/wp\/v2\/media?parent=62"}],"curies":[{"name":"wp","href":"https:\/\/api.w.org\/{rel}","templated":true}]}}