{"id":79,"date":"2014-02-24T16:51:20","date_gmt":"2014-02-24T18:51:20","guid":{"rendered":"http:\/\/sites.usp.br\/supfab\/?page_id=79"},"modified":"2026-04-17T15:22:31","modified_gmt":"2026-04-17T18:22:31","slug":"pagina-inicial","status":"publish","type":"page","link":"https:\/\/sites.usp.br\/supfab\/","title":{"rendered":"In\u00edcio"},"content":{"rendered":"<p><a href=\"https:\/\/sites.usp.br\/supfab\/wp-content\/uploads\/sites\/1717\/2026\/04\/SUPFAB-2026.jpg\"><img loading=\"lazy\" decoding=\"async\" class=\"wp-image-639 aligncenter\" src=\"https:\/\/sites.usp.br\/supfab\/wp-content\/uploads\/sites\/1717\/2026\/04\/SUPFAB-2026-240x300.jpg\" alt=\"\" width=\"573\" height=\"716\" srcset=\"https:\/\/sites.usp.br\/supfab\/wp-content\/uploads\/sites\/1717\/2026\/04\/SUPFAB-2026-240x300.jpg 240w, https:\/\/sites.usp.br\/supfab\/wp-content\/uploads\/sites\/1717\/2026\/04\/SUPFAB-2026-819x1024.jpg 819w, https:\/\/sites.usp.br\/supfab\/wp-content\/uploads\/sites\/1717\/2026\/04\/SUPFAB-2026-768x960.jpg 768w, https:\/\/sites.usp.br\/supfab\/wp-content\/uploads\/sites\/1717\/2026\/04\/SUPFAB-2026-400x500.jpg 400w, https:\/\/sites.usp.br\/supfab\/wp-content\/uploads\/sites\/1717\/2026\/04\/SUPFAB-2026.jpg 1080w\" sizes=\"auto, (max-width: 573px) 100vw, 573px\" \/><\/a><\/p>\n<p>Neste ano, ampliamos nosso olhar para al\u00e9m do presente, conectando a solidez da trajet\u00f3ria farmac\u00eautica com as transforma\u00e7\u00f5es que redefinem o rumo da profiss\u00e3o.<\/p>\n<p>O tema <strong>\u201cEntre a tradi\u00e7\u00e3o e a inova\u00e7\u00e3o\u201d<\/strong> expressa esse di\u00e1logo entre passado e futuro, refor\u00e7ando o compromisso com a valoriza\u00e7\u00e3o do conhecimento cient\u00edfico e com a evolu\u00e7\u00e3o das pr\u00e1ticas diante das demandas atuais da sa\u00fade.<\/p>\n<div class=\"text-base my-auto mx-auto [--thread-content-margin:var(--thread-content-margin-xs,calc(var(--spacing)*4))] @w-sm\/main:[--thread-content-margin:var(--thread-content-margin-sm,calc(var(--spacing)*6))] @w-lg\/main:[--thread-content-margin:var(--thread-content-margin-lg,calc(var(--spacing)*16))] px-(--thread-content-margin)\">\n<div class=\"[--thread-content-max-width:40rem] @w-lg\/main:[--thread-content-max-width:48rem] mx-auto max-w-(--thread-content-max-width) flex-1 group\/turn-messages focus-visible:outline-hidden relative flex w-full min-w-0 flex-col agent-turn\">\n<div class=\"flex max-w-full flex-col gap-4 grow\">\n<div class=\"min-h-8 text-message relative flex w-full flex-col items-end gap-2 text-start break-words whitespace-normal outline-none keyboard-focused:focus-ring [.text-message+&amp;]:mt-1\" dir=\"auto\" data-message-author-role=\"assistant\" data-message-id=\"ecd7a33d-62d4-487b-a3a3-a3627951aa74\" data-message-model-slug=\"gpt-5-3\">\n<div class=\"flex w-full flex-col gap-1 empty:hidden\">\n<div class=\"markdown prose dark:prose-invert w-full wrap-break-word dark markdown-new-styling\">\n<p data-start=\"0\" data-end=\"695\" data-is-last-node=\"\" data-is-only-node=\"\">Propomos um convite para reconhecermos, com orgulho, os fundamentos que estruturam a Farm\u00e1cia, desde seus princ\u00edpios cient\u00edficos at\u00e9 sua atua\u00e7\u00e3o consolidada na sociedade, ao mesmo tempo em que avan\u00e7amos em dire\u00e7\u00e3o a inova\u00e7\u00f5es que redefinem pr\u00e1ticas, tecnologias e formas de cuidado.<\/p>\n<\/div>\n<p>Fique ligado e nos siga para n\u00e3o perder nenhuma novidade!<\/p>\n<p><a href=\"https:\/\/www.instagram.com\/supfabusp\/\">@supfabusp<\/a><\/p>\n<\/div>\n<\/div>\n<\/div>\n<\/div>\n<\/div>\n","protected":false},"excerpt":{"rendered":"<p>Neste ano, ampliamos nosso olhar para al\u00e9m do presente, conectando a solidez da trajet\u00f3ria farmac\u00eautica com as transforma\u00e7\u00f5es que redefinem&#46;&#46;&#46;<\/p>\n","protected":false},"author":1,"featured_media":0,"parent":0,"menu_order":0,"comment_status":"closed","ping_status":"closed","template":"","meta":{"footnotes":"","_links_to":"","_links_to_target":""},"class_list":["post-79","page","type-page","status-publish","hentry"],"_links":{"self":[{"href":"https:\/\/sites.usp.br\/supfab\/wp-json\/wp\/v2\/pages\/79","targetHints":{"allow":["GET"]}}],"collection":[{"href":"https:\/\/sites.usp.br\/supfab\/wp-json\/wp\/v2\/pages"}],"about":[{"href":"https:\/\/sites.usp.br\/supfab\/wp-json\/wp\/v2\/types\/page"}],"author":[{"embeddable":true,"href":"https:\/\/sites.usp.br\/supfab\/wp-json\/wp\/v2\/users\/1"}],"replies":[{"embeddable":true,"href":"https:\/\/sites.usp.br\/supfab\/wp-json\/wp\/v2\/comments?post=79"}],"version-history":[{"count":5,"href":"https:\/\/sites.usp.br\/supfab\/wp-json\/wp\/v2\/pages\/79\/revisions"}],"predecessor-version":[{"id":651,"href":"https:\/\/sites.usp.br\/supfab\/wp-json\/wp\/v2\/pages\/79\/revisions\/651"}],"wp:attachment":[{"href":"https:\/\/sites.usp.br\/supfab\/wp-json\/wp\/v2\/media?parent=79"}],"curies":[{"name":"wp","href":"https:\/\/api.w.org\/{rel}","templated":true}]}}