{"id":301,"date":"2016-10-05T20:05:26","date_gmt":"2016-10-05T23:05:26","guid":{"rendered":"http:\/\/sites.usp.br\/sustentabilidade\/?page_id=301"},"modified":"2021-04-17T11:45:56","modified_gmt":"2021-04-17T14:45:56","slug":"gestao-ambiental","status":"publish","type":"page","link":"https:\/\/sites.usp.br\/sustentabilidade\/es\/gestao-ambiental\/","title":{"rendered":"Gesti\u00f3n ambiental"},"content":{"rendered":"<span style=\"font-weight: 400;\">L\u00ednea de Investigaci\u00f3n 2: Gesti\u00f3n Ambiental se refiere a la comprensi\u00f3n de mecanismos, acciones y estrategias orientadas a la organizaci\u00f3n e implementaci\u00f3n de pol\u00edticas p\u00fablicas e iniciativas sociales para el desarrollo de instrumentos de gesti\u00f3n en los \u00e1mbitos p\u00fablico, privado y del tercer sector. Los proyectos asignados en esta l\u00ednea est\u00e1n relacionados con acciones sociales y pol\u00edticas p\u00fablicas locales, municipales, regionales, nacionales e internacionales.<\/span>","protected":false},"excerpt":{"rendered":"<p>L\u00ednea de Investigaci\u00f3n 2: Gesti\u00f3n Ambiental se refiere a la comprensi\u00f3n de mecanismos, acciones y [&hellip;]<\/p>\n","protected":false},"author":322,"featured_media":0,"parent":0,"menu_order":0,"comment_status":"closed","ping_status":"closed","template":"","meta":{"footnotes":"","_links_to":"","_links_to_target":""},"class_list":["post-301","page","type-page","status-publish","hentry"],"_links":{"self":[{"href":"https:\/\/sites.usp.br\/sustentabilidade\/es\/wp-json\/wp\/v2\/pages\/301","targetHints":{"allow":["GET"]}}],"collection":[{"href":"https:\/\/sites.usp.br\/sustentabilidade\/es\/wp-json\/wp\/v2\/pages"}],"about":[{"href":"https:\/\/sites.usp.br\/sustentabilidade\/es\/wp-json\/wp\/v2\/types\/page"}],"author":[{"embeddable":true,"href":"https:\/\/sites.usp.br\/sustentabilidade\/es\/wp-json\/wp\/v2\/users\/322"}],"replies":[{"embeddable":true,"href":"https:\/\/sites.usp.br\/sustentabilidade\/es\/wp-json\/wp\/v2\/comments?post=301"}],"version-history":[{"count":5,"href":"https:\/\/sites.usp.br\/sustentabilidade\/es\/wp-json\/wp\/v2\/pages\/301\/revisions"}],"predecessor-version":[{"id":1476,"href":"https:\/\/sites.usp.br\/sustentabilidade\/es\/wp-json\/wp\/v2\/pages\/301\/revisions\/1476"}],"wp:attachment":[{"href":"https:\/\/sites.usp.br\/sustentabilidade\/es\/wp-json\/wp\/v2\/media?parent=301"}],"curies":[{"name":"wp","href":"https:\/\/api.w.org\/{rel}","templated":true}]}}