{"id":303,"date":"2016-10-05T20:06:25","date_gmt":"2016-10-05T23:06:25","guid":{"rendered":"http:\/\/sites.usp.br\/sustentabilidade\/?page_id=303"},"modified":"2021-04-17T11:45:17","modified_gmt":"2021-04-17T14:45:17","slug":"ciencia-e-tecnologia-ambiental","status":"publish","type":"page","link":"https:\/\/sites.usp.br\/sustentabilidade\/es\/ciencia-e-tecnologia-ambiental\/","title":{"rendered":"Ciencia y Tecnolog\u00eda Ambiental"},"content":{"rendered":"<span style=\"font-weight: 400;\">La L\u00ednea de Investigaci\u00f3n en Ciencia y Tecnolog\u00eda Ambiental se refiere a la generaci\u00f3n de conocimientos b\u00e1sicos y aplicados a pr\u00e1cticas orientadas a la sostenibilidad. Esta l\u00ednea incluye propuestas de diagn\u00f3stico y pron\u00f3stico, adem\u00e1s de la discusi\u00f3n y generaci\u00f3n de t\u00e9cnicas utilizadas para pr\u00e1cticas sostenibles. Tambi\u00e9n se refiere a las propuestas de avances conceptuales y te\u00f3ricos dentro de la tem\u00e1tica.<\/span>","protected":false},"excerpt":{"rendered":"<p>La L\u00ednea de Investigaci\u00f3n en Ciencia y Tecnolog\u00eda Ambiental se refiere a la generaci\u00f3n de [&hellip;]<\/p>\n","protected":false},"author":322,"featured_media":0,"parent":0,"menu_order":0,"comment_status":"closed","ping_status":"closed","template":"","meta":{"footnotes":"","_links_to":"","_links_to_target":""},"class_list":["post-303","page","type-page","status-publish","hentry"],"_links":{"self":[{"href":"https:\/\/sites.usp.br\/sustentabilidade\/es\/wp-json\/wp\/v2\/pages\/303","targetHints":{"allow":["GET"]}}],"collection":[{"href":"https:\/\/sites.usp.br\/sustentabilidade\/es\/wp-json\/wp\/v2\/pages"}],"about":[{"href":"https:\/\/sites.usp.br\/sustentabilidade\/es\/wp-json\/wp\/v2\/types\/page"}],"author":[{"embeddable":true,"href":"https:\/\/sites.usp.br\/sustentabilidade\/es\/wp-json\/wp\/v2\/users\/322"}],"replies":[{"embeddable":true,"href":"https:\/\/sites.usp.br\/sustentabilidade\/es\/wp-json\/wp\/v2\/comments?post=303"}],"version-history":[{"count":5,"href":"https:\/\/sites.usp.br\/sustentabilidade\/es\/wp-json\/wp\/v2\/pages\/303\/revisions"}],"predecessor-version":[{"id":1475,"href":"https:\/\/sites.usp.br\/sustentabilidade\/es\/wp-json\/wp\/v2\/pages\/303\/revisions\/1475"}],"wp:attachment":[{"href":"https:\/\/sites.usp.br\/sustentabilidade\/es\/wp-json\/wp\/v2\/media?parent=303"}],"curies":[{"name":"wp","href":"https:\/\/api.w.org\/{rel}","templated":true}]}}