{"id":307,"date":"2016-10-05T20:14:00","date_gmt":"2016-10-05T23:14:00","guid":{"rendered":"http:\/\/sites.usp.br\/sustentabilidade\/?page_id=307"},"modified":"2021-04-17T11:42:34","modified_gmt":"2021-04-17T14:42:34","slug":"historico-2","status":"publish","type":"page","link":"https:\/\/sites.usp.br\/sustentabilidade\/es\/historico-2\/","title":{"rendered":"Hist\u00f3rico"},"content":{"rendered":"<span style=\"font-weight: 400;\">La Rector\u00eda de la Universidad de S\u00e3o Paulo, en 2004, present\u00f3 el proyecto de la nueva unidad al Gobierno del Estado de S\u00e3o Paulo, que se incluy\u00f3 en el plan de ampliaci\u00f3n de vacantes en Universidads p\u00fablicas del Consejo de Rectores de las Universidads del Estado de S\u00e3o Paulo. El proyecto sugiri\u00f3 la implementaci\u00f3n de la nueva unidad en un \u00e1rea del Parque Ecol\u00f3gico do Tiet\u00ea, en el barrio de Ermelino Matarazzo.<\/span><\/p>\n<p><span style=\"font-weight: 400;\">Los posgrados de EACH-USP contemplan campos de conocimiento emergentes y carreras consideradas prometedoras en el siglo XXI, guiadas por la interdisciplinariedad y atendiendo a los requerimientos socioecon\u00f3micos del pa\u00eds, en general, y del mercado laboral, en particular.<\/span><\/p>\n<p><span style=\"font-weight: 400;\">En el Programa de Posgrado en Sostenibilidad participan docentes de los cursos de Gesti\u00f3n Ambiental, Ciencias Naturales y Marketing. La interdisciplinariedad en los objetos de an\u00e1lisis y campos de actividad es evidente en el grupo de profesores acreditados. Los profesores vinculados a otras unidades de la USP tambi\u00e9n participan en los asesores del programa.<\/span><\/p>\n<p><span style=\"font-weight: 400;\">Adem\u00e1s de buscar el nivel de excelencia en la docencia e investigaci\u00f3n de la USP, A EACH tiene como principio rector la integraci\u00f3n entre universidad y comunidad, a trav\u00e9s de programas de extensi\u00f3n e incentivos a la investigaci\u00f3n de problemas locales. Otro rasgo distintivo de la Escuela es la ausencia de departamentos, siguiendo la l\u00f3gica de promover la integraci\u00f3n entre los cursos, sus docentes, proyectos de investigaci\u00f3n y extensi\u00f3n, y optimizar los recursos a trav\u00e9s del intercambio de espacios y equipamientos.<\/span><\/p>\n<p><span style=\"font-weight: 400;\">Otro aspecto innovador dentro de la USP es que la unidad no ha contado con departamentos desde su creaci\u00f3n, lo que result\u00f3 en una innovaci\u00f3n en cuanto a fomentar la convivencia de profesores con diferentes antecedentes y estudiantes con variados intereses. Como consecuencia, surgieron iniciativas a favor de la formaci\u00f3n de grupos de investigaci\u00f3n que re\u00fanan a investigadores de diferentes \u00e1reas del conocimiento, para el desarrollo de l\u00edneas de investigaci\u00f3n innovadoras en el campo de la sostenibilidad.<\/span><\/p>\n<p><span style=\"font-weight: 400;\">La Escuela de Artes, Ciencias y Humanidades (EACH-USP) constituye, a partir de 2005, la unidad acad\u00e9mica m\u00e1s nueva de la Universidad de S\u00e3o Paulo. Su misi\u00f3n es la innovaci\u00f3n y la excelencia acad\u00e9mica en la docencia, la investigaci\u00f3n y la extensi\u00f3n, manteniendo la tradici\u00f3n de la USP.<\/span>","protected":false},"excerpt":{"rendered":"<p>La Rector\u00eda de la Universidad de S\u00e3o Paulo, en 2004, present\u00f3 el proyecto de la [&hellip;]<\/p>\n","protected":false},"author":322,"featured_media":0,"parent":0,"menu_order":0,"comment_status":"closed","ping_status":"closed","template":"","meta":{"footnotes":"","_links_to":"","_links_to_target":""},"class_list":["post-307","page","type-page","status-publish","hentry"],"_links":{"self":[{"href":"https:\/\/sites.usp.br\/sustentabilidade\/es\/wp-json\/wp\/v2\/pages\/307","targetHints":{"allow":["GET"]}}],"collection":[{"href":"https:\/\/sites.usp.br\/sustentabilidade\/es\/wp-json\/wp\/v2\/pages"}],"about":[{"href":"https:\/\/sites.usp.br\/sustentabilidade\/es\/wp-json\/wp\/v2\/types\/page"}],"author":[{"embeddable":true,"href":"https:\/\/sites.usp.br\/sustentabilidade\/es\/wp-json\/wp\/v2\/users\/322"}],"replies":[{"embeddable":true,"href":"https:\/\/sites.usp.br\/sustentabilidade\/es\/wp-json\/wp\/v2\/comments?post=307"}],"version-history":[{"count":5,"href":"https:\/\/sites.usp.br\/sustentabilidade\/es\/wp-json\/wp\/v2\/pages\/307\/revisions"}],"predecessor-version":[{"id":1472,"href":"https:\/\/sites.usp.br\/sustentabilidade\/es\/wp-json\/wp\/v2\/pages\/307\/revisions\/1472"}],"wp:attachment":[{"href":"https:\/\/sites.usp.br\/sustentabilidade\/es\/wp-json\/wp\/v2\/media?parent=307"}],"curies":[{"name":"wp","href":"https:\/\/api.w.org\/{rel}","templated":true}]}}