{"id":312,"date":"2016-10-05T20:16:04","date_gmt":"2016-10-05T23:16:04","guid":{"rendered":"http:\/\/sites.usp.br\/sustentabilidade\/?page_id=312"},"modified":"2022-05-10T09:22:21","modified_gmt":"2022-05-10T12:22:21","slug":"linhas-de-pesquisa","status":"publish","type":"page","link":"https:\/\/sites.usp.br\/sustentabilidade\/es\/linhas-de-pesquisa\/","title":{"rendered":"L\u00edneas de investigaci\u00f3n"},"content":{"rendered":"<span style=\"font-weight: 400;\">El Programa de Posgrado en Sostenibilidad tiene una sola \u00e1rea de concentraci\u00f3n, denominada: Ciencia, Tecnolog\u00eda y Gesti\u00f3n para la Sostenibilidad que se propuso adoptando un enfoque alineado con la literatura cl\u00e1sica y reciente y tiene caracter\u00edsticas b\u00e1sicas, intr\u00ednsecamente entrelazadas y sustentadas en dos l\u00edneas de investigaci\u00f3n.<\/span><\/p>\n<p><span style=\"font-weight: 400;\">La organizaci\u00f3n de la propuesta del Programa en un \u00e1rea de concentraci\u00f3n \u00fanica supone que los problemas a abordar en las l\u00edneas de investigaci\u00f3n est\u00e1n relacionados: (i) por los temas abordados en las l\u00edneas que se complementan (ejemplo: degradaci\u00f3n ambiental y pobreza); (ii) la necesidad de crear un lenguaje com\u00fan entre especialistas de carreras y disciplinas cl\u00e1sicas (ingenier\u00eda, qu\u00edmica, biolog\u00eda, geolog\u00eda, etc.); (iii) la integraci\u00f3n de m\u00faltiples formas de conocimiento, incluyendo la construcci\u00f3n del di\u00e1logo y la colaboraci\u00f3n entre diferentes \u00e1reas del conocimiento, desde el \u00e1mbito tradicional-local y en el \u00e1mbito cient\u00edfico-acad\u00e9mico. As\u00ed, la alimentaci\u00f3n rec\u00edproca y arm\u00f3nica del conocimiento generado en cada l\u00ednea de investigaci\u00f3n justific\u00f3 el establecimiento de una \u00fanica \u00e1rea de concentraci\u00f3n, sumando las dos l\u00edneas.<\/span><\/p>\n<p><span style=\"font-weight: 400;\">Para organizar actividades en materia de investigaci\u00f3n y formaci\u00f3n de investigadores que busquen articular intra e inter l\u00edneas de investigaci\u00f3n, promoviendo la creaci\u00f3n y aplicaci\u00f3n del conocimiento, la propuesta se organiza con las l\u00edneas de investigaci\u00f3n (1) Ciencia y Tecnolog\u00eda Ambiental y (2) Gesti\u00f3n Ambiental, que comprende dos enfoques distintos y complementarios.<\/span>","protected":false},"excerpt":{"rendered":"<p>El Programa de Posgrado en Sostenibilidad tiene una sola \u00e1rea de concentraci\u00f3n, denominada: Ciencia, Tecnolog\u00eda [&hellip;]<\/p>\n","protected":false},"author":322,"featured_media":0,"parent":0,"menu_order":0,"comment_status":"closed","ping_status":"closed","template":"","meta":{"footnotes":"","_links_to":"","_links_to_target":""},"class_list":["post-312","page","type-page","status-publish","hentry"],"_links":{"self":[{"href":"https:\/\/sites.usp.br\/sustentabilidade\/es\/wp-json\/wp\/v2\/pages\/312","targetHints":{"allow":["GET"]}}],"collection":[{"href":"https:\/\/sites.usp.br\/sustentabilidade\/es\/wp-json\/wp\/v2\/pages"}],"about":[{"href":"https:\/\/sites.usp.br\/sustentabilidade\/es\/wp-json\/wp\/v2\/types\/page"}],"author":[{"embeddable":true,"href":"https:\/\/sites.usp.br\/sustentabilidade\/es\/wp-json\/wp\/v2\/users\/322"}],"replies":[{"embeddable":true,"href":"https:\/\/sites.usp.br\/sustentabilidade\/es\/wp-json\/wp\/v2\/comments?post=312"}],"version-history":[{"count":5,"href":"https:\/\/sites.usp.br\/sustentabilidade\/es\/wp-json\/wp\/v2\/pages\/312\/revisions"}],"predecessor-version":[{"id":1888,"href":"https:\/\/sites.usp.br\/sustentabilidade\/es\/wp-json\/wp\/v2\/pages\/312\/revisions\/1888"}],"wp:attachment":[{"href":"https:\/\/sites.usp.br\/sustentabilidade\/es\/wp-json\/wp\/v2\/media?parent=312"}],"curies":[{"name":"wp","href":"https:\/\/api.w.org\/{rel}","templated":true}]}}