{"id":813,"date":"2019-01-10T15:03:56","date_gmt":"2019-01-10T17:03:56","guid":{"rendered":"http:\/\/sites.usp.br\/sustentabilidade\/?page_id=813"},"modified":"2022-04-24T12:21:47","modified_gmt":"2022-04-24T15:21:47","slug":"internacionalizacao","status":"publish","type":"page","link":"https:\/\/sites.usp.br\/sustentabilidade\/es\/internacionalizacao\/","title":{"rendered":"(Portugu\u00eas do Brasil) Internacional"},"content":{"rendered":"<p class=\"qtranxs-available-languages-message qtranxs-available-languages-message-es\">Disculpa, pero esta entrada est\u00e1 disponible s\u00f3lo en <a href=\"https:\/\/sites.usp.br\/sustentabilidade\/pb\/wp-json\/wp\/v2\/pages\/813\" class=\"qtranxs-available-language-link qtranxs-available-language-link-pb\" title=\"Portugu\u00eas do Brasil\">Portugu\u00eas do Brasil<\/a>.<\/p>","protected":false},"excerpt":{"rendered":"<p>Disculpa, pero esta entrada est\u00e1 disponible s\u00f3lo en Portugu\u00eas do Brasil.<\/p>\n","protected":false},"author":322,"featured_media":0,"parent":0,"menu_order":0,"comment_status":"closed","ping_status":"closed","template":"","meta":{"footnotes":"","_links_to":"","_links_to_target":""},"class_list":["post-813","page","type-page","status-publish","hentry"],"_links":{"self":[{"href":"https:\/\/sites.usp.br\/sustentabilidade\/es\/wp-json\/wp\/v2\/pages\/813","targetHints":{"allow":["GET"]}}],"collection":[{"href":"https:\/\/sites.usp.br\/sustentabilidade\/es\/wp-json\/wp\/v2\/pages"}],"about":[{"href":"https:\/\/sites.usp.br\/sustentabilidade\/es\/wp-json\/wp\/v2\/types\/page"}],"author":[{"embeddable":true,"href":"https:\/\/sites.usp.br\/sustentabilidade\/es\/wp-json\/wp\/v2\/users\/322"}],"replies":[{"embeddable":true,"href":"https:\/\/sites.usp.br\/sustentabilidade\/es\/wp-json\/wp\/v2\/comments?post=813"}],"version-history":[{"count":5,"href":"https:\/\/sites.usp.br\/sustentabilidade\/es\/wp-json\/wp\/v2\/pages\/813\/revisions"}],"predecessor-version":[{"id":1856,"href":"https:\/\/sites.usp.br\/sustentabilidade\/es\/wp-json\/wp\/v2\/pages\/813\/revisions\/1856"}],"wp:attachment":[{"href":"https:\/\/sites.usp.br\/sustentabilidade\/es\/wp-json\/wp\/v2\/media?parent=813"}],"curies":[{"name":"wp","href":"https:\/\/api.w.org\/{rel}","templated":true}]}}