{"id":830,"date":"2019-01-10T16:22:57","date_gmt":"2019-01-10T18:22:57","guid":{"rendered":"http:\/\/sites.usp.br\/sustentabilidade\/?page_id=830"},"modified":"2022-04-23T20:01:18","modified_gmt":"2022-04-23T23:01:18","slug":"1o-anppas-sudeste","status":"publish","type":"page","link":"https:\/\/sites.usp.br\/sustentabilidade\/es\/1o-anppas-sudeste\/","title":{"rendered":"1\u00ba ANPPAS Sureste"},"content":{"rendered":"<div class=\"container\">\n<div class=\"content\">\n<div class=\"conteudo\">\n<div class=\"fluid pagina\">\n<div class=\"container\">\n<div class=\"content\">\n<div class=\"conteudo\">\n<div class=\"fluid pagina\">\n<div class=\"container\">\n<div class=\"content\">\n<div class=\"conteudo\">\n<div class=\"fluid pagina\">\n<div class=\"container\">\n<div class=\"content\">\n<div class=\"conteudo\">\n<div class=\"fluid pagina\">\n<div class=\"container\">\n<div class=\"content\">\n<div class=\"conteudo\">\n<div class=\"fluid pagina\">\n<div class=\"container\">\n<div class=\"content\">\n<div class=\"conteudo\">\n<div class=\"fluid pagina\">\n<div class=\"container\">\n<div class=\"content\">\n<div class=\"conteudo\">\n<div class=\"fluid pagina\">\n<div class=\"container\">\n<div class=\"content\">\n<div class=\"conteudo\">\n<div class=\"fluid pagina\">\n<div class=\"container\">\n<div class=\"content\">\n<div class=\"conteudo\">\n<div class=\"fluid pagina\">\n<p><span style=\"font-weight: 400;\">En 2018, por primera vez, la Asociaci\u00f3n Nacional de Posgrado e Investigaci\u00f3n en Medio Ambiente y Sociedad (ANPPAS) realiz\u00f3 un Encuentro Regional en el Sudeste, organizado por el Programa de Posgrado en Sostenibilidad de la EACH\/USP. El evento busc\u00f3 dar a conocer la producci\u00f3n de conocimiento y promover el debate sobre temas que incluyen la interacci\u00f3n entre Medio Ambiente y Sociedad, con \u00e9nfasis en problem\u00e1ticas de la regi\u00f3n.<\/span><\/p>\n<p><span style=\"font-weight: 400;\">Con el tema \u201cSostenibilidad e Interdisciplinariedad: Avances y desaf\u00edos para el desarrollo\u201d, el encuentro cont\u00f3 con la participaci\u00f3n de reconocidos investigadores en diversas \u00e1reas que contribuyen a enfrentar los desaf\u00edos de la sustentabilidad: aire, agua, suelo, cambio clim\u00e1tico, energ\u00eda, residuos s\u00f3lidos, mercado y sustentabilidad, y derecho ambiental. Los ejes tem\u00e1ticos fueron abordados tanto desde el punto de vista de la ciencia y la tecnolog\u00eda como de la gobernanza y las pol\u00edticas p\u00fablicas.<\/span><\/p>\n<p><span style=\"font-weight: 400;\">El encuentro tuvo lugar del 26 al 28 de septiembre de 2018 en la Facultad de Artes, Ciencias y Humanidades de la Universidad de S\u00e3o Paulo (EACH-USP), en el este de S\u00e3o Paulo. El programa cont\u00f3 con conferencias y mesas redondas sobre los siguientes temas:<\/span><\/p>\n<p><span style=\"font-weight: 400;\">\u2013 Sostenibilidad e Interdisciplinariedad<\/span><\/p>\n<p><span style=\"font-weight: 400;\">\u2013 El agua en la macrometr\u00f3polis y sus desaf\u00edos<\/span><\/p>\n<p><span style=\"font-weight: 400;\">\u2013 Uso del suelo y servicios ecosist\u00e9micos: investigaci\u00f3n y pol\u00edticas p\u00fablicas<\/span><\/p>\n<p><span style=\"font-weight: 400;\">\u2013Mercado y sostenibilidad<\/span><\/p>\n<p><span style=\"font-weight: 400;\">\u2013 Ciudades y cambio clim\u00e1tico<\/span><\/p>\n<p><span style=\"font-weight: 400;\">\u2013 Pl\u00e1sticos, ciudades y medio marino<\/span><\/p>\n<p><span style=\"font-weight: 400;\">\u2013 Energ\u00eda y medio ambiente<\/span><\/p>\n<p align=\"justify\">\n<\/div>\n<p align=\"justify\">\r\n\t<div class=\"slideshow_container slideshow_container_style-light\" style=\"height: 400px; \" data-slideshow-id=\"953\" data-style-name=\"style-light\" data-style-version=\"2.3.1\" >\r\n\r\n\t\t\t\t\t<div class=\"slideshow_loading_icon\"><\/div>\r\n\t\t\r\n\t\t<div class=\"slideshow_content\" style=\"display: none;\">\r\n\r\n\t\t\t<div class=\"slideshow_view\">\r\n\t\t\t\t<div class=\"slideshow_slide slideshow_slide_image\">\r\n\t\t\t\t\t\t\t\t\t\t\t<img src=\"https:\/\/sites.usp.br\/sustentabilidade\/wp-content\/uploads\/sites\/149\/2019\/01\/IMG_20180926_091712281.jpg\" alt=\"IMG_20180926_091712281\" width=\"4160\" height=\"2340\" \/>\r\n\t\t\t\t\t\t\t\t\t\t<div class=\"slideshow_description_box slideshow_transparent\">\r\n\t\t\t\t\t\t<div class=\"slideshow_title\">IMG_20180926_091712281<\/div>\t\t\t\t\t\t\t\t\t\t\t<\/div>\r\n\t\t\t\t<\/div>\r\n\r\n\t\t\t\t\t\t<div style=\"clear: both;\"><\/div><\/div><div class=\"slideshow_view\">\r\n\t\t\t\t<div class=\"slideshow_slide slideshow_slide_image\">\r\n\t\t\t\t\t\t\t\t\t\t\t<img src=\"https:\/\/sites.usp.br\/sustentabilidade\/wp-content\/uploads\/sites\/149\/2019\/01\/IMG_20180926_091722966.jpg\" alt=\"IMG_20180926_091722966\" width=\"4160\" height=\"2340\" \/>\r\n\t\t\t\t\t\t\t\t\t\t<div class=\"slideshow_description_box slideshow_transparent\">\r\n\t\t\t\t\t\t<div class=\"slideshow_title\">IMG_20180926_091722966<\/div>\t\t\t\t\t\t\t\t\t\t\t<\/div>\r\n\t\t\t\t<\/div>\r\n\r\n\t\t\t\t\t\t<div style=\"clear: both;\"><\/div><\/div><div class=\"slideshow_view\">\r\n\t\t\t\t<div class=\"slideshow_slide slideshow_slide_image\">\r\n\t\t\t\t\t\t\t\t\t\t\t<img src=\"https:\/\/sites.usp.br\/sustentabilidade\/wp-content\/uploads\/sites\/149\/2019\/01\/IMG_20180926_091731516.jpg\" alt=\"IMG_20180926_091731516\" width=\"4160\" height=\"2340\" \/>\r\n\t\t\t\t\t\t\t\t\t\t<div class=\"slideshow_description_box slideshow_transparent\">\r\n\t\t\t\t\t\t<div class=\"slideshow_title\">IMG_20180926_091731516<\/div>\t\t\t\t\t\t\t\t\t\t\t<\/div>\r\n\t\t\t\t<\/div>\r\n\r\n\t\t\t\t\t\t<div style=\"clear: both;\"><\/div><\/div><div class=\"slideshow_view\">\r\n\t\t\t\t<div class=\"slideshow_slide slideshow_slide_image\">\r\n\t\t\t\t\t\t\t\t\t\t\t<img src=\"https:\/\/sites.usp.br\/sustentabilidade\/wp-content\/uploads\/sites\/149\/2019\/01\/IMG_20180926_101359108.jpg\" alt=\"IMG_20180926_101359108\" width=\"4160\" height=\"2340\" \/>\r\n\t\t\t\t\t\t\t\t\t\t<div class=\"slideshow_description_box slideshow_transparent\">\r\n\t\t\t\t\t\t<div class=\"slideshow_title\">IMG_20180926_101359108<\/div>\t\t\t\t\t\t\t\t\t\t\t<\/div>\r\n\t\t\t\t<\/div>\r\n\r\n\t\t\t\t\t\t<div style=\"clear: both;\"><\/div><\/div><div class=\"slideshow_view\">\r\n\t\t\t\t<div class=\"slideshow_slide slideshow_slide_image\">\r\n\t\t\t\t\t\t\t\t\t\t\t<img src=\"https:\/\/sites.usp.br\/sustentabilidade\/wp-content\/uploads\/sites\/149\/2019\/01\/IMG_20180926_165858203.jpg\" alt=\"IMG_20180926_165858203\" width=\"4160\" height=\"2340\" \/>\r\n\t\t\t\t\t\t\t\t\t\t<div class=\"slideshow_description_box slideshow_transparent\">\r\n\t\t\t\t\t\t<div class=\"slideshow_title\">IMG_20180926_165858203<\/div>\t\t\t\t\t\t\t\t\t\t\t<\/div>\r\n\t\t\t\t<\/div>\r\n\r\n\t\t\t\t\t\t<div style=\"clear: both;\"><\/div><\/div><div class=\"slideshow_view\">\r\n\t\t\t\t<div class=\"slideshow_slide slideshow_slide_image\">\r\n\t\t\t\t\t\t\t\t\t\t\t<img src=\"https:\/\/sites.usp.br\/sustentabilidade\/wp-content\/uploads\/sites\/149\/2019\/01\/IMG_20180926_165913196.jpg\" alt=\"IMG_20180926_165913196\" width=\"2340\" height=\"4160\" \/>\r\n\t\t\t\t\t\t\t\t\t\t<div class=\"slideshow_description_box slideshow_transparent\">\r\n\t\t\t\t\t\t<div class=\"slideshow_title\">IMG_20180926_165913196<\/div>\t\t\t\t\t\t\t\t\t\t\t<\/div>\r\n\t\t\t\t<\/div>\r\n\r\n\t\t\t\t\t\t<div style=\"clear: both;\"><\/div><\/div><div class=\"slideshow_view\">\r\n\t\t\t\t<div class=\"slideshow_slide slideshow_slide_image\">\r\n\t\t\t\t\t\t\t\t\t\t\t<img src=\"https:\/\/sites.usp.br\/sustentabilidade\/wp-content\/uploads\/sites\/149\/2019\/01\/IMG_20180926_165927497.jpg\" alt=\"IMG_20180926_165927497\" width=\"2340\" height=\"4160\" \/>\r\n\t\t\t\t\t\t\t\t\t\t<div class=\"slideshow_description_box slideshow_transparent\">\r\n\t\t\t\t\t\t<div class=\"slideshow_title\">IMG_20180926_165927497<\/div>\t\t\t\t\t\t\t\t\t\t\t<\/div>\r\n\t\t\t\t<\/div>\r\n\r\n\t\t\t\t\t\t<div style=\"clear: both;\"><\/div><\/div><div class=\"slideshow_view\">\r\n\t\t\t\t<div class=\"slideshow_slide slideshow_slide_image\">\r\n\t\t\t\t\t\t\t\t\t\t\t<img src=\"https:\/\/sites.usp.br\/sustentabilidade\/wp-content\/uploads\/sites\/149\/2019\/01\/IMG_20180926_170203984.jpg\" alt=\"IMG_20180926_170203984\" width=\"2340\" height=\"4160\" \/>\r\n\t\t\t\t\t\t\t\t\t\t<div class=\"slideshow_description_box slideshow_transparent\">\r\n\t\t\t\t\t\t<div class=\"slideshow_title\">IMG_20180926_170203984<\/div>\t\t\t\t\t\t\t\t\t\t\t<\/div>\r\n\t\t\t\t<\/div>\r\n\r\n\t\t\t\t\t\t<div style=\"clear: both;\"><\/div><\/div><div class=\"slideshow_view\">\r\n\t\t\t\t<div class=\"slideshow_slide slideshow_slide_image\">\r\n\t\t\t\t\t\t\t\t\t\t\t<img src=\"https:\/\/sites.usp.br\/sustentabilidade\/wp-content\/uploads\/sites\/149\/2019\/01\/IMG_20180926_170216918.jpg\" alt=\"IMG_20180926_170216918\" width=\"2340\" height=\"4160\" \/>\r\n\t\t\t\t\t\t\t\t\t\t<div class=\"slideshow_description_box slideshow_transparent\">\r\n\t\t\t\t\t\t<div class=\"slideshow_title\">IMG_20180926_170216918<\/div>\t\t\t\t\t\t\t\t\t\t\t<\/div>\r\n\t\t\t\t<\/div>\r\n\r\n\t\t\t\t\t\t<div style=\"clear: both;\"><\/div><\/div><div class=\"slideshow_view\">\r\n\t\t\t\t<div class=\"slideshow_slide slideshow_slide_image\">\r\n\t\t\t\t\t\t\t\t\t\t\t<img src=\"https:\/\/sites.usp.br\/sustentabilidade\/wp-content\/uploads\/sites\/149\/2019\/01\/IMG_20180926_170238967.jpg\" alt=\"IMG_20180926_170238967\" width=\"2340\" height=\"4160\" \/>\r\n\t\t\t\t\t\t\t\t\t\t<div class=\"slideshow_description_box slideshow_transparent\">\r\n\t\t\t\t\t\t<div class=\"slideshow_title\">IMG_20180926_170238967<\/div>\t\t\t\t\t\t\t\t\t\t\t<\/div>\r\n\t\t\t\t<\/div>\r\n\r\n\t\t\t\t\t\t<div style=\"clear: both;\"><\/div><\/div><div class=\"slideshow_view\">\r\n\t\t\t\t<div class=\"slideshow_slide slideshow_slide_image\">\r\n\t\t\t\t\t\t\t\t\t\t\t<img src=\"https:\/\/sites.usp.br\/sustentabilidade\/wp-content\/uploads\/sites\/149\/2019\/01\/IMG_20180926_170253914.jpg\" alt=\"IMG_20180926_170253914\" width=\"2340\" height=\"4160\" \/>\r\n\t\t\t\t\t\t\t\t\t\t<div class=\"slideshow_description_box slideshow_transparent\">\r\n\t\t\t\t\t\t<div class=\"slideshow_title\">IMG_20180926_170253914<\/div>\t\t\t\t\t\t\t\t\t\t\t<\/div>\r\n\t\t\t\t<\/div>\r\n\r\n\t\t\t\t\t\t<div style=\"clear: both;\"><\/div><\/div><div class=\"slideshow_view\">\r\n\t\t\t\t<div class=\"slideshow_slide slideshow_slide_image\">\r\n\t\t\t\t\t\t\t\t\t\t\t<img src=\"https:\/\/sites.usp.br\/sustentabilidade\/wp-content\/uploads\/sites\/149\/2019\/01\/IMG_20180926_170309323.jpg\" alt=\"IMG_20180926_170309323\" width=\"4160\" height=\"2340\" \/>\r\n\t\t\t\t\t\t\t\t\t\t<div class=\"slideshow_description_box slideshow_transparent\">\r\n\t\t\t\t\t\t<div class=\"slideshow_title\">IMG_20180926_170309323<\/div>\t\t\t\t\t\t\t\t\t\t\t<\/div>\r\n\t\t\t\t<\/div>\r\n\r\n\t\t\t\t\t\t<div style=\"clear: both;\"><\/div><\/div><div class=\"slideshow_view\">\r\n\t\t\t\t<div class=\"slideshow_slide slideshow_slide_image\">\r\n\t\t\t\t\t\t\t\t\t\t\t<img src=\"https:\/\/sites.usp.br\/sustentabilidade\/wp-content\/uploads\/sites\/149\/2019\/01\/IMG_20180926_170316171.jpg\" alt=\"IMG_20180926_170316171\" width=\"4160\" height=\"2340\" \/>\r\n\t\t\t\t\t\t\t\t\t\t<div class=\"slideshow_description_box slideshow_transparent\">\r\n\t\t\t\t\t\t<div class=\"slideshow_title\">IMG_20180926_170316171<\/div>\t\t\t\t\t\t\t\t\t\t\t<\/div>\r\n\t\t\t\t<\/div>\r\n\r\n\t\t\t\t\t\t<div style=\"clear: both;\"><\/div><\/div><div class=\"slideshow_view\">\r\n\t\t\t\t<div class=\"slideshow_slide slideshow_slide_image\">\r\n\t\t\t\t\t\t\t\t\t\t\t<img src=\"https:\/\/sites.usp.br\/sustentabilidade\/wp-content\/uploads\/sites\/149\/2019\/01\/IMG_20180926_173835502.jpg\" alt=\"IMG_20180926_173835502\" width=\"4160\" height=\"2340\" \/>\r\n\t\t\t\t\t\t\t\t\t\t<div class=\"slideshow_description_box slideshow_transparent\">\r\n\t\t\t\t\t\t<div class=\"slideshow_title\">IMG_20180926_173835502<\/div>\t\t\t\t\t\t\t\t\t\t\t<\/div>\r\n\t\t\t\t<\/div>\r\n\r\n\t\t\t\t\t\t<div style=\"clear: both;\"><\/div><\/div><div class=\"slideshow_view\">\r\n\t\t\t\t<div class=\"slideshow_slide slideshow_slide_image\">\r\n\t\t\t\t\t\t\t\t\t\t\t<img src=\"https:\/\/sites.usp.br\/sustentabilidade\/wp-content\/uploads\/sites\/149\/2019\/01\/IMG_20180926_181852699.jpg\" alt=\"IMG_20180926_181852699\" width=\"4160\" height=\"2340\" \/>\r\n\t\t\t\t\t\t\t\t\t\t<div class=\"slideshow_description_box slideshow_transparent\">\r\n\t\t\t\t\t\t<div class=\"slideshow_title\">IMG_20180926_181852699<\/div>\t\t\t\t\t\t\t\t\t\t\t<\/div>\r\n\t\t\t\t<\/div>\r\n\r\n\t\t\t\t\t\t<div style=\"clear: both;\"><\/div><\/div><div class=\"slideshow_view\">\r\n\t\t\t\t<div class=\"slideshow_slide slideshow_slide_image\">\r\n\t\t\t\t\t\t\t\t\t\t\t<img src=\"https:\/\/sites.usp.br\/sustentabilidade\/wp-content\/uploads\/sites\/149\/2019\/01\/IMG_20180927_105348815.jpg\" alt=\"IMG_20180927_105348815\" width=\"4160\" height=\"2340\" \/>\r\n\t\t\t\t\t\t\t\t\t\t<div class=\"slideshow_description_box slideshow_transparent\">\r\n\t\t\t\t\t\t<div class=\"slideshow_title\">IMG_20180927_105348815<\/div>\t\t\t\t\t\t\t\t\t\t\t<\/div>\r\n\t\t\t\t<\/div>\r\n\r\n\t\t\t\t\t\t<div style=\"clear: both;\"><\/div><\/div><div class=\"slideshow_view\">\r\n\t\t\t\t<div class=\"slideshow_slide slideshow_slide_image\">\r\n\t\t\t\t\t\t\t\t\t\t\t<img src=\"https:\/\/sites.usp.br\/sustentabilidade\/wp-content\/uploads\/sites\/149\/2019\/01\/IMG_20180927_112914233.jpg\" alt=\"IMG_20180927_112914233\" width=\"4160\" height=\"2340\" \/>\r\n\t\t\t\t\t\t\t\t\t\t<div class=\"slideshow_description_box slideshow_transparent\">\r\n\t\t\t\t\t\t<div class=\"slideshow_title\">IMG_20180927_112914233<\/div>\t\t\t\t\t\t\t\t\t\t\t<\/div>\r\n\t\t\t\t<\/div>\r\n\r\n\t\t\t\t\t\t<div style=\"clear: both;\"><\/div><\/div><div class=\"slideshow_view\">\r\n\t\t\t\t<div class=\"slideshow_slide slideshow_slide_image\">\r\n\t\t\t\t\t\t\t\t\t\t\t<img src=\"https:\/\/sites.usp.br\/sustentabilidade\/wp-content\/uploads\/sites\/149\/2019\/01\/IMG_20180928_085613781_HDR.jpg\" alt=\"IMG_20180928_085613781_HDR\" width=\"4160\" height=\"2340\" \/>\r\n\t\t\t\t\t\t\t\t\t\t<div class=\"slideshow_description_box slideshow_transparent\">\r\n\t\t\t\t\t\t<div class=\"slideshow_title\">IMG_20180928_085613781_HDR<\/div>\t\t\t\t\t\t\t\t\t\t\t<\/div>\r\n\t\t\t\t<\/div>\r\n\r\n\t\t\t\t\t\t<div style=\"clear: both;\"><\/div><\/div><div class=\"slideshow_view\">\r\n\t\t\t\t<div class=\"slideshow_slide slideshow_slide_image\">\r\n\t\t\t\t\t\t\t\t\t\t\t<img src=\"https:\/\/sites.usp.br\/sustentabilidade\/wp-content\/uploads\/sites\/149\/2019\/01\/IMG_20180926_091700475.jpg\" alt=\"IMG_20180926_091700475\" width=\"4160\" height=\"2340\" \/>\r\n\t\t\t\t\t\t\t\t\t\t<div class=\"slideshow_description_box slideshow_transparent\">\r\n\t\t\t\t\t\t<div class=\"slideshow_title\">IMG_20180926_091700475<\/div>\t\t\t\t\t\t\t\t\t\t\t<\/div>\r\n\t\t\t\t<\/div>\r\n\r\n\t\t\t\t\t\t<div style=\"clear: both;\"><\/div><\/div>\r\n\t\t<\/div>\r\n\r\n\t\t<div class=\"slideshow_controlPanel slideshow_transparent\" style=\"display: none;\"><ul><li class=\"slideshow_togglePlay\" data-play-text=\"Play\" data-pause-text=\"Pause\"><\/li><\/ul><\/div>\r\n\r\n\t\t<div class=\"slideshow_button slideshow_previous slideshow_transparent\" role=\"button\" data-previous-text=\"Previous\" style=\"display: none;\"><\/div>\r\n\t\t<div class=\"slideshow_button slideshow_next slideshow_transparent\" role=\"button\" data-next-text=\"Next\" style=\"display: none;\"><\/div>\r\n\r\n\t\t<div class=\"slideshow_pagination\" style=\"display: none;\" data-go-to-text=\"Go to slide\"><div class=\"slideshow_pagination_center\"><\/div><\/div>\r\n\r\n\t\t<!-- WordPress Slideshow Version 2.3.1 -->\r\n\r\n\t\t\t<\/div>\r\n\r\n\n<\/div>\n<div class=\"conteudo\">\n<div class=\"fluid pagina\">\n<div class=\"container\">\n<div class=\"content\">\n<div class=\"conteudo\">\n<p>&nbsp;<\/p>\n<p>&nbsp;<\/p>\n<p><span style=\"font-weight: 400;\">El evento reuni\u00f3 a profesores y estudiantes representantes de Programas de Posgrado, redes y grupos de investigaci\u00f3n en el \u00e1rea interdisciplinaria y ciencias ambientales para discutir una agenda cient\u00edfica y pol\u00edtica plural, resultando en una reflexi\u00f3n sobre la relevancia de la interdisciplinariedad para la sustentabilidad y para los di\u00e1logos entre las comunidades locales y el medio ambiente. entorno regional.<\/span><\/p>\n<p><span style=\"font-weight: 400;\">Acceda a las Actas de la Reuni\u00f3n <\/span><a href=\"https:\/\/sites.usp.br\/sustentabilidade\/wp-content\/uploads\/sites\/149\/2021\/07\/ANAIS-ENAPPAS.pdf\"><span style=\"font-weight: 400;\">aqu\u00ed<\/span><\/a><span style=\"font-weight: 400;\"> y para m\u00e1s informaci\u00f3n sobre el evento, acceda a: http:\/\/anppassudeste.com.br<\/span><\/p>\n<div class=\"fluid pagina\">\n<div class=\"container\">\n<div class=\"content\">\n<div class=\"conteudo\">\n<div class=\"fluid pagina\">\n<p>&nbsp;<\/p>\n<p><a href=\"http:\/\/sites.usp.br\/sustentabilidade\/wp-content\/uploads\/sites\/149\/2019\/01\/logo-roxo-texto-1-397x450.png\"><img loading=\"lazy\" decoding=\"async\" class=\"size-full wp-image-840 aligncenter\" src=\"http:\/\/sites.usp.br\/sustentabilidade\/wp-content\/uploads\/sites\/149\/2019\/01\/logo-roxo-texto-1-397x450.png\" alt=\"\" width=\"397\" height=\"450\" srcset=\"https:\/\/sites.usp.br\/sustentabilidade\/wp-content\/uploads\/sites\/149\/2019\/01\/logo-roxo-texto-1-397x450.png 397w, https:\/\/sites.usp.br\/sustentabilidade\/wp-content\/uploads\/sites\/149\/2019\/01\/logo-roxo-texto-1-397x450-265x300.png 265w\" sizes=\"auto, (max-width: 397px) 100vw, 397px\" \/><\/a><\/p>\n<\/div>\n<\/div>\n<\/div>\n<\/div>\n<\/div>\n<\/div>\n<\/div>\n<\/div>\n<\/div>\n<\/div>\n<\/div>\n<\/div>\n<\/div>\n<\/div>\n<\/div>\n<\/div>\n<\/div>\n<\/div>\n<\/div>\n<\/div>\n<\/div>\n<\/div>\n<\/div>\n<\/div>\n<\/div>\n<\/div>\n<\/div>\n<\/div>\n<\/div>\n<\/div>\n<\/div>\n<\/div>\n<\/div>\n<\/div>\n<\/div>\n<\/div>\n<\/div>\n<\/div>\n<\/div>\n<\/div>\n<\/div>\n<\/div>\n<\/div>\n<\/div>","protected":false},"excerpt":{"rendered":"<p>En 2018, por primera vez, la Asociaci\u00f3n Nacional de Posgrado e Investigaci\u00f3n en Medio Ambiente [&hellip;]<\/p>\n","protected":false},"author":322,"featured_media":0,"parent":0,"menu_order":0,"comment_status":"closed","ping_status":"closed","template":"","meta":{"footnotes":"","_links_to":"","_links_to_target":""},"class_list":["post-830","page","type-page","status-publish","hentry"],"_links":{"self":[{"href":"https:\/\/sites.usp.br\/sustentabilidade\/es\/wp-json\/wp\/v2\/pages\/830","targetHints":{"allow":["GET"]}}],"collection":[{"href":"https:\/\/sites.usp.br\/sustentabilidade\/es\/wp-json\/wp\/v2\/pages"}],"about":[{"href":"https:\/\/sites.usp.br\/sustentabilidade\/es\/wp-json\/wp\/v2\/types\/page"}],"author":[{"embeddable":true,"href":"https:\/\/sites.usp.br\/sustentabilidade\/es\/wp-json\/wp\/v2\/users\/322"}],"replies":[{"embeddable":true,"href":"https:\/\/sites.usp.br\/sustentabilidade\/es\/wp-json\/wp\/v2\/comments?post=830"}],"version-history":[{"count":5,"href":"https:\/\/sites.usp.br\/sustentabilidade\/es\/wp-json\/wp\/v2\/pages\/830\/revisions"}],"predecessor-version":[{"id":1833,"href":"https:\/\/sites.usp.br\/sustentabilidade\/es\/wp-json\/wp\/v2\/pages\/830\/revisions\/1833"}],"wp:attachment":[{"href":"https:\/\/sites.usp.br\/sustentabilidade\/es\/wp-json\/wp\/v2\/media?parent=830"}],"curies":[{"name":"wp","href":"https:\/\/api.w.org\/{rel}","templated":true}]}}