{"id":831,"date":"2019-01-10T16:26:22","date_gmt":"2019-01-10T18:26:22","guid":{"rendered":"http:\/\/sites.usp.br\/sustentabilidade\/?page_id=831"},"modified":"2022-04-23T18:30:27","modified_gmt":"2022-04-23T21:30:27","slug":"como-chegar","status":"publish","type":"page","link":"https:\/\/sites.usp.br\/sustentabilidade\/es\/como-chegar\/","title":{"rendered":"Como llegar"},"content":{"rendered":"<span style=\"font-weight: 400;\">La EACH est\u00e1 en Av. Arlindo B\u00e9ttio n\u00b0 1000, S\u00e3o Paulo-SP, con acceso para autom\u00f3viles en el port\u00f3n Rod. Ayrton Senna, km 17.<\/span><\/p>\n<p><span style=\"font-weight: 400;\">Hay varias formas de llegar a EACH. En la web de la Unidad es posible encontrar varias rutas.<\/span><\/p>\n<p><span style=\"font-weight: 400;\">Acceso <a href=\"http:\/\/www5.each.usp.br\/como-chegar\/\">aqu\u00ed<\/a><\/span><\/p>\n<p>&nbsp;<\/p>\n<p><span style=\"font-weight: 400;\">Para un mapa detallado de la ubicaci\u00f3n de los edificios de EACH\/USP, Acceso <a href=\"http:\/\/www5.each.usp.br\/mapa-da-each\/\">Aqu\u00ed<\/a>.<\/span>","protected":false},"excerpt":{"rendered":"<p>La EACH est\u00e1 en Av. Arlindo B\u00e9ttio n\u00b0 1000, S\u00e3o Paulo-SP, con acceso para autom\u00f3viles [&hellip;]<\/p>\n","protected":false},"author":322,"featured_media":0,"parent":0,"menu_order":0,"comment_status":"closed","ping_status":"closed","template":"","meta":{"footnotes":"","_links_to":"","_links_to_target":""},"class_list":["post-831","page","type-page","status-publish","hentry"],"_links":{"self":[{"href":"https:\/\/sites.usp.br\/sustentabilidade\/es\/wp-json\/wp\/v2\/pages\/831","targetHints":{"allow":["GET"]}}],"collection":[{"href":"https:\/\/sites.usp.br\/sustentabilidade\/es\/wp-json\/wp\/v2\/pages"}],"about":[{"href":"https:\/\/sites.usp.br\/sustentabilidade\/es\/wp-json\/wp\/v2\/types\/page"}],"author":[{"embeddable":true,"href":"https:\/\/sites.usp.br\/sustentabilidade\/es\/wp-json\/wp\/v2\/users\/322"}],"replies":[{"embeddable":true,"href":"https:\/\/sites.usp.br\/sustentabilidade\/es\/wp-json\/wp\/v2\/comments?post=831"}],"version-history":[{"count":5,"href":"https:\/\/sites.usp.br\/sustentabilidade\/es\/wp-json\/wp\/v2\/pages\/831\/revisions"}],"predecessor-version":[{"id":1821,"href":"https:\/\/sites.usp.br\/sustentabilidade\/es\/wp-json\/wp\/v2\/pages\/831\/revisions\/1821"}],"wp:attachment":[{"href":"https:\/\/sites.usp.br\/sustentabilidade\/es\/wp-json\/wp\/v2\/media?parent=831"}],"curies":[{"name":"wp","href":"https:\/\/api.w.org\/{rel}","templated":true}]}}