{"id":834,"date":"2019-01-10T16:24:16","date_gmt":"2019-01-10T18:24:16","guid":{"rendered":"http:\/\/sites.usp.br\/sustentabilidade\/?page_id=834"},"modified":"2022-04-23T18:46:12","modified_gmt":"2022-04-23T21:46:12","slug":"eachusp","status":"publish","type":"page","link":"https:\/\/sites.usp.br\/sustentabilidade\/es\/eachusp\/","title":{"rendered":"EACH\/USP"},"content":{"rendered":"<strong>Escuela de Artes, Ciencias y Humanidades (EACH) de la Universidad de S\u00e3o Paulo (USP)<\/strong><\/p>\n<p><span style=\"font-weight: 400;\">La Universidad de S\u00e3o Paulo (USP) es una universidad p\u00fablica, mantenida por el Estado de S\u00e3o Paulo y vinculada a la Secretar\u00eda de Desarrollo Econ\u00f3mico, Ciencia, Tecnolog\u00eda e Innovaci\u00f3n (SDECTI). El talento y la dedicaci\u00f3n de profesores, estudiantes y empleados ha sido reconocido por diferentes rankings mundiales, creados para medir la calidad de las universidades en base a distintos criterios, principalmente los relacionados con la productividad cient\u00edfica.<\/span><\/p>\n<p><span style=\"font-weight: 400;\">Fundada en 2005, la Escuela de Artes, Ciencias y Humanidades (EACH) ofrece once cursos de pregrado, adem\u00e1s de once programas de posgrado, que abarcan diferentes \u00e1reas del conocimiento. Los programas de posgrado de la EACH tienen como objetivo fomentar la producci\u00f3n cient\u00edfica y la innovaci\u00f3n social y tecnol\u00f3gica para satisfacer las demandas derivadas del desarrollo ascendente de la sociedad.<\/span><\/p>\n<p><span style=\"font-weight: 400;\">El principio rector de EACH es promover una fuerte interacci\u00f3n con las comunidades en el lado este. Junto a las actividades culturales y deportivas, propone desarrollar varios programas de extensi\u00f3n, como cursos de perfeccionamiento y proyectos de investigaci\u00f3n orientados a la soluci\u00f3n de problemas locales, adem\u00e1s de brindar mayor acceso a instalaciones de laboratorio en diversas \u00e1reas, como ciencias, artes, computaci\u00f3n, teledetecci\u00f3n y ense\u00f1anza de idiomas.<\/span><\/p>\n<p>&nbsp;<\/p>\n<p><span style=\"font-weight: 400;\">Para obtener m\u00e1s informaci\u00f3n sobre EACH\/USP, acceda a: http:\/\/www5.each.usp.br\/<\/span><\/p>\n<p><a href=\"http:\/\/sites.usp.br\/sustentabilidade\/wp-content\/uploads\/sites\/149\/2019\/01\/Natalia-Dourado_EACH-1024x678.jpg\"><img loading=\"lazy\" decoding=\"async\" class=\"alignnone size-full wp-image-811\" src=\"http:\/\/sites.usp.br\/sustentabilidade\/wp-content\/uploads\/sites\/149\/2019\/01\/Natalia-Dourado_EACH-1024x678.jpg\" alt=\"\" width=\"1024\" height=\"678\" srcset=\"https:\/\/sites.usp.br\/sustentabilidade\/wp-content\/uploads\/sites\/149\/2019\/01\/Natalia-Dourado_EACH-1024x678.jpg 1024w, https:\/\/sites.usp.br\/sustentabilidade\/wp-content\/uploads\/sites\/149\/2019\/01\/Natalia-Dourado_EACH-1024x678-300x199.jpg 300w, https:\/\/sites.usp.br\/sustentabilidade\/wp-content\/uploads\/sites\/149\/2019\/01\/Natalia-Dourado_EACH-1024x678-768x509.jpg 768w, https:\/\/sites.usp.br\/sustentabilidade\/wp-content\/uploads\/sites\/149\/2019\/01\/Natalia-Dourado_EACH-1024x678-400x265.jpg 400w\" sizes=\"auto, (max-width: 1024px) 100vw, 1024px\" \/><\/a>","protected":false},"excerpt":{"rendered":"<p>Escuela de Artes, Ciencias y Humanidades (EACH) de la Universidad de S\u00e3o Paulo (USP) La [&hellip;]<\/p>\n","protected":false},"author":322,"featured_media":0,"parent":0,"menu_order":0,"comment_status":"closed","ping_status":"closed","template":"","meta":{"footnotes":"","_links_to":"","_links_to_target":""},"class_list":["post-834","page","type-page","status-publish","hentry"],"_links":{"self":[{"href":"https:\/\/sites.usp.br\/sustentabilidade\/es\/wp-json\/wp\/v2\/pages\/834","targetHints":{"allow":["GET"]}}],"collection":[{"href":"https:\/\/sites.usp.br\/sustentabilidade\/es\/wp-json\/wp\/v2\/pages"}],"about":[{"href":"https:\/\/sites.usp.br\/sustentabilidade\/es\/wp-json\/wp\/v2\/types\/page"}],"author":[{"embeddable":true,"href":"https:\/\/sites.usp.br\/sustentabilidade\/es\/wp-json\/wp\/v2\/users\/322"}],"replies":[{"embeddable":true,"href":"https:\/\/sites.usp.br\/sustentabilidade\/es\/wp-json\/wp\/v2\/comments?post=834"}],"version-history":[{"count":4,"href":"https:\/\/sites.usp.br\/sustentabilidade\/es\/wp-json\/wp\/v2\/pages\/834\/revisions"}],"predecessor-version":[{"id":1825,"href":"https:\/\/sites.usp.br\/sustentabilidade\/es\/wp-json\/wp\/v2\/pages\/834\/revisions\/1825"}],"wp:attachment":[{"href":"https:\/\/sites.usp.br\/sustentabilidade\/es\/wp-json\/wp\/v2\/media?parent=834"}],"curies":[{"name":"wp","href":"https:\/\/api.w.org\/{rel}","templated":true}]}}