{"id":89,"date":"2014-04-23T11:34:25","date_gmt":"2014-04-23T14:34:25","guid":{"rendered":"http:\/\/sites.usp.brprp\/?page_id=89"},"modified":"2021-04-17T11:43:32","modified_gmt":"2021-04-17T14:43:32","slug":"apresentacao","status":"publish","type":"page","link":"https:\/\/sites.usp.br\/sustentabilidade\/es\/apresentacao\/","title":{"rendered":"Presentaci\u00f3n"},"content":{"rendered":"<span style=\"font-weight: 400;\">El Programa de Postgrado en Sostenibilidad propone formar profesionales capaces de insertar las acciones necesarias para la implementaci\u00f3n de los principios de sostenibilidad en las actividades que se refieren al uso de los recursos naturales por las sociedades actuales.<\/span><\/p>\n<p><span style=\"font-weight: 400;\">Independientemente de la formaci\u00f3n b\u00e1sica que traiga el estudiante de pregrado que ingresar\u00e1 al Programa, se pretende que le permita insertar la sostenibilidad en las actividades que desarrollar\u00e1. Esta inserci\u00f3n tendr\u00e1 dos enfoques principales, el conceptual y el te\u00f3rico, que abordar\u00e1n una nueva forma de pensar sobre el uso de los recursos a partir de la cual todos los problemas deben buscar soluciones que pasen por acciones sostenibles, y el otro es instrumental, que buscar\u00e1 formar al alumno en las \u00e1reas de conocimiento relacionadas con las pr\u00e1cticas basadas en la sostenibilidad y capacitarlo para conocer, desarrollar y aplicar t\u00e9cnicas consolidadas o nuevas en la extracci\u00f3n, transformaci\u00f3n y en el uso de recursos.<\/span><\/p>\n<p><span style=\"font-weight: 400;\">El Programa de Posgrado en Sostenibilidad prev\u00e9 la formaci\u00f3n de investigadores, magisteres y doctores, con un perfil interdisciplinario, para los sistemas acad\u00e9mico y cient\u00edfico y para trabajar en organismos p\u00fablicos y privados, para producir y \/ o aplicar conocimientos sobre fen\u00f3menos y procesos y sus inter-relaciones en busca de la sostenibilidad del medio urbano, rural y de los ecosistemas naturales.<\/span><\/p>\n<p><span style=\"font-weight: 400;\">La propuesta del Programa de Posgrado en Sostenibilidad se sustenta en dos l\u00edneas de investigaci\u00f3n: a) Ciencia y Tecnolog\u00eda Ambiental y; b) Gesti\u00f3n ambiental. Estas l\u00edneas re\u00fanen las caracter\u00edsticas de proyectos y estudios consolidados que vienen realizando los docentes en sus grupos de investigaci\u00f3n desde el inicio de los cursos de la Escuela de Artes, Ciencias y Humanidades (EACH) -USP.<\/span>","protected":false},"excerpt":{"rendered":"<p>El Programa de Postgrado en Sostenibilidad propone formar profesionales capaces de insertar las acciones necesarias [&hellip;]<\/p>\n","protected":false},"author":13,"featured_media":0,"parent":0,"menu_order":0,"comment_status":"closed","ping_status":"closed","template":"","meta":{"footnotes":"","_links_to":"","_links_to_target":""},"class_list":["post-89","page","type-page","status-publish","hentry"],"_links":{"self":[{"href":"https:\/\/sites.usp.br\/sustentabilidade\/es\/wp-json\/wp\/v2\/pages\/89","targetHints":{"allow":["GET"]}}],"collection":[{"href":"https:\/\/sites.usp.br\/sustentabilidade\/es\/wp-json\/wp\/v2\/pages"}],"about":[{"href":"https:\/\/sites.usp.br\/sustentabilidade\/es\/wp-json\/wp\/v2\/types\/page"}],"author":[{"embeddable":true,"href":"https:\/\/sites.usp.br\/sustentabilidade\/es\/wp-json\/wp\/v2\/users\/13"}],"replies":[{"embeddable":true,"href":"https:\/\/sites.usp.br\/sustentabilidade\/es\/wp-json\/wp\/v2\/comments?post=89"}],"version-history":[{"count":5,"href":"https:\/\/sites.usp.br\/sustentabilidade\/es\/wp-json\/wp\/v2\/pages\/89\/revisions"}],"predecessor-version":[{"id":1473,"href":"https:\/\/sites.usp.br\/sustentabilidade\/es\/wp-json\/wp\/v2\/pages\/89\/revisions\/1473"}],"wp:attachment":[{"href":"https:\/\/sites.usp.br\/sustentabilidade\/es\/wp-json\/wp\/v2\/media?parent=89"}],"curies":[{"name":"wp","href":"https:\/\/api.w.org\/{rel}","templated":true}]}}