{"id":301,"date":"2016-10-05T20:05:26","date_gmt":"2016-10-05T23:05:26","guid":{"rendered":"http:\/\/sites.usp.br\/sustentabilidade\/?page_id=301"},"modified":"2021-04-17T11:45:56","modified_gmt":"2021-04-17T14:45:56","slug":"gestao-ambiental","status":"publish","type":"page","link":"https:\/\/sites.usp.br\/sustentabilidade\/gestao-ambiental\/","title":{"rendered":"Gest\u00e3o Ambiental"},"content":{"rendered":"<div class=\"container\">\n<div class=\"content\">\n<div class=\"conteudo\">\n<div class=\"fluid pagina\">\n<p align=\"justify\"><span style=\"font-family: arial, helvetica, sans-serif;\"><span style=\"font-size: medium;\">A Linha de Pesquisa 2: Gest\u00e3o Ambiental refere-se \u00e0 compreens\u00e3o dos mecanismos, a\u00e7\u00f5es e estrat\u00e9gias voltadas \u00e0 organiza\u00e7\u00e3o e implementa\u00e7\u00e3o de pol\u00edticas p\u00fablicas e iniciativas sociais para o desenvolvimento de instrumentos de gest\u00e3o nas esferas p\u00fablicas, privadas e no terceiro setor. Os projetos alocados nessa linha apresentam rela\u00e7\u00e3o com as a\u00e7\u00f5es sociais e com as pol\u00edticas p\u00fablicas locais, municipais, regionais, nacional e internacional.<\/span><\/span><\/p>\n<\/div>\n<\/div>\n<\/div>\n<\/div>","protected":false},"excerpt":{"rendered":"<p>A Linha de Pesquisa 2: Gest\u00e3o Ambiental refere-se \u00e0 compreens\u00e3o dos mecanismos, a\u00e7\u00f5es e estrat\u00e9gias [&hellip;]<\/p>\n","protected":false},"author":322,"featured_media":0,"parent":0,"menu_order":0,"comment_status":"closed","ping_status":"closed","template":"","meta":{"footnotes":"","_links_to":"","_links_to_target":""},"class_list":["post-301","page","type-page","status-publish","hentry"],"_links":{"self":[{"href":"https:\/\/sites.usp.br\/sustentabilidade\/wp-json\/wp\/v2\/pages\/301","targetHints":{"allow":["GET"]}}],"collection":[{"href":"https:\/\/sites.usp.br\/sustentabilidade\/wp-json\/wp\/v2\/pages"}],"about":[{"href":"https:\/\/sites.usp.br\/sustentabilidade\/wp-json\/wp\/v2\/types\/page"}],"author":[{"embeddable":true,"href":"https:\/\/sites.usp.br\/sustentabilidade\/wp-json\/wp\/v2\/users\/322"}],"replies":[{"embeddable":true,"href":"https:\/\/sites.usp.br\/sustentabilidade\/wp-json\/wp\/v2\/comments?post=301"}],"version-history":[{"count":5,"href":"https:\/\/sites.usp.br\/sustentabilidade\/wp-json\/wp\/v2\/pages\/301\/revisions"}],"predecessor-version":[{"id":1476,"href":"https:\/\/sites.usp.br\/sustentabilidade\/wp-json\/wp\/v2\/pages\/301\/revisions\/1476"}],"wp:attachment":[{"href":"https:\/\/sites.usp.br\/sustentabilidade\/wp-json\/wp\/v2\/media?parent=301"}],"curies":[{"name":"wp","href":"https:\/\/api.w.org\/{rel}","templated":true}]}}