{"id":303,"date":"2016-10-05T20:06:25","date_gmt":"2016-10-05T23:06:25","guid":{"rendered":"http:\/\/sites.usp.br\/sustentabilidade\/?page_id=303"},"modified":"2021-04-17T11:45:17","modified_gmt":"2021-04-17T14:45:17","slug":"ciencia-e-tecnologia-ambiental","status":"publish","type":"page","link":"https:\/\/sites.usp.br\/sustentabilidade\/ciencia-e-tecnologia-ambiental\/","title":{"rendered":"Ci\u00eancia e Tecnologia Ambiental"},"content":{"rendered":"<div class=\"container\">\n<div class=\"content\">\n<div class=\"conteudo\">\n<div class=\"fluid pagina\">\n<p align=\"justify\"><span style=\"font-family: arial, helvetica, sans-serif;\"><span style=\"font-size: medium;\">A Linha de Pesquisa Ci\u00eancia e Tecnologia Ambiental refere-se \u00e0 gera\u00e7\u00e3o de conhecimento b\u00e1sico e aplicado \u00e0s pr\u00e1ticas voltadas \u00e0 sustentabilidade. Essa linha abarca propostas de diagn\u00f3stico e de progn\u00f3stico, al\u00e9m da discuss\u00e3o e da gera\u00e7\u00e3o de t\u00e9cnicas empregadas \u00e0s pr\u00e1ticas sustent\u00e1veis. Tamb\u00e9m se refere \u00e0s propostas de avan\u00e7os conceituais e te\u00f3ricos dentro do tema.<\/p>","protected":false},"excerpt":{"rendered":"<p>A Linha de Pesquisa Ci\u00eancia e Tecnologia Ambiental refere-se \u00e0 gera\u00e7\u00e3o de conhecimento b\u00e1sico e [&hellip;]<\/p>\n","protected":false},"author":322,"featured_media":0,"parent":0,"menu_order":0,"comment_status":"closed","ping_status":"closed","template":"","meta":{"footnotes":"","_links_to":"","_links_to_target":""},"class_list":["post-303","page","type-page","status-publish","hentry"],"_links":{"self":[{"href":"https:\/\/sites.usp.br\/sustentabilidade\/wp-json\/wp\/v2\/pages\/303","targetHints":{"allow":["GET"]}}],"collection":[{"href":"https:\/\/sites.usp.br\/sustentabilidade\/wp-json\/wp\/v2\/pages"}],"about":[{"href":"https:\/\/sites.usp.br\/sustentabilidade\/wp-json\/wp\/v2\/types\/page"}],"author":[{"embeddable":true,"href":"https:\/\/sites.usp.br\/sustentabilidade\/wp-json\/wp\/v2\/users\/322"}],"replies":[{"embeddable":true,"href":"https:\/\/sites.usp.br\/sustentabilidade\/wp-json\/wp\/v2\/comments?post=303"}],"version-history":[{"count":5,"href":"https:\/\/sites.usp.br\/sustentabilidade\/wp-json\/wp\/v2\/pages\/303\/revisions"}],"predecessor-version":[{"id":1475,"href":"https:\/\/sites.usp.br\/sustentabilidade\/wp-json\/wp\/v2\/pages\/303\/revisions\/1475"}],"wp:attachment":[{"href":"https:\/\/sites.usp.br\/sustentabilidade\/wp-json\/wp\/v2\/media?parent=303"}],"curies":[{"name":"wp","href":"https:\/\/api.w.org\/{rel}","templated":true}]}}