{"id":307,"date":"2016-10-05T20:14:00","date_gmt":"2016-10-05T23:14:00","guid":{"rendered":"http:\/\/sites.usp.br\/sustentabilidade\/?page_id=307"},"modified":"2021-04-17T11:42:34","modified_gmt":"2021-04-17T14:42:34","slug":"historico-2","status":"publish","type":"page","link":"https:\/\/sites.usp.br\/sustentabilidade\/historico-2\/","title":{"rendered":"Hist\u00f3rico"},"content":{"rendered":"<div class=\"container\">\n<div class=\"content\">\n<div class=\"conteudo\">\n<div class=\"fluid pagina\">\n<p align=\"justify\"><span style=\"font-family: arial, helvetica, sans-serif;\"><span style=\"font-size: medium;\">A Reitoria da Universidade de S\u00e3o Paulo, em 2004, apresentou o projeto da nova unidade ao Governo do Estado de S\u00e3o Paulo que foi inclu\u00eddo no plano de expans\u00e3o de vagas nas universidades p\u00fablicas do Conselho de Reitores das Universidades Estaduais Paulistas. O projeto trazia sugest\u00e3o de implanta\u00e7\u00e3o da nova unidade em \u00e1rea do Parque Ecol\u00f3gico do Tiet\u00ea, no bairro de Ermelino Matarazzo.<\/p>\n<div class=\"container\">\n<div class=\"content\">\n<div class=\"conteudo\">\n<div class=\"fluid pagina\">\n<p align=\"justify\"><span style=\"font-family: arial, helvetica, sans-serif;\"><span style=\"font-size: medium;\">Os cursos de p\u00f3s-gradua\u00e7\u00e3o da EACH-USP contemplam campos do conhecimento emergentes e carreiras consideradas promissoras no s\u00e9culo XXI, pautados pela interdisciplinaridade e atendendo exig\u00eancias socioecon\u00f4micas do pa\u00eds, em geral, e do mercado de trabalho, em particular.<\/span><\/span><\/p>\n<\/div>\n<\/div>\n<\/div>\n<\/div>\n<div class=\"container\">\n<div class=\"content\">\n<div class=\"conteudo\">\n<div class=\"fluid pagina\">\n<p align=\"justify\"><span style=\"font-family: arial, helvetica, sans-serif;\"><span style=\"font-size: medium;\">No Programa de P\u00f3s-gradua\u00e7\u00e3o em Sustentabilidade\u00a0est\u00e3o envolvidos \u00a0docentes dos cursos de Gest\u00e3o Ambiental, de Licenciatura em Ci\u00eancias da Natureza e de Marketing. A interdisciplinaridade nos objetos de an\u00e1lise e campos de atua\u00e7\u00e3o transparece no grupo de docentes credenciados. \u00a0Participam tamb\u00e9m do corpo de orientadores do Programa docentes vinculados a outras unidades da USP.<\/span><\/span><\/p>\n<\/div>\n<\/div>\n<\/div>\n<\/div>\n<div class=\"container\">\n<div class=\"content\">\n<div class=\"conteudo\">\n<div class=\"fluid pagina\">\n<p align=\"justify\"><span style=\"font-family: arial, helvetica, sans-serif;\"><span style=\"font-size: medium;\">Al\u00e9m de buscar o n\u00edvel de excel\u00eancia em ensino e pesquisa da USP, a EACH tem como princ\u00edpio norteador a integra\u00e7\u00e3o entre universidade e comunidade, por meio de programas de extens\u00e3o e incentivo a pesquisas sobre problemas locais. Outra caracter\u00edstica diferencial da Escola \u00e9 a aus\u00eancia de departamentos, seguindo a l\u00f3gica de promover a integra\u00e7\u00e3o entre os cursos, seus professores, projetos de pesquisa e extens\u00e3o, e otimizar recursos por meio do compartilhamento de espa\u00e7os e equipamentos.<\/span><\/span><\/p>\n<\/div>\n<\/div>\n<\/div>\n<\/div>\n<div class=\"container\">\n<div class=\"content\">\n<div class=\"conteudo\">\n<div class=\"fluid pagina\">\n<p align=\"justify\"><span style=\"font-family: arial, helvetica, sans-serif;\"><span style=\"font-size: medium;\">Outro aspecto inovador dentro da USP \u00e9 que a unidade n\u00e3o possui\u00a0 departamentos desde sua cria\u00e7\u00e3o, o que resultou em inova\u00e7\u00e3o no que se refere ao est\u00edmulo \u00e0 conviv\u00eancia de docentes com forma\u00e7\u00f5es distintas e de discentes com interesses variados. Como consequ\u00eancia ocorreram iniciativas em prol da forma\u00e7\u00e3o de grupos de pesquisa que congregam pesquisadores de diversas \u00e1reas do conhecimento, para o desenvolvimento de linhas de pesquisa inovadoras no campo da sustentabilidade.<\/span><\/span><\/p>\n<\/div>\n<\/div>\n<\/div>\n<\/div>\n<div class=\"container\">\n<div class=\"content\">\n<div class=\"conteudo\">\n<div class=\"fluid pagina\">\n<p align=\"justify\"><span style=\"font-family: arial, helvetica, sans-serif;\"><span style=\"font-size: medium;\">A Escola de Artes, Ci\u00eancias e Humanidades (EACH-USP) constitui, a partir de 2005, a mais nova unidade acad\u00eamica da Universidade de S\u00e3o Paulo. Apresenta como miss\u00e3o a inova\u00e7\u00e3o e a excel\u00eancia acad\u00eamica em ensino, pesquisa e extens\u00e3o, mantendo simultaneamente a tradi\u00e7\u00e3o da USP.<\/span><\/span><\/p>\n<\/div>\n<\/div>\n<\/div>\n<\/div>","protected":false},"excerpt":{"rendered":"<p>A Reitoria da Universidade de S\u00e3o Paulo, em 2004, apresentou o projeto da nova unidade [&hellip;]<\/p>\n","protected":false},"author":322,"featured_media":0,"parent":0,"menu_order":0,"comment_status":"closed","ping_status":"closed","template":"","meta":{"footnotes":"","_links_to":"","_links_to_target":""},"class_list":["post-307","page","type-page","status-publish","hentry"],"_links":{"self":[{"href":"https:\/\/sites.usp.br\/sustentabilidade\/wp-json\/wp\/v2\/pages\/307","targetHints":{"allow":["GET"]}}],"collection":[{"href":"https:\/\/sites.usp.br\/sustentabilidade\/wp-json\/wp\/v2\/pages"}],"about":[{"href":"https:\/\/sites.usp.br\/sustentabilidade\/wp-json\/wp\/v2\/types\/page"}],"author":[{"embeddable":true,"href":"https:\/\/sites.usp.br\/sustentabilidade\/wp-json\/wp\/v2\/users\/322"}],"replies":[{"embeddable":true,"href":"https:\/\/sites.usp.br\/sustentabilidade\/wp-json\/wp\/v2\/comments?post=307"}],"version-history":[{"count":5,"href":"https:\/\/sites.usp.br\/sustentabilidade\/wp-json\/wp\/v2\/pages\/307\/revisions"}],"predecessor-version":[{"id":1472,"href":"https:\/\/sites.usp.br\/sustentabilidade\/wp-json\/wp\/v2\/pages\/307\/revisions\/1472"}],"wp:attachment":[{"href":"https:\/\/sites.usp.br\/sustentabilidade\/wp-json\/wp\/v2\/media?parent=307"}],"curies":[{"name":"wp","href":"https:\/\/api.w.org\/{rel}","templated":true}]}}