{"id":813,"date":"2019-01-10T15:03:56","date_gmt":"2019-01-10T17:03:56","guid":{"rendered":"http:\/\/sites.usp.br\/sustentabilidade\/?page_id=813"},"modified":"2022-04-24T12:21:47","modified_gmt":"2022-04-24T15:21:47","slug":"internacionalizacao","status":"publish","type":"page","link":"https:\/\/sites.usp.br\/sustentabilidade\/internacionalizacao\/","title":{"rendered":"Internacional"},"content":{"rendered":"<div class=\"container\">\n<div class=\"content\">\n<div class=\"conteudo\">\n<div class=\"fluid pagina\">\n<p align=\"justify\"><span style=\"font-family: arial, helvetica, sans-serif;\"><span style=\"font-size: medium;\">H\u00e1 muitos programas de apoio que fornecem bolsas para alunos, passagens e aux\u00edlios de instala\u00e7\u00e3o. Os valores das bolsas variam em fun\u00e7\u00e3o do pa\u00eds onde o aluno ir\u00e1 realizar suas pesquisas. Novas oportunidades est\u00e3o sempre surgindo, portanto, sugerimos que consultem periodicamente os links abaixo:<\/span><\/span><\/p>\n<ul>\n<li><a href=\"http:\/\/www.usp.br\/internationaloffice\/\">Ag\u00eancia de Coopera\u00e7\u00e3o Acad\u00eamica Nacional e Internacional da USP<\/a><\/li>\n<li><a href=\"http:\/\/www.prpg.usp.br\/index.php\/pt-br\/\">Pr\u00f3-reitoria de P\u00f3s-Gradua\u00e7\u00e3o da USP<\/a><\/li>\n<li><a href=\"http:\/\/www5.each.usp.br\/apresentacao-crint\/#conveniosInternacionais\">A Comiss\u00e3o de Rela\u00e7\u00f5es Internacionais (CRInt)\u00a0\u00a0da EACH<\/a><\/li>\n<\/ul>\n<p>Tamb\u00e9m consultem sites das ag\u00eancias de fomento. Geralmente a bolsa de est\u00e1gio \u00e9 composta por uma mensalidade, seguro sa\u00fade, aux\u00edlio deslocamento e aux\u00edlio instala\u00e7\u00e3o. Os valores variam de acordo com o pa\u00eds de destino.<\/p>\n<ul>\n<li><a href=\"http:\/\/www.capes.gov.br\/component\/content\/article?id=4561\">Programa Institucional de Bolsas de Doutorado Sandu\u00edche no Exterior (PDSE), financiado pela CAPES:<\/a><\/li>\n<li><a href=\"http:\/\/cnpq.br\/bolsas-no-exterior\">Bolsas Sandu\u00edche no Exterior, financiadas pelo CNPq<\/a><\/li>\n<li><a href=\"http:\/\/www.fapesp.br\/bolsas\/bepe\/\">Bolsa Est\u00e1gio de Pesquisa no Exterior (BEPE), poss\u00edvel para bolsistas FAPESP<\/a><\/li>\n<\/ul>\n<p>&nbsp;<\/p>\n<p><strong>Colabora\u00e7\u00f5es internacionais<\/strong><\/p>\n<p><span style=\"font-weight: 400;\">University of Wollongong<\/span><\/p>\n<p><span style=\"font-weight: 400;\">FCT &#8211; Funda\u00e7\u00e3o para a Ci\u00eancia e Tecnologia de Portugal<\/span><\/p>\n<p><span style=\"font-weight: 400;\">University of Surrey<\/span><\/p>\n<p><span style=\"font-weight: 400;\">University of Oregon<\/span><\/p>\n<p><span style=\"font-weight: 400;\">Columbia University<\/span><\/p>\n<p><span style=\"font-weight: 400;\">Universidade Nova Lisboa<\/span><\/p>\n<p><span style=\"font-weight: 400;\">Maryland University<\/span><\/p>\n<p><span style=\"font-weight: 400;\">Universidad de Buenos Aires<\/span><\/p>\n<p><span style=\"font-weight: 400;\">Instituto de Arte Americano e Investigaciones Est\u00e9ticas, FADU-UBA, CONICET<\/span><\/p>\n<p><span style=\"font-weight: 400;\">University of Victory<\/span><\/p>\n<p><span style=\"font-weight: 400;\">University of London<\/span><\/p>\n<p><span style=\"font-weight: 400;\">University of Bremen<\/span><\/p>\n<p><span style=\"font-weight: 400;\">University of Cambridge<\/span><\/p>\n<p><span style=\"font-weight: 400;\">Duke University<\/span><\/p>\n<p><span style=\"font-weight: 400;\">Laboratoire des Sciences du Climat et de l\u00b4Environnement<\/span><\/p>\n<p><span style=\"font-weight: 400;\">Tongji University<\/span><\/p>\n<p><span style=\"font-weight: 400;\">Michigan State University<\/span><\/p>\n<p><span style=\"font-weight: 400;\">University of Florida<\/span><\/p>\n<p><span style=\"font-weight: 400;\">Amazon Dams Network<\/span><\/p>\n<p><span style=\"font-weight: 400;\">National Center for Atmospheric Research (NCAR)<\/span><\/p>\n<p><span style=\"font-weight: 400;\">Red IDEAIS (Asistentes Inteligentes para las Infraestruturas de Datos Espaciales<\/span><\/p>\n<p><span style=\"font-weight: 400;\">Red Internacional de Sostenibilidad Ambiental<\/span><\/p>\n<p><span style=\"font-weight: 400;\">Universidad de C\u00f3rdoba<\/span><\/p>\n<p><span style=\"font-weight: 400;\">Pontificia Universidad Cat\u00f3lica de Valpara\u00edso<\/span><\/p>\n<p><span style=\"font-weight: 400;\">University of Wollongong<\/span><\/p>\n<p><span style=\"font-weight: 400;\">Excellence Center for Water Management in Developing Countries\/ &#8220;Sustainable Water Management in Development Countries<\/span><\/p>\n<p><span style=\"font-weight: 400;\">Lund University<\/span><\/p>\n<p><span style=\"font-weight: 400;\">Universit\u00e0 di Salerno<\/span><\/p>\n<p><span style=\"font-weight: 400;\">University of California<\/span><\/p>\n<p><span style=\"font-weight: 400;\">Universidade do Chile<\/span><\/p>\n<p><span style=\"font-weight: 400;\">Universidade de Surrey<\/span><\/p>\n<p><span style=\"font-weight: 400;\">Universidade de Aveiro<\/span><\/p>\n<p><span style=\"font-weight: 400;\">Universidade de Lisboa<\/span><\/p>\n<\/div>\n<\/div>\n<\/div>\n<\/div>","protected":false},"excerpt":{"rendered":"<p>H\u00e1 muitos programas de apoio que fornecem bolsas para alunos, passagens e aux\u00edlios de instala\u00e7\u00e3o. [&hellip;]<\/p>\n","protected":false},"author":322,"featured_media":0,"parent":0,"menu_order":0,"comment_status":"closed","ping_status":"closed","template":"","meta":{"footnotes":"","_links_to":"","_links_to_target":""},"class_list":["post-813","page","type-page","status-publish","hentry"],"_links":{"self":[{"href":"https:\/\/sites.usp.br\/sustentabilidade\/wp-json\/wp\/v2\/pages\/813","targetHints":{"allow":["GET"]}}],"collection":[{"href":"https:\/\/sites.usp.br\/sustentabilidade\/wp-json\/wp\/v2\/pages"}],"about":[{"href":"https:\/\/sites.usp.br\/sustentabilidade\/wp-json\/wp\/v2\/types\/page"}],"author":[{"embeddable":true,"href":"https:\/\/sites.usp.br\/sustentabilidade\/wp-json\/wp\/v2\/users\/322"}],"replies":[{"embeddable":true,"href":"https:\/\/sites.usp.br\/sustentabilidade\/wp-json\/wp\/v2\/comments?post=813"}],"version-history":[{"count":5,"href":"https:\/\/sites.usp.br\/sustentabilidade\/wp-json\/wp\/v2\/pages\/813\/revisions"}],"predecessor-version":[{"id":1856,"href":"https:\/\/sites.usp.br\/sustentabilidade\/wp-json\/wp\/v2\/pages\/813\/revisions\/1856"}],"wp:attachment":[{"href":"https:\/\/sites.usp.br\/sustentabilidade\/wp-json\/wp\/v2\/media?parent=813"}],"curies":[{"name":"wp","href":"https:\/\/api.w.org\/{rel}","templated":true}]}}