{"id":830,"date":"2019-01-10T16:22:57","date_gmt":"2019-01-10T18:22:57","guid":{"rendered":"http:\/\/sites.usp.br\/sustentabilidade\/?page_id=830"},"modified":"2022-04-23T20:01:18","modified_gmt":"2022-04-23T23:01:18","slug":"1o-anppas-sudeste","status":"publish","type":"page","link":"https:\/\/sites.usp.br\/sustentabilidade\/1o-anppas-sudeste\/","title":{"rendered":"1\u00ba ANPPAS Sudeste"},"content":{"rendered":"<div class=\"container\">\n<div class=\"content\">\n<div class=\"conteudo\">\n<div class=\"fluid pagina\">\n<p align=\"justify\"><span style=\"font-family: arial, helvetica, sans-serif;\"><span style=\"font-size: medium;\">Em 2018, pela primeira vez, a Associa\u00e7\u00e3o Nacional de P\u00f3s-Gradua\u00e7\u00e3o e Pesquisa em Ambiente e Sociedade (ANPPAS) realizou um Encontro Regional no sudeste, o qual foi organizado pelo Programa de P\u00f3s-Gradua\u00e7\u00e3o em Sustentabilidade na EACH\/USP. O evento buscou divulgar a produ\u00e7\u00e3o de conhecimento e promover o debate sobre assuntos que contemplem a intera\u00e7\u00e3o Ambiente e Sociedade, enfatizando problem\u00e1ticas da regi\u00e3o.<\/span><\/span><\/p>\n<div class=\"container\">\n<div class=\"content\">\n<div class=\"conteudo\">\n<div class=\"fluid pagina\">\n<p align=\"justify\"><span style=\"font-family: arial, helvetica, sans-serif;\"><span style=\"font-size: medium;\">Com o tema\u00a0<strong>\u201cSustentabilidade e Interdisciplinaridade: Avan\u00e7os e desafios para o desenvolvimento\u201d<\/strong>, o encontro contou com a participa\u00e7\u00e3o de pesquisadores renomados em diversas \u00e1reas que contribuem para o enfrentamento de desafios da sustentabilidade: ar, \u00e1gua, terra, mudan\u00e7as clim\u00e1ticas, energia, res\u00edduos s\u00f3lidos, mercado e sustentabilidade, e direito ambiental. Os eixos tem\u00e1ticos\u00a0foram abordados tanto do ponto de vista de ci\u00eancia e tecnologia quanto de governan\u00e7a e pol\u00edticas p\u00fablicas.<\/span><\/span><\/p>\n<div class=\"container\">\n<div class=\"content\">\n<div class=\"conteudo\">\n<div class=\"fluid pagina\">\n<p align=\"justify\"><span style=\"font-family: arial, helvetica, sans-serif;\"><span style=\"font-size: medium;\">O encontro aconteceu de 26 a 28 de setembro de 2018 na Escola de Artes, Ci\u00eancias e Humanidades da Universidade de S\u00e3o Paulo (EACH-USP), na zona leste de S\u00e3o Paulo. A programa\u00e7\u00e3o\u00a0contou com palestras e mesas-redondas nos temas:<\/span><\/span><\/p>\n<div class=\"container\">\n<div class=\"content\">\n<div class=\"conteudo\">\n<div class=\"fluid pagina\">\n<p align=\"justify\"><span style=\"font-family: arial, helvetica, sans-serif;\"><span style=\"font-size: medium;\">\u2013 Sustentabilidade e Interdisciplinaridade<\/span><\/span><\/p>\n<div class=\"container\">\n<div class=\"content\">\n<div class=\"conteudo\">\n<div class=\"fluid pagina\">\n<p align=\"justify\"><span style=\"font-family: arial, helvetica, sans-serif;\"><span style=\"font-size: medium;\">\u2013 \u00c1gua na macrometr\u00f3pole e seus desafios<\/span><\/span><\/p>\n<div class=\"container\">\n<div class=\"content\">\n<div class=\"conteudo\">\n<div class=\"fluid pagina\">\n<p align=\"justify\"><span style=\"font-family: arial, helvetica, sans-serif;\"><span style=\"font-size: medium;\">\u2013 Uso das terras e servi\u00e7os ecossist\u00eamicos: pesquisa e pol\u00edticas p\u00fablicas<\/span><\/span><\/p>\n<div class=\"container\">\n<div class=\"content\">\n<div class=\"conteudo\">\n<div class=\"fluid pagina\">\n<p align=\"justify\"><span style=\"font-family: arial, helvetica, sans-serif;\"><span style=\"font-size: medium;\">\u2013 Mercado e sustentabilidade<\/span><\/span><\/p>\n<div class=\"container\">\n<div class=\"content\">\n<div class=\"conteudo\">\n<div class=\"fluid pagina\">\n<p align=\"justify\"><span style=\"font-family: arial, helvetica, sans-serif;\"><span style=\"font-size: medium;\">\u2013 As cidades e as mudan\u00e7as clim\u00e1ticas<\/span><\/span><\/p>\n<div class=\"container\">\n<div class=\"content\">\n<div class=\"conteudo\">\n<div class=\"fluid pagina\">\n<p align=\"justify\"><span style=\"font-family: arial, helvetica, sans-serif;\"><span style=\"font-size: medium;\">\u2013 Pl\u00e1sticos, cidades e ambiente marinho<\/span><\/span><\/p>\n<div class=\"container\">\n<div class=\"content\">\n<div class=\"conteudo\">\n<div class=\"fluid pagina\">\n<p align=\"justify\"><span style=\"font-family: arial, helvetica, sans-serif;\"><span style=\"font-size: medium;\">\u2013 Energia e meio ambiente<\/span><\/span><\/p>\n<p align=\"justify\">\n<\/div>\n<p align=\"justify\">\r\n\t<div class=\"slideshow_container slideshow_container_style-light\" style=\"height: 400px; \" data-slideshow-id=\"953\" data-style-name=\"style-light\" data-style-version=\"2.3.1\" >\r\n\r\n\t\t\t\t\t<div class=\"slideshow_loading_icon\"><\/div>\r\n\t\t\r\n\t\t<div class=\"slideshow_content\" style=\"display: none;\">\r\n\r\n\t\t\t<div class=\"slideshow_view\">\r\n\t\t\t\t<div class=\"slideshow_slide slideshow_slide_image\">\r\n\t\t\t\t\t\t\t\t\t\t\t<img src=\"https:\/\/sites.usp.br\/sustentabilidade\/wp-content\/uploads\/sites\/149\/2019\/01\/IMG_20180926_091712281.jpg\" alt=\"IMG_20180926_091712281\" width=\"4160\" height=\"2340\" \/>\r\n\t\t\t\t\t\t\t\t\t\t<div class=\"slideshow_description_box slideshow_transparent\">\r\n\t\t\t\t\t\t<div class=\"slideshow_title\">IMG_20180926_091712281<\/div>\t\t\t\t\t\t\t\t\t\t\t<\/div>\r\n\t\t\t\t<\/div>\r\n\r\n\t\t\t\t\t\t<div style=\"clear: both;\"><\/div><\/div><div class=\"slideshow_view\">\r\n\t\t\t\t<div class=\"slideshow_slide slideshow_slide_image\">\r\n\t\t\t\t\t\t\t\t\t\t\t<img src=\"https:\/\/sites.usp.br\/sustentabilidade\/wp-content\/uploads\/sites\/149\/2019\/01\/IMG_20180926_091722966.jpg\" alt=\"IMG_20180926_091722966\" width=\"4160\" height=\"2340\" \/>\r\n\t\t\t\t\t\t\t\t\t\t<div class=\"slideshow_description_box slideshow_transparent\">\r\n\t\t\t\t\t\t<div class=\"slideshow_title\">IMG_20180926_091722966<\/div>\t\t\t\t\t\t\t\t\t\t\t<\/div>\r\n\t\t\t\t<\/div>\r\n\r\n\t\t\t\t\t\t<div style=\"clear: both;\"><\/div><\/div><div class=\"slideshow_view\">\r\n\t\t\t\t<div class=\"slideshow_slide slideshow_slide_image\">\r\n\t\t\t\t\t\t\t\t\t\t\t<img src=\"https:\/\/sites.usp.br\/sustentabilidade\/wp-content\/uploads\/sites\/149\/2019\/01\/IMG_20180926_091731516.jpg\" alt=\"IMG_20180926_091731516\" width=\"4160\" height=\"2340\" \/>\r\n\t\t\t\t\t\t\t\t\t\t<div class=\"slideshow_description_box slideshow_transparent\">\r\n\t\t\t\t\t\t<div class=\"slideshow_title\">IMG_20180926_091731516<\/div>\t\t\t\t\t\t\t\t\t\t\t<\/div>\r\n\t\t\t\t<\/div>\r\n\r\n\t\t\t\t\t\t<div style=\"clear: both;\"><\/div><\/div><div class=\"slideshow_view\">\r\n\t\t\t\t<div class=\"slideshow_slide slideshow_slide_image\">\r\n\t\t\t\t\t\t\t\t\t\t\t<img src=\"https:\/\/sites.usp.br\/sustentabilidade\/wp-content\/uploads\/sites\/149\/2019\/01\/IMG_20180926_101359108.jpg\" alt=\"IMG_20180926_101359108\" width=\"4160\" height=\"2340\" \/>\r\n\t\t\t\t\t\t\t\t\t\t<div class=\"slideshow_description_box slideshow_transparent\">\r\n\t\t\t\t\t\t<div class=\"slideshow_title\">IMG_20180926_101359108<\/div>\t\t\t\t\t\t\t\t\t\t\t<\/div>\r\n\t\t\t\t<\/div>\r\n\r\n\t\t\t\t\t\t<div style=\"clear: both;\"><\/div><\/div><div class=\"slideshow_view\">\r\n\t\t\t\t<div class=\"slideshow_slide slideshow_slide_image\">\r\n\t\t\t\t\t\t\t\t\t\t\t<img src=\"https:\/\/sites.usp.br\/sustentabilidade\/wp-content\/uploads\/sites\/149\/2019\/01\/IMG_20180926_165858203.jpg\" alt=\"IMG_20180926_165858203\" width=\"4160\" height=\"2340\" \/>\r\n\t\t\t\t\t\t\t\t\t\t<div class=\"slideshow_description_box slideshow_transparent\">\r\n\t\t\t\t\t\t<div class=\"slideshow_title\">IMG_20180926_165858203<\/div>\t\t\t\t\t\t\t\t\t\t\t<\/div>\r\n\t\t\t\t<\/div>\r\n\r\n\t\t\t\t\t\t<div style=\"clear: both;\"><\/div><\/div><div class=\"slideshow_view\">\r\n\t\t\t\t<div class=\"slideshow_slide slideshow_slide_image\">\r\n\t\t\t\t\t\t\t\t\t\t\t<img src=\"https:\/\/sites.usp.br\/sustentabilidade\/wp-content\/uploads\/sites\/149\/2019\/01\/IMG_20180926_165913196.jpg\" alt=\"IMG_20180926_165913196\" width=\"2340\" height=\"4160\" \/>\r\n\t\t\t\t\t\t\t\t\t\t<div class=\"slideshow_description_box slideshow_transparent\">\r\n\t\t\t\t\t\t<div class=\"slideshow_title\">IMG_20180926_165913196<\/div>\t\t\t\t\t\t\t\t\t\t\t<\/div>\r\n\t\t\t\t<\/div>\r\n\r\n\t\t\t\t\t\t<div style=\"clear: both;\"><\/div><\/div><div class=\"slideshow_view\">\r\n\t\t\t\t<div class=\"slideshow_slide slideshow_slide_image\">\r\n\t\t\t\t\t\t\t\t\t\t\t<img src=\"https:\/\/sites.usp.br\/sustentabilidade\/wp-content\/uploads\/sites\/149\/2019\/01\/IMG_20180926_165927497.jpg\" alt=\"IMG_20180926_165927497\" width=\"2340\" height=\"4160\" \/>\r\n\t\t\t\t\t\t\t\t\t\t<div class=\"slideshow_description_box slideshow_transparent\">\r\n\t\t\t\t\t\t<div class=\"slideshow_title\">IMG_20180926_165927497<\/div>\t\t\t\t\t\t\t\t\t\t\t<\/div>\r\n\t\t\t\t<\/div>\r\n\r\n\t\t\t\t\t\t<div style=\"clear: both;\"><\/div><\/div><div class=\"slideshow_view\">\r\n\t\t\t\t<div class=\"slideshow_slide slideshow_slide_image\">\r\n\t\t\t\t\t\t\t\t\t\t\t<img src=\"https:\/\/sites.usp.br\/sustentabilidade\/wp-content\/uploads\/sites\/149\/2019\/01\/IMG_20180926_170203984.jpg\" alt=\"IMG_20180926_170203984\" width=\"2340\" height=\"4160\" \/>\r\n\t\t\t\t\t\t\t\t\t\t<div class=\"slideshow_description_box slideshow_transparent\">\r\n\t\t\t\t\t\t<div class=\"slideshow_title\">IMG_20180926_170203984<\/div>\t\t\t\t\t\t\t\t\t\t\t<\/div>\r\n\t\t\t\t<\/div>\r\n\r\n\t\t\t\t\t\t<div style=\"clear: both;\"><\/div><\/div><div class=\"slideshow_view\">\r\n\t\t\t\t<div class=\"slideshow_slide slideshow_slide_image\">\r\n\t\t\t\t\t\t\t\t\t\t\t<img src=\"https:\/\/sites.usp.br\/sustentabilidade\/wp-content\/uploads\/sites\/149\/2019\/01\/IMG_20180926_170216918.jpg\" alt=\"IMG_20180926_170216918\" width=\"2340\" height=\"4160\" \/>\r\n\t\t\t\t\t\t\t\t\t\t<div class=\"slideshow_description_box slideshow_transparent\">\r\n\t\t\t\t\t\t<div class=\"slideshow_title\">IMG_20180926_170216918<\/div>\t\t\t\t\t\t\t\t\t\t\t<\/div>\r\n\t\t\t\t<\/div>\r\n\r\n\t\t\t\t\t\t<div style=\"clear: both;\"><\/div><\/div><div class=\"slideshow_view\">\r\n\t\t\t\t<div class=\"slideshow_slide slideshow_slide_image\">\r\n\t\t\t\t\t\t\t\t\t\t\t<img src=\"https:\/\/sites.usp.br\/sustentabilidade\/wp-content\/uploads\/sites\/149\/2019\/01\/IMG_20180926_170238967.jpg\" alt=\"IMG_20180926_170238967\" width=\"2340\" height=\"4160\" \/>\r\n\t\t\t\t\t\t\t\t\t\t<div class=\"slideshow_description_box slideshow_transparent\">\r\n\t\t\t\t\t\t<div class=\"slideshow_title\">IMG_20180926_170238967<\/div>\t\t\t\t\t\t\t\t\t\t\t<\/div>\r\n\t\t\t\t<\/div>\r\n\r\n\t\t\t\t\t\t<div style=\"clear: both;\"><\/div><\/div><div class=\"slideshow_view\">\r\n\t\t\t\t<div class=\"slideshow_slide slideshow_slide_image\">\r\n\t\t\t\t\t\t\t\t\t\t\t<img src=\"https:\/\/sites.usp.br\/sustentabilidade\/wp-content\/uploads\/sites\/149\/2019\/01\/IMG_20180926_170253914.jpg\" alt=\"IMG_20180926_170253914\" width=\"2340\" height=\"4160\" \/>\r\n\t\t\t\t\t\t\t\t\t\t<div class=\"slideshow_description_box slideshow_transparent\">\r\n\t\t\t\t\t\t<div class=\"slideshow_title\">IMG_20180926_170253914<\/div>\t\t\t\t\t\t\t\t\t\t\t<\/div>\r\n\t\t\t\t<\/div>\r\n\r\n\t\t\t\t\t\t<div style=\"clear: both;\"><\/div><\/div><div class=\"slideshow_view\">\r\n\t\t\t\t<div class=\"slideshow_slide slideshow_slide_image\">\r\n\t\t\t\t\t\t\t\t\t\t\t<img src=\"https:\/\/sites.usp.br\/sustentabilidade\/wp-content\/uploads\/sites\/149\/2019\/01\/IMG_20180926_170309323.jpg\" alt=\"IMG_20180926_170309323\" width=\"4160\" height=\"2340\" \/>\r\n\t\t\t\t\t\t\t\t\t\t<div class=\"slideshow_description_box slideshow_transparent\">\r\n\t\t\t\t\t\t<div class=\"slideshow_title\">IMG_20180926_170309323<\/div>\t\t\t\t\t\t\t\t\t\t\t<\/div>\r\n\t\t\t\t<\/div>\r\n\r\n\t\t\t\t\t\t<div style=\"clear: both;\"><\/div><\/div><div class=\"slideshow_view\">\r\n\t\t\t\t<div class=\"slideshow_slide slideshow_slide_image\">\r\n\t\t\t\t\t\t\t\t\t\t\t<img src=\"https:\/\/sites.usp.br\/sustentabilidade\/wp-content\/uploads\/sites\/149\/2019\/01\/IMG_20180926_170316171.jpg\" alt=\"IMG_20180926_170316171\" width=\"4160\" height=\"2340\" \/>\r\n\t\t\t\t\t\t\t\t\t\t<div class=\"slideshow_description_box slideshow_transparent\">\r\n\t\t\t\t\t\t<div class=\"slideshow_title\">IMG_20180926_170316171<\/div>\t\t\t\t\t\t\t\t\t\t\t<\/div>\r\n\t\t\t\t<\/div>\r\n\r\n\t\t\t\t\t\t<div style=\"clear: both;\"><\/div><\/div><div class=\"slideshow_view\">\r\n\t\t\t\t<div class=\"slideshow_slide slideshow_slide_image\">\r\n\t\t\t\t\t\t\t\t\t\t\t<img src=\"https:\/\/sites.usp.br\/sustentabilidade\/wp-content\/uploads\/sites\/149\/2019\/01\/IMG_20180926_173835502.jpg\" alt=\"IMG_20180926_173835502\" width=\"4160\" height=\"2340\" \/>\r\n\t\t\t\t\t\t\t\t\t\t<div class=\"slideshow_description_box slideshow_transparent\">\r\n\t\t\t\t\t\t<div class=\"slideshow_title\">IMG_20180926_173835502<\/div>\t\t\t\t\t\t\t\t\t\t\t<\/div>\r\n\t\t\t\t<\/div>\r\n\r\n\t\t\t\t\t\t<div style=\"clear: both;\"><\/div><\/div><div class=\"slideshow_view\">\r\n\t\t\t\t<div class=\"slideshow_slide slideshow_slide_image\">\r\n\t\t\t\t\t\t\t\t\t\t\t<img src=\"https:\/\/sites.usp.br\/sustentabilidade\/wp-content\/uploads\/sites\/149\/2019\/01\/IMG_20180926_181852699.jpg\" alt=\"IMG_20180926_181852699\" width=\"4160\" height=\"2340\" \/>\r\n\t\t\t\t\t\t\t\t\t\t<div class=\"slideshow_description_box slideshow_transparent\">\r\n\t\t\t\t\t\t<div class=\"slideshow_title\">IMG_20180926_181852699<\/div>\t\t\t\t\t\t\t\t\t\t\t<\/div>\r\n\t\t\t\t<\/div>\r\n\r\n\t\t\t\t\t\t<div style=\"clear: both;\"><\/div><\/div><div class=\"slideshow_view\">\r\n\t\t\t\t<div class=\"slideshow_slide slideshow_slide_image\">\r\n\t\t\t\t\t\t\t\t\t\t\t<img src=\"https:\/\/sites.usp.br\/sustentabilidade\/wp-content\/uploads\/sites\/149\/2019\/01\/IMG_20180927_105348815.jpg\" alt=\"IMG_20180927_105348815\" width=\"4160\" height=\"2340\" \/>\r\n\t\t\t\t\t\t\t\t\t\t<div class=\"slideshow_description_box slideshow_transparent\">\r\n\t\t\t\t\t\t<div class=\"slideshow_title\">IMG_20180927_105348815<\/div>\t\t\t\t\t\t\t\t\t\t\t<\/div>\r\n\t\t\t\t<\/div>\r\n\r\n\t\t\t\t\t\t<div style=\"clear: both;\"><\/div><\/div><div class=\"slideshow_view\">\r\n\t\t\t\t<div class=\"slideshow_slide slideshow_slide_image\">\r\n\t\t\t\t\t\t\t\t\t\t\t<img src=\"https:\/\/sites.usp.br\/sustentabilidade\/wp-content\/uploads\/sites\/149\/2019\/01\/IMG_20180927_112914233.jpg\" alt=\"IMG_20180927_112914233\" width=\"4160\" height=\"2340\" \/>\r\n\t\t\t\t\t\t\t\t\t\t<div class=\"slideshow_description_box slideshow_transparent\">\r\n\t\t\t\t\t\t<div class=\"slideshow_title\">IMG_20180927_112914233<\/div>\t\t\t\t\t\t\t\t\t\t\t<\/div>\r\n\t\t\t\t<\/div>\r\n\r\n\t\t\t\t\t\t<div style=\"clear: both;\"><\/div><\/div><div class=\"slideshow_view\">\r\n\t\t\t\t<div class=\"slideshow_slide slideshow_slide_image\">\r\n\t\t\t\t\t\t\t\t\t\t\t<img src=\"https:\/\/sites.usp.br\/sustentabilidade\/wp-content\/uploads\/sites\/149\/2019\/01\/IMG_20180928_085613781_HDR.jpg\" alt=\"IMG_20180928_085613781_HDR\" width=\"4160\" height=\"2340\" \/>\r\n\t\t\t\t\t\t\t\t\t\t<div class=\"slideshow_description_box slideshow_transparent\">\r\n\t\t\t\t\t\t<div class=\"slideshow_title\">IMG_20180928_085613781_HDR<\/div>\t\t\t\t\t\t\t\t\t\t\t<\/div>\r\n\t\t\t\t<\/div>\r\n\r\n\t\t\t\t\t\t<div style=\"clear: both;\"><\/div><\/div><div class=\"slideshow_view\">\r\n\t\t\t\t<div class=\"slideshow_slide slideshow_slide_image\">\r\n\t\t\t\t\t\t\t\t\t\t\t<img src=\"https:\/\/sites.usp.br\/sustentabilidade\/wp-content\/uploads\/sites\/149\/2019\/01\/IMG_20180926_091700475.jpg\" alt=\"IMG_20180926_091700475\" width=\"4160\" height=\"2340\" \/>\r\n\t\t\t\t\t\t\t\t\t\t<div class=\"slideshow_description_box slideshow_transparent\">\r\n\t\t\t\t\t\t<div class=\"slideshow_title\">IMG_20180926_091700475<\/div>\t\t\t\t\t\t\t\t\t\t\t<\/div>\r\n\t\t\t\t<\/div>\r\n\r\n\t\t\t\t\t\t<div style=\"clear: both;\"><\/div><\/div>\r\n\t\t<\/div>\r\n\r\n\t\t<div class=\"slideshow_controlPanel slideshow_transparent\" style=\"display: none;\"><ul><li class=\"slideshow_togglePlay\" data-play-text=\"Acionar\" data-pause-text=\"Pausar\"><\/li><\/ul><\/div>\r\n\r\n\t\t<div class=\"slideshow_button slideshow_previous slideshow_transparent\" role=\"button\" data-previous-text=\"Anterior\" style=\"display: none;\"><\/div>\r\n\t\t<div class=\"slideshow_button slideshow_next slideshow_transparent\" role=\"button\" data-next-text=\"Pr\u00f3ximo\" style=\"display: none;\"><\/div>\r\n\r\n\t\t<div class=\"slideshow_pagination\" style=\"display: none;\" data-go-to-text=\"Ir para o slide\"><div class=\"slideshow_pagination_center\"><\/div><\/div>\r\n\r\n\t\t<!-- WordPress Slideshow Version 2.3.1 -->\r\n\r\n\t\t\t<\/div>\r\n\r\n\n<\/div>\n<div class=\"conteudo\">\n<div class=\"fluid pagina\">\n<div class=\"container\">\n<div class=\"content\">\n<div class=\"conteudo\">\n<div class=\"fluid pagina\">\n<p align=\"justify\">\n<p align=\"justify\">\n<p align=\"justify\"><span style=\"font-family: arial, helvetica, sans-serif;\"><span style=\"font-size: medium;\">O evento reuniu docentes e discentes representantes dos Programas de P\u00f3s-Gradua\u00e7\u00e3o, de redes e grupos de pesquisa da \u00e1rea interdisciplinar e das ci\u00eancias ambientais para discutir uma agenda cient\u00edfica e pol\u00edtica plural, obtendo como resultado a reflex\u00e3o sobre a relev\u00e2ncia da interdisciplinaridade para a sustentabilidade e para os di\u00e1logos entre as comunidades locais e o ambiente regional.<\/span><\/span><\/p>\n<p align=\"justify\"><span style=\"font-family: arial, helvetica, sans-serif;\"><a href=\"https:\/\/sites.usp.br\/sustentabilidade\/wp-content\/uploads\/sites\/149\/2021\/07\/ANAIS-ENAPPAS.pdf\">Acesse aqui<\/a> o ANAIS do Encontro e p<\/span><span style=\"font-size: medium; font-family: arial, helvetica, sans-serif;\">ara mais informa\u00e7\u00f5es do evento, acesse: <\/span><a style=\"font-size: medium; font-family: arial, helvetica, sans-serif;\" href=\"http:\/\/anppassudeste.com.br\">http:\/\/anppassudeste.com.br<\/a><\/p>\n<div class=\"container\">\n<div class=\"content\">\n<div class=\"conteudo\">\n<div class=\"fluid pagina\">\n<p>&nbsp;<\/p>\n<p><a href=\"http:\/\/sites.usp.br\/sustentabilidade\/wp-content\/uploads\/sites\/149\/2019\/01\/logo-roxo-texto-1-397x450.png\"><img loading=\"lazy\" decoding=\"async\" class=\"size-full wp-image-840 aligncenter\" src=\"http:\/\/sites.usp.br\/sustentabilidade\/wp-content\/uploads\/sites\/149\/2019\/01\/logo-roxo-texto-1-397x450.png\" alt=\"\" width=\"397\" height=\"450\" srcset=\"https:\/\/sites.usp.br\/sustentabilidade\/wp-content\/uploads\/sites\/149\/2019\/01\/logo-roxo-texto-1-397x450.png 397w, https:\/\/sites.usp.br\/sustentabilidade\/wp-content\/uploads\/sites\/149\/2019\/01\/logo-roxo-texto-1-397x450-265x300.png 265w\" sizes=\"auto, (max-width: 397px) 100vw, 397px\" \/><\/a><\/p>\n<\/div>\n<\/div>\n<\/div>\n<\/div>\n<\/div>\n<\/div>\n<\/div>\n<\/div>\n<\/div>\n<\/div>\n<\/div>\n<\/div>\n<\/div>\n<\/div>\n<\/div>\n<\/div>\n<\/div>\n<\/div>\n<\/div>\n<\/div>\n<\/div>\n<\/div>\n<\/div>\n<\/div>\n<\/div>\n<\/div>\n<\/div>\n<\/div>\n<\/div>\n<\/div>\n<\/div>\n<\/div>\n<\/div>\n<\/div>\n<\/div>\n<\/div>\n<\/div>\n<\/div>\n<\/div>\n<\/div>\n<\/div>\n<\/div>\n<\/div>\n<\/div>\n<\/div>\n<\/div>\n<\/div>\n<\/div>","protected":false},"excerpt":{"rendered":"<p>Em 2018, pela primeira vez, a Associa\u00e7\u00e3o Nacional de P\u00f3s-Gradua\u00e7\u00e3o e Pesquisa em Ambiente e [&hellip;]<\/p>\n","protected":false},"author":322,"featured_media":0,"parent":0,"menu_order":0,"comment_status":"closed","ping_status":"closed","template":"","meta":{"footnotes":"","_links_to":"","_links_to_target":""},"class_list":["post-830","page","type-page","status-publish","hentry"],"_links":{"self":[{"href":"https:\/\/sites.usp.br\/sustentabilidade\/wp-json\/wp\/v2\/pages\/830","targetHints":{"allow":["GET"]}}],"collection":[{"href":"https:\/\/sites.usp.br\/sustentabilidade\/wp-json\/wp\/v2\/pages"}],"about":[{"href":"https:\/\/sites.usp.br\/sustentabilidade\/wp-json\/wp\/v2\/types\/page"}],"author":[{"embeddable":true,"href":"https:\/\/sites.usp.br\/sustentabilidade\/wp-json\/wp\/v2\/users\/322"}],"replies":[{"embeddable":true,"href":"https:\/\/sites.usp.br\/sustentabilidade\/wp-json\/wp\/v2\/comments?post=830"}],"version-history":[{"count":5,"href":"https:\/\/sites.usp.br\/sustentabilidade\/wp-json\/wp\/v2\/pages\/830\/revisions"}],"predecessor-version":[{"id":1833,"href":"https:\/\/sites.usp.br\/sustentabilidade\/wp-json\/wp\/v2\/pages\/830\/revisions\/1833"}],"wp:attachment":[{"href":"https:\/\/sites.usp.br\/sustentabilidade\/wp-json\/wp\/v2\/media?parent=830"}],"curies":[{"name":"wp","href":"https:\/\/api.w.org\/{rel}","templated":true}]}}