{"id":831,"date":"2019-01-10T16:26:22","date_gmt":"2019-01-10T18:26:22","guid":{"rendered":"http:\/\/sites.usp.br\/sustentabilidade\/?page_id=831"},"modified":"2022-04-23T18:30:27","modified_gmt":"2022-04-23T21:30:27","slug":"como-chegar","status":"publish","type":"page","link":"https:\/\/sites.usp.br\/sustentabilidade\/como-chegar\/","title":{"rendered":"Como chegar"},"content":{"rendered":"<div class=\"container\">\n<div class=\"content\">\n<div class=\"conteudo\">\n<div class=\"fluid pagina\">\n<p align=\"justify\"><span style=\"font-family: arial, helvetica, sans-serif;\"><span style=\"font-size: medium;\">A EACH fica na Av. Arlindo B\u00e9ttio n\u00b0 1000, S\u00e3o Paulo-SP, com acesso para autom\u00f3veis no port\u00e3o da Rod. Ayrton Senna, km 17.<\/span><\/span><\/p>\n<div class=\"container\">\n<div class=\"content\">\n<div class=\"conteudo\">\n<div class=\"fluid pagina\">\n<p align=\"justify\"><span style=\"font-family: arial, helvetica, sans-serif;\"><span style=\"font-size: medium;\">Existem v\u00e1rios meios para se chegar at\u00e9 a EACH.\u00a0No site da Unidade, \u00e9 poss\u00edvel encontrar diversas rotas.<\/span><\/span><\/p>\n<div class=\"container\">\n<div class=\"content\">\n<div class=\"conteudo\">\n<div class=\"fluid pagina\">\n<p align=\"justify\"><span style=\"font-family: arial, helvetica, sans-serif;\"><span style=\"font-size: medium;\">Acesse:\u00a0<a href=\"http:\/\/www5.each.usp.br\/como-chegar\/\">http:\/\/www5.each.usp.br\/como-chegar\/<\/a><\/span><\/span><\/p>\n<div class=\"container\">\n<div class=\"content\">\n<div class=\"conteudo\">\n<div class=\"fluid pagina\">\n<p align=\"justify\"><span style=\"font-family: arial, helvetica, sans-serif;\"><span style=\"font-size: medium;\">Para mapa detalhado de localiza\u00e7\u00e3o dos pr\u00e9dios da EACH\/USP, acesse <a href=\"http:\/\/www5.each.usp.br\/mapa-da-each\">aqui<\/a>.<\/span><\/span><\/p>\n<p>\/<\/p>\n<p>&nbsp;<\/p>\n<\/div>\n<\/div>\n<\/div>\n<\/div>\n<\/div>\n<\/div>\n<\/div>\n<\/div>\n<\/div>\n<\/div>\n<\/div>\n<\/div>\n<\/div>\n<\/div>\n<\/div>\n<\/div>","protected":false},"excerpt":{"rendered":"<p>A EACH fica na Av. Arlindo B\u00e9ttio n\u00b0 1000, S\u00e3o Paulo-SP, com acesso para autom\u00f3veis [&hellip;]<\/p>\n","protected":false},"author":322,"featured_media":0,"parent":0,"menu_order":0,"comment_status":"closed","ping_status":"closed","template":"","meta":{"footnotes":"","_links_to":"","_links_to_target":""},"class_list":["post-831","page","type-page","status-publish","hentry"],"_links":{"self":[{"href":"https:\/\/sites.usp.br\/sustentabilidade\/wp-json\/wp\/v2\/pages\/831","targetHints":{"allow":["GET"]}}],"collection":[{"href":"https:\/\/sites.usp.br\/sustentabilidade\/wp-json\/wp\/v2\/pages"}],"about":[{"href":"https:\/\/sites.usp.br\/sustentabilidade\/wp-json\/wp\/v2\/types\/page"}],"author":[{"embeddable":true,"href":"https:\/\/sites.usp.br\/sustentabilidade\/wp-json\/wp\/v2\/users\/322"}],"replies":[{"embeddable":true,"href":"https:\/\/sites.usp.br\/sustentabilidade\/wp-json\/wp\/v2\/comments?post=831"}],"version-history":[{"count":5,"href":"https:\/\/sites.usp.br\/sustentabilidade\/wp-json\/wp\/v2\/pages\/831\/revisions"}],"predecessor-version":[{"id":1821,"href":"https:\/\/sites.usp.br\/sustentabilidade\/wp-json\/wp\/v2\/pages\/831\/revisions\/1821"}],"wp:attachment":[{"href":"https:\/\/sites.usp.br\/sustentabilidade\/wp-json\/wp\/v2\/media?parent=831"}],"curies":[{"name":"wp","href":"https:\/\/api.w.org\/{rel}","templated":true}]}}