{"id":834,"date":"2019-01-10T16:24:16","date_gmt":"2019-01-10T18:24:16","guid":{"rendered":"http:\/\/sites.usp.br\/sustentabilidade\/?page_id=834"},"modified":"2022-04-23T18:46:12","modified_gmt":"2022-04-23T21:46:12","slug":"eachusp","status":"publish","type":"page","link":"https:\/\/sites.usp.br\/sustentabilidade\/eachusp\/","title":{"rendered":"EACH\/USP"},"content":{"rendered":"<div class=\"container\">\n<div class=\"content\">\n<div class=\"conteudo\">\n<div class=\"fluid pagina\">\n<p align=\"justify\"><span style=\"font-family: arial, helvetica, sans-serif;\"><span style=\"font-size: medium;\"><strong>Escola de Artes, Ci\u00eancias e Humanidades (EACH) da Universidade de S\u00e3o Paulo (USP)<\/strong><\/span><\/span><\/p>\n<div class=\"container\">\n<div class=\"content\">\n<div class=\"conteudo\">\n<div class=\"fluid pagina\">\n<p align=\"justify\"><span style=\"font-family: arial, helvetica, sans-serif;\"><span style=\"font-size: medium;\">A Universidade de S\u00e3o Paulo (USP) \u00e9 uma universidade p\u00fablica, mantida pelo Estado de S\u00e3o Paulo e ligada \u00e0 Secretaria de Desenvolvimento Econ\u00f4mico, Ci\u00eancia, Tecnologia e Inova\u00e7\u00e3o (SDECTI). O talento e dedica\u00e7\u00e3o dos docentes, alunos e funcion\u00e1rios t\u00eam sido reconhecidos por diferentes rankings mundiais, criados para medir a qualidade das universidades a partir de diversos crit\u00e9rios, principalmente os relacionados \u00e0 produtividade cient\u00edfica.<\/span><\/span><\/p>\n<div class=\"container\">\n<div class=\"content\">\n<div class=\"conteudo\">\n<div class=\"fluid pagina\">\n<p align=\"justify\"><span style=\"font-family: arial, helvetica, sans-serif;\"><span style=\"font-size: medium;\">Fundada em 2005, a Escola de Artes, Ci\u00eancias e Humanidades (EACH) oferece onze cursos de gradua\u00e7\u00e3o, al\u00e9m dos onze programas de p\u00f3s-gradua\u00e7\u00e3o, os quais contemplam diversas \u00e1reas do conhecimento. Os programas de p\u00f3s-gradua\u00e7\u00e3o da EACH t\u00eam o objetivo de fomentar a produ\u00e7\u00e3o cient\u00edfica e a inova\u00e7\u00e3o social e tecnol\u00f3gica para atender \u00e0s demandas oriundas do desenvolvimento ascendente da sociedade.<\/span><\/span><\/p>\n<div class=\"container\">\n<div class=\"content\">\n<div class=\"conteudo\">\n<div class=\"fluid pagina\">\n<p align=\"justify\"><span style=\"font-family: arial, helvetica, sans-serif;\"><span style=\"font-size: medium;\">A EACH tem como princ\u00edpio norteador promover uma forte intera\u00e7\u00e3o com as comunidades da zona leste. Ao lado das atividades culturais e esportivas, prop\u00f5e desenvolver diversos programas de extens\u00e3o, como cursos de aperfei\u00e7oamento e projetos de pesquisa voltados para a solu\u00e7\u00e3o de problemas locais, al\u00e9m de proporcionar maior acesso \u00e0s facilidades laboratoriais em diversas \u00e1reas, como ci\u00eancias, artes, inform\u00e1tica, sensoriamento remoto e ensino de l\u00ednguas.<\/span><\/span><\/p>\n<div class=\"container\">\n<div class=\"content\">\n<div class=\"conteudo\">\n<div class=\"fluid pagina\">\n<p align=\"justify\"><span style=\"font-family: arial, helvetica, sans-serif;\"><span style=\"font-size: medium;\">Para mais informa\u00e7\u00f5es sobre a EACH\/USP, acesse:\u00a0<a href=\"http:\/\/www5.each.usp.br\/\">http:\/\/www5.each.usp.br\/<\/a><\/span><\/span><\/p>\n<p><a href=\"http:\/\/sites.usp.br\/sustentabilidade\/wp-content\/uploads\/sites\/149\/2019\/01\/Natalia-Dourado_EACH-1024x678.jpg\"><img loading=\"lazy\" decoding=\"async\" class=\"alignnone size-full wp-image-811\" src=\"http:\/\/sites.usp.br\/sustentabilidade\/wp-content\/uploads\/sites\/149\/2019\/01\/Natalia-Dourado_EACH-1024x678.jpg\" alt=\"\" width=\"1024\" height=\"678\" srcset=\"https:\/\/sites.usp.br\/sustentabilidade\/wp-content\/uploads\/sites\/149\/2019\/01\/Natalia-Dourado_EACH-1024x678.jpg 1024w, https:\/\/sites.usp.br\/sustentabilidade\/wp-content\/uploads\/sites\/149\/2019\/01\/Natalia-Dourado_EACH-1024x678-300x199.jpg 300w, https:\/\/sites.usp.br\/sustentabilidade\/wp-content\/uploads\/sites\/149\/2019\/01\/Natalia-Dourado_EACH-1024x678-768x509.jpg 768w, https:\/\/sites.usp.br\/sustentabilidade\/wp-content\/uploads\/sites\/149\/2019\/01\/Natalia-Dourado_EACH-1024x678-400x265.jpg 400w\" sizes=\"auto, (max-width: 1024px) 100vw, 1024px\" \/><\/a><\/p>\n<\/div>\n<\/div>\n<\/div>\n<\/div>\n<\/div>\n<\/div>\n<\/div>\n<\/div>\n<\/div>\n<\/div>\n<\/div>\n<\/div>\n<\/div>\n<\/div>\n<\/div>\n<\/div>\n<\/div>\n<\/div>\n<\/div>\n<\/div>","protected":false},"excerpt":{"rendered":"<p>Escola de Artes, Ci\u00eancias e Humanidades (EACH) da Universidade de S\u00e3o Paulo (USP) A Universidade [&hellip;]<\/p>\n","protected":false},"author":322,"featured_media":0,"parent":0,"menu_order":0,"comment_status":"closed","ping_status":"closed","template":"","meta":{"footnotes":"","_links_to":"","_links_to_target":""},"class_list":["post-834","page","type-page","status-publish","hentry"],"_links":{"self":[{"href":"https:\/\/sites.usp.br\/sustentabilidade\/wp-json\/wp\/v2\/pages\/834","targetHints":{"allow":["GET"]}}],"collection":[{"href":"https:\/\/sites.usp.br\/sustentabilidade\/wp-json\/wp\/v2\/pages"}],"about":[{"href":"https:\/\/sites.usp.br\/sustentabilidade\/wp-json\/wp\/v2\/types\/page"}],"author":[{"embeddable":true,"href":"https:\/\/sites.usp.br\/sustentabilidade\/wp-json\/wp\/v2\/users\/322"}],"replies":[{"embeddable":true,"href":"https:\/\/sites.usp.br\/sustentabilidade\/wp-json\/wp\/v2\/comments?post=834"}],"version-history":[{"count":4,"href":"https:\/\/sites.usp.br\/sustentabilidade\/wp-json\/wp\/v2\/pages\/834\/revisions"}],"predecessor-version":[{"id":1825,"href":"https:\/\/sites.usp.br\/sustentabilidade\/wp-json\/wp\/v2\/pages\/834\/revisions\/1825"}],"wp:attachment":[{"href":"https:\/\/sites.usp.br\/sustentabilidade\/wp-json\/wp\/v2\/media?parent=834"}],"curies":[{"name":"wp","href":"https:\/\/api.w.org\/{rel}","templated":true}]}}