{"id":847,"date":"2019-01-10T17:13:40","date_gmt":"2019-01-10T19:13:40","guid":{"rendered":"http:\/\/sites.usp.br\/sustentabilidade\/?page_id=847"},"modified":"2019-01-15T01:36:26","modified_gmt":"2019-01-15T03:36:26","slug":"ingresso","status":"publish","type":"page","link":"https:\/\/sites.usp.br\/sustentabilidade\/ingresso\/","title":{"rendered":"Ingresso"},"content":{"rendered":"<h2 class=\"vc_custom_heading\">PPG Sustentabilidade<\/h2>\n<div class=\"wpb_text_column wpb_content_element \">\n<div class=\"wpb_wrapper\">\n<div class=\"container\">\n<div class=\"content\">\n<div class=\"conteudo\">\n<div class=\"fluid pagina\">\n<p align=\"justify\"><span style=\"font-family: arial, helvetica, sans-serif;\"><span style=\"font-size: medium;\">O Programa de P\u00f3s-Gradua\u00e7\u00e3o em Sustentabilidade tem como objetivo fomentar a produ\u00e7\u00e3o cient\u00edfica, a inova\u00e7\u00e3o tecnol\u00f3gica e a forma\u00e7\u00e3o de recursos humanos nos n\u00edveis de mestrado e de doutorado, sob o foco interdisciplinar, tendo como tema a sustentabilidade. O Programa est\u00e1 voltado \u00e0 constru\u00e7\u00e3o de conhecimentos te\u00f3ricos, metodol\u00f3gicos e emp\u00edricos e ao desenvolvimento de compet\u00eancias e habilidades necess\u00e1rias \u00e0 constru\u00e7\u00e3o e ao avan\u00e7o de uma agenda da sustentabilidade no Brasil.<\/span><\/span><\/p>\n<p>&nbsp;<\/p>\n<div class=\"container\">\n<div class=\"content\">\n<div class=\"conteudo\">\n<div class=\"fluid pagina\">\n<p align=\"justify\"><span style=\"font-size: medium;\"><strong><span style=\"font-family: arial, helvetica, sans-serif;\">T\u00edtulos concedidos<\/span><\/strong><\/span><\/p>\n<div class=\"container\">\n<div class=\"content\">\n<div class=\"conteudo\">\n<div class=\"fluid pagina\">\n<p align=\"justify\"><span style=\"font-family: arial, helvetica, sans-serif;\"><span style=\"font-size: medium;\">Mestre e Doutor em Ci\u00eancias, \u00e1rea de concentra\u00e7\u00e3o em\u00a0Sustentabilidade<\/p>\n<p>&nbsp;<\/p>\n<div class=\"container\">\n<div class=\"content\">\n<div class=\"conteudo\">\n<div class=\"fluid pagina\">\n<p align=\"justify\"><span style=\"font-family: arial, helvetica, sans-serif;\"><span style=\"font-size: medium;\"><strong>Processo seletivo<\/strong><\/span><\/span><\/p>\n<div class=\"container\">\n<div class=\"content\">\n<div class=\"conteudo\">\n<div class=\"fluid pagina\">\n<p align=\"justify\"><span style=\"font-family: arial, helvetica, sans-serif;\"><span style=\"font-size: medium;\">O processo seletivo \u00e9 constitu\u00eddo por avalia\u00e7\u00e3o escrita e avalia\u00e7\u00e3o oral. As avalia\u00e7\u00f5es ser\u00e3o realizadas presencialmente em data e local a serem divulgados na p\u00e1gina do programa. Para mais informa\u00e7\u00f5es sobre calend\u00e1rio, edital, bibliografia, documentos, acesse:<\/span><\/span><\/p>\n<p>http:\/\/www5.each.usp.br\/mestrado-e-doutorado-em-sustentabilidade\/<\/p>\n<p>&nbsp;<\/p>\n<\/div>\n<\/div>\n<\/div>\n<\/div>\n<\/div>\n<\/div>\n<\/div>\n<\/div>\n<\/div>\n<\/div>\n<\/div>\n<\/div>","protected":false},"excerpt":{"rendered":"<p>PPG Sustentabilidade O Programa de P\u00f3s-Gradua\u00e7\u00e3o em Sustentabilidade tem como objetivo fomentar a produ\u00e7\u00e3o cient\u00edfica, [&hellip;]<\/p>\n","protected":false},"author":322,"featured_media":0,"parent":0,"menu_order":0,"comment_status":"closed","ping_status":"closed","template":"","meta":{"footnotes":"","_links_to":"","_links_to_target":""},"class_list":["post-847","page","type-page","status-publish","hentry"],"_links":{"self":[{"href":"https:\/\/sites.usp.br\/sustentabilidade\/wp-json\/wp\/v2\/pages\/847","targetHints":{"allow":["GET"]}}],"collection":[{"href":"https:\/\/sites.usp.br\/sustentabilidade\/wp-json\/wp\/v2\/pages"}],"about":[{"href":"https:\/\/sites.usp.br\/sustentabilidade\/wp-json\/wp\/v2\/types\/page"}],"author":[{"embeddable":true,"href":"https:\/\/sites.usp.br\/sustentabilidade\/wp-json\/wp\/v2\/users\/322"}],"replies":[{"embeddable":true,"href":"https:\/\/sites.usp.br\/sustentabilidade\/wp-json\/wp\/v2\/comments?post=847"}],"version-history":[{"count":4,"href":"https:\/\/sites.usp.br\/sustentabilidade\/wp-json\/wp\/v2\/pages\/847\/revisions"}],"predecessor-version":[{"id":925,"href":"https:\/\/sites.usp.br\/sustentabilidade\/wp-json\/wp\/v2\/pages\/847\/revisions\/925"}],"wp:attachment":[{"href":"https:\/\/sites.usp.br\/sustentabilidade\/wp-json\/wp\/v2\/media?parent=847"}],"curies":[{"name":"wp","href":"https:\/\/api.w.org\/{rel}","templated":true}]}}