{"id":848,"date":"2019-01-10T17:13:46","date_gmt":"2019-01-10T19:13:46","guid":{"rendered":"http:\/\/sites.usp.br\/sustentabilidade\/?page_id=848"},"modified":"2025-04-01T18:40:56","modified_gmt":"2025-04-01T21:40:56","slug":"encontrosdepesquisa","status":"publish","type":"page","link":"https:\/\/sites.usp.br\/sustentabilidade\/encontrosdepesquisa\/","title":{"rendered":"Encontros de Pesquisa"},"content":{"rendered":"<p class=\"\" data-start=\"0\" data-end=\"512\">Os <strong>Encontros de Pesquisa<\/strong> (antigo <em>&#8220;Semin\u00e1rios de Pesquisa em Sustentabilidade&#8221;<\/em>) do Programa de P\u00f3s-Gradua\u00e7\u00e3o em Sustentabilidade s\u00e3o espa\u00e7os dedicados ao debate cient\u00edfico, onde disserta\u00e7\u00f5es, teses em andamento ou em fase de conclus\u00e3o, e demais temas relevantes ao Programa s\u00e3o discutidos em encontros semanais. Esses encontros oferecem uma oportunidade valiosa para que as(os) alunas(os) apresentem seus trabalhos a docentes e colegas, promovendo um ambiente de troca de conhecimento e aprendizado, especialmente ben\u00e9fico para aquelas que se aproximam da qualifica\u00e7\u00e3o ou defesa.<\/p>\n<p class=\"\" data-start=\"514\" data-end=\"775\">Em <strong>2025<\/strong>, os encontros ocorrer\u00e3o de forma remota e sempre \u00e0s <strong>quintas-feiras, das 12h50 \u00e0s 13h50<\/strong>. A programa\u00e7\u00e3o das apresenta\u00e7\u00f5es \u00e9 organizada de forma colaborativa, respeitando a disponibilidade dos discentes e mantendo uma frequ\u00eancia semanal.<\/p>\n<p><span style=\"font-size: 12pt;\"><strong><a href=\"https:\/\/drive.google.com\/file\/d\/1tA1f868xSE5g4zSHUks4oNyohHEtovjN\/view?usp=drive_link\">Confira a agenda de apresenta\u00e7\u00f5es \/ 1sem-2025<\/a><\/strong><\/span><\/p>\n<p><span style=\"font-size: 12pt;\"><strong><a href=\"https:\/\/drive.google.com\/file\/d\/1d2vFV1NrWh8mFEF9MUo-2LSv6r7T0WL_\/view?usp=sharing\">Confira a agenda de apresenta\u00e7\u00f5es \/ 2sem-2024<\/a><\/strong><\/span><\/p>\n<p><span style=\"font-size: 12pt;\"><strong><a href=\"https:\/\/drive.google.com\/file\/d\/1i80YeS99muWpnMMCP0o2F1sekqw8__55\/view?usp=sharing\">Confira a agenda de apresenta\u00e7\u00f5es \/ 1sem-2024<\/a><\/strong><\/span><\/p>\n<p><span style=\"font-size: 12pt;\"><strong><a href=\"https:\/\/drive.google.com\/file\/d\/1VFj3zaLu5CFyFRnYHsWo9LbMIBrNBd1j\/view?usp=sharing\">Confira a agenda de apresenta\u00e7\u00f5es \/ 2sem-2023<\/a><\/strong><\/span><\/p>\n<p>&#8212;<\/p>\n<p><span style=\"text-decoration: underline;\"><b>Docente Respons\u00e1vel<\/b><span style=\"font-weight: 400;\">:<\/span><\/span><\/p>\n<p><span style=\"font-weight: 400;\">Prof. Dr. Alexandre Toshiro Igari\u00a0<\/span><\/p>\n<p><span style=\"text-decoration: underline;\"><b>Equipe Discente<\/b><span style=\"font-weight: 400;\">:<\/span><\/span><\/p>\n<p class=\"p1\"><strong>Mestrandas(os):<\/strong><\/p>\n<p class=\"p1\">Gabriela de Almeida Rodrigues Fischer<\/p>\n<p class=\"p1\">Luana Beatriz Martins Valero Viana<\/p>\n<p class=\"p1\">Let\u00edcia Rodrigues Lopes<\/p>\n<p class=\"p1\">Let\u00edcia Xavier de Almeida<\/p>\n<p class=\"p1\">Rodrigo Massao Kurita (RD)<\/p>\n<p class=\"p1\"><b>Doutorandas(os):<\/b><\/p>\n<p class=\"p1\">Fernanda de Marco de Souza<\/p>\n<p class=\"p1\">Karina da Costa Sousa Lima (vice-RD)<\/p>\n<p class=\"p1\">Luiza Friedrichsen Canellas<\/p>\n<p class=\"p1\">Sabine Lanzer<span class=\"Apple-converted-space\">\u00a0<\/span><\/p>\n<p class=\"p1\">Tarse Barbosa Cabello<\/p>","protected":false},"excerpt":{"rendered":"<p>Os Encontros de Pesquisa (antigo &#8220;Semin\u00e1rios de Pesquisa em Sustentabilidade&#8221;) do Programa de P\u00f3s-Gradua\u00e7\u00e3o em [&hellip;]<\/p>\n","protected":false},"author":322,"featured_media":0,"parent":0,"menu_order":0,"comment_status":"closed","ping_status":"closed","template":"","meta":{"footnotes":"","_links_to":"","_links_to_target":""},"class_list":["post-848","page","type-page","status-publish","hentry"],"_links":{"self":[{"href":"https:\/\/sites.usp.br\/sustentabilidade\/wp-json\/wp\/v2\/pages\/848","targetHints":{"allow":["GET"]}}],"collection":[{"href":"https:\/\/sites.usp.br\/sustentabilidade\/wp-json\/wp\/v2\/pages"}],"about":[{"href":"https:\/\/sites.usp.br\/sustentabilidade\/wp-json\/wp\/v2\/types\/page"}],"author":[{"embeddable":true,"href":"https:\/\/sites.usp.br\/sustentabilidade\/wp-json\/wp\/v2\/users\/322"}],"replies":[{"embeddable":true,"href":"https:\/\/sites.usp.br\/sustentabilidade\/wp-json\/wp\/v2\/comments?post=848"}],"version-history":[{"count":5,"href":"https:\/\/sites.usp.br\/sustentabilidade\/wp-json\/wp\/v2\/pages\/848\/revisions"}],"predecessor-version":[{"id":2010,"href":"https:\/\/sites.usp.br\/sustentabilidade\/wp-json\/wp\/v2\/pages\/848\/revisions\/2010"}],"wp:attachment":[{"href":"https:\/\/sites.usp.br\/sustentabilidade\/wp-json\/wp\/v2\/media?parent=848"}],"curies":[{"name":"wp","href":"https:\/\/api.w.org\/{rel}","templated":true}]}}