{"id":279,"date":"2025-01-31T15:18:40","date_gmt":"2025-01-31T17:18:40","guid":{"rendered":"https:\/\/sites.usp.br\/synestechai\/?page_id=279"},"modified":"2025-01-31T15:18:40","modified_gmt":"2025-01-31T17:18:40","slug":"cursoia90anos","status":"publish","type":"page","link":"https:\/\/sites.usp.br\/synestechai\/cursoia90anos\/","title":{"rendered":"cursoIA90anos"},"content":{"rendered":"<h2><\/h2>\n<p><a href=\"https:\/\/prpi.usp.br\/wp-content\/uploads\/sites\/1239\/2024\/03\/program_31siicusp-2.png\">Curso de extens\u00e3o &#8211; 31o SIICUSP<\/a><\/p>\n<h2>Intelig\u00eancia Artificial &#8211; curso comemorativo dos 90 anos da Universidade de S\u00e3o Paulo<\/h2>\n<p><iframe loading=\"lazy\" title=\"Intelig\u00eancia artificial: curso comemorativo dos 90 anos da USP\" width=\"500\" height=\"281\" src=\"https:\/\/www.youtube.com\/embed\/YDtgIHeHZTk?feature=oembed\" frameborder=\"0\" allow=\"accelerometer; autoplay; clipboard-write; encrypted-media; gyroscope; picture-in-picture; web-share\" referrerpolicy=\"strict-origin-when-cross-origin\" allowfullscreen><\/iframe><\/p>\n<p>&nbsp;<\/p>\n<p>Intelig\u00eancia Artificial (IA) \u00e9 um t\u00f3pico de grande destaque atualmente, com grandes implica\u00e7\u00f5es para a sociedade. Com esse curso, visa-se compartilhar um pouco do conhecimento de IA dos grupos de pesquisa da Universidade de S\u00e3o Paulo com o p\u00fablico interessado, auxiliando-o no entendimento do que \u00e9 IA, suas potencialidades e limita\u00e7\u00f5es, possibilitando um maior engajamento desse p\u00fablico no tema. Esse curso se motiva especialmente pela comemora\u00e7\u00e3o dos 90 anos da Universidade de S\u00e3o Paulo, que se d\u00e1 nesse momento em que a IA est\u00e1 no centro das aten\u00e7\u00f5es e discuss\u00f5es em todo o mundo. O curso ser\u00e1 oferecido em duas modalidades: presencial no CDI-USP (600 vagas, como parte do programa do 31 SIICUSP) e remoto (50 mil vagas).<\/p>\n<p><strong>Objetivo do curso:<\/strong> O principal objetivo \u00e9 fornecer aos alunos uma introdu\u00e7\u00e3o \u00e0 \u00e1rea de Intelig\u00eancia Artificial e suas aplica\u00e7\u00f5es, discutindo suas potencialidades e limita\u00e7\u00f5es e, dessa forma, auxiliando no entendimento b\u00e1sico dos alunos no tema, para que possam se engajar na discuss\u00e3o atual sobre IA e usufruir de seus benef\u00edcios, de forma consciente e cr\u00edtica.<\/p>\n<p><strong><a href=\"https:\/\/cursosextensao.usp.br\/course\/view.php?id=3867\">Para mais detalhes, clique aqui.<\/a><\/strong><\/p>\n<p><a href=\"https:\/\/uspdigital.usp.br\/apolo\/apoObterCurso?cod_curso=550400561&amp;cod_edicao=24001&amp;numseqofeedi=1\"><strong>Inscri\u00e7\u00f5es para o curso presencial, clique aqui.<\/strong><\/a><\/p>\n<p><strong><a href=\"https:\/\/uspdigital.usp.br\/apolo\/apoObterCurso?cod_curso=550400560&amp;cod_edicao=24001&amp;numseqofeedi=1\">Inscri\u00e7\u00f5es para o curso online, clique aqui.\u00a0<\/a><\/strong><\/p>\n<p>&#8212;<\/p>\n<p><a href=\"https:\/\/sites.usp.br\/synestechai\/wp-content\/uploads\/sites\/1445\/2024\/03\/Captura-de-Tela-2024-03-04-as-10.42.06.png\"><img loading=\"lazy\" decoding=\"async\" class=\"alignnone wp-image-137 size-full\" src=\"https:\/\/sites.usp.br\/synestechai\/wp-content\/uploads\/sites\/1445\/2024\/03\/Captura-de-Tela-2024-03-04-as-10.42.06.png\" alt=\"\" width=\"2136\" height=\"202\" srcset=\"https:\/\/sites.usp.br\/synestechai\/wp-content\/uploads\/sites\/1445\/2024\/03\/Captura-de-Tela-2024-03-04-as-10.42.06.png 2136w, https:\/\/sites.usp.br\/synestechai\/wp-content\/uploads\/sites\/1445\/2024\/03\/Captura-de-Tela-2024-03-04-as-10.42.06-300x28.png 300w, https:\/\/sites.usp.br\/synestechai\/wp-content\/uploads\/sites\/1445\/2024\/03\/Captura-de-Tela-2024-03-04-as-10.42.06-1024x97.png 1024w, https:\/\/sites.usp.br\/synestechai\/wp-content\/uploads\/sites\/1445\/2024\/03\/Captura-de-Tela-2024-03-04-as-10.42.06-768x73.png 768w, https:\/\/sites.usp.br\/synestechai\/wp-content\/uploads\/sites\/1445\/2024\/03\/Captura-de-Tela-2024-03-04-as-10.42.06-1536x145.png 1536w, https:\/\/sites.usp.br\/synestechai\/wp-content\/uploads\/sites\/1445\/2024\/03\/Captura-de-Tela-2024-03-04-as-10.42.06-2048x194.png 2048w, https:\/\/sites.usp.br\/synestechai\/wp-content\/uploads\/sites\/1445\/2024\/03\/Captura-de-Tela-2024-03-04-as-10.42.06-400x38.png 400w\" sizes=\"auto, (max-width: 2136px) 100vw, 2136px\" \/><\/a><\/p>\n<p><em>Project hosted by <a href=\"https:\/\/inova.usp.br\/\">Inova USP<\/a>, agreement USP 1014984. This project is supported by the Ministry of Science, Technology and Innovations, with resources of Law No. 8,248, of October 23, 1991, within the scope of PPI-SOFTEX, coordinated by Softex and published Resid\u00eancia em TIC 13, DOU 01245.010222\/2022-44. Motorola &#8211; Company that supports Programs and Projects of National Interest in the Areas of Information and Communication Technologies. The project is also supported by the FAPESP Thematic project <a href=\"https:\/\/bv.fapesp.br\/en\/auxilios\/113488\/learning-context-rich-representations-for-computer-vision\/\">Learning context rich representations for computer vision.<\/a>\u00a0<\/em><\/p>\n<p>&nbsp;<\/p>\n\r\n\t<div class=\"slideshow_container slideshow_container_style-light\" style=\"height: 292px; \" data-slideshow-id=\"82\" data-style-name=\"style-light\" data-style-version=\"2.3.1\" >\r\n\r\n\t\t\t\t\t<div class=\"slideshow_loading_icon\"><\/div>\r\n\t\t\r\n\t\t<div class=\"slideshow_content\" style=\"display: none;\">\r\n\r\n\t\t\t<div class=\"slideshow_view\">\r\n\t\t\t\t<div class=\"slideshow_slide slideshow_slide_image\">\r\n\t\t\t\t\t\t\t\t\t\t\t<img src=\"https:\/\/sites.usp.br\/synestechai\/wp-content\/uploads\/sites\/1445\/2014\/09\/usp-fotos-historicas-3.jpg\" alt=\"usp-fotos-historicas-3\" width=\"940\" height=\"292\" \/>\r\n\t\t\t\t\t\t\t\t\t\t<div class=\"slideshow_description_box slideshow_transparent\">\r\n\t\t\t\t\t\t<div class=\"slideshow_title\">usp-fotos-historicas-3<\/div>\t\t\t\t\t\t\t\t\t\t\t<\/div>\r\n\t\t\t\t<\/div>\r\n\r\n\t\t\t\t\t\t<div style=\"clear: both;\"><\/div><\/div><div class=\"slideshow_view\">\r\n\t\t\t\t<div class=\"slideshow_slide slideshow_slide_image\">\r\n\t\t\t\t\t\t\t\t\t\t\t<img src=\"https:\/\/sites.usp.br\/synestechai\/wp-content\/uploads\/sites\/1445\/2014\/09\/usp-fotos-historicas-2.jpg\" alt=\"usp-fotos-historicas-2\" width=\"940\" height=\"292\" \/>\r\n\t\t\t\t\t\t\t\t\t\t<div class=\"slideshow_description_box slideshow_transparent\">\r\n\t\t\t\t\t\t<div class=\"slideshow_title\">usp-fotos-historicas-2<\/div>\t\t\t\t\t\t\t\t\t\t\t<\/div>\r\n\t\t\t\t<\/div>\r\n\r\n\t\t\t\t\t\t<div style=\"clear: both;\"><\/div><\/div><div class=\"slideshow_view\">\r\n\t\t\t\t<div class=\"slideshow_slide slideshow_slide_image\">\r\n\t\t\t\t\t\t\t\t\t\t\t<img src=\"https:\/\/sites.usp.br\/synestechai\/wp-content\/uploads\/sites\/1445\/2014\/09\/usp-fotos-historicas.jpg\" alt=\"usp-fotos-historicas\" width=\"940\" height=\"292\" \/>\r\n\t\t\t\t\t\t\t\t\t\t<div class=\"slideshow_description_box slideshow_transparent\">\r\n\t\t\t\t\t\t<div class=\"slideshow_title\">usp-fotos-historicas<\/div>\t\t\t\t\t\t\t\t\t\t\t<\/div>\r\n\t\t\t\t<\/div>\r\n\r\n\t\t\t\t\t\t<div style=\"clear: both;\"><\/div><\/div>\r\n\t\t<\/div>\r\n\r\n\t\t<div class=\"slideshow_controlPanel slideshow_transparent\" style=\"display: none;\"><ul><li class=\"slideshow_togglePlay\" data-play-text=\"Play\" data-pause-text=\"Pause\"><\/li><\/ul><\/div>\r\n\r\n\t\t<div class=\"slideshow_button slideshow_previous slideshow_transparent\" role=\"button\" data-previous-text=\"Previous\" style=\"display: none;\"><\/div>\r\n\t\t<div class=\"slideshow_button slideshow_next slideshow_transparent\" role=\"button\" data-next-text=\"Next\" style=\"display: none;\"><\/div>\r\n\r\n\t\t<div class=\"slideshow_pagination\" style=\"display: none;\" data-go-to-text=\"Go to slide\"><div class=\"slideshow_pagination_center\"><\/div><\/div>\r\n\r\n\t\t<!-- WordPress Slideshow Version 2.3.1 -->\r\n\r\n\t\t\t<\/div>\r\n\r\n\n","protected":false},"excerpt":{"rendered":"<p>Curso de extens\u00e3o &#8211; 31o SIICUSP Intelig\u00eancia Artificial &#8211; curso comemorativo dos 90 anos da [&hellip;]<\/p>\n","protected":false},"author":22247,"featured_media":0,"parent":0,"menu_order":0,"comment_status":"closed","ping_status":"closed","template":"","meta":{"footnotes":"","_links_to":"","_links_to_target":""},"class_list":["post-279","page","type-page","status-publish","hentry"],"_links":{"self":[{"href":"https:\/\/sites.usp.br\/synestechai\/wp-json\/wp\/v2\/pages\/279","targetHints":{"allow":["GET"]}}],"collection":[{"href":"https:\/\/sites.usp.br\/synestechai\/wp-json\/wp\/v2\/pages"}],"about":[{"href":"https:\/\/sites.usp.br\/synestechai\/wp-json\/wp\/v2\/types\/page"}],"author":[{"embeddable":true,"href":"https:\/\/sites.usp.br\/synestechai\/wp-json\/wp\/v2\/users\/22247"}],"replies":[{"embeddable":true,"href":"https:\/\/sites.usp.br\/synestechai\/wp-json\/wp\/v2\/comments?post=279"}],"version-history":[{"count":1,"href":"https:\/\/sites.usp.br\/synestechai\/wp-json\/wp\/v2\/pages\/279\/revisions"}],"predecessor-version":[{"id":280,"href":"https:\/\/sites.usp.br\/synestechai\/wp-json\/wp\/v2\/pages\/279\/revisions\/280"}],"wp:attachment":[{"href":"https:\/\/sites.usp.br\/synestechai\/wp-json\/wp\/v2\/media?parent=279"}],"curies":[{"name":"wp","href":"https:\/\/api.w.org\/{rel}","templated":true}]}}