{"id":140,"date":"2020-07-21T11:58:15","date_gmt":"2020-07-21T13:58:15","guid":{"rendered":"https:\/\/sites.usp.br\/techlaw\/?page_id=140"},"modified":"2021-06-08T16:29:50","modified_gmt":"2021-06-08T18:29:50","slug":"segsem2020","status":"publish","type":"page","link":"https:\/\/sites.usp.br\/techlaw\/segsem2020\/","title":{"rendered":"2o semestre de 2020"},"content":{"rendered":"<p><strong>Aviso<\/strong>: As reuni\u00f5es do Grupo de Estudos <em>TechLaw<\/em> ocorrer\u00e3o pelo <em>Google Meets<\/em> e o objetivo \u00e9 estabelecer o debate entre os participantes do grupo em rela\u00e7\u00e3o ao texto indicado abaixo conforme o calend\u00e1rio a seguir.<\/p>\n<p>Para participar dos encontros, preencha o formul\u00e1rio de inscri\u00e7\u00e3o:\u00a0<a href=\"https:\/\/forms.gle\/fmXUA9EPEKGuCjvs8\">https:\/\/forms.gle\/fmXUA9EPEKGuCjvs8<\/a><\/p>\n<ul>\n<li>12 de Agosto, 10h. Webinar <b><i>Prote\u00e7\u00e3o de Dados na \u00c9poca da Pandemia da COVID-19<br \/>\n<\/i><\/b><i>CONVIDADO ESPECIAL: Professor Doutor Rafael Lima Sakr, <\/i><i><i><i>University of Edinburgh Law School.<br \/>\n<strong>Inscreva-se no evento<\/strong>: <a href=\"https:\/\/forms.gle\/RDPGAS274BKZDkd27\">https:\/\/forms.gle\/RDPGAS274BKZDkd27<\/a><\/i><\/i><\/i><i>\u201c<strong>\u00c9tica de Estado e desafios para a Democracia<\/strong>\u201d, Profa. Doutora. Cristina Godoy Beranardo de Oliveira<br \/>\n<\/i><i><strong>\u201cTecnologias de Rastreamento Pessoal\u201d<\/strong>, Prof. Associado Evandro Eduardo Seron Ruiz<br \/>\n<\/i><strong>\u201cBases para o Tratamento de Dados e os Perigos do Compartilhamento de dados pessoais na \u00e9poca da Pandemia da COVID-19\u201d<\/strong>, <i>Profa. Associada C\u00edntia Rosa Pereira de Lima<br \/>\n<\/i>Assistam \u00e0 grava\u00e7\u00e3o do evento pelo YouTube: <a href=\"https:\/\/youtu.be\/HuJko5Ipx14\">https:\/\/youtu.be\/HuJko5Ipx14<\/a><\/li>\n<li>24 de Agosto, 19h. <b>\u201c<i>Entendendo e desvendando a anonimiza\u00e7\u00e3o e pseudonimiza\u00e7\u00e3o\u201d<\/i><\/b>Coordenadora: Profa. Dra. C\u00edntia Rosa P. de Lima<br \/>\nBibliografia b\u00e1sica: OHM, Paul. Broken promises of privacy: responding to the surprising failure of anonymization. 57 UCLA LAW REVIEW 1701 (2010).<\/li>\n<li>14 de Setembro, 19h.\u00a0 <b>\u201c<i>Entendendo e desvendando a anonimiza\u00e7\u00e3o e pseudonimiza\u00e7\u00e3o\u201d <\/i><\/b><i>(continua\u00e7\u00e3o)<\/i>Coordenador: Prof. Dr. Evandro Eduardo Seron Ruiz<\/li>\n<li>28 de Setembro, 19h. <b>\u201cRelat\u00f3rio da Uni\u00e3o Europeia sobre Intelig\u00eancia Artificial: diagn\u00f3sticos e perspectivas\u201d<\/b>Coordenadora: Profa. Dra. Cristina Godoy Bernardo de Oliveira<br \/>\nBibliografia b\u00e1sica: UNI\u00c3O EUROPEIA. The ethics of artificial intelligence: Issues and initiatives. Mar\u00e7o de 2020. Dispon\u00edvel em: &lt; <a href=\"https:\/\/www.europarl.europa.eu\/RegData\/etudes\/STUD\/2020\/634452\/EPRS_STU(2020)634452_EN.pdf\">https:\/\/www.europarl.europa.eu\/RegData\/etudes\/STUD\/2020\/634452\/EPRS_STU(2020)634452_EN.pdf<\/a>&gt;, acessado em 20 de julho de 2020.<\/li>\n<li>05 de Outubro, 19h.<b>\u201cRelat\u00f3rio da Uni\u00e3o Europeia sobre Intelig\u00eancia Artificial: diagn\u00f3sticos e perspectivas\u201d <\/b>(Continua\u00e7\u00e3o)Coordenadora: Profa. Dra. C\u00edntia Rosa P. de Lima<\/li>\n<li>Links comentados nesta reuni\u00e3o:\n<div id=\":18cj\">\n<div class=\"lQs8Hd\"><\/div>\n<\/div>\n<div class=\"\">\n<div id=\":18ci\" class=\"ii gt\">\n<div id=\":1fq3\" class=\"a3s aXjCH \">\n<div dir=\"ltr\">\n<p><a href=\"https:\/\/meet.google.com\/linkredirect?authuser=0&amp;dest=https%3A%2F%2Fajuris.org.br%2Fwp-content%2Fuploads%2F2019%2F08%2F2-Autora-Andressa-Girotto-Vargas-Orientador-Juarez-Freitas.doc\" target=\"_blank\" rel=\"nofollow noopener noreferrer\" data-saferedirecturl=\"https:\/\/www.google.com\/url?q=https:\/\/meet.google.com\/linkredirect?authuser%3D0%26dest%3Dhttps%253A%252F%252Fajuris.org.br%252Fwp-content%252Fuploads%252F2019%252F08%252F2-Autora-Andressa-Girotto-Vargas-Orientador-Juarez-Freitas.doc&amp;source=gmail&amp;ust=1602024798930000&amp;usg=AFQjCNF9fEblveGoWo-cL0DDKI42k91gNQ\">https:\/\/ajuris.org.br\/wp-<wbr \/>content\/uploads\/2019\/08\/2-<wbr \/>Autora-Andressa-Girotto-<wbr \/>Vargas-Orientador-Juarez-<wbr \/>Freitas.doc<\/a><\/p>\n<div><\/div>\n<div><a href=\"https:\/\/meet.google.com\/linkredirect?authuser=0&amp;dest=https%3A%2F%2Flpeproject.org%2Fblog%2Fintroducing-the-internet-of-torts%2F\" target=\"_blank\" rel=\"nofollow noopener noreferrer\" data-saferedirecturl=\"https:\/\/www.google.com\/url?q=https:\/\/meet.google.com\/linkredirect?authuser%3D0%26dest%3Dhttps%253A%252F%252Flpeproject.org%252Fblog%252Fintroducing-the-internet-of-torts%252F&amp;source=gmail&amp;ust=1602024798930000&amp;usg=AFQjCNGAnZX1xXib6RcqEc0PbDyTNiOIGA\">https:\/\/lpeproject.org\/blog\/<wbr \/>introducing-the-internet-of-<wbr \/>torts\/<\/a><\/div>\n<div><\/div>\n<div><a href=\"https:\/\/meet.google.com\/linkredirect?authuser=0&amp;dest=https%3A%2F%2Fwww.europarl.europa.eu%2Fthinktank%2Fen%2Fdocument.html%3Freference%3DEPRS_STU(2020)654178\" target=\"_blank\" rel=\"nofollow noopener noreferrer\" data-saferedirecturl=\"https:\/\/www.google.com\/url?q=https:\/\/meet.google.com\/linkredirect?authuser%3D0%26dest%3Dhttps%253A%252F%252Fwww.europarl.europa.eu%252Fthinktank%252Fen%252Fdocument.html%253Freference%253DEPRS_STU(2020)654178&amp;source=gmail&amp;ust=1602024798930000&amp;usg=AFQjCNHW3Uv_BsZkgU4eYvdp6s68QOarOQ\">https:\/\/www.europarl.europa.<wbr \/>eu\/thinktank\/en\/document.html?<wbr \/>reference=EPRS_STU(2020)654178<\/a><\/div>\n<div><\/div>\n<div><a href=\"https:\/\/meet.google.com\/linkredirect?authuser=0&amp;dest=https%3A%2F%2Fbibliotecadigital.fgv.br%2Fdspace%2Fbitstream%2Fhandle%2F10438%2F28628%2FSum%2525c3%2525a1rio%252520Executivo%252520da%252520Pesquisa%252520Quantitativa.pdf%3Fsequence%3D1%26isAllowed%3Dy\" target=\"_blank\" rel=\"nofollow noopener noreferrer\" data-saferedirecturl=\"https:\/\/www.google.com\/url?q=https:\/\/meet.google.com\/linkredirect?authuser%3D0%26dest%3Dhttps%253A%252F%252Fbibliotecadigital.fgv.br%252Fdspace%252Fbitstream%252Fhandle%252F10438%252F28628%252FSum%252525c3%252525a1rio%25252520Executivo%25252520da%25252520Pesquisa%25252520Quantitativa.pdf%253Fsequence%253D1%2526isAllowed%253Dy&amp;source=gmail&amp;ust=1602024798930000&amp;usg=AFQjCNE8h5gl3bPTGAwNu3F_IOmWhWTqLQ\">https:\/\/bibliotecadigital.fgv.<wbr \/>br\/dspace\/bitstream\/handle\/<wbr \/>10438\/28628\/Sum%25c3%25a1rio%<wbr \/>2520Executivo%2520da%<wbr \/>2520Pesquisa%2520Quantitativa.<wbr \/>pdf?sequence=1&amp;isAllowed=y<\/a><\/div>\n<\/div>\n<div>https:\/\/www.congress.gov\/bill\/116th-congress\/house-bill\/2231\/all-info<\/div>\n<\/div>\n<\/div>\n<\/div>\n<div>https:www.congress.gov\/bill\/116th-congress\/house-bill\/4625<\/p>\n<\/div>\n<\/li>\n<li>26 de Outubro, 19h.<b>\u201cRelat\u00f3rio da Uni\u00e3o Europeia sobre Intelig\u00eancia Artificial: diagn\u00f3sticos e perspectivas\u201d <\/b>(Continua\u00e7\u00e3o)Coordenadora: Prof. Dr. Evandro Eduardo Seron Ruiz<\/li>\n<li>09 de Novembro, 19h.<b>\u201cRumos da Responsabilidade Civil e Intelig\u00eancia Artificial\u201d<\/b>Coordenadora: Profa. Dra. Cristina Godoy Bernardo de Oliveira<br \/>\nBibliografia b\u00e1sica: UNI\u00c3O EUROPEIA. <i>Draft Report with recommendations to the Commission on a Civil liability regime for artificial intelligence. <\/i>24 de abril de 2020. Dispon\u00edvel em: &lt; <a href=\"https:\/\/www.europarl.europa.eu\/doceo\/document\/JURI-PR-650556_EN.pdf\">https:\/\/www.europarl.europa.eu\/doceo\/document\/JURI-PR-650556_EN.pdf<\/a>&gt;, acessado em 20 de julho de 2020.<\/li>\n<li>23 de novembro, 19h. <b>\u201cDesafios \u00e0 Prote\u00e7\u00e3o de Dados Pessoais durante a Pandemia da COVID-19\u201d<\/b>Coordenadora: Profa. Dra. C\u00edntia Rosa P. de Lima<br \/>\nBibliografia b\u00e1sica: UNI\u00c3O EUROPEIA.<i> Guidance on Apps supporting the fight against COVID 19 pandemic in relation to data protection. <\/i>17 de abril de 2020. Dispon\u00edvel em: &lt;https:\/\/eur-lex.europa.eu\/legal-content\/EN\/TXT\/HTML\/?uri=CELEX:52020XC0417(08)&amp;from=EN&gt;, acessado em 20 de julho de 2020.UNI\u00c3O EUROPEIA. Joint Statement on the right to data protection in the context of the COVID-19 pandemic. Dispon\u00edvel em: &lt; <a href=\"https:\/\/rm.coe.int\/covid19-joint-statement\/16809e09f4\">https:\/\/rm.coe.int\/covid19-joint-statement\/16809e09f4<\/a>&gt;, acessado em 20 de julho de 2020.<\/li>\n<\/ul>\n","protected":false},"excerpt":{"rendered":"<p>Aviso: As reuni\u00f5es do Grupo de Estudos TechLaw ocorrer\u00e3o pelo Google Meets e o objetivo \u00e9 estabelecer o debate entre os participantes do grupo em rela\u00e7\u00e3o ao texto indicado abaixo conforme o calend\u00e1rio a seguir. Para participar dos encontros, preencha o formul\u00e1rio de inscri\u00e7\u00e3o:\u00a0https:\/\/forms.gle\/fmXUA9EPEKGuCjvs8 12 de Agosto, 10h. Webinar Prote\u00e7\u00e3o de Dados na \u00c9poca da [&hellip;]<\/p>\n","protected":false},"author":21991,"featured_media":0,"parent":0,"menu_order":0,"comment_status":"closed","ping_status":"closed","template":"","meta":{"footnotes":"","_links_to":"","_links_to_target":""},"class_list":["post-140","page","type-page","status-publish","hentry"],"_links":{"self":[{"href":"https:\/\/sites.usp.br\/techlaw\/wp-json\/wp\/v2\/pages\/140","targetHints":{"allow":["GET"]}}],"collection":[{"href":"https:\/\/sites.usp.br\/techlaw\/wp-json\/wp\/v2\/pages"}],"about":[{"href":"https:\/\/sites.usp.br\/techlaw\/wp-json\/wp\/v2\/types\/page"}],"author":[{"embeddable":true,"href":"https:\/\/sites.usp.br\/techlaw\/wp-json\/wp\/v2\/users\/21991"}],"replies":[{"embeddable":true,"href":"https:\/\/sites.usp.br\/techlaw\/wp-json\/wp\/v2\/comments?post=140"}],"version-history":[{"count":4,"href":"https:\/\/sites.usp.br\/techlaw\/wp-json\/wp\/v2\/pages\/140\/revisions"}],"predecessor-version":[{"id":339,"href":"https:\/\/sites.usp.br\/techlaw\/wp-json\/wp\/v2\/pages\/140\/revisions\/339"}],"wp:attachment":[{"href":"https:\/\/sites.usp.br\/techlaw\/wp-json\/wp\/v2\/media?parent=140"}],"curies":[{"name":"wp","href":"https:\/\/api.w.org\/{rel}","templated":true}]}}