{"id":164,"date":"2020-07-21T14:27:46","date_gmt":"2020-07-21T16:27:46","guid":{"rendered":"https:\/\/sites.usp.br\/techlaw\/?page_id=164"},"modified":"2020-07-21T14:28:24","modified_gmt":"2020-07-21T16:28:24","slug":"coordenacao","status":"publish","type":"page","link":"https:\/\/sites.usp.br\/techlaw\/coordenacao\/","title":{"rendered":"Coordena\u00e7\u00e3o"},"content":{"rendered":"<p><strong>Coordenadores<\/strong>:<\/p>\n<ul>\n<li>Evandro Eduardo Seron Ruiz. Professor Associado do Departamento de Computa\u00e7\u00e3o e Matem\u00e1tica, FFCLRP, USP<\/li>\n<li>C\u00edntia Rosa Pereira de Lima. Professora Associada do Departamento de Direito Privado e Processo Civil, FDRP, USP<\/li>\n<li>Cristina Godoy Bernardo de Oliveira. Professora Doutora do Departamento de Filosofia e Disciplinas B\u00e1sicas, FDRP, USP.<\/li>\n<\/ul>\n","protected":false},"excerpt":{"rendered":"<p>Coordenadores: Evandro Eduardo Seron Ruiz. Professor Associado do Departamento de Computa\u00e7\u00e3o e Matem\u00e1tica, FFCLRP, USP C\u00edntia Rosa Pereira de Lima. Professora Associada do Departamento de Direito Privado e Processo Civil, FDRP, USP Cristina Godoy Bernardo de Oliveira. Professora Doutora do Departamento de Filosofia e Disciplinas B\u00e1sicas, FDRP, USP.<\/p>\n","protected":false},"author":21991,"featured_media":0,"parent":0,"menu_order":0,"comment_status":"closed","ping_status":"closed","template":"","meta":{"footnotes":"","_links_to":"","_links_to_target":""},"class_list":["post-164","page","type-page","status-publish","hentry"],"_links":{"self":[{"href":"https:\/\/sites.usp.br\/techlaw\/wp-json\/wp\/v2\/pages\/164","targetHints":{"allow":["GET"]}}],"collection":[{"href":"https:\/\/sites.usp.br\/techlaw\/wp-json\/wp\/v2\/pages"}],"about":[{"href":"https:\/\/sites.usp.br\/techlaw\/wp-json\/wp\/v2\/types\/page"}],"author":[{"embeddable":true,"href":"https:\/\/sites.usp.br\/techlaw\/wp-json\/wp\/v2\/users\/21991"}],"replies":[{"embeddable":true,"href":"https:\/\/sites.usp.br\/techlaw\/wp-json\/wp\/v2\/comments?post=164"}],"version-history":[{"count":3,"href":"https:\/\/sites.usp.br\/techlaw\/wp-json\/wp\/v2\/pages\/164\/revisions"}],"predecessor-version":[{"id":167,"href":"https:\/\/sites.usp.br\/techlaw\/wp-json\/wp\/v2\/pages\/164\/revisions\/167"}],"wp:attachment":[{"href":"https:\/\/sites.usp.br\/techlaw\/wp-json\/wp\/v2\/media?parent=164"}],"curies":[{"name":"wp","href":"https:\/\/api.w.org\/{rel}","templated":true}]}}