{"id":193,"date":"2020-08-08T21:20:29","date_gmt":"2020-08-08T23:20:29","guid":{"rendered":"https:\/\/sites.usp.br\/techlaw\/?page_id=193"},"modified":"2020-08-08T22:00:52","modified_gmt":"2020-08-09T00:00:52","slug":"lawtechcast","status":"publish","type":"page","link":"https:\/\/sites.usp.br\/techlaw\/lawtechcast\/","title":{"rendered":"LawTechCast"},"content":{"rendered":"\t\t<div data-elementor-type=\"wp-page\" data-elementor-id=\"193\" class=\"elementor elementor-193\" data-elementor-post-type=\"page\">\n\t\t\t\t\t\t<section class=\"elementor-section elementor-top-section elementor-element elementor-element-43b9286 elementor-section-boxed elementor-section-height-default elementor-section-height-default\" data-id=\"43b9286\" data-element_type=\"section\">\n\t\t\t\t\t\t<div class=\"elementor-container elementor-column-gap-default\">\n\t\t\t\t\t<div class=\"elementor-column elementor-col-100 elementor-top-column elementor-element elementor-element-8fb2ce9\" data-id=\"8fb2ce9\" data-element_type=\"column\">\n\t\t\t<div class=\"elementor-widget-wrap elementor-element-populated\">\n\t\t\t\t\t\t<div class=\"elementor-element elementor-element-e8de852 elementor-widget elementor-widget-wp-widget-custom_html\" data-id=\"e8de852\" data-element_type=\"widget\" data-widget_type=\"wp-widget-custom_html.default\">\n\t\t\t\t<div class=\"elementor-widget-container\">\n\t\t\t<h5>Acompanhe nosso \u00faltimo epis\u00f3dio:<\/h5><div class=\"textwidget custom-html-widget\"><\/div>\t\t<\/div>\n\t\t\t\t<\/div>\n\t\t\t\t<div class=\"elementor-element elementor-element-a37406d elementor-widget elementor-widget-wp-widget-rss\" data-id=\"a37406d\" data-element_type=\"widget\" data-widget_type=\"wp-widget-rss.default\">\n\t\t\t\t<div class=\"elementor-widget-container\">\n\t\t\t<h5><a class=\"rsswidget rss-widget-feed\" href=\"https:\/\/anchor.fm\/s\/13216dcc\/podcast\/rss\"><img decoding=\"async\" class=\"rss-widget-icon\" style=\"border:0\" width=\"14\" height=\"14\" src=\"https:\/\/sites.usp.br\/techlaw\/wp-includes\/images\/rss.png\" alt=\"RSS\" \/><\/a> <a class=\"rsswidget rss-widget-title\" href=\"https:\/\/sites.usp.br\/techlaw\/\">LawTechCast<\/a><\/h5><ul><li><a class='rsswidget' href='https:\/\/podcasters.spotify.com\/pod\/show\/lawtechcast\/episodes\/Episode-5---Introduction-to-the-Law-View-of-Digital-Money-Podcast-ehsfbt'>Episode 5 - Introduction to the Law View of Digital Money Podcast<\/a><div class=\"rssSummary\">During Episode #005 of our LawTechCast, we will listen to Professor Rafael Sakr, from the University of Edinburgh Law School. He will contextualize the history of digital money and how digital money has gained new momentum in the pandemic.<\/div><\/li><li><a class='rsswidget' href='https:\/\/podcasters.spotify.com\/pod\/show\/lawtechcast\/episodes\/Episdio-4---IA-Aplicada-China--EUA-e-Brasil-ehsf98'>Epis\u00f3dio 4 - IA Aplicada: China, EUA e Brasil<\/a><div class=\"rssSummary\">Neste epis\u00f3dio, a pesquisadora Isadora Roseiro, que \u00e9 integrante do Grupo de Pesquisa Direito, \u00c9tica e Intelig\u00eancia Artificial, da Faculdade de Direito da Universidade de S\u00e3o Paulo (USP), tratar\u00e1 do processo de aplica\u00e7\u00e3o da Intelig\u00eancia Artificial (IA) na China e suas diferen\u00e7as com os EUA e tamb\u00e9m de como essa an\u00e1lise \u00e9 importante para refletirmos [&hellip;]<\/div><\/li><li><a class='rsswidget' href='https:\/\/podcasters.spotify.com\/pod\/show\/lawtechcast\/episodes\/Episdio-3---Bases-de-tratamento-e-os-perigos-do-compartilhamento-de-dados-pessoais-na-Pandemia-ehseum'>Epis\u00f3dio 3 - Bases de tratamento e os perigos do compartilhamento de dados pessoais na Pandemia<\/a><div class=\"rssSummary\">A Professora Doutora C\u00edntia Rosa da Faculdade de Direito de Ribeir\u00e3o Preto da Universidade de S\u00e3o Paulo (USP) \u00e9 entrevistada sobre o pol\u00eamico tema &quot;Bases de tratamento de dados pessoais e os perigos do compartilhamento de dados pessoais durante a Pandemia da COVID-19&quot;.<\/div><\/li><li><a class='rsswidget' href='https:\/\/podcasters.spotify.com\/pod\/show\/lawtechcast\/episodes\/Episdio-2---Tecnologias-de-Rastreamento-ehsdg4'>Epis\u00f3dio 2 - Tecnologias de Rastreamento<\/a><div class=\"rssSummary\">O Professor Evandro Ruiz do Departamento de Ci\u00eancias da Computa\u00e7\u00e3o da USP \u00e9 entrevistado sobre um importante tema para os dias atuais: as tecnologias de rastreamento durante a pandemia do Covid-19.<\/div><\/li><li><a class='rsswidget' href='https:\/\/podcasters.spotify.com\/pod\/show\/lawtechcast\/episodes\/Episdio-1---O-Futuro-da-Democracia-ehs9o6'>Epis\u00f3dio 1 - O Futuro da Democracia<\/a><div class=\"rssSummary\">A Professora Doutora Cristina Godoy Bernardo de Oliveira, docente e pesquisadora da Faculdade de Direito da Universidade de S\u00e3o Paulo (USP - Campus Ribeir\u00e3o Preto) \u00e9 a primeira convidada do LawTechCast para tratar sobre um assunto muito atual: o futuro da democracia.<\/div><\/li><\/ul>\t\t<\/div>\n\t\t\t\t<\/div>\n\t\t\t\t\t<\/div>\n\t\t<\/div>\n\t\t\t\t\t<\/div>\n\t\t<\/section>\n\t\t\t\t<\/div>\n\t\t","protected":false},"excerpt":{"rendered":"","protected":false},"author":22015,"featured_media":0,"parent":0,"menu_order":0,"comment_status":"closed","ping_status":"closed","template":"","meta":{"footnotes":"","_links_to":"","_links_to_target":""},"class_list":["post-193","page","type-page","status-publish","hentry"],"_links":{"self":[{"href":"https:\/\/sites.usp.br\/techlaw\/wp-json\/wp\/v2\/pages\/193","targetHints":{"allow":["GET"]}}],"collection":[{"href":"https:\/\/sites.usp.br\/techlaw\/wp-json\/wp\/v2\/pages"}],"about":[{"href":"https:\/\/sites.usp.br\/techlaw\/wp-json\/wp\/v2\/types\/page"}],"author":[{"embeddable":true,"href":"https:\/\/sites.usp.br\/techlaw\/wp-json\/wp\/v2\/users\/22015"}],"replies":[{"embeddable":true,"href":"https:\/\/sites.usp.br\/techlaw\/wp-json\/wp\/v2\/comments?post=193"}],"version-history":[{"count":4,"href":"https:\/\/sites.usp.br\/techlaw\/wp-json\/wp\/v2\/pages\/193\/revisions"}],"predecessor-version":[{"id":283,"href":"https:\/\/sites.usp.br\/techlaw\/wp-json\/wp\/v2\/pages\/193\/revisions\/283"}],"wp:attachment":[{"href":"https:\/\/sites.usp.br\/techlaw\/wp-json\/wp\/v2\/media?parent=193"}],"curies":[{"name":"wp","href":"https:\/\/api.w.org\/{rel}","templated":true}]}}