{"id":285,"date":"2020-08-08T22:03:58","date_gmt":"2020-08-09T00:03:58","guid":{"rendered":"https:\/\/sites.usp.br\/techlaw\/?page_id=285"},"modified":"2020-08-08T22:10:35","modified_gmt":"2020-08-09T00:10:35","slug":"blog","status":"publish","type":"page","link":"https:\/\/sites.usp.br\/techlaw\/blog\/","title":{"rendered":"Blog"},"content":{"rendered":"\t\t<div data-elementor-type=\"wp-page\" data-elementor-id=\"285\" class=\"elementor elementor-285\" data-elementor-post-type=\"page\">\n\t\t\t\t\t\t<section class=\"elementor-section elementor-top-section elementor-element elementor-element-0960030 elementor-section-boxed elementor-section-height-default elementor-section-height-default\" data-id=\"0960030\" data-element_type=\"section\">\n\t\t\t\t\t\t<div class=\"elementor-container elementor-column-gap-default\">\n\t\t\t\t\t<div class=\"elementor-column elementor-col-100 elementor-top-column elementor-element elementor-element-45ad47b\" data-id=\"45ad47b\" data-element_type=\"column\">\n\t\t\t<div class=\"elementor-widget-wrap elementor-element-populated\">\n\t\t\t\t\t\t<div class=\"elementor-element elementor-element-36ff68f elementor-grid-2 elementor-grid-tablet-2 elementor-grid-mobile-1 elementor-posts--thumbnail-top elementor-posts--show-avatar elementor-card-shadow-yes elementor-posts__hover-gradient elementor-widget elementor-widget-posts\" data-id=\"36ff68f\" data-element_type=\"widget\" data-settings=\"{&quot;cards_columns&quot;:&quot;2&quot;,&quot;cards_columns_tablet&quot;:&quot;2&quot;,&quot;cards_columns_mobile&quot;:&quot;1&quot;,&quot;cards_row_gap&quot;:{&quot;unit&quot;:&quot;px&quot;,&quot;size&quot;:35,&quot;sizes&quot;:[]},&quot;cards_row_gap_tablet&quot;:{&quot;unit&quot;:&quot;px&quot;,&quot;size&quot;:&quot;&quot;,&quot;sizes&quot;:[]},&quot;cards_row_gap_mobile&quot;:{&quot;unit&quot;:&quot;px&quot;,&quot;size&quot;:&quot;&quot;,&quot;sizes&quot;:[]}}\" data-widget_type=\"posts.cards\">\n\t\t\t\t<div class=\"elementor-widget-container\">\n\t\t\t\t\t<div class=\"elementor-posts-container elementor-posts elementor-posts--skin-cards elementor-grid\">\n\t\t\t\t<article class=\"elementor-post elementor-grid-item post-268 post type-post status-publish format-standard hentry category-geral\">\n\t\t\t<div class=\"elementor-post__card\">\n\t\t\t\t<div class=\"elementor-post__text\">\n\t\t\t\t<h3 class=\"elementor-post__title\">\n\t\t\t<a href=\"https:\/\/anchor.fm\/lawtechcast\/episodes\/Episode-5---Introduction-to-the-Law-View-of-Digital-Money-Podcast-ehsfbt\" >\n\t\t\t\tEpisode 5 &#8211; Introduction to the Law View of Digital Money Podcast\t\t\t<\/a>\n\t\t<\/h3>\n\t\t\t\t<div class=\"elementor-post__excerpt\">\n\t\t\t<p>During Episode #005 of our LawTechCast, we will listen to Professor Rafael Sakr, from the University of Edinburgh Law School. He will contextualize the history of digital money and how digital money has gained new momentum in the pandemic.<\/p>\n\t\t<\/div>\n\t\t\n\t\t<a class=\"elementor-post__read-more\" href=\"https:\/\/anchor.fm\/lawtechcast\/episodes\/Episode-5---Introduction-to-the-Law-View-of-Digital-Money-Podcast-ehsfbt\" aria-label=\"Read more about Episode 5 &#8211; Introduction to the Law View of Digital Money Podcast\" tabindex=\"-1\" >\n\t\t\tSaiba mais \u00bb\t\t<\/a>\n\n\t\t\t\t<\/div>\n\t\t\t\t\t<\/div>\n\t\t<\/article>\n\t\t\t\t<article class=\"elementor-post elementor-grid-item post-270 post type-post status-publish format-standard hentry\">\n\t\t\t<div class=\"elementor-post__card\">\n\t\t\t\t<div class=\"elementor-post__text\">\n\t\t\t\t<h3 class=\"elementor-post__title\">\n\t\t\t<a href=\"https:\/\/anchor.fm\/lawtechcast\/episodes\/Episdio-4---IA-Aplicada-China--EUA-e-Brasil-ehsf98\" >\n\t\t\t\tEpis\u00f3dio 4 &#8211; IA Aplicada: China, EUA e Brasil\t\t\t<\/a>\n\t\t<\/h3>\n\t\t\t\t<div class=\"elementor-post__excerpt\">\n\t\t\t<p>Neste epis\u00f3dio, a pesquisadora Isadora Roseiro, que \u00e9 integrante do Grupo de Pesquisa Direito, \u00c9tica e Intelig\u00eancia Artificial, da Faculdade de Direito da Universidade de S\u00e3o Paulo (USP), tratar\u00e1 do processo de aplica\u00e7\u00e3o da Intelig\u00eancia Artificial (IA)&#8230;<\/p>\n\t\t<\/div>\n\t\t\n\t\t<a class=\"elementor-post__read-more\" href=\"https:\/\/anchor.fm\/lawtechcast\/episodes\/Episdio-4---IA-Aplicada-China--EUA-e-Brasil-ehsf98\" aria-label=\"Read more about Epis\u00f3dio 4 &#8211; IA Aplicada: China, EUA e Brasil\" tabindex=\"-1\" >\n\t\t\tSaiba mais \u00bb\t\t<\/a>\n\n\t\t\t\t<\/div>\n\t\t\t\t\t<\/div>\n\t\t<\/article>\n\t\t\t\t<article class=\"elementor-post elementor-grid-item post-272 post type-post status-publish format-standard hentry\">\n\t\t\t<div class=\"elementor-post__card\">\n\t\t\t\t<div class=\"elementor-post__text\">\n\t\t\t\t<h3 class=\"elementor-post__title\">\n\t\t\t<a href=\"https:\/\/anchor.fm\/lawtechcast\/episodes\/Episdio-3---Bases-de-tratamento-e-os-perigos-do-compartilhamento-de-dados-pessoais-na-Pandemia-ehseum\" >\n\t\t\t\tEpis\u00f3dio 3 &#8211; Bases de tratamento e os perigos do compartilhamento de dados pessoais na Pandemia\t\t\t<\/a>\n\t\t<\/h3>\n\t\t\t\t<div class=\"elementor-post__excerpt\">\n\t\t\t<p>A Professora Doutora C\u00edntia Rosa da Faculdade de Direito de Ribeir\u00e3o Preto da Universidade de S\u00e3o Paulo (USP) \u00e9 entrevistada sobre o pol\u00eamico tema &#8220;Bases de tratamento de dados pessoais e os perigos do compartilhamento de dados pessoais durante a Pande&#8230;<\/p>\n\t\t<\/div>\n\t\t\n\t\t<a class=\"elementor-post__read-more\" href=\"https:\/\/anchor.fm\/lawtechcast\/episodes\/Episdio-3---Bases-de-tratamento-e-os-perigos-do-compartilhamento-de-dados-pessoais-na-Pandemia-ehseum\" aria-label=\"Read more about Epis\u00f3dio 3 &#8211; Bases de tratamento e os perigos do compartilhamento de dados pessoais na Pandemia\" tabindex=\"-1\" >\n\t\t\tSaiba mais \u00bb\t\t<\/a>\n\n\t\t\t\t<\/div>\n\t\t\t\t\t<\/div>\n\t\t<\/article>\n\t\t\t\t<article class=\"elementor-post elementor-grid-item post-274 post type-post status-publish format-standard hentry\">\n\t\t\t<div class=\"elementor-post__card\">\n\t\t\t\t<div class=\"elementor-post__text\">\n\t\t\t\t<h3 class=\"elementor-post__title\">\n\t\t\t<a href=\"https:\/\/anchor.fm\/lawtechcast\/episodes\/Episdio-2---Tecnologias-de-Rastreamento-ehsdg4\" >\n\t\t\t\tEpis\u00f3dio 2 &#8211; Tecnologias de Rastreamento\t\t\t<\/a>\n\t\t<\/h3>\n\t\t\t\t<div class=\"elementor-post__excerpt\">\n\t\t\t<p>O Professor Evandro Ruiz do Departamento de Ci\u00eancias da Computa\u00e7\u00e3o da USP \u00e9 entrevistado sobre um importante tema para os dias atuais: as tecnologias de rastreamento durante a pandemia do Covid-19.<\/p>\n\t\t<\/div>\n\t\t\n\t\t<a class=\"elementor-post__read-more\" href=\"https:\/\/anchor.fm\/lawtechcast\/episodes\/Episdio-2---Tecnologias-de-Rastreamento-ehsdg4\" aria-label=\"Read more about Epis\u00f3dio 2 &#8211; Tecnologias de Rastreamento\" tabindex=\"-1\" >\n\t\t\tSaiba mais \u00bb\t\t<\/a>\n\n\t\t\t\t<\/div>\n\t\t\t\t\t<\/div>\n\t\t<\/article>\n\t\t\t\t<article class=\"elementor-post elementor-grid-item post-276 post type-post status-publish format-standard hentry\">\n\t\t\t<div class=\"elementor-post__card\">\n\t\t\t\t<div class=\"elementor-post__text\">\n\t\t\t\t<h3 class=\"elementor-post__title\">\n\t\t\t<a href=\"https:\/\/anchor.fm\/lawtechcast\/episodes\/Episdio-1---O-Futuro-da-Democracia-ehs9o6\" >\n\t\t\t\tEpis\u00f3dio 1 &#8211; O Futuro da Democracia\t\t\t<\/a>\n\t\t<\/h3>\n\t\t\t\t<div class=\"elementor-post__excerpt\">\n\t\t\t<p>A Professora Doutora Cristina Godoy Bernardo de Oliveira, docente e pesquisadora da Faculdade de Direito da Universidade de S\u00e3o Paulo (USP &#8211; Campus Ribeir\u00e3o Preto) \u00e9 a primeira convidada do LawTechCast para tratar sobre um assunto muito atual: o futuro&#8230;<\/p>\n\t\t<\/div>\n\t\t\n\t\t<a class=\"elementor-post__read-more\" href=\"https:\/\/anchor.fm\/lawtechcast\/episodes\/Episdio-1---O-Futuro-da-Democracia-ehs9o6\" aria-label=\"Read more about Epis\u00f3dio 1 &#8211; O Futuro da Democracia\" tabindex=\"-1\" >\n\t\t\tSaiba mais \u00bb\t\t<\/a>\n\n\t\t\t\t<\/div>\n\t\t\t\t\t<\/div>\n\t\t<\/article>\n\t\t\t\t<\/div>\n\t\t\n\t\t\t\t<\/div>\n\t\t\t\t<\/div>\n\t\t\t\t\t<\/div>\n\t\t<\/div>\n\t\t\t\t\t<\/div>\n\t\t<\/section>\n\t\t\t\t<\/div>\n\t\t","protected":false},"excerpt":{"rendered":"","protected":false},"author":22015,"featured_media":0,"parent":0,"menu_order":0,"comment_status":"closed","ping_status":"closed","template":"","meta":{"footnotes":"","_links_to":"","_links_to_target":""},"class_list":["post-285","page","type-page","status-publish","hentry"],"_links":{"self":[{"href":"https:\/\/sites.usp.br\/techlaw\/wp-json\/wp\/v2\/pages\/285","targetHints":{"allow":["GET"]}}],"collection":[{"href":"https:\/\/sites.usp.br\/techlaw\/wp-json\/wp\/v2\/pages"}],"about":[{"href":"https:\/\/sites.usp.br\/techlaw\/wp-json\/wp\/v2\/types\/page"}],"author":[{"embeddable":true,"href":"https:\/\/sites.usp.br\/techlaw\/wp-json\/wp\/v2\/users\/22015"}],"replies":[{"embeddable":true,"href":"https:\/\/sites.usp.br\/techlaw\/wp-json\/wp\/v2\/comments?post=285"}],"version-history":[{"count":4,"href":"https:\/\/sites.usp.br\/techlaw\/wp-json\/wp\/v2\/pages\/285\/revisions"}],"predecessor-version":[{"id":291,"href":"https:\/\/sites.usp.br\/techlaw\/wp-json\/wp\/v2\/pages\/285\/revisions\/291"}],"wp:attachment":[{"href":"https:\/\/sites.usp.br\/techlaw\/wp-json\/wp\/v2\/media?parent=285"}],"curies":[{"name":"wp","href":"https:\/\/api.w.org\/{rel}","templated":true}]}}