{"id":347,"date":"2021-07-27T19:09:44","date_gmt":"2021-07-27T21:09:44","guid":{"rendered":"https:\/\/sites.usp.br\/techlaw\/?page_id=347"},"modified":"2021-08-13T09:01:15","modified_gmt":"2021-08-13T11:01:15","slug":"eticapesq","status":"publish","type":"page","link":"https:\/\/sites.usp.br\/techlaw\/eticapesq\/","title":{"rendered":"\u00c9tica nas fintech do Brasil"},"content":{"rendered":"<p><span style=\"font-weight: 400;\">Cristina Godoy Bernardo de Oliveira (Prof. Dra. da <a href=\"http:\/\/www.direitorp.usp.br\/\">FDRP<\/a>\/USP),<br \/>\n<\/span><span style=\"font-weight: 400;\">Evandro Eduardo Seron Ruiz (Prof. Dr. da <a href=\"https:\/\/ffclrp.usp.br\/\">FFCLRP<\/a>\/USP) e<br \/>\n<\/span>Isadora Maria Roseiro Ruiz (Pesquisadora <a href=\"http:\/\/www.iea.usp.br\/\">IEA<\/a>-USP)<br \/>\n<span style=\"font-weight: 400;\"> <em>Pesquisa vinculada ao <a href=\"http:\/\/www.iea.usp.br\/\">Instituto de Estudos Avan\u00e7ados da USP<\/a> (IEA-USP)<\/em> \u00a0<\/span><\/p>\n<p>Se preferir, veja um v\u00eddeo explicativo sobre nossa pesquisa. Clique <a href=\"https:\/\/youtu.be\/s1TfKFQzb68\">aqui<\/a>.<\/p>\n<h3>S\u00famula do projeto<\/h3>\n<h6>Quem somos<\/h6>\n<p>Somos uma equipe de pesquisadores do IEA-USP cujo objetivo neste trabalho \u00e9 estudar as preocupa\u00e7\u00f5es \u00e9ticas relativas \u00e0 aplica\u00e7\u00e3o de Intelig\u00eancia Artificial (IA) no \u00e2mbito das fintech financeiras.<\/p>\n<h6>Motiva\u00e7\u00e3o<\/h6>\n<p>Atualmente existem mais de 79 recomenda\u00e7\u00f5es sobre a aplica\u00e7\u00e3o de \u00e9tica e IA por organiza\u00e7\u00f5es internacionais e privadas. O congresso nacional j\u00e1 discute, em regime de urg\u00eancia, a Estrat\u00e9gia Brasileira de IA (EBIA).<\/p>\n<h6>E a minha empresa?<\/h6>\n<p>Atualmente os conhecimentos sobre neg\u00f3cios e clientes s\u00e3o conhecimentos provenientes de tratamento de dados. \u00c9 o que chamamos de conhecimento orientado a dados que substitui o conhecimento do especialista. Certamente esse conhecimento \u00e9 advindo de m\u00e9todos de Aprendizado de M\u00e1quina que \u00e9 uma sub-\u00e1rea de IA.<br \/>\nSe a sua empresa ainda n\u00e3o usa IA, ou Aprendizado de M\u00e1quina, certamente ir\u00e1 usar estas tecnologias no futuro bem pr\u00f3ximo.<\/p>\n<h6>Como participar:<\/h6>\n<p>Participe de nossa pesquisa e n\u00f3s dividiremos com voc\u00eas os resultados de nossos estudos. N\u00e3o espere para obedecer estrat\u00e9gias e normativas que voc\u00ea n\u00e3o discutiu. Participe ativamente da elabora\u00e7\u00e3o de uma cr\u00edtica construtiva sobre aplica\u00e7\u00f5es de IA nas fintech nacionais.<\/p>\n<p>Para mais detalhes, continue lendo o texto abaixo.<\/p>\n<hr \/>\n<h3>Introdu\u00e7\u00e3o<\/h3>\n<p>Tratamento enviesado, uso irregular e falta de transpar\u00eancia. Essas s\u00e3o algumas alega\u00e7\u00f5es de eventuais quebras de regras \u00e9ticas impostas aos sistemas computacionais que usam Intelig\u00eancia Artificial (IA). Em estudo de 2019 mencionado por Luciano Floridi, foram elaboradas, em dois anos, mais de 70 recomenda\u00e7\u00f5es sobre a aplica\u00e7\u00e3o de \u00e9tica e IA por organiza\u00e7\u00f5es internacionais e privadas. Atualmente, mesmo no cen\u00e1rio brasileiro, observa-se a preocupa\u00e7\u00e3o com as aplica\u00e7\u00f5es de IA que possam fixar discrimina\u00e7\u00f5es sociais, culturais e pol\u00edticas.<\/p>\n<p>Diante do exposto, a nossa pesquisa buscar\u00e1 compreender o panorama geral no Brasil concernente \u00e0s preocupa\u00e7\u00f5es \u00e9ticas relativas \u00e0 aplica\u00e7\u00e3o de IA no \u00e2mbito das fintech financeiras.<\/p>\n<p>Como se sabe, j\u00e1 \u00e9 realidade o emprego de t\u00e9cnicas e algoritmos de IA para a avalia\u00e7\u00e3o de risco para concess\u00e3o de cr\u00e9dito por fintech financeiras, logo, \u00e9 necess\u00e1rio compreender se existem princ\u00edpios e valores \u00e9ticos que norteiam os resultados obtidos por meio do uso de IA.<\/p>\n<h3>Estado Atual<\/h3>\n<p>Podemos exemplificar o estado atual de algumas fintechs citando o relat\u00f3rio da PwC de 2019, 45 milh\u00f5es de brasileiros est\u00e3o exclu\u00eddos do sistema banc\u00e1rio, sendo que R$817 bilh\u00f5es s\u00e3o movimentados por ano por estes indiv\u00edduos &#8220;desbancarizados&#8221;. Assim, este \u00e9 o cen\u00e1rio que garante o aumento crescente de surgimento de fintechs voltadas \u00e0 concess\u00e3o de empr\u00e9stimos para pessoas f\u00edsicas e jur\u00eddicas.<\/p>\n<p>Atualmente, existem cerca de 800 fintech no Brasil, sendo que 15% s\u00e3o fintech de empr\u00e9stimo, ou seja, trata-se da terceira maior modalidade de fintech.<br \/>\nDiante do exposto, \u00e9 preciso analisar se h\u00e1 a exist\u00eancia ou n\u00e3o de preocupa\u00e7\u00e3o quanto \u00e0 aplica\u00e7\u00e3o de princ\u00edpios e valores \u00e9ticos para a aplica\u00e7\u00e3o de IA para podermos compreender o grau de preocupa\u00e7\u00e3o com este segmento de fintech que \u00e9 importante para o empreendedorismo no Brasil, principalmente, em per\u00edodo de pandemia.<\/p>\n<h3>Objetivos<\/h3>\n<p>O objetivo geral \u00e9 identificar o cen\u00e1rio atual concernente \u00e0 preocupa\u00e7\u00e3o com quest\u00f5es \u00e9ticas para o emprego de IA em fintech de investimento no Brasil.<\/p>\n<p><strong>Os objetivos espec\u00edficos s\u00e3o<\/strong>:<\/p>\n<ol>\n<li>Se h\u00e1 movimenta\u00e7\u00e3o para o desenvolvimento de uma IA de confian\u00e7a por estas fintech. Ser\u00e1 analisado o marco temporal de in\u00edcio desta postura voltada a quest\u00f5es \u00e9ticas;<\/li>\n<li>Buscar por padr\u00f5es de comportamento das fintech de empr\u00e9stimo em rela\u00e7\u00e3o a preocupa\u00e7\u00f5es \u00e9ticas no uso de IA para concess\u00e3o de empr\u00e9stimos;<\/li>\n<li>Investigar o uso de IA na defini\u00e7\u00e3o de perfis dos clientes;<\/li>\n<li>Analisar a prote\u00e7\u00e3o de dados pessoais (nestas fintech) nas situa\u00e7\u00f5es de dados inferidos decorrentes do emprego de IA.<\/li>\n<\/ol>\n<p><strong>Resultados Esperados<\/strong><br \/>\nEspera-se obter respostas de fintech que concedem empr\u00e9stimo para podermos analisar o cen\u00e1rio brasileiro quanto \u00e0 preocupa\u00e7\u00e3o referente \u00e0 \u00e9tica na aplica\u00e7\u00e3o de IA. Al\u00e9m disso, visa-se \u00e0 identifica\u00e7\u00e3o de uma mudan\u00e7a de conduta nos \u00faltimos dois anos quanto \u00e0 \u00e9tica nestas fintech.<\/p>\n<p>Como o Brasil possui uma recente <a href=\"https:\/\/www.gov.br\/mcti\/pt-br\/acompanhe-o-mcti\/transformacaodigital\/inteligencia-artificial\">Estrat\u00e9gia Brasileira de IA (EBIA)<\/a>, que destaca como uma importante vertente a \u00e9tica em aplica\u00e7\u00f5es de intelig\u00eancia artificial, acredita-se que as fintech, quando possu\u00edrem c\u00f3digos de \u00e9tica, seguir\u00e3o as recomenda\u00e7\u00f5es nacionais e internacionais, como da Uni\u00e3o Europeia.<\/p>\n<h3>Modo de divulga\u00e7\u00e3o<\/h3>\n<p>Esperamos produzir um conjunto de dados aferidos estatisticamente para a publica\u00e7\u00e3o dos resultados em peri\u00f3dico de divulga\u00e7\u00e3o internacional. Todas as respostas ser\u00e3o tratadas de modo a preservar a privacidade e a prote\u00e7\u00e3o dos dados de cada empresa. <strong>Em nenhuma hip\u00f3tese, ser\u00e3o divulgados dados que possam revelar a identidade de uma fintech espec\u00edfica. N\u00e3o haver\u00e1 ranqueamento de empresas.<\/strong><\/p>\n<p>Deveremos publicar resultados que mostram um direcionamento do parque de fintechs rumo \u00e0s eventuais novas diretrizes para aplica\u00e7\u00e3o de preceitos de \u00e9tica no uso dos algoritmos que envolvam IA. O prop\u00f3sito do artigo \u00e9 elevar o n\u00edvel de comprometimento das empresas nacionais com as novas regulamenta\u00e7\u00f5es internacionais e mostrar caminhos que coloquem essas empresas em situa\u00e7\u00e3o de competitividade internacional quanto ao respeito e compliance a padr\u00f5es \u00e9ticos atuais.<\/p>\n<h3>O question\u00e1rio<\/h3>\n<p>O question\u00e1rio pode ser respondido por meio de um Google Forms usando este <a href=\"https:\/\/docs.google.com\/forms\/d\/e\/1FAIpQLSfoUN_-ZBKHc4ENWHrzYtEK45_oaH2SV8nEsctoVQA4PvMIaw\/viewform\">link<\/a><\/p>\n<figure class=\"half\">\n<table>\n<tbody>\n<tr>\n<td><img decoding=\"async\" style=\"height: 200px;\" src=\"https:\/\/sites.usp.br\/techlaw\/wp-content\/uploads\/sites\/780\/2021\/07\/cristina_high_res-199x300.jpg\" alt=\"Cristina\" \/><\/td>\n<td><img decoding=\"async\" style=\"height: 200px;\" src=\"https:\/\/sites.usp.br\/techlaw\/wp-content\/uploads\/sites\/780\/2021\/07\/migalhas_ago2020-260x300.jpg\" alt=\"Evandro\" \/><\/td>\n<td><img decoding=\"async\" style=\"height: 200px;\" src=\"https:\/\/sites.usp.br\/techlaw\/wp-content\/uploads\/sites\/780\/2021\/07\/isadora-225x300.jpg\" alt=\"Isadora\" \/><\/td>\n<\/tr>\n<\/tbody>\n<\/table><figcaption>Cristina Oliveira, Evandro Ruiz e Isadora Ruiz.<\/figcaption><\/figure>\n","protected":false},"excerpt":{"rendered":"<p>Cristina Godoy Bernardo de Oliveira (Prof. Dra. da FDRP\/USP), Evandro Eduardo Seron Ruiz (Prof. Dr. da FFCLRP\/USP) e Isadora Maria Roseiro Ruiz (Pesquisadora IEA-USP) Pesquisa vinculada ao Instituto de Estudos Avan\u00e7ados da USP (IEA-USP) \u00a0 Se preferir, veja um v\u00eddeo explicativo sobre nossa pesquisa. Clique aqui. S\u00famula do projeto Quem somos Somos uma equipe de [&hellip;]<\/p>\n","protected":false},"author":21991,"featured_media":0,"parent":0,"menu_order":0,"comment_status":"closed","ping_status":"closed","template":"","meta":{"footnotes":"","_links_to":"","_links_to_target":""},"class_list":["post-347","page","type-page","status-publish","hentry"],"_links":{"self":[{"href":"https:\/\/sites.usp.br\/techlaw\/wp-json\/wp\/v2\/pages\/347","targetHints":{"allow":["GET"]}}],"collection":[{"href":"https:\/\/sites.usp.br\/techlaw\/wp-json\/wp\/v2\/pages"}],"about":[{"href":"https:\/\/sites.usp.br\/techlaw\/wp-json\/wp\/v2\/types\/page"}],"author":[{"embeddable":true,"href":"https:\/\/sites.usp.br\/techlaw\/wp-json\/wp\/v2\/users\/21991"}],"replies":[{"embeddable":true,"href":"https:\/\/sites.usp.br\/techlaw\/wp-json\/wp\/v2\/comments?post=347"}],"version-history":[{"count":5,"href":"https:\/\/sites.usp.br\/techlaw\/wp-json\/wp\/v2\/pages\/347\/revisions"}],"predecessor-version":[{"id":384,"href":"https:\/\/sites.usp.br\/techlaw\/wp-json\/wp\/v2\/pages\/347\/revisions\/384"}],"wp:attachment":[{"href":"https:\/\/sites.usp.br\/techlaw\/wp-json\/wp\/v2\/media?parent=347"}],"curies":[{"name":"wp","href":"https:\/\/api.w.org\/{rel}","templated":true}]}}