{"id":385,"date":"2022-11-08T16:18:29","date_gmt":"2022-11-08T18:18:29","guid":{"rendered":"https:\/\/sites.usp.br\/techlaw\/?page_id=385"},"modified":"2022-11-11T17:19:27","modified_gmt":"2022-11-11T19:19:27","slug":"ano-2022","status":"publish","type":"page","link":"https:\/\/sites.usp.br\/techlaw\/ano-2022\/","title":{"rendered":"Ano 2022"},"content":{"rendered":"<p><strong>Aviso<\/strong>: As reuni\u00f5es do Grupo de Estudos <em>TechLaw<\/em> ocorrer\u00e3o preferencialmente pelo <em>Google Meets<\/em> e o objetivo \u00e9 estabelecer o debate entre os participantes do grupo em rela\u00e7\u00e3o ao texto indicado abaixo conforme o calend\u00e1rio a seguir.<\/p>\n<p>Para participar dos encontros, preencha o formul\u00e1rio de inscri\u00e7\u00e3o:\u00a0<a href=\"https:\/\/forms.gle\/fmXUA9EPEKGuCjvs8\">https:\/\/forms.gle\/fmXUA9EPEKGuCjvs8<\/a><\/p>\n<ul>\n<li>26 de outubro, \u00e0s 19h. Webinar <strong> Seguran\u00e7a da Informa\u00e7\u00e3o: Computa\u00e7\u00e3o Confidencial.<\/strong> O Grupo de Estudos Direito e Tecnologia (TechLaw), do Instituto de Estudos Avan\u00e7ados Polo Ribeir\u00e3o Preto da USP promove no dia 9 de agosto, a partir das 18h, o webinar Intelig\u00eancia Artificial e o Futuro das Rela\u00e7\u00f5es de Trabalho.O palestrante \u00e9 o Cloud Officer do Eurobank Luxembourg, Fernando Kaway Carvalho Ota. Ele vai falar sobre computa\u00e7\u00e3o confidencial, ferramenta de seguran\u00e7a da informa\u00e7\u00e3o que protege os dados sob criptografia mesmo durante seu uso.Fernando Kaway Carvalho Ota tem gradua\u00e7\u00e3o e mestrado em Ci\u00eancia da Computa\u00e7\u00e3o pela Unesp e \u00e9 doutorando em Ci\u00eancia da Computa\u00e7\u00e3o na Universidade de Luxemburgo. Atuou como pesquisador no Interdisciplinary Centre for Security, Reliability and Trust de Luxemburgo e tamb\u00e9m no Banco do Brasil.Tamb\u00e9m participam da discuss\u00e3o as professoras C\u00edntia Rosa Pereira de Lima e Cristina Godoy Bernardo de Oliveira, da Faculdade de Direito de Ribeir\u00e3o Preto da USP, e o professor Evandro Ruiz Seron, da Faculdade de Filosofia, Ci\u00eancias e Letras de Ribeir\u00e3o Preto da USP. Eles integram o Grupo Tech Law do IEA-RP.Este \u00e9 <a href=\"https:\/\/youtu.be\/_ptCAS_2FsA\">link da grava\u00e7\u00e3o<\/a> que pode ser vista no YouTube.<\/li>\n<\/ul>\n","protected":false},"excerpt":{"rendered":"<p>Aviso: As reuni\u00f5es do Grupo de Estudos TechLaw ocorrer\u00e3o preferencialmente pelo Google Meets e o objetivo \u00e9 estabelecer o debate entre os participantes do grupo em rela\u00e7\u00e3o ao texto indicado abaixo conforme o calend\u00e1rio a seguir. Para participar dos encontros, preencha o formul\u00e1rio de inscri\u00e7\u00e3o:\u00a0https:\/\/forms.gle\/fmXUA9EPEKGuCjvs8 26 de outubro, \u00e0s 19h. Webinar Seguran\u00e7a da Informa\u00e7\u00e3o: Computa\u00e7\u00e3o [&hellip;]<\/p>\n","protected":false},"author":21991,"featured_media":0,"parent":0,"menu_order":0,"comment_status":"closed","ping_status":"closed","template":"","meta":{"footnotes":"","_links_to":"","_links_to_target":""},"class_list":["post-385","page","type-page","status-publish","hentry"],"_links":{"self":[{"href":"https:\/\/sites.usp.br\/techlaw\/wp-json\/wp\/v2\/pages\/385","targetHints":{"allow":["GET"]}}],"collection":[{"href":"https:\/\/sites.usp.br\/techlaw\/wp-json\/wp\/v2\/pages"}],"about":[{"href":"https:\/\/sites.usp.br\/techlaw\/wp-json\/wp\/v2\/types\/page"}],"author":[{"embeddable":true,"href":"https:\/\/sites.usp.br\/techlaw\/wp-json\/wp\/v2\/users\/21991"}],"replies":[{"embeddable":true,"href":"https:\/\/sites.usp.br\/techlaw\/wp-json\/wp\/v2\/comments?post=385"}],"version-history":[{"count":4,"href":"https:\/\/sites.usp.br\/techlaw\/wp-json\/wp\/v2\/pages\/385\/revisions"}],"predecessor-version":[{"id":399,"href":"https:\/\/sites.usp.br\/techlaw\/wp-json\/wp\/v2\/pages\/385\/revisions\/399"}],"wp:attachment":[{"href":"https:\/\/sites.usp.br\/techlaw\/wp-json\/wp\/v2\/media?parent=385"}],"curies":[{"name":"wp","href":"https:\/\/api.w.org\/{rel}","templated":true}]}}