{"id":79,"date":"2014-02-24T16:51:20","date_gmt":"2014-02-24T18:51:20","guid":{"rendered":"http:\/\/sites.usp.br\/techlaw\/?page_id=79"},"modified":"2020-07-21T14:30:13","modified_gmt":"2020-07-21T16:30:13","slug":"pagina-inicial","status":"publish","type":"page","link":"https:\/\/sites.usp.br\/techlaw\/","title":{"rendered":"Tech Law"},"content":{"rendered":"<p><span style=\"font-weight: 400;\">O Grupo de Estudo \u201cDireito e Tecnologia\u201d (Tech Law) tem como objetivo principal o estudo interdisciplinar de temas que envolvem a\u0301reas de Direito e da Ci\u00eancia da Computa\u00e7\u00e3o, bem como analisar as caracteri\u0301sticas e os desafios da sociedade informacional.<\/span><\/p>\n<p><span style=\"font-weight: 400;\">Esse grupo de estudos, al\u00e9m do seu objetivo principal, tem os seguintes objetivos espec\u00edficos:<\/span><\/p>\n<ul>\n<li style=\"font-weight: 400;\"><span style=\"font-weight: 400;\">Criar um ambiente propi\u0301cio para o interca\u0302mbio do conhecimento entre pesquisadores do Direito e da Cie\u0302ncia da Computac\u0327a\u0303o;<\/span><\/li>\n<li style=\"font-weight: 400;\"><span style=\"font-weight: 400;\">Estabelecer uma rede de estudos tema\u0301ticos congregando a participac\u0327a\u0303o de pesquisadores nacionais e estrangeiros, todos especialistas nas mate\u0301rias relacionadas acima, na medida em que o grupo de estudo se consolide;<\/span><\/li>\n<li style=\"font-weight: 400;\"><span style=\"font-weight: 400;\">Estimular estudos pra\u0301ticos sobre anonimizac\u0327a\u0303o e pseudonimizac\u0327a\u0303o; Intelige\u0302ncia Artificial, \u00c9tica e Direito;<\/span><\/li>\n<li style=\"font-weight: 400;\"><span style=\"font-weight: 400;\">Oferecer subsi\u0301dios a\u0300 concretude de poli\u0301ticas pu\u0301blicas para a\u0300 Autoridade Nacional de Protec\u0327a\u0303o de Dados Pessoais (ANPD) e para Conselho Nacional de Protec\u0327a\u0303o de Dados e da Privacidade;<\/span><\/li>\n<li style=\"font-weight: 400;\">Promover eventos cienti\u0301ficos para disseminar conhecimentos sobre Direito e Tecnologia, a fim de contribuir para a formac\u0327a\u0303o de pesquisadores e outros profissionais;<\/li>\n<\/ul>\n<p><span style=\"font-weight: 400;\">O <\/span><b>Grupo de Estudos Tech Law<\/b><span style=\"font-weight: 400;\"> foi criado em 26 de junho de 2020, ap\u00f3s aprova\u00e7\u00e3o do projeto na reuni\u00e3o do Conselho Deliberativo do IEA de 24 de junho do mesmo ano e dever\u00e1 realizar atividades durante os pr\u00f3ximos 4 semestres.<\/span><\/p>\n","protected":false},"excerpt":{"rendered":"<p>O Grupo de Estudo \u201cDireito e Tecnologia\u201d (Tech Law) tem como objetivo principal o estudo interdisciplinar de temas que envolvem a\u0301reas de Direito e da Ci\u00eancia da Computa\u00e7\u00e3o, bem como analisar as caracteri\u0301sticas e os desafios da sociedade informacional. Esse grupo de estudos, al\u00e9m do seu objetivo principal, tem os seguintes objetivos espec\u00edficos: Criar um [&hellip;]<\/p>\n","protected":false},"author":21991,"featured_media":0,"parent":0,"menu_order":0,"comment_status":"closed","ping_status":"closed","template":"","meta":{"footnotes":"","_links_to":"","_links_to_target":""},"class_list":["post-79","page","type-page","status-publish","hentry"],"_links":{"self":[{"href":"https:\/\/sites.usp.br\/techlaw\/wp-json\/wp\/v2\/pages\/79","targetHints":{"allow":["GET"]}}],"collection":[{"href":"https:\/\/sites.usp.br\/techlaw\/wp-json\/wp\/v2\/pages"}],"about":[{"href":"https:\/\/sites.usp.br\/techlaw\/wp-json\/wp\/v2\/types\/page"}],"author":[{"embeddable":true,"href":"https:\/\/sites.usp.br\/techlaw\/wp-json\/wp\/v2\/users\/21991"}],"replies":[{"embeddable":true,"href":"https:\/\/sites.usp.br\/techlaw\/wp-json\/wp\/v2\/comments?post=79"}],"version-history":[{"count":3,"href":"https:\/\/sites.usp.br\/techlaw\/wp-json\/wp\/v2\/pages\/79\/revisions"}],"predecessor-version":[{"id":168,"href":"https:\/\/sites.usp.br\/techlaw\/wp-json\/wp\/v2\/pages\/79\/revisions\/168"}],"wp:attachment":[{"href":"https:\/\/sites.usp.br\/techlaw\/wp-json\/wp\/v2\/media?parent=79"}],"curies":[{"name":"wp","href":"https:\/\/api.w.org\/{rel}","templated":true}]}}