{"id":111,"date":"2017-03-27T00:01:13","date_gmt":"2017-03-27T02:01:13","guid":{"rendered":"http:\/\/sites.usp.br\/tecnologiaseducom\/?page_id=111"},"modified":"2021-01-24T23:44:58","modified_gmt":"2021-01-25T01:44:58","slug":"cca0290","status":"publish","type":"page","link":"https:\/\/sites.usp.br\/tecnologiaseducom\/cca0290\/","title":{"rendered":"Disciplina"},"content":{"rendered":"<p>Objetivos da disciplina<\/p>\n<p>Apresentar e discutir os fundamentos e processos da comunica\u00e7\u00e3o na m\u00eddia digital de forma cr\u00edtica. Refletir sobre a necessidade da educa\u00e7\u00e3o para as m\u00eddias no ambiente num\u00e9rico e desenvolver pr\u00e1ticas visando este objetivo; refletir sobre a necessidade de incorporar as m\u00eddias digitais no processo de aprendizagem e suas justificativas, bem como produzir trabalhos pr\u00e1ticos com esse objetivo.<\/p>\n<p>&nbsp;<\/p>\n","protected":false},"excerpt":{"rendered":"<p>Objetivos da disciplina Apresentar e discutir os fundamentos e processos da comunica\u00e7\u00e3o na m\u00eddia digital de forma cr\u00edtica. Refletir sobre a necessidade da educa\u00e7\u00e3o para as m\u00eddias no ambiente num\u00e9rico e desenvolver pr\u00e1ticas visando este objetivo; refletir sobre a necessidade de incorporar as m\u00eddias digitais no processo de aprendizagem e suas justificativas, bem como produzir&hellip;<\/p>\n","protected":false},"author":309,"featured_media":0,"parent":0,"menu_order":7,"comment_status":"closed","ping_status":"closed","template":"","meta":{"footnotes":"","_links_to":"","_links_to_target":""},"class_list":["post-111","page","type-page","status-publish","hentry","post"],"_links":{"self":[{"href":"https:\/\/sites.usp.br\/tecnologiaseducom\/wp-json\/wp\/v2\/pages\/111","targetHints":{"allow":["GET"]}}],"collection":[{"href":"https:\/\/sites.usp.br\/tecnologiaseducom\/wp-json\/wp\/v2\/pages"}],"about":[{"href":"https:\/\/sites.usp.br\/tecnologiaseducom\/wp-json\/wp\/v2\/types\/page"}],"author":[{"embeddable":true,"href":"https:\/\/sites.usp.br\/tecnologiaseducom\/wp-json\/wp\/v2\/users\/309"}],"replies":[{"embeddable":true,"href":"https:\/\/sites.usp.br\/tecnologiaseducom\/wp-json\/wp\/v2\/comments?post=111"}],"version-history":[{"count":4,"href":"https:\/\/sites.usp.br\/tecnologiaseducom\/wp-json\/wp\/v2\/pages\/111\/revisions"}],"predecessor-version":[{"id":460,"href":"https:\/\/sites.usp.br\/tecnologiaseducom\/wp-json\/wp\/v2\/pages\/111\/revisions\/460"}],"wp:attachment":[{"href":"https:\/\/sites.usp.br\/tecnologiaseducom\/wp-json\/wp\/v2\/media?parent=111"}],"curies":[{"name":"wp","href":"https:\/\/api.w.org\/{rel}","templated":true}]}}