{"id":258,"date":"2018-10-14T18:42:02","date_gmt":"2018-10-14T21:42:02","guid":{"rendered":"http:\/\/www2.eca.usp.br\/tecnologiaseducom\/?page_id=73"},"modified":"2021-01-25T00:07:20","modified_gmt":"2021-01-25T02:07:20","slug":"trabalhos-do-semestre-2_2018","status":"publish","type":"page","link":"https:\/\/sites.usp.br\/tecnologiaseducom\/trabalhos-do-semestre-2_2018\/","title":{"rendered":"Projetos 2018"},"content":{"rendered":"<p><span style=\"font-weight: 400\">Os projetos apresentados na disciplina de Tecnologias da Comunica\u00e7\u00e3o na sociedade Contempor\u00e2nea (CCA0290) no segundo semestre do ano de 2018. A professora e orientadora dos projetos Daniela Oswald Ramos trabalhou com os alunos ao longo do semestre temas coerentes com os assuntos trabalhados no curso de Educomunica\u00e7\u00e3o e com poss\u00edveis propostas para os projetos, o resultado foram oito projetos desenvolvidos em grupos pelos alunos em sua maioria do curso de Educomunica\u00e7\u00e3o mas tamb\u00e9m dos cursos como rela\u00e7\u00f5es p\u00fablicas e jornalismo e outros. <\/span><\/p>\n<p><span style=\"font-weight: 400\">O resultado final foi apresentado em sala de aula nos dias 26\/11 e 03\/12 na seguinte ordem:<\/span><\/p>\n<ul>\n<li><a href=\"http:\/\/www2.eca.usp.br\/tecnologiaseducom\/index.php\/2019\/01\/11\/projeto-1-metareciclagem\/\"><span style=\"font-weight: 400\">Projeto 1- Metareciclagem<\/span><\/a><\/li>\n<li><a href=\"http:\/\/www2.eca.usp.br\/tecnologiaseducom\/index.php\/2019\/01\/11\/projeto-2-museus-itinerarios\/\"><span style=\"font-weight: 400\">Projeto 2- Museus \/ Itiner\u00e1rios<\/span><\/a><\/li>\n<li><a href=\"http:\/\/www2.eca.usp.br\/tecnologiaseducom\/index.php\/2019\/01\/11\/projeto-3-complex-game\/\"><span style=\"font-weight: 400\">Projeto 3- Complex Game<\/span><\/a><\/li>\n<li><a href=\"http:\/\/www2.eca.usp.br\/tecnologiaseducom\/index.php\/2019\/01\/11\/projeto-4-galeria-preta\/\"><span style=\"font-weight: 400\">Projeto 4- Galeria Preta<\/span><\/a><\/li>\n<li><a href=\"http:\/\/www2.eca.usp.br\/tecnologiaseducom\/index.php\/2019\/01\/11\/projeto-5-nois-por-nos\/\"><span style=\"font-weight: 400\">Projeto 5- Nois por N\u00f3s<\/span><\/a><\/li>\n<li><a href=\"http:\/\/www2.eca.usp.br\/tecnologiaseducom\/index.php\/2019\/01\/11\/projeto-6-cinema-escola\/\"><span style=\"font-weight: 400\">Projeto 6- Cinema Escola<\/span><\/a><\/li>\n<li><a href=\"http:\/\/www2.eca.usp.br\/tecnologiaseducom\/index.php\/2019\/01\/11\/projeto-7-verdade-ou-consequencia-cartomente\/\"><span style=\"font-weight: 400\">Projeto 7- Verdade ou consequ\u00eancia? Cartomente<\/span><\/a><\/li>\n<li><a href=\"http:\/\/www2.eca.usp.br\/tecnologiaseducom\/index.php\/2019\/01\/11\/projeto-8-esse-movimento\/\"><span style=\"font-weight: 400\">Projeto 8-Esse Movimento<\/span><\/a><\/li>\n<\/ul>\n<p><span style=\"font-weight: 400\">Atrav\u00e9s destes projetos podemos perceber que o curso de Educomunica\u00e7\u00e3o pode se fazer presente dentro do ambiente escolar de formas m\u00faltiplas\u00a0 como atrav\u00e9s de jogos interativos que exploram espa\u00e7os culturais ou temas presentes na grade curricular b\u00e1sica, tudo de forma criativa e din\u00e2mica, transformando a forma de ensinar e conhecer atrav\u00e9s das sete \u00e1reas de interven\u00e7\u00e3o da Educomunica\u00e7\u00e3o, a saber:<\/span><\/p>\n<ul>\n<li>Gest\u00e3o da comunica\u00e7\u00e3o nos espa\u00e7os educativos;<\/li>\n<li>\u00c1rea de educa\u00e7\u00e3o para comunica\u00e7\u00e3o;<\/li>\n<li>\u00c1rea de media\u00e7\u00e3o tecnol\u00f3gica na pr\u00e1tica educativa;<\/li>\n<li>\u00c1rea da express\u00e3o comunicativa atrav\u00e9s das artes;<\/li>\n<li>\u00c1rea da pedagogia da comunica\u00e7\u00e3o;<\/li>\n<li>\u00c1rea da produ\u00e7\u00e3o midi\u00e1tica a servi\u00e7o da educa\u00e7\u00e3o;<\/li>\n<li>\u00c1rea da reflex\u00e3o epistemol\u00f3gica sobre o campo da educomunica\u00e7\u00e3o;<\/li>\n<\/ul>\n<p><span style=\"font-weight: 400\">Os alunos no segundo semestre do curso de Educomunica\u00e7\u00e3o conseguiram criar diferentes projetos todos com o intuito de criar ferramentas transformadoras para a educa\u00e7\u00e3o.<\/span><\/p>\n","protected":false},"excerpt":{"rendered":"<p>Os projetos apresentados na disciplina de Tecnologias da Comunica\u00e7\u00e3o na sociedade Contempor\u00e2nea (CCA0290) no segundo semestre do ano de 2018. A professora e orientadora dos projetos Daniela Oswald Ramos trabalhou com os alunos ao longo do semestre temas coerentes com os assuntos trabalhados no curso de Educomunica\u00e7\u00e3o e com poss\u00edveis propostas para os projetos, o&hellip;<\/p>\n","protected":false},"author":1042,"featured_media":0,"parent":0,"menu_order":6,"comment_status":"closed","ping_status":"closed","template":"","meta":{"footnotes":"","_links_to":"","_links_to_target":""},"class_list":["post-258","page","type-page","status-publish","hentry","post"],"_links":{"self":[{"href":"https:\/\/sites.usp.br\/tecnologiaseducom\/wp-json\/wp\/v2\/pages\/258","targetHints":{"allow":["GET"]}}],"collection":[{"href":"https:\/\/sites.usp.br\/tecnologiaseducom\/wp-json\/wp\/v2\/pages"}],"about":[{"href":"https:\/\/sites.usp.br\/tecnologiaseducom\/wp-json\/wp\/v2\/types\/page"}],"author":[{"embeddable":true,"href":"https:\/\/sites.usp.br\/tecnologiaseducom\/wp-json\/wp\/v2\/users\/1042"}],"replies":[{"embeddable":true,"href":"https:\/\/sites.usp.br\/tecnologiaseducom\/wp-json\/wp\/v2\/comments?post=258"}],"version-history":[{"count":1,"href":"https:\/\/sites.usp.br\/tecnologiaseducom\/wp-json\/wp\/v2\/pages\/258\/revisions"}],"predecessor-version":[{"id":482,"href":"https:\/\/sites.usp.br\/tecnologiaseducom\/wp-json\/wp\/v2\/pages\/258\/revisions\/482"}],"wp:attachment":[{"href":"https:\/\/sites.usp.br\/tecnologiaseducom\/wp-json\/wp\/v2\/media?parent=258"}],"curies":[{"name":"wp","href":"https:\/\/api.w.org\/{rel}","templated":true}]}}