{"id":328,"date":"2020-11-30T16:58:04","date_gmt":"2020-11-30T18:58:04","guid":{"rendered":"http:\/\/sites.usp.br\/tecnologiaseducom\/?page_id=328"},"modified":"2021-01-25T23:31:09","modified_gmt":"2021-01-26T01:31:09","slug":"projetos-2020","status":"publish","type":"page","link":"https:\/\/sites.usp.br\/tecnologiaseducom\/projetos-2020\/","title":{"rendered":"Projetos 2020"},"content":{"rendered":"<div id=\"pl-328\"  class=\"panel-layout\" ><div id=\"pg-328-0\"  class=\"panel-grid panel-no-style\" ><div id=\"pgc-328-0-0\"  class=\"panel-grid-cell\" ><div id=\"panel-328-0-0-0\" class=\"so-panel widget widget_sow-editor panel-first-child\" data-index=\"0\" ><div\n\t\t\t\n\t\t\tclass=\"so-widget-sow-editor so-widget-sow-editor-base\"\n\t\t\t\n\t\t>\n<div class=\"siteorigin-widget-tinymce textwidget\">\n\t<p>Projetos realizados na disciplina em 2020:<\/p>\n<\/div>\n<\/div><\/div><div id=\"panel-328-0-0-1\" class=\"so-panel widget widget_siteorigin-panels-postloop panel-last-child\" data-index=\"1\" >\n<article id=\"post-578\" class=\"post-578 post type-post status-publish format-standard hentry category-projetos-20\">\n\t\n\t\t\n\n\t<div class=\"corp-content-wrapper\">\n\t\t<header class=\"entry-header\">\n\t\t\t<h2 class=\"entry-title\"><a href=\"https:\/\/sites.usp.br\/tecnologiaseducom\/o-banco-de-dados\/\" rel=\"bookmark\">O BANCO DE DADOS<\/a><\/h2>\t\t\t<div class=\"entry-meta\">\n\t\t\t\t<span class=\"entry-date\"><a href=\"https:\/\/sites.usp.br\/tecnologiaseducom\/o-banco-de-dados\/\" rel=\"bookmark\"><time class=\"published\" datetime=\"2021-01-25T23:23:26-02:00\">janeiro 25, 2021<\/time><time class=\"updated\" datetime=\"2021-01-26T00:22:45-02:00\">26\/01\/2021<\/time><\/span><\/a><span><a href=\"https:\/\/sites.usp.br\/tecnologiaseducom\/category\/projetos-20\/\" rel=\"category tag\">Projetos 2020<\/a><\/span>\t\t\t<\/div><!-- .entry-meta -->\n\t\t\t\t\t<\/header><!-- .entry-header -->\n\n\t\t<div class=\"entry-content\">\n\t\t\t<p>Resenha do cap\u00edtulo \u201cO Banco de Dados\u201d de Lev Manovich Por Maria de F\u00e1tima Morina &nbsp; O texto \u201cO Banco de Dados\u201d foi traduzido por Camila Vieira e publicado em 2015 na Revista Eco P\u00f3s, mas, originalmente, \u00e9 parte de um cap\u00edtulo da obra mais significativa de Lev Manovich \u201cA linguagem da nova m\u00eddia\u201d. Nesse&hellip;<\/p>\n\t\t<\/div><!-- .entry-content -->\n\t<\/div><!-- .corp-content-wrapper -->\n\n\t<\/article><!-- #post-## -->\n\n<article id=\"post-575\" class=\"post-575 post type-post status-publish format-standard hentry category-projetos-20\">\n\t\n\t\t\n\n\t<div class=\"corp-content-wrapper\">\n\t\t<header class=\"entry-header\">\n\t\t\t<h2 class=\"entry-title\"><a href=\"https:\/\/sites.usp.br\/tecnologiaseducom\/o-que-e-plataformizacao\/\" rel=\"bookmark\">O QUE \u00c9 PLATAFORMIZA\u00c7\u00c3O?<\/a><\/h2>\t\t\t<div class=\"entry-meta\">\n\t\t\t\t<span class=\"entry-date\"><a href=\"https:\/\/sites.usp.br\/tecnologiaseducom\/o-que-e-plataformizacao\/\" rel=\"bookmark\"><time class=\"published\" datetime=\"2021-01-25T23:21:47-02:00\">janeiro 25, 2021<\/time><time class=\"updated\" datetime=\"2021-01-26T00:22:59-02:00\">26\/01\/2021<\/time><\/span><\/a><span><a href=\"https:\/\/sites.usp.br\/tecnologiaseducom\/category\/projetos-20\/\" rel=\"category tag\">Projetos 2020<\/a><\/span>\t\t\t<\/div><!-- .entry-meta -->\n\t\t\t\t\t<\/header><!-- .entry-header -->\n\n\t\t<div class=\"entry-content\">\n\t\t\t<p>Resenha do Artigo \u201cPlataformiza\u00e7\u00e3o\u201d\u00a0de Thomas Poell, David Nieborg e Jos\u00e9 van Dijck Por Maria de F\u00e1tima Morina &nbsp; O artigo \u201cPlataformiza\u00e7\u00e3o\u201d foi publicado em 2020 na Revista Fronteiras &#8211; Estudos Midi\u00e1ticos, mas, originalmente, na Internet Policy Review por Thomas Poell, David Nieborg e Jos\u00e9 van Dijck. Os autores articulam, de modo extremamente relevante, as partes&hellip;<\/p>\n\t\t<\/div><!-- .entry-content -->\n\t<\/div><!-- .corp-content-wrapper -->\n\n\t<\/article><!-- #post-## -->\n\n<article id=\"post-572\" class=\"post-572 post type-post status-publish format-standard hentry category-projetos-20\">\n\t\n\t\t\n\n\t<div class=\"corp-content-wrapper\">\n\t\t<header class=\"entry-header\">\n\t\t\t<h2 class=\"entry-title\"><a href=\"https:\/\/sites.usp.br\/tecnologiaseducom\/alfabetizacao-midiatica\/\" rel=\"bookmark\">ALFABETIZA\u00c7\u00c3O MIDI\u00c1TICA<\/a><\/h2>\t\t\t<div class=\"entry-meta\">\n\t\t\t\t<span class=\"entry-date\"><a href=\"https:\/\/sites.usp.br\/tecnologiaseducom\/alfabetizacao-midiatica\/\" rel=\"bookmark\"><time class=\"published\" datetime=\"2021-01-25T23:20:06-02:00\">janeiro 25, 2021<\/time><time class=\"updated\" datetime=\"2021-01-26T00:23:18-02:00\">26\/01\/2021<\/time><\/span><\/a><span><a href=\"https:\/\/sites.usp.br\/tecnologiaseducom\/category\/projetos-20\/\" rel=\"category tag\">Projetos 2020<\/a><\/span>\t\t\t<\/div><!-- .entry-meta -->\n\t\t\t\t\t<\/header><!-- .entry-header -->\n\n\t\t<div class=\"entry-content\">\n\t\t\t<p>&nbsp; Resenha do Artigo \u201cAlfabetiza\u00e7\u00e3o Midi\u00e1tica na era da desinforma\u00e7\u00e3o\u201d de Egle M\u00fcller Spinelli e J\u00e9ssica de Almeida Santos Por Maria de F\u00e1tima Morina &nbsp; O artigo \u201cAlfabetiza\u00e7\u00e3o Midi\u00e1tica na era da desinforma\u00e7\u00e3o\u201d foi publicado neste ano na revista ECCOM &#8211; Educa\u00e7\u00e3o, Cultura e Comunica\u00e7\u00e3o &#8211; pela jornalista, docente e doutora em ci\u00eancias da comunica\u00e7\u00e3o&hellip;<\/p>\n\t\t<\/div><!-- .entry-content -->\n\t<\/div><!-- .corp-content-wrapper -->\n\n\t<\/article><!-- #post-## -->\n\n<article id=\"post-562\" class=\"post-562 post type-post status-publish format-standard hentry category-projetos-20\">\n\t\n\t\t\n\n\t<div class=\"corp-content-wrapper\">\n\t\t<header class=\"entry-header\">\n\t\t\t<h2 class=\"entry-title\"><a href=\"https:\/\/sites.usp.br\/tecnologiaseducom\/obras-em-jogo\/\" rel=\"bookmark\">Obras em jogo<\/a><\/h2>\t\t\t<div class=\"entry-meta\">\n\t\t\t\t<span class=\"entry-date\"><a href=\"https:\/\/sites.usp.br\/tecnologiaseducom\/obras-em-jogo\/\" rel=\"bookmark\"><time class=\"published\" datetime=\"2021-01-25T23:17:58-02:00\">janeiro 25, 2021<\/time><time class=\"updated\" datetime=\"2021-01-26T00:23:33-02:00\">26\/01\/2021<\/time><\/span><\/a><span><a href=\"https:\/\/sites.usp.br\/tecnologiaseducom\/category\/projetos-20\/\" rel=\"category tag\">Projetos 2020<\/a><\/span>\t\t\t<\/div><!-- .entry-meta -->\n\t\t\t\t\t<\/header><!-- .entry-header -->\n\n\t\t<div class=\"entry-content\">\n\t\t\t<p>Por Renato da Silva Fonseca O trabalho &#8220;Obras em jogo&#8221; consistiu na elabora\u00e7\u00e3o de um jogo imersivo a partir de uma obra obrigat\u00f3ria do vestibular da FUVEST (Claro Enigma). O jogo foi divulgado em grupos de vestibulandos nas redes (Facebook e Whathsapp) ao longo de todo o meses de outubro e novembro. Muitas dezenas de&hellip;<\/p>\n\t\t<\/div><!-- .entry-content -->\n\t<\/div><!-- .corp-content-wrapper -->\n\n\t<\/article><!-- #post-## -->\n\n<article id=\"post-557\" class=\"post-557 post type-post status-publish format-standard has-post-thumbnail hentry category-projetos-20\">\n\t\n\t\t\t<div class=\"entry-thumbnail\">\n\t\t\t<a href=\"https:\/\/sites.usp.br\/tecnologiaseducom\/mapacine\/\">\n\t\t\t\t<img loading=\"lazy\" decoding=\"async\" width=\"551\" height=\"364\" src=\"https:\/\/sites.usp.br\/tecnologiaseducom\/wp-content\/uploads\/sites\/551\/2021\/01\/mapacine-551x364.png\" class=\"attachment-siteorigin-corp-551x364-crop size-siteorigin-corp-551x364-crop wp-post-image\" alt=\"\" srcset=\"https:\/\/sites.usp.br\/tecnologiaseducom\/wp-content\/uploads\/sites\/551\/2021\/01\/mapacine-551x364.png 551w, https:\/\/sites.usp.br\/tecnologiaseducom\/wp-content\/uploads\/sites\/551\/2021\/01\/mapacine-247x163.png 247w, https:\/\/sites.usp.br\/tecnologiaseducom\/wp-content\/uploads\/sites\/551\/2021\/01\/mapacine-354x234.png 354w\" sizes=\"auto, (max-width: 551px) 100vw, 551px\" \/>\t\t\n\t\t\t<\/a>\n\t\t<\/div>\n\t\t\n\n\t<div class=\"corp-content-wrapper\">\n\t\t<header class=\"entry-header\">\n\t\t\t<h2 class=\"entry-title\"><a href=\"https:\/\/sites.usp.br\/tecnologiaseducom\/mapacine\/\" rel=\"bookmark\">MAPACINE<\/a><\/h2>\t\t\t<div class=\"entry-meta\">\n\t\t\t\t<span class=\"entry-date\"><a href=\"https:\/\/sites.usp.br\/tecnologiaseducom\/mapacine\/\" rel=\"bookmark\"><time class=\"published\" datetime=\"2021-01-25T23:10:05-02:00\">janeiro 25, 2021<\/time><time class=\"updated\" datetime=\"2021-01-26T00:23:45-02:00\">26\/01\/2021<\/time><\/span><\/a><span><a href=\"https:\/\/sites.usp.br\/tecnologiaseducom\/category\/projetos-20\/\" rel=\"category tag\">Projetos 2020<\/a><\/span>\t\t\t<\/div><!-- .entry-meta -->\n\t\t\t\t\t<\/header><!-- .entry-header -->\n\n\t\t<div class=\"entry-content\">\n\t\t\t<p>Filmes, mostras cinematogr\u00e1ficas e produ\u00e7\u00f5es audiovisuais presentes em circuitos comerciais costumam ser consumidos de forma isolada, perdendo a possibilidade de conex\u00e3o com outros conte\u00fados, culturais ou educacionais, em seus diversos tipos de m\u00eddias, dentro do mesmo tema. Mapacine busca realizar conex\u00f5es entre tais produ\u00e7\u00f5es com diferentes tipos de conte\u00fado de m\u00eddia propondo o di\u00e1logo entre&hellip;<\/p>\n\t\t<\/div><!-- .entry-content -->\n\t<\/div><!-- .corp-content-wrapper -->\n\n\t<\/article><!-- #post-## -->\n\n<article id=\"post-543\" class=\"post-543 post type-post status-publish format-standard has-post-thumbnail hentry category-projetos-20\">\n\t\n\t\t\t<div class=\"entry-thumbnail\">\n\t\t\t<a href=\"https:\/\/sites.usp.br\/tecnologiaseducom\/racismo-algoritmico-a-materializacao-e-combate-do-racismo\/\">\n\t\t\t\t<img loading=\"lazy\" decoding=\"async\" width=\"551\" height=\"364\" src=\"https:\/\/sites.usp.br\/tecnologiaseducom\/wp-content\/uploads\/sites\/551\/2021\/01\/racismoalgoritmico-551x364.png\" class=\"attachment-siteorigin-corp-551x364-crop size-siteorigin-corp-551x364-crop wp-post-image\" alt=\"\" srcset=\"https:\/\/sites.usp.br\/tecnologiaseducom\/wp-content\/uploads\/sites\/551\/2021\/01\/racismoalgoritmico-551x364.png 551w, https:\/\/sites.usp.br\/tecnologiaseducom\/wp-content\/uploads\/sites\/551\/2021\/01\/racismoalgoritmico-247x163.png 247w, https:\/\/sites.usp.br\/tecnologiaseducom\/wp-content\/uploads\/sites\/551\/2021\/01\/racismoalgoritmico-354x234.png 354w\" sizes=\"auto, (max-width: 551px) 100vw, 551px\" \/>\t\t\n\t\t\t<\/a>\n\t\t<\/div>\n\t\t\n\n\t<div class=\"corp-content-wrapper\">\n\t\t<header class=\"entry-header\">\n\t\t\t<h2 class=\"entry-title\"><a href=\"https:\/\/sites.usp.br\/tecnologiaseducom\/racismo-algoritmico-a-materializacao-e-combate-do-racismo\/\" rel=\"bookmark\">RACISMO ALGOR\u00cdTMICO: A materializa\u00e7\u00e3o e combate do racismo<\/a><\/h2>\t\t\t<div class=\"entry-meta\">\n\t\t\t\t<span class=\"entry-date\"><a href=\"https:\/\/sites.usp.br\/tecnologiaseducom\/racismo-algoritmico-a-materializacao-e-combate-do-racismo\/\" rel=\"bookmark\"><time class=\"published\" datetime=\"2021-01-25T22:38:39-02:00\">janeiro 25, 2021<\/time><time class=\"updated\" datetime=\"2021-01-26T00:24:03-02:00\">26\/01\/2021<\/time><\/span><\/a><span><a href=\"https:\/\/sites.usp.br\/tecnologiaseducom\/category\/projetos-20\/\" rel=\"category tag\">Projetos 2020<\/a><\/span>\t\t\t<\/div><!-- .entry-meta -->\n\t\t\t\t\t<\/header><!-- .entry-header -->\n\n\t\t<div class=\"entry-content\">\n\t\t\t<p>Por L\u00e9o Vitor Utida &nbsp; Nos posts anteriores, discutimos acerca da ideia do racismo enquanto parte estruturante de nossa sociedade e, em seguida, como isso em consequ\u00eancia implica na sua pereniza\u00e7\u00e3o mesmo nas ci\u00eancias exatas, computacionais e algoritmos. Aqui, veremos como tais discrimina\u00e7\u00f5es se concretizam e avaliaremos possibilidades e sa\u00eddas desta encruzilhada. &nbsp; MATERIALIZA\u00c7\u00c3O DO&hellip;<\/p>\n\t\t<\/div><!-- .entry-content -->\n\t<\/div><!-- .corp-content-wrapper -->\n\n\t<\/article><!-- #post-## -->\n\n<article id=\"post-536\" class=\"post-536 post type-post status-publish format-standard has-post-thumbnail hentry category-projetos-20\">\n\t\n\t\t\t<div class=\"entry-thumbnail\">\n\t\t\t<a href=\"https:\/\/sites.usp.br\/tecnologiaseducom\/racismo-algoritmico-o-funcionamento-das-maquinas\/\">\n\t\t\t\t<img loading=\"lazy\" decoding=\"async\" width=\"551\" height=\"364\" src=\"https:\/\/sites.usp.br\/tecnologiaseducom\/wp-content\/uploads\/sites\/551\/2021\/01\/racismoalgoritmico-551x364.png\" class=\"attachment-siteorigin-corp-551x364-crop size-siteorigin-corp-551x364-crop wp-post-image\" alt=\"\" srcset=\"https:\/\/sites.usp.br\/tecnologiaseducom\/wp-content\/uploads\/sites\/551\/2021\/01\/racismoalgoritmico-551x364.png 551w, https:\/\/sites.usp.br\/tecnologiaseducom\/wp-content\/uploads\/sites\/551\/2021\/01\/racismoalgoritmico-247x163.png 247w, https:\/\/sites.usp.br\/tecnologiaseducom\/wp-content\/uploads\/sites\/551\/2021\/01\/racismoalgoritmico-354x234.png 354w\" sizes=\"auto, (max-width: 551px) 100vw, 551px\" \/>\t\t\n\t\t\t<\/a>\n\t\t<\/div>\n\t\t\n\n\t<div class=\"corp-content-wrapper\">\n\t\t<header class=\"entry-header\">\n\t\t\t<h2 class=\"entry-title\"><a href=\"https:\/\/sites.usp.br\/tecnologiaseducom\/racismo-algoritmico-o-funcionamento-das-maquinas\/\" rel=\"bookmark\">RACISMO ALGOR\u00cdTMICO: O funcionamento das m\u00e1quinas<\/a><\/h2>\t\t\t<div class=\"entry-meta\">\n\t\t\t\t<span class=\"entry-date\"><a href=\"https:\/\/sites.usp.br\/tecnologiaseducom\/racismo-algoritmico-o-funcionamento-das-maquinas\/\" rel=\"bookmark\"><time class=\"published\" datetime=\"2021-01-25T22:05:53-02:00\">janeiro 25, 2021<\/time><time class=\"updated\" datetime=\"2021-01-26T00:18:50-02:00\">26\/01\/2021<\/time><\/span><\/a><span><a href=\"https:\/\/sites.usp.br\/tecnologiaseducom\/category\/projetos-20\/\" rel=\"category tag\">Projetos 2020<\/a><\/span>\t\t\t<\/div><!-- .entry-meta -->\n\t\t\t\t\t<\/header><!-- .entry-header -->\n\n\t\t<div class=\"entry-content\">\n\t\t\t<p>Por L\u00e9o Vitor Utida No post anterior, a no\u00e7\u00e3o de racismo estrutural foi trabalhada a partir do autor Silvio Almeida. Antes de entendermos o racismo algoritmo em si, ainda \u00e9 preciso compreender a pr\u00f3pria l\u00f3gica por tr\u00e1s dos algoritmos. \u00c9 a respeito disso que iremos nos debru\u00e7ar neste post. &nbsp; A L\u00d3GICA POR TR\u00c1S DOS&hellip;<\/p>\n\t\t<\/div><!-- .entry-content -->\n\t<\/div><!-- .corp-content-wrapper -->\n\n\t<\/article><!-- #post-## -->\n\n<article id=\"post-533\" class=\"post-533 post type-post status-publish format-standard has-post-thumbnail hentry category-projetos-20\">\n\t\n\t\t\t<div class=\"entry-thumbnail\">\n\t\t\t<a href=\"https:\/\/sites.usp.br\/tecnologiaseducom\/racismo-algoritmico-o-racismo-estrutural\/\">\n\t\t\t\t<img loading=\"lazy\" decoding=\"async\" width=\"551\" height=\"364\" src=\"https:\/\/sites.usp.br\/tecnologiaseducom\/wp-content\/uploads\/sites\/551\/2021\/01\/racismoalgoritmico-551x364.png\" class=\"attachment-siteorigin-corp-551x364-crop size-siteorigin-corp-551x364-crop wp-post-image\" alt=\"\" srcset=\"https:\/\/sites.usp.br\/tecnologiaseducom\/wp-content\/uploads\/sites\/551\/2021\/01\/racismoalgoritmico-551x364.png 551w, https:\/\/sites.usp.br\/tecnologiaseducom\/wp-content\/uploads\/sites\/551\/2021\/01\/racismoalgoritmico-247x163.png 247w, https:\/\/sites.usp.br\/tecnologiaseducom\/wp-content\/uploads\/sites\/551\/2021\/01\/racismoalgoritmico-354x234.png 354w\" sizes=\"auto, (max-width: 551px) 100vw, 551px\" \/>\t\t\n\t\t\t<\/a>\n\t\t<\/div>\n\t\t\n\n\t<div class=\"corp-content-wrapper\">\n\t\t<header class=\"entry-header\">\n\t\t\t<h2 class=\"entry-title\"><a href=\"https:\/\/sites.usp.br\/tecnologiaseducom\/racismo-algoritmico-o-racismo-estrutural\/\" rel=\"bookmark\">RACISMO ALGOR\u00cdTMICO: O racismo estrutural<\/a><\/h2>\t\t\t<div class=\"entry-meta\">\n\t\t\t\t<span class=\"entry-date\"><a href=\"https:\/\/sites.usp.br\/tecnologiaseducom\/racismo-algoritmico-o-racismo-estrutural\/\" rel=\"bookmark\"><time class=\"published\" datetime=\"2021-01-25T22:00:38-02:00\">janeiro 25, 2021<\/time><time class=\"updated\" datetime=\"2021-01-26T00:17:20-02:00\">26\/01\/2021<\/time><\/span><\/a><span><a href=\"https:\/\/sites.usp.br\/tecnologiaseducom\/category\/projetos-20\/\" rel=\"category tag\">Projetos 2020<\/a><\/span>\t\t\t<\/div><!-- .entry-meta -->\n\t\t\t\t\t<\/header><!-- .entry-header -->\n\n\t\t<div class=\"entry-content\">\n\t\t\t<p>Por L\u00e9o Vitor Utida &nbsp; O ano de 2020 est\u00e1 sendo marcado por diversas convuls\u00f5es sociais e levantes populares no mundo, tendo os protestos do movimento Black Lives Matter um de seus pontos altos. As mobiliza\u00e7\u00f5es iniciadas na cidade estadunidense Minneapolis, respostas ao assassinato de George Floyd por um policial branco, se espalharam pelo mundo&hellip;<\/p>\n\t\t<\/div><!-- .entry-content -->\n\t<\/div><!-- .corp-content-wrapper -->\n\n\t<\/article><!-- #post-## -->\n\n<article id=\"post-527\" class=\"post-527 post type-post status-publish format-standard has-post-thumbnail hentry category-projetos-20\">\n\t\n\t\t\t<div class=\"entry-thumbnail\">\n\t\t\t<a href=\"https:\/\/sites.usp.br\/tecnologiaseducom\/educomidia\/\">\n\t\t\t\t<img loading=\"lazy\" decoding=\"async\" width=\"551\" height=\"364\" src=\"https:\/\/sites.usp.br\/tecnologiaseducom\/wp-content\/uploads\/sites\/551\/2021\/01\/educomidia-551x364.png\" class=\"attachment-siteorigin-corp-551x364-crop size-siteorigin-corp-551x364-crop wp-post-image\" alt=\"\" srcset=\"https:\/\/sites.usp.br\/tecnologiaseducom\/wp-content\/uploads\/sites\/551\/2021\/01\/educomidia-551x364.png 551w, https:\/\/sites.usp.br\/tecnologiaseducom\/wp-content\/uploads\/sites\/551\/2021\/01\/educomidia-300x198.png 300w, https:\/\/sites.usp.br\/tecnologiaseducom\/wp-content\/uploads\/sites\/551\/2021\/01\/educomidia-247x163.png 247w, https:\/\/sites.usp.br\/tecnologiaseducom\/wp-content\/uploads\/sites\/551\/2021\/01\/educomidia-354x234.png 354w, https:\/\/sites.usp.br\/tecnologiaseducom\/wp-content\/uploads\/sites\/551\/2021\/01\/educomidia-400x264.png 400w, https:\/\/sites.usp.br\/tecnologiaseducom\/wp-content\/uploads\/sites\/551\/2021\/01\/educomidia.png 654w\" sizes=\"auto, (max-width: 551px) 100vw, 551px\" \/>\t\t\n\t\t\t<\/a>\n\t\t<\/div>\n\t\t\n\n\t<div class=\"corp-content-wrapper\">\n\t\t<header class=\"entry-header\">\n\t\t\t<h2 class=\"entry-title\"><a href=\"https:\/\/sites.usp.br\/tecnologiaseducom\/educomidia\/\" rel=\"bookmark\">EDUCOM\u00cdDIA<\/a><\/h2>\t\t\t<div class=\"entry-meta\">\n\t\t\t\t<span class=\"entry-date\"><a href=\"https:\/\/sites.usp.br\/tecnologiaseducom\/educomidia\/\" rel=\"bookmark\"><time class=\"published\" datetime=\"2021-01-25T21:52:13-02:00\">janeiro 25, 2021<\/time><time class=\"updated\" datetime=\"2021-01-26T00:22:31-02:00\">26\/01\/2021<\/time><\/span><\/a><span><a href=\"https:\/\/sites.usp.br\/tecnologiaseducom\/category\/projetos-20\/\" rel=\"category tag\">Projetos 2020<\/a><\/span>\t\t\t<\/div><!-- .entry-meta -->\n\t\t\t\t\t<\/header><!-- .entry-header -->\n\n\t\t<div class=\"entry-content\">\n\t\t\t<p>INSTAGRAM PARA PLATAFORMAS DE EDUCA\u00c7\u00c3O MIDI\u00c1TICA Dentro de um contexto geral de educa\u00e7\u00e3o b\u00e1sica ao superior, \u00e9 percept\u00edvel um d\u00e9ficit no que tange a interpreta\u00e7\u00e3o de todo conte\u00fado absorvido das m\u00eddias como um todo. A grande quantidade de informa\u00e7\u00e3o e a falta de filtro do conte\u00fado gera um grande compartilhamento viral do que chamamos de&hellip;<\/p>\n\t\t<\/div><!-- .entry-content -->\n\t<\/div><!-- .corp-content-wrapper -->\n\n\t<\/article><!-- #post-## -->\n\n<article id=\"post-523\" class=\"post-523 post type-post status-publish format-standard has-post-thumbnail hentry category-projetos-20\">\n\t\n\t\t\t<div class=\"entry-thumbnail\">\n\t\t\t<a href=\"https:\/\/sites.usp.br\/tecnologiaseducom\/educamicast\/\">\n\t\t\t\t<img loading=\"lazy\" decoding=\"async\" width=\"551\" height=\"364\" src=\"https:\/\/sites.usp.br\/tecnologiaseducom\/wp-content\/uploads\/sites\/551\/2021\/01\/EDUCAMICAST-551x364.png\" class=\"attachment-siteorigin-corp-551x364-crop size-siteorigin-corp-551x364-crop wp-post-image\" alt=\"\" srcset=\"https:\/\/sites.usp.br\/tecnologiaseducom\/wp-content\/uploads\/sites\/551\/2021\/01\/EDUCAMICAST-551x364.png 551w, https:\/\/sites.usp.br\/tecnologiaseducom\/wp-content\/uploads\/sites\/551\/2021\/01\/EDUCAMICAST-247x163.png 247w, https:\/\/sites.usp.br\/tecnologiaseducom\/wp-content\/uploads\/sites\/551\/2021\/01\/EDUCAMICAST-354x234.png 354w\" sizes=\"auto, (max-width: 551px) 100vw, 551px\" \/>\t\t\n\t\t\t<\/a>\n\t\t<\/div>\n\t\t\n\n\t<div class=\"corp-content-wrapper\">\n\t\t<header class=\"entry-header\">\n\t\t\t<h2 class=\"entry-title\"><a href=\"https:\/\/sites.usp.br\/tecnologiaseducom\/educamicast\/\" rel=\"bookmark\">EDUCAMICAST<\/a><\/h2>\t\t\t<div class=\"entry-meta\">\n\t\t\t\t<span class=\"entry-date\"><a href=\"https:\/\/sites.usp.br\/tecnologiaseducom\/educamicast\/\" rel=\"bookmark\"><time class=\"published\" datetime=\"2021-01-25T21:26:42-02:00\">janeiro 25, 2021<\/time><time class=\"updated\" datetime=\"2021-01-25T23:41:16-02:00\">25\/01\/2021<\/time><\/span><\/a><span><a href=\"https:\/\/sites.usp.br\/tecnologiaseducom\/category\/projetos-20\/\" rel=\"category tag\">Projetos 2020<\/a><\/span>\t\t\t<\/div><!-- .entry-meta -->\n\t\t\t\t\t<\/header><!-- .entry-header -->\n\n\t\t<div class=\"entry-content\">\n\t\t\t<p>PODCAST SOBRE EDUCA\u00c7\u00c3O MIDI\u00c1TICA O Educamicast \u00e9 um podcast produzido com objetivo de ensinar o ouvinte sobre quest\u00f5es que englobam a educa\u00e7\u00e3o midi\u00e1tica. Em tr\u00eas epis\u00f3dios foram abordados temas como Algoritmos, Prote\u00e7\u00e3o de Dados, Platafirmiza\u00e7\u00e3o, E-motividade e Seguran\u00e7a nas redes sociais. No podcast \u00e9 poss\u00edvel conhecer Fl\u00e1vio, Jo\u00e3o, Karol e mais tarde Guilherme, amigos que&hellip;<\/p>\n\t\t<\/div><!-- .entry-content -->\n\t<\/div><!-- .corp-content-wrapper -->\n\n\t<\/article><!-- #post-## -->\n\n\t<nav class=\"navigation pagination\" aria-label=\"Pagina\u00e7\u00e3o de posts\">\n\t\t<h2 class=\"screen-reader-text\">Pagina\u00e7\u00e3o de posts<\/h2>\n\t\t<div class=\"nav-links\"><span aria-current=\"page\" class=\"page-numbers current\">1<\/span>\n<a class=\"page-numbers\" href=\"https:\/\/sites.usp.br\/tecnologiaseducom\/wp-json\/wp\/v2\/pages\/328\/page\/2\/\">2<\/a>\n<a class=\"page-numbers\" href=\"https:\/\/sites.usp.br\/tecnologiaseducom\/wp-json\/wp\/v2\/pages\/328\/page\/3\/\">3<\/a>\n<a class=\"next page-numbers\" href=\"https:\/\/sites.usp.br\/tecnologiaseducom\/wp-json\/wp\/v2\/pages\/328\/page\/2\/\">&rarr;<\/a><\/div>\n\t<\/nav><\/div><\/div><\/div><\/div>","protected":false},"excerpt":{"rendered":"<p>Projetos realizados na disciplina em 2020:<\/p>\n","protected":false},"author":961,"featured_media":0,"parent":0,"menu_order":2,"comment_status":"closed","ping_status":"closed","template":"","meta":{"footnotes":"","_links_to":"","_links_to_target":""},"class_list":["post-328","page","type-page","status-publish","hentry","post"],"_links":{"self":[{"href":"https:\/\/sites.usp.br\/tecnologiaseducom\/wp-json\/wp\/v2\/pages\/328","targetHints":{"allow":["GET"]}}],"collection":[{"href":"https:\/\/sites.usp.br\/tecnologiaseducom\/wp-json\/wp\/v2\/pages"}],"about":[{"href":"https:\/\/sites.usp.br\/tecnologiaseducom\/wp-json\/wp\/v2\/types\/page"}],"author":[{"embeddable":true,"href":"https:\/\/sites.usp.br\/tecnologiaseducom\/wp-json\/wp\/v2\/users\/961"}],"replies":[{"embeddable":true,"href":"https:\/\/sites.usp.br\/tecnologiaseducom\/wp-json\/wp\/v2\/comments?post=328"}],"version-history":[{"count":3,"href":"https:\/\/sites.usp.br\/tecnologiaseducom\/wp-json\/wp\/v2\/pages\/328\/revisions"}],"predecessor-version":[{"id":585,"href":"https:\/\/sites.usp.br\/tecnologiaseducom\/wp-json\/wp\/v2\/pages\/328\/revisions\/585"}],"wp:attachment":[{"href":"https:\/\/sites.usp.br\/tecnologiaseducom\/wp-json\/wp\/v2\/media?parent=328"}],"curies":[{"name":"wp","href":"https:\/\/api.w.org\/{rel}","templated":true}]}}