{"id":4,"date":"2017-11-27T19:51:38","date_gmt":"2017-11-27T21:51:38","guid":{"rendered":"http:\/\/www2.eca.usp.br\/tecnologiaseducom\/?page_id=4"},"modified":"2021-01-25T00:01:27","modified_gmt":"2021-01-25T02:01:27","slug":"trabalhos-do-semestre-2_2017","status":"publish","type":"page","link":"https:\/\/sites.usp.br\/tecnologiaseducom\/trabalhos-do-semestre-2_2017\/","title":{"rendered":"Projetos 2017"},"content":{"rendered":"<ul>\n<li><a href=\"http:\/\/www2.eca.usp.br\/tecnologiaseducom\/index.php\/2017\/11\/27\/aplicativo-educomunicacao\/\">Professor Educom: recursos educomunicativos na palma da sua m\u00e3o<\/a><\/li>\n<li><a href=\"http:\/\/www2.eca.usp.br\/tecnologiaseducom\/index.php\/2017\/11\/27\/6xy\/\">6XY: Jogo educativo<\/a><\/li>\n<li><a href=\"http:\/\/www2.eca.usp.br\/tecnologiaseducom\/index.php\/2017\/11\/27\/culturacao\/\" target=\"_blank\" rel=\"noopener\">CulturA\u00e7\u00e3o: aprenda a usar e atualizar o Mapa da Cultura de SP e conhe\u00e7a mapas de outros Estados<\/a><\/li>\n<li><a href=\"http:\/\/www2.eca.usp.br\/tecnologiaseducom\/index.php\/2017\/11\/27\/wikihow-como-fazer-monitorando-a-cidade\/\">Wikihow \u2013 como fazer? Aprendendo a usar o aplicativo \u201cMonitorando a cidade\u201d em uma atividade educomunicativa<\/a><\/li>\n<li><a href=\"http:\/\/www2.eca.usp.br\/tecnologiaseducom\/index.php\/2017\/11\/27\/objeto-educacional-digital\/\">Ciberespa\u00e7o do Educomunicador<\/a><\/li>\n<li><a href=\"http:\/\/www2.eca.usp.br\/tecnologiaseducom\/index.php\/2017\/11\/27\/diario-de-classe\/\">EducomPlay: capacita\u00e7\u00e3o de alunos para produ\u00e7\u00e3o audiovisual\u00a0<\/a><\/li>\n<li><a href=\"http:\/\/www2.eca.usp.br\/tecnologiaseducom\/index.php\/2017\/11\/27\/geoeducom\/\">e-Topikos: apropria\u00e7\u00e3o afetiva dos espa\u00e7os geogr\u00e1ficos<\/a><\/li>\n<li><a href=\"http:\/\/www2.eca.usp.br\/tecnologiaseducom\/index.php\/2017\/09\/28\/ola-mundo\/\">Nosso Bairro: uma proposta de gest\u00e3o democr\u00e1tica colaborativa<\/a><\/li>\n<li><a href=\"http:\/\/www2.eca.usp.br\/tecnologiaseducom\/index.php\/2017\/11\/27\/edugram\/\" target=\"_blank\" rel=\"noopener\">Projeto Edugram: A rede social Instagram e seu potencial uso educativo<\/a><\/li>\n<li><a href=\"http:\/\/www2.eca.usp.br\/tecnologiaseducom\/index.php\/2017\/11\/27\/nossa-quebrada\/\">Nossa Quebrada: protagonismo jovem na rede<\/a><\/li>\n<\/ul>\n<p>&nbsp;<\/p>\n","protected":false},"excerpt":{"rendered":"<p>Professor Educom: recursos educomunicativos na palma da sua m\u00e3o 6XY: Jogo educativo CulturA\u00e7\u00e3o: aprenda a usar e atualizar o Mapa da Cultura de SP e conhe\u00e7a mapas de outros Estados Wikihow \u2013 como fazer? Aprendendo a usar o aplicativo \u201cMonitorando a cidade\u201d em uma atividade educomunicativa Ciberespa\u00e7o do Educomunicador EducomPlay: capacita\u00e7\u00e3o de alunos para produ\u00e7\u00e3o&hellip;<\/p>\n","protected":false},"author":1042,"featured_media":0,"parent":0,"menu_order":6,"comment_status":"closed","ping_status":"closed","template":"","meta":{"footnotes":"","_links_to":"","_links_to_target":""},"class_list":["post-4","page","type-page","status-publish","hentry","post"],"_links":{"self":[{"href":"https:\/\/sites.usp.br\/tecnologiaseducom\/wp-json\/wp\/v2\/pages\/4","targetHints":{"allow":["GET"]}}],"collection":[{"href":"https:\/\/sites.usp.br\/tecnologiaseducom\/wp-json\/wp\/v2\/pages"}],"about":[{"href":"https:\/\/sites.usp.br\/tecnologiaseducom\/wp-json\/wp\/v2\/types\/page"}],"author":[{"embeddable":true,"href":"https:\/\/sites.usp.br\/tecnologiaseducom\/wp-json\/wp\/v2\/users\/1042"}],"replies":[{"embeddable":true,"href":"https:\/\/sites.usp.br\/tecnologiaseducom\/wp-json\/wp\/v2\/comments?post=4"}],"version-history":[{"count":1,"href":"https:\/\/sites.usp.br\/tecnologiaseducom\/wp-json\/wp\/v2\/pages\/4\/revisions"}],"predecessor-version":[{"id":481,"href":"https:\/\/sites.usp.br\/tecnologiaseducom\/wp-json\/wp\/v2\/pages\/4\/revisions\/481"}],"wp:attachment":[{"href":"https:\/\/sites.usp.br\/tecnologiaseducom\/wp-json\/wp\/v2\/media?parent=4"}],"curies":[{"name":"wp","href":"https:\/\/api.w.org\/{rel}","templated":true}]}}