{"id":158,"date":"2021-12-01T10:45:40","date_gmt":"2021-12-01T13:45:40","guid":{"rendered":"https:\/\/sites.usp.br\/telessaude\/?page_id=158"},"modified":"2026-03-02T17:45:46","modified_gmt":"2026-03-02T20:45:46","slug":"quem-somos","status":"publish","type":"page","link":"https:\/\/sites.usp.br\/telessaude\/quem-somos\/","title":{"rendered":"Quem somos"},"content":{"rendered":"\t\t<div data-elementor-type=\"wp-page\" data-elementor-id=\"158\" class=\"elementor elementor-158\" data-elementor-post-type=\"page\">\n\t\t\t\t\t\t<section class=\"elementor-section elementor-top-section elementor-element elementor-element-ddcc453 elementor-section-boxed elementor-section-height-default elementor-section-height-default\" data-id=\"ddcc453\" data-element_type=\"section\">\n\t\t\t\t\t\t<div class=\"elementor-container elementor-column-gap-no\">\n\t\t\t\t\t<div class=\"elementor-column elementor-col-100 elementor-top-column elementor-element elementor-element-7e9788a\" data-id=\"7e9788a\" data-element_type=\"column\">\n\t\t\t<div class=\"elementor-widget-wrap elementor-element-populated\">\n\t\t\t\t\t\t<div class=\"elementor-element elementor-element-0b48e54 elementor-widget elementor-widget-heading\" data-id=\"0b48e54\" data-element_type=\"widget\" data-widget_type=\"heading.default\">\n\t\t\t\t<div class=\"elementor-widget-container\">\n\t\t\t<h2 class=\"elementor-heading-title elementor-size-default\">Hist\u00f3ria do N\u00facleo<\/h2>\t\t<\/div>\n\t\t\t\t<\/div>\n\t\t\t\t<div class=\"elementor-element elementor-element-b76ea3c elementor-widget elementor-widget-text-editor\" data-id=\"b76ea3c\" data-element_type=\"widget\" data-widget_type=\"text-editor.default\">\n\t\t\t\t<div class=\"elementor-widget-container\">\n\t\t\t\t\t\t\t<p style=\"text-align: left;\">O N\u00facleo de Telessa\u00fade e Teleodontologia, Laborat\u00f3rio de Sa\u00fade Digital e Intelig\u00eancia Artificial da FOUSP (NuTes-DigiLab\/FOUSP) \u00e9 formado por uma equipe de docentes, alunos de p\u00f3s-gradua\u00e7\u00e3o e de gradua\u00e7\u00e3o, desenvolvendo pesquisa, ensino, extens\u00e3o e coopera\u00e7\u00e3o t\u00e9cnica aplicadas ao cuidado em sa\u00fade h\u00edbrido e educa\u00e7\u00e3o mediada por tecnologias digitais. Atua no ensino da Teleodontologia na gradua\u00e7\u00e3o e na p\u00f3s-gradua\u00e7\u00e3o, no desenvolvimento de pesquisa e inova\u00e7\u00e3o, no desenvolvimento e implementa\u00e7\u00e3o de solu\u00e7\u00f5es integradas de Telessaude, Teleodontologia e Sa\u00fade Digital. Est\u00e1 vinculado ao Programa de P\u00f3s-Gradua\u00e7\u00e3o em Ci\u00eancias Odontol\u00f3gicas.<\/p>\n<p><!-- \/wp:paragraph --><!-- wp:paragraph --><\/p>\n<p>O NuTes-DigiLab\/FOUSP foi criado em 2007 na Faculdade de Odontologia da Universidade de S\u00e3o Paulo (FOUSP), vinculado \u00e0 Diretoria da Faculdade (gest\u00e3o do Prof. Dr. Carlos de Paula Eduardo), impulsionado pelo Programa Telessaude Brasil, do Minist\u00e9rio da Sa\u00fade, coordenado pela Profa. Dra. Ana Estela Haddad, quando ocupava no Minist\u00e9rio o cargo de Diretora de Gest\u00e3o da Educa\u00e7\u00e3o na Sa\u00fade da Secretaria de Gest\u00e3o do Trabalho e da Educa\u00e7\u00e3o na Sa\u00fade (DEGES\/SGTES). No Departamento de Ortodontia e Odontopediatria as primeiras atividades do NuTes foram conduzidas pelo Prof. Dr. Marcelo Bonecker e no Departamento de Dent\u00edstica pelo Prof. Dr. Jo\u00e3o Humberto Antoniazzi.<\/p>\n<p><!-- \/wp:paragraph --><!-- wp:paragraph --><\/p>\n<p>O primeiro trabalho foi desenvolvido em parceria com a Disciplina de Telemedicina da Faculdade de Medicina da USP (FMUSP), por meio do Projeto Homem Virtual, coordenado pelo Prof. Dr. Chao Lung Wen, resultando na disserta\u00e7\u00e3o de mestrado o CD C\u00e1ssio Jos\u00e9 Fornazzari Alencar, orientada pela Profa. Dra. Ana Estela Haddad. Os dois primeiros pos- doutorados tiveram a supervis\u00e3o do Prof. Dr. Jo\u00e3o Humberto Antoniazzi (Profa. Dra. Mary Caroline Skelton-Macedo) e do Prof. Dr. Marcelo Bonecker (Dra. Luciana Buttini).<\/p>\n<p><!-- \/wp:paragraph --><!-- wp:paragraph --><\/p>\n<p>Foram criadas as disciplinas de Teleodontologia, na gradua\u00e7\u00e3o como optativa, e na p\u00f3s-gradua\u00e7\u00e3o, a disciplina atualmente denominada Telessaude e Sa\u00fade Digital: novas formas de cuidado e de ensino ap\u00f3s o advento da pandemia pela COVID-19. Uma linha de fomento da Superintend\u00eancia de Tecnologia da Informa\u00e7\u00e3o da Universidade de S\u00e3o Paulo (STI\/USP) apoiou a cria\u00e7\u00e3o do Centro de Produ\u00e7\u00e3o Digital Edmir Matson na FOUSP em 2013. A FOUSP vem ampliando e fortalecendo suas atividades de p\u00f3s-gradua\u00e7\u00e3o, pesquisa, ensino e inova\u00e7\u00e3o em telessaude e teleodontologia, envolvendo a teleassist\u00eancia e a teleduca\u00e7\u00e3o. Atualmente, dois grupos de pesquisa distintos atuam na teleodontologia na FOUSP, sendo um deles o do N\u00facleo de Telessa\u00fade e Teleodontologia, Laborat\u00f3rio de Sa\u00fade Digital e Intelig\u00eancia Artificial da FOUSP (NuTes-DigiLab\/FOUSP).<\/p>\n<p><!-- \/wp:paragraph --><!-- wp:paragraph --><!-- \/wp:list --><\/p>\t\t\t\t\t\t<\/div>\n\t\t\t\t<\/div>\n\t\t\t\t\t<\/div>\n\t\t<\/div>\n\t\t\t\t\t<\/div>\n\t\t<\/section>\n\t\t\t\t<\/div>\n\t\t","protected":false},"excerpt":{"rendered":"<p>Hist\u00f3ria do N\u00facleo O N\u00facleo de Telessa\u00fade e Teleodontologia, Laborat\u00f3rio de Sa\u00fade Digital e Intelig\u00eancia Artificial da FOUSP (NuTes-DigiLab\/FOUSP) \u00e9 formado por uma equipe de docentes, alunos de p\u00f3s-gradua\u00e7\u00e3o e de gradua\u00e7\u00e3o, desenvolvendo pesquisa, ensino, extens\u00e3o e coopera\u00e7\u00e3o t\u00e9cnica aplicadas ao cuidado em sa\u00fade h\u00edbrido e educa\u00e7\u00e3o mediada por tecnologias digitais. Atua no ensino da [&hellip;]<\/p>\n","protected":false},"author":22702,"featured_media":0,"parent":0,"menu_order":0,"comment_status":"closed","ping_status":"closed","template":"elementor_header_footer","meta":{"ocean_post_layout":"full-width","ocean_both_sidebars_style":"","ocean_both_sidebars_content_width":0,"ocean_both_sidebars_sidebars_width":0,"ocean_sidebar":"ocs-quem-somos","ocean_second_sidebar":"0","ocean_disable_margins":"enable","ocean_add_body_class":"","ocean_shortcode_before_top_bar":"","ocean_shortcode_after_top_bar":"","ocean_shortcode_before_header":"","ocean_shortcode_after_header":"","ocean_has_shortcode":"","ocean_shortcode_after_title":"","ocean_shortcode_before_footer_widgets":"","ocean_shortcode_after_footer_widgets":"","ocean_shortcode_before_footer_bottom":"","ocean_shortcode_after_footer_bottom":"","ocean_display_top_bar":"default","ocean_display_header":"default","ocean_header_style":"","ocean_center_header_left_menu":"0","ocean_custom_header_template":"0","ocean_custom_logo":0,"ocean_custom_retina_logo":0,"ocean_custom_logo_max_width":0,"ocean_custom_logo_tablet_max_width":0,"ocean_custom_logo_mobile_max_width":0,"ocean_custom_logo_max_height":0,"ocean_custom_logo_tablet_max_height":0,"ocean_custom_logo_mobile_max_height":0,"ocean_header_custom_menu":"0","ocean_menu_typo_font_family":"0","ocean_menu_typo_font_subset":"","ocean_menu_typo_font_size":0,"ocean_menu_typo_font_size_tablet":0,"ocean_menu_typo_font_size_mobile":0,"ocean_menu_typo_font_size_unit":"px","ocean_menu_typo_font_weight":"","ocean_menu_typo_font_weight_tablet":"","ocean_menu_typo_font_weight_mobile":"","ocean_menu_typo_transform":"","ocean_menu_typo_transform_tablet":"","ocean_menu_typo_transform_mobile":"","ocean_menu_typo_line_height":0,"ocean_menu_typo_line_height_tablet":0,"ocean_menu_typo_line_height_mobile":0,"ocean_menu_typo_line_height_unit":"","ocean_menu_typo_spacing":0,"ocean_menu_typo_spacing_tablet":0,"ocean_menu_typo_spacing_mobile":0,"ocean_menu_typo_spacing_unit":"","ocean_menu_link_color":"","ocean_menu_link_color_hover":"","ocean_menu_link_color_active":"","ocean_menu_link_background":"","ocean_menu_link_hover_background":"","ocean_menu_link_active_background":"","ocean_menu_social_links_bg":"","ocean_menu_social_hover_links_bg":"","ocean_menu_social_links_color":"","ocean_menu_social_hover_links_color":"","ocean_disable_title":"default","ocean_disable_heading":"default","ocean_post_title":"","ocean_post_subheading":"","ocean_post_title_style":"","ocean_post_title_background_color":"","ocean_post_title_background":0,"ocean_post_title_bg_image_position":"","ocean_post_title_bg_image_attachment":"","ocean_post_title_bg_image_repeat":"","ocean_post_title_bg_image_size":"","ocean_post_title_height":0,"ocean_post_title_bg_overlay":0.5,"ocean_post_title_bg_overlay_color":"","ocean_disable_breadcrumbs":"default","ocean_breadcrumbs_color":"","ocean_breadcrumbs_separator_color":"","ocean_breadcrumbs_links_color":"","ocean_breadcrumbs_links_hover_color":"","ocean_display_footer_widgets":"default","ocean_display_footer_bottom":"default","ocean_custom_footer_template":"0","footnotes":"","_links_to":"","_links_to_target":""},"class_list":["post-158","page","type-page","status-publish","hentry","entry"],"_links":{"self":[{"href":"https:\/\/sites.usp.br\/telessaude\/wp-json\/wp\/v2\/pages\/158","targetHints":{"allow":["GET"]}}],"collection":[{"href":"https:\/\/sites.usp.br\/telessaude\/wp-json\/wp\/v2\/pages"}],"about":[{"href":"https:\/\/sites.usp.br\/telessaude\/wp-json\/wp\/v2\/types\/page"}],"author":[{"embeddable":true,"href":"https:\/\/sites.usp.br\/telessaude\/wp-json\/wp\/v2\/users\/22702"}],"replies":[{"embeddable":true,"href":"https:\/\/sites.usp.br\/telessaude\/wp-json\/wp\/v2\/comments?post=158"}],"version-history":[{"count":4,"href":"https:\/\/sites.usp.br\/telessaude\/wp-json\/wp\/v2\/pages\/158\/revisions"}],"predecessor-version":[{"id":3329,"href":"https:\/\/sites.usp.br\/telessaude\/wp-json\/wp\/v2\/pages\/158\/revisions\/3329"}],"wp:attachment":[{"href":"https:\/\/sites.usp.br\/telessaude\/wp-json\/wp\/v2\/media?parent=158"}],"curies":[{"name":"wp","href":"https:\/\/api.w.org\/{rel}","templated":true}]}}