{"id":2519,"date":"2022-06-22T07:51:49","date_gmt":"2022-06-22T10:51:49","guid":{"rendered":"https:\/\/sites.usp.br\/telessaude\/?page_id=2519"},"modified":"2026-03-02T16:55:59","modified_gmt":"2026-03-02T19:55:59","slug":"inovacao","status":"publish","type":"page","link":"https:\/\/sites.usp.br\/telessaude\/inovacao\/","title":{"rendered":"Inova\u00e7\u00e3o"},"content":{"rendered":"\t\t<div data-elementor-type=\"wp-page\" data-elementor-id=\"2519\" class=\"elementor elementor-2519\" data-elementor-post-type=\"page\">\n\t\t\t\t\t\t<section class=\"elementor-section elementor-top-section elementor-element elementor-element-deaa98f elementor-section-boxed elementor-section-height-default elementor-section-height-default\" data-id=\"deaa98f\" data-element_type=\"section\">\n\t\t\t\t\t\t<div class=\"elementor-container elementor-column-gap-default\">\n\t\t\t\t\t<div class=\"elementor-column elementor-col-100 elementor-top-column elementor-element elementor-element-0ec260d\" data-id=\"0ec260d\" data-element_type=\"column\">\n\t\t\t<div class=\"elementor-widget-wrap\">\n\t\t\t\t\t\t\t<\/div>\n\t\t<\/div>\n\t\t\t\t\t<\/div>\n\t\t<\/section>\n\t\t\t\t<section class=\"elementor-section elementor-top-section elementor-element elementor-element-d398ac9 elementor-section-boxed elementor-section-height-default elementor-section-height-default\" data-id=\"d398ac9\" data-element_type=\"section\">\n\t\t\t\t\t\t<div class=\"elementor-container elementor-column-gap-default\">\n\t\t\t\t\t<div class=\"elementor-column elementor-col-100 elementor-top-column elementor-element elementor-element-51bf135\" data-id=\"51bf135\" data-element_type=\"column\">\n\t\t\t<div class=\"elementor-widget-wrap elementor-element-populated\">\n\t\t\t\t\t\t<div class=\"elementor-element elementor-element-0a31df1 elementor-widget elementor-widget-spacer\" data-id=\"0a31df1\" data-element_type=\"widget\" data-widget_type=\"spacer.default\">\n\t\t\t\t<div class=\"elementor-widget-container\">\n\t\t\t\t\t<div class=\"elementor-spacer\">\n\t\t\t<div class=\"elementor-spacer-inner\"><\/div>\n\t\t<\/div>\n\t\t\t\t<\/div>\n\t\t\t\t<\/div>\n\t\t\t\t\t<\/div>\n\t\t<\/div>\n\t\t\t\t\t<\/div>\n\t\t<\/section>\n\t\t\t\t<section class=\"elementor-section elementor-top-section elementor-element elementor-element-6c5f91b elementor-section-boxed elementor-section-height-default elementor-section-height-default\" data-id=\"6c5f91b\" data-element_type=\"section\">\n\t\t\t\t\t\t<div class=\"elementor-container elementor-column-gap-default\">\n\t\t\t\t\t<div class=\"elementor-column elementor-col-100 elementor-top-column elementor-element elementor-element-188fee3\" data-id=\"188fee3\" data-element_type=\"column\">\n\t\t\t<div class=\"elementor-widget-wrap elementor-element-populated\">\n\t\t\t\t\t\t<div class=\"elementor-element elementor-element-7f8b961 elementor-widget elementor-widget-heading\" data-id=\"7f8b961\" data-element_type=\"widget\" data-widget_type=\"heading.default\">\n\t\t\t\t<div class=\"elementor-widget-container\">\n\t\t\t<h2 class=\"elementor-heading-title elementor-size-default\">Inova\u00e7\u00e3o<\/h2>\t\t<\/div>\n\t\t\t\t<\/div>\n\t\t\t\t\t<\/div>\n\t\t<\/div>\n\t\t\t\t\t<\/div>\n\t\t<\/section>\n\t\t\t\t<section class=\"elementor-section elementor-top-section elementor-element elementor-element-b12297d elementor-section-boxed elementor-section-height-default elementor-section-height-default\" data-id=\"b12297d\" data-element_type=\"section\">\n\t\t\t\t\t\t<div class=\"elementor-container elementor-column-gap-default\">\n\t\t\t\t\t<div class=\"elementor-column elementor-col-100 elementor-top-column elementor-element elementor-element-7c988bf\" data-id=\"7c988bf\" data-element_type=\"column\">\n\t\t\t<div class=\"elementor-widget-wrap elementor-element-populated\">\n\t\t\t\t\t\t<div class=\"elementor-element elementor-element-94ec176 elementor-widget elementor-widget-text-editor\" data-id=\"94ec176\" data-element_type=\"widget\" data-widget_type=\"text-editor.default\">\n\t\t\t\t<div class=\"elementor-widget-container\">\n\t\t\t\t\t\t\t<p data-start=\"409\" data-end=\"728\">A inova\u00e7\u00e3o \u00e9 um dos eixos estrat\u00e9gicos do N\u00facleo de Telessa\u00fade e Teleodontologia, Laborat\u00f3rio de Sa\u00fade Digital e Intelig\u00eancia Artificial da FOUSP (NuTes-DigiLab\/FOUSP). Nossas iniciativas combinam pesquisa aplicada, desenvolvimento de solu\u00e7\u00f5es digitais e coopera\u00e7\u00e3o nacional e internacional, sempre alinhadas \u00e0s necessidades do Sistema \u00danico de Sa\u00fade (SUS).<\/p><p data-start=\"730\" data-end=\"1011\">Entre os destaques est\u00e3o os <strong data-start=\"758\" data-end=\"783\">Registros de Software<\/strong> no INPI, que comprovam a originalidade de materiais educacionais e aplicativos desenvolvidos pela equipe, e o <strong data-start=\"894\" data-end=\"910\">Projeto CAEG<\/strong>, voltado \u00e0 avalia\u00e7\u00e3o e governan\u00e7a em sa\u00fade digital, que re\u00fane publica\u00e7\u00f5es e experi\u00eancias recentes.<\/p><p data-start=\"1013\" data-end=\"1180\">Essas a\u00e7\u00f5es refor\u00e7am o compromisso do NuTes-DigiLab\/FOUSP com a transforma\u00e7\u00e3o digital da sa\u00fade, ampliando o acesso, a qualidade e a seguran\u00e7a das pr\u00e1ticas de telessa\u00fade no Brasil.<\/p>\t\t\t\t\t\t<\/div>\n\t\t\t\t<\/div>\n\t\t\t\t<div class=\"elementor-element elementor-element-f1696c4 elementor-nav-menu--dropdown-tablet elementor-nav-menu__text-align-aside elementor-nav-menu--toggle elementor-nav-menu--burger elementor-widget elementor-widget-nav-menu\" data-id=\"f1696c4\" data-element_type=\"widget\" data-settings=\"{&quot;layout&quot;:&quot;horizontal&quot;,&quot;submenu_icon&quot;:{&quot;value&quot;:&quot;&lt;i class=\\&quot;fas fa-caret-down\\&quot;&gt;&lt;\\\/i&gt;&quot;,&quot;library&quot;:&quot;fa-solid&quot;},&quot;toggle&quot;:&quot;burger&quot;}\" data-widget_type=\"nav-menu.default\">\n\t\t\t\t<div class=\"elementor-widget-container\">\n\t\t\t\t\t\t<nav aria-label=\"Menu\" class=\"elementor-nav-menu--main elementor-nav-menu__container elementor-nav-menu--layout-horizontal e--pointer-underline e--animation-fade\">\n\t\t\t\t<ul id=\"menu-1-f1696c4\" class=\"elementor-nav-menu\"><li class=\"menu-item menu-item-type-post_type menu-item-object-page menu-item-2533\"><a href=\"https:\/\/sites.usp.br\/telessaude\/inovacao\/registros-de-software\/\" class=\"elementor-item\">Registros de Software<\/a><\/li>\n<li class=\"menu-item menu-item-type-post_type menu-item-object-page menu-item-2539\"><a href=\"https:\/\/sites.usp.br\/telessaude\/inovacao\/projeto-caeg\/\" class=\"elementor-item\">Projeto CAEG<\/a><\/li>\n<\/ul>\t\t\t<\/nav>\n\t\t\t\t\t<div class=\"elementor-menu-toggle\" role=\"button\" tabindex=\"0\" aria-label=\"Alternar menu\" aria-expanded=\"false\">\n\t\t\t<i aria-hidden=\"true\" role=\"presentation\" class=\"elementor-menu-toggle__icon--open eicon-menu-bar\"><\/i><i aria-hidden=\"true\" role=\"presentation\" class=\"elementor-menu-toggle__icon--close eicon-close\"><\/i>\t\t\t<span class=\"elementor-screen-only\">Menu<\/span>\n\t\t<\/div>\n\t\t\t\t\t<nav class=\"elementor-nav-menu--dropdown elementor-nav-menu__container\" aria-hidden=\"true\">\n\t\t\t\t<ul id=\"menu-2-f1696c4\" class=\"elementor-nav-menu\"><li class=\"menu-item menu-item-type-post_type menu-item-object-page menu-item-2533\"><a href=\"https:\/\/sites.usp.br\/telessaude\/inovacao\/registros-de-software\/\" class=\"elementor-item\" tabindex=\"-1\">Registros de Software<\/a><\/li>\n<li class=\"menu-item menu-item-type-post_type menu-item-object-page menu-item-2539\"><a href=\"https:\/\/sites.usp.br\/telessaude\/inovacao\/projeto-caeg\/\" class=\"elementor-item\" tabindex=\"-1\">Projeto CAEG<\/a><\/li>\n<\/ul>\t\t\t<\/nav>\n\t\t\t\t<\/div>\n\t\t\t\t<\/div>\n\t\t\t\t\t<\/div>\n\t\t<\/div>\n\t\t\t\t\t<\/div>\n\t\t<\/section>\n\t\t\t\t<\/div>\n\t\t","protected":false},"excerpt":{"rendered":"<p>Inova\u00e7\u00e3o A inova\u00e7\u00e3o \u00e9 um dos eixos estrat\u00e9gicos do N\u00facleo de Telessa\u00fade e Teleodontologia, Laborat\u00f3rio de Sa\u00fade Digital e Intelig\u00eancia Artificial da FOUSP (NuTes-DigiLab\/FOUSP). Nossas iniciativas combinam pesquisa aplicada, desenvolvimento de solu\u00e7\u00f5es digitais e coopera\u00e7\u00e3o nacional e internacional, sempre alinhadas \u00e0s necessidades do Sistema \u00danico de Sa\u00fade (SUS). Entre os destaques est\u00e3o os Registros de [&hellip;]<\/p>\n","protected":false},"author":21973,"featured_media":0,"parent":0,"menu_order":0,"comment_status":"closed","ping_status":"closed","template":"","meta":{"ocean_post_layout":"full-screen","ocean_both_sidebars_style":"","ocean_both_sidebars_content_width":0,"ocean_both_sidebars_sidebars_width":0,"ocean_sidebar":"0","ocean_second_sidebar":"0","ocean_disable_margins":"enable","ocean_add_body_class":"","ocean_shortcode_before_top_bar":"","ocean_shortcode_after_top_bar":"","ocean_shortcode_before_header":"","ocean_shortcode_after_header":"","ocean_has_shortcode":"","ocean_shortcode_after_title":"","ocean_shortcode_before_footer_widgets":"","ocean_shortcode_after_footer_widgets":"","ocean_shortcode_before_footer_bottom":"","ocean_shortcode_after_footer_bottom":"","ocean_display_top_bar":"default","ocean_display_header":"default","ocean_header_style":"","ocean_center_header_left_menu":"0","ocean_custom_header_template":"0","ocean_custom_logo":0,"ocean_custom_retina_logo":0,"ocean_custom_logo_max_width":0,"ocean_custom_logo_tablet_max_width":0,"ocean_custom_logo_mobile_max_width":0,"ocean_custom_logo_max_height":0,"ocean_custom_logo_tablet_max_height":0,"ocean_custom_logo_mobile_max_height":0,"ocean_header_custom_menu":"0","ocean_menu_typo_font_family":"0","ocean_menu_typo_font_subset":"","ocean_menu_typo_font_size":0,"ocean_menu_typo_font_size_tablet":0,"ocean_menu_typo_font_size_mobile":0,"ocean_menu_typo_font_size_unit":"px","ocean_menu_typo_font_weight":"","ocean_menu_typo_font_weight_tablet":"","ocean_menu_typo_font_weight_mobile":"","ocean_menu_typo_transform":"","ocean_menu_typo_transform_tablet":"","ocean_menu_typo_transform_mobile":"","ocean_menu_typo_line_height":0,"ocean_menu_typo_line_height_tablet":0,"ocean_menu_typo_line_height_mobile":0,"ocean_menu_typo_line_height_unit":"","ocean_menu_typo_spacing":0,"ocean_menu_typo_spacing_tablet":0,"ocean_menu_typo_spacing_mobile":0,"ocean_menu_typo_spacing_unit":"","ocean_menu_link_color":"","ocean_menu_link_color_hover":"","ocean_menu_link_color_active":"","ocean_menu_link_background":"","ocean_menu_link_hover_background":"","ocean_menu_link_active_background":"","ocean_menu_social_links_bg":"","ocean_menu_social_hover_links_bg":"","ocean_menu_social_links_color":"","ocean_menu_social_hover_links_color":"","ocean_disable_title":"default","ocean_disable_heading":"default","ocean_post_title":"","ocean_post_subheading":"","ocean_post_title_style":"","ocean_post_title_background_color":"","ocean_post_title_background":0,"ocean_post_title_bg_image_position":"","ocean_post_title_bg_image_attachment":"","ocean_post_title_bg_image_repeat":"","ocean_post_title_bg_image_size":"","ocean_post_title_height":0,"ocean_post_title_bg_overlay":0.5,"ocean_post_title_bg_overlay_color":"","ocean_disable_breadcrumbs":"default","ocean_breadcrumbs_color":"","ocean_breadcrumbs_separator_color":"","ocean_breadcrumbs_links_color":"","ocean_breadcrumbs_links_hover_color":"","ocean_display_footer_widgets":"default","ocean_display_footer_bottom":"default","ocean_custom_footer_template":"0","footnotes":"","_links_to":"","_links_to_target":""},"class_list":["post-2519","page","type-page","status-publish","hentry","entry"],"_links":{"self":[{"href":"https:\/\/sites.usp.br\/telessaude\/wp-json\/wp\/v2\/pages\/2519","targetHints":{"allow":["GET"]}}],"collection":[{"href":"https:\/\/sites.usp.br\/telessaude\/wp-json\/wp\/v2\/pages"}],"about":[{"href":"https:\/\/sites.usp.br\/telessaude\/wp-json\/wp\/v2\/types\/page"}],"author":[{"embeddable":true,"href":"https:\/\/sites.usp.br\/telessaude\/wp-json\/wp\/v2\/users\/21973"}],"replies":[{"embeddable":true,"href":"https:\/\/sites.usp.br\/telessaude\/wp-json\/wp\/v2\/comments?post=2519"}],"version-history":[{"count":4,"href":"https:\/\/sites.usp.br\/telessaude\/wp-json\/wp\/v2\/pages\/2519\/revisions"}],"predecessor-version":[{"id":3291,"href":"https:\/\/sites.usp.br\/telessaude\/wp-json\/wp\/v2\/pages\/2519\/revisions\/3291"}],"wp:attachment":[{"href":"https:\/\/sites.usp.br\/telessaude\/wp-json\/wp\/v2\/media?parent=2519"}],"curies":[{"name":"wp","href":"https:\/\/api.w.org\/{rel}","templated":true}]}}