{"id":836,"date":"2021-12-05T13:26:10","date_gmt":"2021-12-05T16:26:10","guid":{"rendered":"https:\/\/sites.usp.br\/telessaude\/?page_id=836"},"modified":"2026-03-06T11:27:21","modified_gmt":"2026-03-06T14:27:21","slug":"sig-teleodonto","status":"publish","type":"page","link":"https:\/\/sites.usp.br\/telessaude\/sig-teleodonto\/","title":{"rendered":"SIG Teleodonto"},"content":{"rendered":"\t\t<div data-elementor-type=\"wp-page\" data-elementor-id=\"836\" class=\"elementor elementor-836\" data-elementor-post-type=\"page\">\n\t\t\t\t\t\t<section class=\"elementor-section elementor-top-section elementor-element elementor-element-c58454d elementor-section-full_width elementor-section-height-default elementor-section-height-default\" data-id=\"c58454d\" data-element_type=\"section\">\n\t\t\t\t\t\t<div class=\"elementor-container elementor-column-gap-no\">\n\t\t\t\t\t<div class=\"elementor-column elementor-col-25 elementor-top-column elementor-element elementor-element-6dced84\" data-id=\"6dced84\" data-element_type=\"column\">\n\t\t\t<div class=\"elementor-widget-wrap elementor-element-populated\">\n\t\t\t\t\t\t<div class=\"elementor-element elementor-element-9422296 elementor-cta--skin-cover elementor-cta--valign-middle elementor-widget elementor-widget-call-to-action\" data-id=\"9422296\" data-element_type=\"widget\" data-widget_type=\"call-to-action.default\">\n\t\t\t\t<div class=\"elementor-widget-container\">\n\t\t\t\t\t<a class=\"elementor-cta\" href=\"https:\/\/sites.usp.br\/telessaude\/sig-teleodonto\/agenda-sig-2021\/\">\n\t\t\t\t\t<div class=\"elementor-cta__bg-wrapper\">\n\t\t\t\t<div class=\"elementor-cta__bg elementor-bg\" style=\"background-image: url();\" role=\"img\" aria-label=\"\"><\/div>\n\t\t\t\t<div class=\"elementor-cta__bg-overlay\"><\/div>\n\t\t\t<\/div>\n\t\t\t\t\t\t\t<div class=\"elementor-cta__content\">\n\t\t\t\t\n\t\t\t\t\t\t\t\t\t<h6 class=\"elementor-cta__title elementor-cta__content-item elementor-content-item\">\n\t\t\t\t\t\tAgenda SIG 2025\t\t\t\t\t<\/h6>\n\t\t\t\t\n\t\t\t\t\n\t\t\t\t\t\t\t<\/div>\n\t\t\t\t\t\t<\/a>\n\t\t\t\t<\/div>\n\t\t\t\t<\/div>\n\t\t\t\t\t<\/div>\n\t\t<\/div>\n\t\t\t\t<div class=\"elementor-column elementor-col-25 elementor-top-column elementor-element elementor-element-0b64f34\" data-id=\"0b64f34\" data-element_type=\"column\">\n\t\t\t<div class=\"elementor-widget-wrap elementor-element-populated\">\n\t\t\t\t\t\t<div class=\"elementor-element elementor-element-b28a89a elementor-cta--skin-cover elementor-bg-transform elementor-bg-transform-zoom-in elementor-widget elementor-widget-call-to-action\" data-id=\"b28a89a\" data-element_type=\"widget\" data-widget_type=\"call-to-action.default\">\n\t\t\t\t<div class=\"elementor-widget-container\">\n\t\t\t\t\t<a class=\"elementor-cta\" href=\"https:\/\/sites.usp.br\/telessaude\/sig-teleodonto\/webconferencias-anteriores\/\">\n\t\t\t\t\t<div class=\"elementor-cta__bg-wrapper\">\n\t\t\t\t<div class=\"elementor-cta__bg elementor-bg\" style=\"background-image: url();\" role=\"img\" aria-label=\"\"><\/div>\n\t\t\t\t<div class=\"elementor-cta__bg-overlay\"><\/div>\n\t\t\t<\/div>\n\t\t\t\t\t\t\t<div class=\"elementor-cta__content\">\n\t\t\t\t\n\t\t\t\t\t\t\t\t\t<h6 class=\"elementor-cta__title elementor-cta__content-item elementor-content-item\">\n\t\t\t\t\t\tWebconfer\u00eancias anteriores\t\t\t\t\t<\/h6>\n\t\t\t\t\n\t\t\t\t\n\t\t\t\t\t\t\t<\/div>\n\t\t\t\t\t\t<\/a>\n\t\t\t\t<\/div>\n\t\t\t\t<\/div>\n\t\t\t\t\t<\/div>\n\t\t<\/div>\n\t\t\t\t<div class=\"elementor-column elementor-col-25 elementor-top-column elementor-element elementor-element-83d088d\" data-id=\"83d088d\" data-element_type=\"column\">\n\t\t\t<div class=\"elementor-widget-wrap elementor-element-populated\">\n\t\t\t\t\t\t<div class=\"elementor-element elementor-element-a6b4611 elementor-cta--skin-cover elementor-cta--valign-middle elementor-widget elementor-widget-call-to-action\" data-id=\"a6b4611\" data-element_type=\"widget\" data-widget_type=\"call-to-action.default\">\n\t\t\t\t<div class=\"elementor-widget-container\">\n\t\t\t\t\t<a class=\"elementor-cta\" href=\"https:\/\/sites.usp.br\/telessaude\/sig-teleodonto\/sobre-o-sig-teleodontologia\/\">\n\t\t\t\t\t<div class=\"elementor-cta__bg-wrapper\">\n\t\t\t\t<div class=\"elementor-cta__bg elementor-bg\" style=\"background-image: url();\" role=\"img\" aria-label=\"\"><\/div>\n\t\t\t\t<div class=\"elementor-cta__bg-overlay\"><\/div>\n\t\t\t<\/div>\n\t\t\t\t\t\t\t<div class=\"elementor-cta__content\">\n\t\t\t\t\n\t\t\t\t\t\t\t\t\t<h6 class=\"elementor-cta__title elementor-cta__content-item elementor-content-item\">\n\t\t\t\t\t\tSobre o SIG Teleodontologia\t\t\t\t\t<\/h6>\n\t\t\t\t\n\t\t\t\t\n\t\t\t\t\t\t\t<\/div>\n\t\t\t\t\t\t<\/a>\n\t\t\t\t<\/div>\n\t\t\t\t<\/div>\n\t\t\t\t\t<\/div>\n\t\t<\/div>\n\t\t\t\t<div class=\"elementor-column elementor-col-25 elementor-top-column elementor-element elementor-element-b11c365\" data-id=\"b11c365\" data-element_type=\"column\">\n\t\t\t<div class=\"elementor-widget-wrap elementor-element-populated\">\n\t\t\t\t\t\t<div class=\"elementor-element elementor-element-32f98fd elementor-cta--skin-cover elementor-widget elementor-widget-call-to-action\" data-id=\"32f98fd\" data-element_type=\"widget\" data-widget_type=\"call-to-action.default\">\n\t\t\t\t<div class=\"elementor-widget-container\">\n\t\t\t\t\t<a class=\"elementor-cta\" href=\"https:\/\/sites.usp.br\/telessaude\/sig-teleodonto\/sobre-a-rede-universitaria-de-telemedicina\/\">\n\t\t\t\t\t<div class=\"elementor-cta__bg-wrapper\">\n\t\t\t\t<div class=\"elementor-cta__bg elementor-bg\" style=\"background-image: url();\" role=\"img\" aria-label=\"\"><\/div>\n\t\t\t\t<div class=\"elementor-cta__bg-overlay\"><\/div>\n\t\t\t<\/div>\n\t\t\t\t\t\t\t<div class=\"elementor-cta__content\">\n\t\t\t\t\n\t\t\t\t\t\t\t\t\t<h6 class=\"elementor-cta__title elementor-cta__content-item elementor-content-item\">\n\t\t\t\t\t\tSobre a Rede Universit\u00e1ria de Telemedicina\t\t\t\t\t<\/h6>\n\t\t\t\t\n\t\t\t\t\n\t\t\t\t\t\t\t<\/div>\n\t\t\t\t\t\t<\/a>\n\t\t\t\t<\/div>\n\t\t\t\t<\/div>\n\t\t\t\t\t<\/div>\n\t\t<\/div>\n\t\t\t\t\t<\/div>\n\t\t<\/section>\n\t\t\t\t<section class=\"elementor-section elementor-top-section elementor-element elementor-element-f7c13f8 elementor-section-boxed elementor-section-height-default elementor-section-height-default\" data-id=\"f7c13f8\" data-element_type=\"section\">\n\t\t\t\t\t\t<div class=\"elementor-container elementor-column-gap-no\">\n\t\t\t\t\t<div class=\"elementor-column elementor-col-100 elementor-top-column elementor-element elementor-element-ddbc505\" data-id=\"ddbc505\" data-element_type=\"column\">\n\t\t\t<div class=\"elementor-widget-wrap elementor-element-populated\">\n\t\t\t\t\t\t<div class=\"elementor-element elementor-element-a3fe991 elementor-widget elementor-widget-text-editor\" data-id=\"a3fe991\" data-element_type=\"widget\" data-widget_type=\"text-editor.default\">\n\t\t\t\t<div class=\"elementor-widget-container\">\n\t\t\t\t\t\t\t<p>Para participar das webconfer\u00eancias \u00e9 necess\u00e1rio um computador com acesso \u00e0 banda larga:<br \/>1. Acesse o endere\u00e7o:\u00a0<a title=\"Link Sig Teleodontologia\" href=\"https:\/\/conferenciaweb.rnp.br\/webconf\/rutesigteleodontologia\" target=\"_blank\" rel=\"noopener\">https:\/\/conferenciaweb.rnp.br\/webconf\/rutesigteleodontologia<\/a><br \/>2. Na janela &#8220;N\u00e3o tenho uma conta&#8221; digite seu nome e munic\u00edpio\/estado e clique em \u201centrar\u201d<br \/>3. Aguarde um instante e seja bem-vindo a sala virtual!<\/p><p>Os SIGs (Special Interest Groups, ou Grupos de Interesses Especiais), da Rede Universit\u00e1ria de Telemedicina \u2013 RUTE, s\u00e3o sess\u00f5es colaborativas, nos quais os profissionais de sa\u00fade das institui\u00e7\u00f5es pertencentes \u00e0 rede se re\u00fanem virtualmente para discutir temas de Ensino, Pesquisa e Assist\u00eancia, gest\u00e3o e avalia\u00e7\u00e3o remota.<\/p><p>O SIG Teleodontologia tem como objetivo promover a troca e o compartilhamento de experi\u00eancias no que se refere \u00e0 integra\u00e7\u00e3o das TICs \u00e0s praticas da Odontologia, promover a cria\u00e7\u00e3o de novos N\u00facleos de Teleodontologia, apoiando as a\u00e7\u00f5es de Telessa\u00fade no pa\u00eds e a integralidade da aten\u00e7\u00e3o \u00e0 sa\u00fade, por meio da articula\u00e7\u00e3o dos conte\u00fados e da sa\u00fade bucal com a sa\u00fade geral e a atua\u00e7\u00e3o da equipe multiprofissional. Al\u00e9m de apoiar a produ\u00e7\u00e3o colaborativa de objetos educacionais e cursos mediados por tecnologia.<\/p><p>Aplica-se a todas as especialidades da Odontologia e \u00e0 \u00e1rea da sa\u00fade em geral, para utiliza\u00e7\u00e3o em telessa\u00fade (teleduca\u00e7\u00e3o, e teleassist\u00eancia), pesquisa e inova\u00e7\u00e3o no ensino e assist\u00eancia \u00e0 sa\u00fade.<\/p><p>Antes da conex\u00e3o com a sala de webconfer\u00eancia, por favor verifique os\u00a0<a title=\"Manual de usu\u00e1rio\" href=\"https:\/\/wiki.rnp.br\/pages\/viewpage.action?pageId=89112372#ManualdoUsu%C3%A1riodoservi%C3%A7odeconfer%C3%AAnciaweb-Requisitosdeuso\" target=\"_blank\" rel=\"noopener\">requisitos de uso.<\/a><br \/>D\u00favidas sobre informa\u00e7\u00f5es de conex\u00e3o nos SIGs devem ser consultadas diretamente na Coordena\u00e7\u00e3o Nacional RUTE: (27) 3329-1944 ou <a href=\"mailto:sig@rute.rnp.br\">sig@rute.rnp.br<\/a><br \/>Problemas de conex\u00e3o ou suporte em webconfer\u00eancia: Service Desk RNP, 0800 722 0216 ou sd@rnp.br, todos os dias, 24h por dia.<\/p>\t\t\t\t\t\t<\/div>\n\t\t\t\t<\/div>\n\t\t\t\t\t<\/div>\n\t\t<\/div>\n\t\t\t\t\t<\/div>\n\t\t<\/section>\n\t\t\t\t<\/div>\n\t\t","protected":false},"excerpt":{"rendered":"<p>Agenda SIG 2025 Webconfer\u00eancias anteriores Sobre o SIG Teleodontologia Sobre a Rede Universit\u00e1ria de Telemedicina Para participar das webconfer\u00eancias \u00e9 necess\u00e1rio um computador com acesso \u00e0 banda larga:1. Acesse o endere\u00e7o:\u00a0https:\/\/conferenciaweb.rnp.br\/webconf\/rutesigteleodontologia2. Na janela &#8220;N\u00e3o tenho uma conta&#8221; digite seu nome e munic\u00edpio\/estado e clique em \u201centrar\u201d3. Aguarde um instante e seja bem-vindo a sala virtual! [&hellip;]<\/p>\n","protected":false},"author":21973,"featured_media":0,"parent":0,"menu_order":0,"comment_status":"closed","ping_status":"closed","template":"elementor_header_footer","meta":{"ocean_post_layout":"full-width","ocean_both_sidebars_style":"","ocean_both_sidebars_content_width":0,"ocean_both_sidebars_sidebars_width":0,"ocean_sidebar":"0","ocean_second_sidebar":"0","ocean_disable_margins":"enable","ocean_add_body_class":"","ocean_shortcode_before_top_bar":"","ocean_shortcode_after_top_bar":"","ocean_shortcode_before_header":"","ocean_shortcode_after_header":"","ocean_has_shortcode":"","ocean_shortcode_after_title":"","ocean_shortcode_before_footer_widgets":"","ocean_shortcode_after_footer_widgets":"","ocean_shortcode_before_footer_bottom":"","ocean_shortcode_after_footer_bottom":"","ocean_display_top_bar":"default","ocean_display_header":"default","ocean_header_style":"","ocean_center_header_left_menu":"0","ocean_custom_header_template":"0","ocean_custom_logo":0,"ocean_custom_retina_logo":0,"ocean_custom_logo_max_width":0,"ocean_custom_logo_tablet_max_width":0,"ocean_custom_logo_mobile_max_width":0,"ocean_custom_logo_max_height":0,"ocean_custom_logo_tablet_max_height":0,"ocean_custom_logo_mobile_max_height":0,"ocean_header_custom_menu":"0","ocean_menu_typo_font_family":"0","ocean_menu_typo_font_subset":"","ocean_menu_typo_font_size":0,"ocean_menu_typo_font_size_tablet":0,"ocean_menu_typo_font_size_mobile":0,"ocean_menu_typo_font_size_unit":"px","ocean_menu_typo_font_weight":"","ocean_menu_typo_font_weight_tablet":"","ocean_menu_typo_font_weight_mobile":"","ocean_menu_typo_transform":"","ocean_menu_typo_transform_tablet":"","ocean_menu_typo_transform_mobile":"","ocean_menu_typo_line_height":0,"ocean_menu_typo_line_height_tablet":0,"ocean_menu_typo_line_height_mobile":0,"ocean_menu_typo_line_height_unit":"","ocean_menu_typo_spacing":0,"ocean_menu_typo_spacing_tablet":0,"ocean_menu_typo_spacing_mobile":0,"ocean_menu_typo_spacing_unit":"","ocean_menu_link_color":"","ocean_menu_link_color_hover":"","ocean_menu_link_color_active":"","ocean_menu_link_background":"","ocean_menu_link_hover_background":"","ocean_menu_link_active_background":"","ocean_menu_social_links_bg":"","ocean_menu_social_hover_links_bg":"","ocean_menu_social_links_color":"","ocean_menu_social_hover_links_color":"","ocean_disable_title":"default","ocean_disable_heading":"default","ocean_post_title":"","ocean_post_subheading":"<span>DCStudio|Freepik.com<\/span>","ocean_post_title_style":"background-image","ocean_post_title_background_color":"","ocean_post_title_background":1549,"ocean_post_title_bg_image_position":"","ocean_post_title_bg_image_attachment":"","ocean_post_title_bg_image_repeat":"","ocean_post_title_bg_image_size":"","ocean_post_title_height":0,"ocean_post_title_bg_overlay":0.5,"ocean_post_title_bg_overlay_color":"","ocean_disable_breadcrumbs":"default","ocean_breadcrumbs_color":"","ocean_breadcrumbs_separator_color":"","ocean_breadcrumbs_links_color":"","ocean_breadcrumbs_links_hover_color":"","ocean_display_footer_widgets":"default","ocean_display_footer_bottom":"default","ocean_custom_footer_template":"0","footnotes":"","_links_to":"","_links_to_target":""},"class_list":["post-836","page","type-page","status-publish","hentry","entry"],"_links":{"self":[{"href":"https:\/\/sites.usp.br\/telessaude\/wp-json\/wp\/v2\/pages\/836","targetHints":{"allow":["GET"]}}],"collection":[{"href":"https:\/\/sites.usp.br\/telessaude\/wp-json\/wp\/v2\/pages"}],"about":[{"href":"https:\/\/sites.usp.br\/telessaude\/wp-json\/wp\/v2\/types\/page"}],"author":[{"embeddable":true,"href":"https:\/\/sites.usp.br\/telessaude\/wp-json\/wp\/v2\/users\/21973"}],"replies":[{"embeddable":true,"href":"https:\/\/sites.usp.br\/telessaude\/wp-json\/wp\/v2\/comments?post=836"}],"version-history":[{"count":4,"href":"https:\/\/sites.usp.br\/telessaude\/wp-json\/wp\/v2\/pages\/836\/revisions"}],"predecessor-version":[{"id":3500,"href":"https:\/\/sites.usp.br\/telessaude\/wp-json\/wp\/v2\/pages\/836\/revisions\/3500"}],"wp:attachment":[{"href":"https:\/\/sites.usp.br\/telessaude\/wp-json\/wp\/v2\/media?parent=836"}],"curies":[{"name":"wp","href":"https:\/\/api.w.org\/{rel}","templated":true}]}}