{"id":869,"date":"2021-12-05T17:16:48","date_gmt":"2021-12-05T20:16:48","guid":{"rendered":"https:\/\/sites.usp.br\/telessaude\/?page_id=869"},"modified":"2026-02-12T20:32:05","modified_gmt":"2026-02-12T23:32:05","slug":"teleassistencia","status":"publish","type":"page","link":"https:\/\/sites.usp.br\/telessaude\/teleassistencia\/","title":{"rendered":"Teleassist\u00eancia"},"content":{"rendered":"\t\t<div data-elementor-type=\"wp-page\" data-elementor-id=\"869\" class=\"elementor elementor-869\" data-elementor-post-type=\"page\">\n\t\t\t\t\t\t<section class=\"elementor-section elementor-top-section elementor-element elementor-element-0fa44dc elementor-section-full_width elementor-section-height-default elementor-section-height-default\" data-id=\"0fa44dc\" data-element_type=\"section\">\n\t\t\t\t\t\t<div class=\"elementor-container elementor-column-gap-no\">\n\t\t\t\t\t<div class=\"elementor-column elementor-col-33 elementor-top-column elementor-element elementor-element-8ed680c\" data-id=\"8ed680c\" data-element_type=\"column\">\n\t\t\t<div class=\"elementor-widget-wrap elementor-element-populated\">\n\t\t\t\t\t\t<div class=\"elementor-element elementor-element-e55128d elementor-cta--skin-cover elementor-cta--valign-middle elementor-widget elementor-widget-call-to-action\" data-id=\"e55128d\" data-element_type=\"widget\" data-widget_type=\"call-to-action.default\">\n\t\t\t\t<div class=\"elementor-widget-container\">\n\t\t\t\t\t<a class=\"elementor-cta\" href=\"https:\/\/sites.usp.br\/telessaude\/teleassistencia\/projeto-teledental-ped\/\">\n\t\t\t\t\t<div class=\"elementor-cta__bg-wrapper\">\n\t\t\t\t<div class=\"elementor-cta__bg elementor-bg\" style=\"background-image: url();\" role=\"img\" aria-label=\"\"><\/div>\n\t\t\t\t<div class=\"elementor-cta__bg-overlay\"><\/div>\n\t\t\t<\/div>\n\t\t\t\t\t\t\t<div class=\"elementor-cta__content\">\n\t\t\t\t\n\t\t\t\t\t\t\t\t\t<h6 class=\"elementor-cta__title elementor-cta__content-item elementor-content-item\">\n\t\t\t\t\t\tProjeto Teledental Ped\t\t\t\t\t<\/h6>\n\t\t\t\t\n\t\t\t\t\n\t\t\t\t\t\t\t<\/div>\n\t\t\t\t\t\t<\/a>\n\t\t\t\t<\/div>\n\t\t\t\t<\/div>\n\t\t\t\t\t<\/div>\n\t\t<\/div>\n\t\t\t\t<div class=\"elementor-column elementor-col-33 elementor-top-column elementor-element elementor-element-be03016\" data-id=\"be03016\" data-element_type=\"column\">\n\t\t\t<div class=\"elementor-widget-wrap elementor-element-populated\">\n\t\t\t\t\t\t<div class=\"elementor-element elementor-element-4163fe4 elementor-cta--skin-cover elementor-cta--valign-middle elementor-bg-transform elementor-bg-transform-zoom-in elementor-widget elementor-widget-call-to-action\" data-id=\"4163fe4\" data-element_type=\"widget\" data-widget_type=\"call-to-action.default\">\n\t\t\t\t<div class=\"elementor-widget-container\">\n\t\t\t\t\t<a class=\"elementor-cta\" href=\"https:\/\/sites.usp.br\/telessaude\/teleassistencia\/projeto-teleodonto-fousp-sau\/\">\n\t\t\t\t\t<div class=\"elementor-cta__bg-wrapper\">\n\t\t\t\t<div class=\"elementor-cta__bg elementor-bg\" style=\"background-image: url();\" role=\"img\" aria-label=\"\"><\/div>\n\t\t\t\t<div class=\"elementor-cta__bg-overlay\"><\/div>\n\t\t\t<\/div>\n\t\t\t\t\t\t\t<div class=\"elementor-cta__content\">\n\t\t\t\t\n\t\t\t\t\t\t\t\t\t<h6 class=\"elementor-cta__title elementor-cta__content-item elementor-content-item\">\n\t\t\t\t\t\tProjeto Teleodonto - FOUSP - SAU\t\t\t\t\t<\/h6>\n\t\t\t\t\n\t\t\t\t\n\t\t\t\t\t\t\t<\/div>\n\t\t\t\t\t\t<\/a>\n\t\t\t\t<\/div>\n\t\t\t\t<\/div>\n\t\t\t\t\t<\/div>\n\t\t<\/div>\n\t\t\t\t<div class=\"elementor-column elementor-col-33 elementor-top-column elementor-element elementor-element-4ffb075\" data-id=\"4ffb075\" data-element_type=\"column\">\n\t\t\t<div class=\"elementor-widget-wrap elementor-element-populated\">\n\t\t\t\t\t\t<div class=\"elementor-element elementor-element-477f5f2 elementor-cta--skin-cover elementor-cta--valign-middle elementor-widget elementor-widget-call-to-action\" data-id=\"477f5f2\" data-element_type=\"widget\" data-widget_type=\"call-to-action.default\">\n\t\t\t\t<div class=\"elementor-widget-container\">\n\t\t\t\t\t<a class=\"elementor-cta\" href=\"https:\/\/sites.usp.br\/telessaude\/teleassistencia\/teleconsultoria-odontologica\/\">\n\t\t\t\t\t<div class=\"elementor-cta__bg-wrapper\">\n\t\t\t\t<div class=\"elementor-cta__bg elementor-bg\" style=\"background-image: url();\" role=\"img\" aria-label=\"\"><\/div>\n\t\t\t\t<div class=\"elementor-cta__bg-overlay\"><\/div>\n\t\t\t<\/div>\n\t\t\t\t\t\t\t<div class=\"elementor-cta__content\">\n\t\t\t\t\n\t\t\t\t\t\t\t\t\t<h5 class=\"elementor-cta__title elementor-cta__content-item elementor-content-item\">\n\t\t\t\t\t\tTeleconsultoria Odontol\u00f3gica\t\t\t\t\t<\/h5>\n\t\t\t\t\n\t\t\t\t\n\t\t\t\t\t\t\t<\/div>\n\t\t\t\t\t\t<\/a>\n\t\t\t\t<\/div>\n\t\t\t\t<\/div>\n\t\t\t\t\t<\/div>\n\t\t<\/div>\n\t\t\t\t\t<\/div>\n\t\t<\/section>\n\t\t\t\t<section class=\"elementor-section elementor-top-section elementor-element elementor-element-4391914 elementor-section-boxed elementor-section-height-default elementor-section-height-default\" data-id=\"4391914\" data-element_type=\"section\">\n\t\t\t\t\t\t<div class=\"elementor-container elementor-column-gap-no\">\n\t\t\t\t\t<div class=\"elementor-column elementor-col-100 elementor-top-column elementor-element elementor-element-b0193da\" data-id=\"b0193da\" data-element_type=\"column\">\n\t\t\t<div class=\"elementor-widget-wrap elementor-element-populated\">\n\t\t\t\t\t\t<div class=\"elementor-element elementor-element-c72c217 elementor-widget elementor-widget-text-editor\" data-id=\"c72c217\" data-element_type=\"widget\" data-widget_type=\"text-editor.default\">\n\t\t\t\t<div class=\"elementor-widget-container\">\n\t\t\t\t\t\t\t<p class=\"first-p\"><span class=\"first-letter\">O <\/span>prefixo tele, de origem grega, junta-se a uma outra palavra para acrescentar a ela a no\u00e7\u00e3o de \u201cdist\u00e2ncia\u201d. Na telessa\u00fade, no entanto, a ideia \u00e9 encurtar o caminho em que informa\u00e7\u00f5es t\u00e3o importantes s\u00e3o transmitidas.<\/p><p>O N\u00facleo de Teleodontologia (NTO) da Faculdade de Odontologia (FO) da USP foi criado em 2007, marcando o in\u00edcio da participa\u00e7\u00e3o da odontologia no Programa Telessa\u00fade Brasil Redes, coordenado pela Secretaria de Gest\u00e3o do Trabalho e da Educa\u00e7\u00e3o na Sa\u00fade do Minist\u00e9rio da Sa\u00fade. O programa nacional busca integrar ensino e servi\u00e7o, utilizando como ferramenta novas tecnologias de informa\u00e7\u00e3o e comunica\u00e7\u00e3o (NTICs) para promover a Teleassist\u00eancia e a Teleduca\u00e7\u00e3o. Tais tecnologias podem apoiar a\u00e7\u00f5es educacionais e de assist\u00eancia \u00e0 sa\u00fade. J\u00e1 as teleconsultorias consistem na troca de informa\u00e7\u00f5es em sa\u00fade entre profissionais, \u00e0 dist\u00e2ncia.<\/p><p>Os trabalhadores das Redes de Aten\u00e7\u00e3o \u00e0 Sa\u00fade do Sistema \u00danico de Sa\u00fade (SUS) podem, por exemplo, esclarecer d\u00favidas sobre procedimentos cl\u00ednicos e a\u00e7\u00f5es de sa\u00fade em tempo real, via chat ou videoconfer\u00eancias. Os principais objetivos s\u00e3o melhorar a qualidade e agilidade do atendimento na Aten\u00e7\u00e3o B\u00e1sica SUS, promover educa\u00e7\u00e3o permanente dos profissionais de sa\u00fade e reduzir custos e tempo de deslocamento.<\/p><p>Na FO, acontece algo no mesmo sentido. Os coordenadores do NTO \u2013 o professor\u00a0Jo\u00e3o Humberto Antoniazzi\u00a0e as professoras\u00a0Dr\u00aa. Ana Estela Haddad\u00a0e\u00a0Dr\u00aa. Mary Caroline Skelton-Macedo\u00a0\u2013 explicam que o n\u00facleo deve ter um trabalho de suporte e apoio ao uso das tecnologias educacionais interativas para todo o corpo docente da faculdade. A cria\u00e7\u00e3o do n\u00facleo veio acompanhada da cria\u00e7\u00e3o da disciplina de Teleodontologia na gradua\u00e7\u00e3o e na p\u00f3s-gradua\u00e7\u00e3o e da contrata\u00e7\u00e3o de um docente da \u00e1rea.<\/p><p>&#8220;No caso da educa\u00e7\u00e3o, as novas tecnologias de informa\u00e7\u00e3o e comunica\u00e7\u00e3o agregam uma nova dimens\u00e3o, influenciada pela percep\u00e7\u00e3o de que a sociedade atual \u00e9 globalmente interconectada, de que o nnosso conhecimento e a nossa vis\u00e3o de mundo s\u00e3o transit\u00f3rios, est\u00e3o sempre incompletos e se reprocessando, de que podemos acessar cont\u00ednua e permanentemente toda e qualquer informa\u00e7\u00e3o e criar simula\u00e7\u00f5es do real&#8221;, afirmam os coordenadores do NTO.<\/p><p>Uma das metas do n\u00facleo \u00e9 o apoio ao trabalho em equipe multiprofissional de sa\u00fade, atrav\u00e9s da capacita\u00e7\u00e3o de profissionais para a teleconsultoria e da elabora\u00e7\u00e3o e cataloga\u00e7\u00e3o das segundas opini\u00f5es formativas. Estas s\u00e3o uma deriva\u00e7\u00e3o das teleconsultorias. &#8220;Entre muitas perguntas feitas pelos profissionais por meio das teleconsultorias, algumas s\u00e3o selecionadas pela sua relev\u00e2ncia e pertin\u00eancia. S\u00e3o quest\u00f5es que podem ser respondidas de forma gen\u00e9rica para atender a d\u00favida de muitos profissionais. Elas s\u00e3o respondidas de forma sistematizada e padronizada&#8221;, explicam os professores.<\/p><p>Entre os v\u00e1rios projetos desenvolvidos pelo n\u00facleo, seus coordenadores destacam o da\u00a0<a title=\"ABENO\" href=\"http:\/\/www.abeno.org.br\/indexnew.php\" target=\"_blank\" rel=\"noopener\">Associa\u00e7\u00e3o Brasileira de Ensino Odontol\u00f3gico &#8211; ABENO<\/a>, que conta com o apoio do Minist\u00e9rio da Sa\u00fade e da Organiza\u00e7\u00e3o Pan-americana de Sa\u00fade (OPAS) e cujo objetivo \u00e9 fomentar a cria\u00e7\u00e3o de N\u00facleos de Teleodontologia vinculados a faculdades de odontologia em todo o pa\u00eds. A inten\u00e7\u00e3o \u00e9 ampliar e fortalecer a\u00a0Rede Nacional de Teleodontologia.<\/p><p>O NTO possui parceria com N\u00facleos de Telessa\u00fade que desenvolvem atividades de teleodontologia em institui\u00e7\u00f5es como as universidades federais do Rio Grande do Sul e do Maranh\u00e3o, a Universidade Estadual do Rio de Janeiro e a Secretaria Estadual de Sa\u00fade de Mato Grosso do Sul.<\/p><p class=\"data\">Fonte:<br \/><a title=\"Sa\u00fade - USP Online \" href=\"http:\/\/www5.usp.br\/20146\/teleodontologia-otimiza-assistencia-e-educacao-em-saude-bucal-a-distancia\/\" target=\"_blank\" rel=\"noopener\">Publicado em Sa\u00fade, USP Online Destaque por Anais Fernandes<\/a><\/p><p class=\"data\">Leia mais em:<br \/>Rede Nacional de Teleodontologia \u00bb<\/p>\t\t\t\t\t\t<\/div>\n\t\t\t\t<\/div>\n\t\t\t\t\t<\/div>\n\t\t<\/div>\n\t\t\t\t\t<\/div>\n\t\t<\/section>\n\t\t\t\t<\/div>\n\t\t","protected":false},"excerpt":{"rendered":"<p>Projeto Teledental Ped Projeto Teleodonto &#8211; FOUSP &#8211; SAU Teleconsultoria Odontol\u00f3gica O prefixo tele, de origem grega, junta-se a uma outra palavra para acrescentar a ela a no\u00e7\u00e3o de \u201cdist\u00e2ncia\u201d. Na telessa\u00fade, no entanto, a ideia \u00e9 encurtar o caminho em que informa\u00e7\u00f5es t\u00e3o importantes s\u00e3o transmitidas. O N\u00facleo de Teleodontologia (NTO) da Faculdade de [&hellip;]<\/p>\n","protected":false},"author":22702,"featured_media":0,"parent":0,"menu_order":0,"comment_status":"closed","ping_status":"closed","template":"elementor_header_footer","meta":{"ocean_post_layout":"full-width","ocean_both_sidebars_style":"","ocean_both_sidebars_content_width":0,"ocean_both_sidebars_sidebars_width":0,"ocean_sidebar":"0","ocean_second_sidebar":"0","ocean_disable_margins":"enable","ocean_add_body_class":"","ocean_shortcode_before_top_bar":"","ocean_shortcode_after_top_bar":"","ocean_shortcode_before_header":"","ocean_shortcode_after_header":"","ocean_has_shortcode":"","ocean_shortcode_after_title":"","ocean_shortcode_before_footer_widgets":"","ocean_shortcode_after_footer_widgets":"","ocean_shortcode_before_footer_bottom":"","ocean_shortcode_after_footer_bottom":"","ocean_display_top_bar":"default","ocean_display_header":"default","ocean_header_style":"","ocean_center_header_left_menu":"0","ocean_custom_header_template":"0","ocean_custom_logo":0,"ocean_custom_retina_logo":0,"ocean_custom_logo_max_width":0,"ocean_custom_logo_tablet_max_width":0,"ocean_custom_logo_mobile_max_width":0,"ocean_custom_logo_max_height":0,"ocean_custom_logo_tablet_max_height":0,"ocean_custom_logo_mobile_max_height":0,"ocean_header_custom_menu":"0","ocean_menu_typo_font_family":"0","ocean_menu_typo_font_subset":"","ocean_menu_typo_font_size":0,"ocean_menu_typo_font_size_tablet":0,"ocean_menu_typo_font_size_mobile":0,"ocean_menu_typo_font_size_unit":"px","ocean_menu_typo_font_weight":"","ocean_menu_typo_font_weight_tablet":"","ocean_menu_typo_font_weight_mobile":"","ocean_menu_typo_transform":"","ocean_menu_typo_transform_tablet":"","ocean_menu_typo_transform_mobile":"","ocean_menu_typo_line_height":0,"ocean_menu_typo_line_height_tablet":0,"ocean_menu_typo_line_height_mobile":0,"ocean_menu_typo_line_height_unit":"","ocean_menu_typo_spacing":0,"ocean_menu_typo_spacing_tablet":0,"ocean_menu_typo_spacing_mobile":0,"ocean_menu_typo_spacing_unit":"","ocean_menu_link_color":"","ocean_menu_link_color_hover":"","ocean_menu_link_color_active":"","ocean_menu_link_background":"","ocean_menu_link_hover_background":"","ocean_menu_link_active_background":"","ocean_menu_social_links_bg":"","ocean_menu_social_hover_links_bg":"","ocean_menu_social_links_color":"","ocean_menu_social_hover_links_color":"","ocean_disable_title":"default","ocean_disable_heading":"default","ocean_post_title":"","ocean_post_subheading":"<span>DCStudio|Freepik.com<\/span>","ocean_post_title_style":"background-image","ocean_post_title_background_color":"","ocean_post_title_background":1514,"ocean_post_title_bg_image_position":"","ocean_post_title_bg_image_attachment":"","ocean_post_title_bg_image_repeat":"","ocean_post_title_bg_image_size":"","ocean_post_title_height":0,"ocean_post_title_bg_overlay":0.5,"ocean_post_title_bg_overlay_color":"","ocean_disable_breadcrumbs":"default","ocean_breadcrumbs_color":"","ocean_breadcrumbs_separator_color":"","ocean_breadcrumbs_links_color":"","ocean_breadcrumbs_links_hover_color":"","ocean_display_footer_widgets":"default","ocean_display_footer_bottom":"default","ocean_custom_footer_template":"0","footnotes":"","_links_to":"","_links_to_target":""},"class_list":["post-869","page","type-page","status-publish","hentry","entry"],"_links":{"self":[{"href":"https:\/\/sites.usp.br\/telessaude\/wp-json\/wp\/v2\/pages\/869","targetHints":{"allow":["GET"]}}],"collection":[{"href":"https:\/\/sites.usp.br\/telessaude\/wp-json\/wp\/v2\/pages"}],"about":[{"href":"https:\/\/sites.usp.br\/telessaude\/wp-json\/wp\/v2\/types\/page"}],"author":[{"embeddable":true,"href":"https:\/\/sites.usp.br\/telessaude\/wp-json\/wp\/v2\/users\/22702"}],"replies":[{"embeddable":true,"href":"https:\/\/sites.usp.br\/telessaude\/wp-json\/wp\/v2\/comments?post=869"}],"version-history":[{"count":4,"href":"https:\/\/sites.usp.br\/telessaude\/wp-json\/wp\/v2\/pages\/869\/revisions"}],"predecessor-version":[{"id":3077,"href":"https:\/\/sites.usp.br\/telessaude\/wp-json\/wp\/v2\/pages\/869\/revisions\/3077"}],"wp:attachment":[{"href":"https:\/\/sites.usp.br\/telessaude\/wp-json\/wp\/v2\/media?parent=869"}],"curies":[{"name":"wp","href":"https:\/\/api.w.org\/{rel}","templated":true}]}}