{"id":829,"date":"2024-03-25T15:46:33","date_gmt":"2024-03-25T18:46:33","guid":{"rendered":"https:\/\/sites.usp.br\/trampos\/?page_id=829"},"modified":"2024-04-17T09:25:46","modified_gmt":"2024-04-17T12:25:46","slug":"quem-somos","status":"publish","type":"page","link":"https:\/\/sites.usp.br\/trampos\/","title":{"rendered":"Sobre o TraMPoS"},"content":{"rendered":"<p>O Laborat\u00f3rio de Estudos e Pesquisas sobre Trabalho, Movimentos Sociais e Pol\u00edticas Sociais (TraMPoS) \u00e9 um laborat\u00f3rio interunidades que re\u00fane docentes e discentes do Departamento de Psicologia Social e do Trabalho (PST) &#8211; Instituto de Psicologia (IPUSP), e do Departamento de Filosofia da Educa\u00e7\u00e3o e Ci\u00eancias da Educa\u00e7\u00e3o (EDF) &#8211; Faculdade de Educa\u00e7\u00e3o (FEUSP). O objetivo central do laborat\u00f3rio \u00e9 desenvolver estudos e pesquisas sobre trabalho, movimentos sociais e pol\u00edticas sociais, com \u00eanfase nas din\u00e2micas societ\u00e1rias, econ\u00f4micas e pol\u00edticas que v\u00eam produzindo uma mir\u00edade de vulnerabilidades e precariedades que atravessam os sujeitos e grupos sociais na atualidade.<br \/>\nA cria\u00e7\u00e3o do TraMPoS justifica-se n\u00e3o apenas pelas afinidades intelectuais entre os proponentes, que de um modo ou de outro j\u00e1 vinham dialogando pontualmente em torno destas quest\u00f5es. A principal raz\u00e3o para termos decidido pela cria\u00e7\u00e3o deste Laborat\u00f3rio agora se deve ao contexto em que vivemos j\u00e1 h\u00e1 alguns anos, no Brasil e no mundo, em que a defesa das pol\u00edticas sociais que costumamos reunir sob o nome de Estado Social ou Estado de Bem-Estar j\u00e1 n\u00e3o consiste em for\u00e7a suficiente para interpor efetiva resist\u00eancia ao desmonte de servi\u00e7os, privatiza\u00e7\u00e3o de bens p\u00fablicos, e, inclusive, ao desmanche de consensos duramente constru\u00eddos, que operaram como garantidores do direito \u00e0 prote\u00e7\u00e3o e \u00e0 vida de grupos vulner\u00e1veis. Se, no campo pol\u00edtico, desenha-se esse cen\u00e1rio de desfazimento das redes de seguran\u00e7a e prote\u00e7\u00e3o forjadas para proteger as formas de vida criadas nas modernas sociedades industriais, no campo econ\u00f4mico temos o aprofundamento da crise, com as transforma\u00e7\u00f5es na estrutura produtiva que se acumulam desde o final dos anos 1970 e que tiveram por efeito a emerg\u00eancia de uma mir\u00edade de rela\u00e7\u00f5es de trabalho, prec\u00e1rias e desprotegidas porque muitas vezes se realizando sob novas formas, ainda n\u00e3o inteiramente compreendidas e reguladas. Neste novo momento de \u201cacumula\u00e7\u00e3o primitiva\u201d de capital, temos assistido ao incremento dos processos de concentra\u00e7\u00e3o de renda, com a amplia\u00e7\u00e3o das desigualdades e, em consequ\u00eancia, das experi\u00eancias de iniquidade.<br \/>\nAs viv\u00eancias objetivas e subjetivas da situa\u00e7\u00f5es de vulnerabilidades e precariedades assumem contornos muito espec\u00edficos nos \u00e2mbitos da educa\u00e7\u00e3o (formal e n\u00e3o-formal) e do trabalho, produzindo efeitos importantes sobre a produ\u00e7\u00e3o, reprodu\u00e7\u00e3o, enfrentamento e altera\u00e7\u00e3o do padr\u00e3o das desigualdades. Nesse sentido, interessa, portanto, estudar as configura\u00e7\u00f5es sociais, econ\u00f4micas, pol\u00edticas, culturais e estatais que produzem novas vulnerabilidades ou que intensificam as experi\u00eancias de precariedade de certos grupos sociais. E tamb\u00e9m as diversas formas de resist\u00eancia e lutas, individuais e coletivas, que tais configura\u00e7\u00f5es engendram. Assim, trata-se de um laborat\u00f3rio com voca\u00e7\u00e3o interdisciplinar que pretende congregar pesquisadoras e pesquisadores de diferentes \u00e1reas do conhecimento, tais como a Psicologia Social, Sociologia, Antropologia e Educa\u00e7\u00e3o.<\/p>\n","protected":false},"excerpt":{"rendered":"<p>O Laborat\u00f3rio de Estudos e Pesquisas sobre Trabalho, Movimentos Sociais e Pol\u00edticas Sociais (TraMPoS) \u00e9 um laborat\u00f3rio interunidades que re\u00fane docentes e discentes do Departamento de Psicologia Social e do Trabalho (PST) &#8211; Instituto de Psicologia (IPUSP), e do Departamento de Filosofia da Educa\u00e7\u00e3o e Ci\u00eancias da Educa\u00e7\u00e3o (EDF) &#8211; Faculdade de Educa\u00e7\u00e3o (FEUSP). O [&hellip;]<\/p>\n","protected":false},"author":23737,"featured_media":75,"parent":0,"menu_order":0,"comment_status":"closed","ping_status":"closed","template":"","meta":{"footnotes":"","_links_to":"","_links_to_target":""},"class_list":["post-829","page","type-page","status-publish","has-post-thumbnail","hentry"],"_links":{"self":[{"href":"https:\/\/sites.usp.br\/trampos\/wp-json\/wp\/v2\/pages\/829","targetHints":{"allow":["GET"]}}],"collection":[{"href":"https:\/\/sites.usp.br\/trampos\/wp-json\/wp\/v2\/pages"}],"about":[{"href":"https:\/\/sites.usp.br\/trampos\/wp-json\/wp\/v2\/types\/page"}],"author":[{"embeddable":true,"href":"https:\/\/sites.usp.br\/trampos\/wp-json\/wp\/v2\/users\/23737"}],"replies":[{"embeddable":true,"href":"https:\/\/sites.usp.br\/trampos\/wp-json\/wp\/v2\/comments?post=829"}],"version-history":[{"count":3,"href":"https:\/\/sites.usp.br\/trampos\/wp-json\/wp\/v2\/pages\/829\/revisions"}],"predecessor-version":[{"id":855,"href":"https:\/\/sites.usp.br\/trampos\/wp-json\/wp\/v2\/pages\/829\/revisions\/855"}],"wp:featuredmedia":[{"embeddable":true,"href":"https:\/\/sites.usp.br\/trampos\/wp-json\/wp\/v2\/media\/75"}],"wp:attachment":[{"href":"https:\/\/sites.usp.br\/trampos\/wp-json\/wp\/v2\/media?parent=829"}],"curies":[{"name":"wp","href":"https:\/\/api.w.org\/{rel}","templated":true}]}}