{"id":2870,"date":"2023-02-28T14:34:33","date_gmt":"2023-02-28T17:34:33","guid":{"rendered":"https:\/\/sites.usp.br\/transparencia\/?page_id=2870"},"modified":"2023-08-25T15:57:15","modified_gmt":"2023-08-25T18:57:15","slug":"gestao-de-pessoas","status":"publish","type":"page","link":"https:\/\/sites.usp.br\/transparencia\/gestao-de-pessoas\/","title":{"rendered":"Gest\u00e3o de Pessoas"},"content":{"rendered":"<ul class=\"su-subpages\"><li class=\"page_item page-item-3215\"><a href=\"https:\/\/sites.usp.br\/transparencia\/gestao-de-pessoas\/busca-pessoas\/\">Busca pessoas<\/a><\/li>\n<li class=\"page_item page-item-3084\"><a href=\"https:\/\/sites.usp.br\/transparencia\/gestao-de-pessoas\/estagiarios\/\">Estagi\u00e1rios<\/a><\/li>\n<li class=\"page_item page-item-3015\"><a href=\"https:\/\/sites.usp.br\/transparencia\/gestao-de-pessoas\/estrutura-remuneratoria\/\">Estrutura remunerat\u00f3ria<\/a><\/li>\n<li class=\"page_item page-item-3109\"><a href=\"https:\/\/sites.usp.br\/transparencia\/gestao-de-pessoas\/informacoes-demograficas-dos-servidores-docentes-e-tecnico-administrativos-ativos-e-aposentados\/\">Informa\u00e7\u00f5es demogr\u00e1ficas dos servidores docentes e t\u00e9cnico administrativos ativos e aposentados<\/a><\/li>\n<li class=\"page_item page-item-3006\"><a href=\"https:\/\/sites.usp.br\/transparencia\/gestao-de-pessoas\/plano-de-carreira\/\">Plano de carreira<\/a><\/li>\n<li class=\"page_item page-item-3099\"><a href=\"https:\/\/sites.usp.br\/transparencia\/gestao-de-pessoas\/processos-seletivos-e-concursos-de-pessoal\/\">Processos seletivos e concursos de pessoal<\/a><\/li>\n<li class=\"page_item page-item-3011\"><a href=\"https:\/\/sites.usp.br\/transparencia\/gestao-de-pessoas\/quadro-de-servidores\/\">Quadro de servidores<\/a><\/li>\n<li class=\"page_item page-item-2866\"><a href=\"https:\/\/sites.usp.br\/transparencia\/gestao-de-pessoas\/servidores-cedidos-e-vacancias\/\">Servidores cedidos e vac\u00e2ncias<\/a><\/li>\n<li class=\"page_item page-item-3013\"><a href=\"https:\/\/sites.usp.br\/transparencia\/gestao-de-pessoas\/servidores-com-gratificacao\/\">Servidores com gratifica\u00e7\u00e3o<\/a><\/li>\n<\/ul>\n","protected":false},"excerpt":{"rendered":"","protected":false},"author":1,"featured_media":0,"parent":0,"menu_order":0,"comment_status":"closed","ping_status":"closed","template":"","meta":{"footnotes":"","_links_to":"","_links_to_target":""},"class_list":["post-2870","page","type-page","status-publish","hentry","entry"],"_links":{"self":[{"href":"https:\/\/sites.usp.br\/transparencia\/wp-json\/wp\/v2\/pages\/2870","targetHints":{"allow":["GET"]}}],"collection":[{"href":"https:\/\/sites.usp.br\/transparencia\/wp-json\/wp\/v2\/pages"}],"about":[{"href":"https:\/\/sites.usp.br\/transparencia\/wp-json\/wp\/v2\/types\/page"}],"author":[{"embeddable":true,"href":"https:\/\/sites.usp.br\/transparencia\/wp-json\/wp\/v2\/users\/1"}],"replies":[{"embeddable":true,"href":"https:\/\/sites.usp.br\/transparencia\/wp-json\/wp\/v2\/comments?post=2870"}],"version-history":[{"count":4,"href":"https:\/\/sites.usp.br\/transparencia\/wp-json\/wp\/v2\/pages\/2870\/revisions"}],"predecessor-version":[{"id":3098,"href":"https:\/\/sites.usp.br\/transparencia\/wp-json\/wp\/v2\/pages\/2870\/revisions\/3098"}],"wp:attachment":[{"href":"https:\/\/sites.usp.br\/transparencia\/wp-json\/wp\/v2\/media?parent=2870"}],"curies":[{"name":"wp","href":"https:\/\/api.w.org\/{rel}","templated":true}]}}