{"id":3117,"date":"2023-08-28T16:03:38","date_gmt":"2023-08-28T19:03:38","guid":{"rendered":"https:\/\/sites.usp.br\/transparencia\/?page_id=3117"},"modified":"2023-10-30T13:46:17","modified_gmt":"2023-10-30T16:46:17","slug":"execucao-orcamentaria-e-financeira","status":"publish","type":"page","link":"https:\/\/sites.usp.br\/transparencia\/execucao-orcamentaria-e-financeira\/","title":{"rendered":"Execu\u00e7\u00e3o or\u00e7ament\u00e1ria e financeira"},"content":{"rendered":"<ul class=\"su-subpages\"><li class=\"page_item page-item-4016\"><a href=\"https:\/\/uspdigital.usp.br\/portaltransparencia\/dashboardexecorc\">Painel de Execu\u00e7\u00e3o Or\u00e7ament\u00e1ria<\/a><\/li>\n<li class=\"page_item page-item-3144\"><a href=\"https:\/\/sites.usp.br\/transparencia\/execucao-orcamentaria-e-financeira\/demonstracoes-contabeis\/\">Demonstra\u00e7\u00f5es cont\u00e1beis<\/a><\/li>\n<li class=\"page_item page-item-3232\"><a href=\"https:\/\/sites.usp.br\/transparencia\/execucao-orcamentaria-e-financeira\/demonstrativos-de-receitas-e-despesas\/\">Demonstrativos de receitas e despesas<\/a><\/li>\n<li class=\"page_item page-item-3127\"><a href=\"https:\/\/sites.usp.br\/transparencia\/execucao-orcamentaria-e-financeira\/diarias\/\">Di\u00e1rias<\/a><\/li>\n<li class=\"page_item page-item-3119\"><a href=\"https:\/\/sites.usp.br\/transparencia\/execucao-orcamentaria-e-financeira\/execucao-orcamentaria-e-financeira\/\">Execu\u00e7\u00e3o or\u00e7ament\u00e1ria e financeira<\/a><\/li>\n<li class=\"page_item page-item-3150\"><a href=\"https:\/\/sites.usp.br\/transparencia\/execucao-orcamentaria-e-financeira\/orcamento-usp\/\">Or\u00e7amento USP<\/a><\/li>\n<li class=\"page_item page-item-3237\"><a href=\"https:\/\/sites.usp.br\/transparencia\/execucao-orcamentaria-e-financeira\/planilha-cruesp\/\">Planilha CRUESP<\/a><\/li>\n<li class=\"page_item page-item-3223\"><a href=\"https:\/\/sites.usp.br\/transparencia\/execucao-orcamentaria-e-financeira\/revisao-orcamentaria\/\">Revis\u00e3o or\u00e7ament\u00e1ria<\/a><\/li>\n<\/ul>\n","protected":false},"excerpt":{"rendered":"","protected":false},"author":1,"featured_media":0,"parent":0,"menu_order":0,"comment_status":"closed","ping_status":"closed","template":"","meta":{"footnotes":"","_links_to":"","_links_to_target":""},"class_list":["post-3117","page","type-page","status-publish","hentry","entry"],"_links":{"self":[{"href":"https:\/\/sites.usp.br\/transparencia\/wp-json\/wp\/v2\/pages\/3117","targetHints":{"allow":["GET"]}}],"collection":[{"href":"https:\/\/sites.usp.br\/transparencia\/wp-json\/wp\/v2\/pages"}],"about":[{"href":"https:\/\/sites.usp.br\/transparencia\/wp-json\/wp\/v2\/types\/page"}],"author":[{"embeddable":true,"href":"https:\/\/sites.usp.br\/transparencia\/wp-json\/wp\/v2\/users\/1"}],"replies":[{"embeddable":true,"href":"https:\/\/sites.usp.br\/transparencia\/wp-json\/wp\/v2\/comments?post=3117"}],"version-history":[{"count":2,"href":"https:\/\/sites.usp.br\/transparencia\/wp-json\/wp\/v2\/pages\/3117\/revisions"}],"predecessor-version":[{"id":3370,"href":"https:\/\/sites.usp.br\/transparencia\/wp-json\/wp\/v2\/pages\/3117\/revisions\/3370"}],"wp:attachment":[{"href":"https:\/\/sites.usp.br\/transparencia\/wp-json\/wp\/v2\/media?parent=3117"}],"curies":[{"name":"wp","href":"https:\/\/api.w.org\/{rel}","templated":true}]}}