{"id":3167,"date":"2023-08-28T17:34:33","date_gmt":"2023-08-28T20:34:33","guid":{"rendered":"https:\/\/sites.usp.br\/transparencia\/?page_id=3167"},"modified":"2025-10-21T10:05:20","modified_gmt":"2025-10-21T13:05:20","slug":"licitacoes-contratos-e-convenios","status":"publish","type":"page","link":"https:\/\/sites.usp.br\/transparencia\/licitacoes-contratos-e-convenios\/","title":{"rendered":"Licita\u00e7\u00f5es, Contratos e Conv\u00eanios"},"content":{"rendered":"<p>A Reitoria da USP est\u00e1 realizando readequa\u00e7\u00f5es sist\u00eamicas para o atendimento da Nova Lei de Licita\u00e7\u00f5es e Contratos objetivando as adequa\u00e7\u00f5es necess\u00e1rias para que atenda adequadamente a legisla\u00e7\u00e3o vigente, inclusive quanto aos recursos de acessibilidade e gera\u00e7\u00e3o de relat\u00f3rios que facilitem a an\u00e1lise das informa\u00e7\u00f5es.<\/p>\n<p>Ainda, quanto ao acesso \u00e0 informa\u00e7\u00e3o, refor\u00e7amos que o Sistema compras.gov.br disponibiliza no <a href=\"https:\/\/pncp.gov.br\/\">Portal Nacional de Contrata\u00e7\u00f5es P\u00fablicas \u2013 PNCP<\/a>, o acesso de maneira p\u00fablica e direta dos processos de contrata\u00e7\u00f5es, incluindo instrumentos convocat\u00f3rios, anexos, dados da licita\u00e7\u00e3o e da contrata\u00e7\u00e3o direta.<\/p>\n<ul class=\"su-subpages\"><li class=\"page_item page-item-3242\"><a href=\"https:\/\/portalservicos.usp.br\/contratacoes\">Licita\u00e7\u00f5es \/ Contrata\u00e7\u00f5es<\/a><\/li>\n<li class=\"page_item page-item-3854\"><a href=\"https:\/\/sites.usp.br\/transparencia\/licitacoes-contratos-e-convenios\/gestao-e-execucao-de-contratos\/\">Gest\u00e3o e execu\u00e7\u00e3o de Contratos<\/a><\/li>\n<li class=\"page_item page-item-3943\"><a href=\"https:\/\/sites.usp.br\/transparencia\/licitacoes-contratos-e-convenios\/gestao-e-execucao-de-convenios\/\">Gest\u00e3o e execu\u00e7\u00e3o de Conv\u00eanios<\/a><\/li>\n<li class=\"page_item page-item-3169\"><a href=\"https:\/\/sites.usp.br\/transparencia\/licitacoes-contratos-e-convenios\/gestao-e-execucao-de-licitacoes-contratos-e-convenios\/\">Gest\u00e3o e execu\u00e7\u00e3o de Licita\u00e7\u00f5es<\/a><\/li>\n<li class=\"page_item page-item-3858\"><a href=\"https:\/\/sites.usp.br\/transparencia\/licitacoes-contratos-e-convenios\/portal-nacional-de-contratacoes-publicas-pncp\/\">Portal Nacional de Contrata\u00e7\u00f5es P\u00fablicas \u2013 PNCP<\/a><\/li>\n<\/ul>\n","protected":false},"excerpt":{"rendered":"<p>A Reitoria da USP est\u00e1 realizando readequa\u00e7\u00f5es sist\u00eamicas para o atendimento da Nova Lei de Licita\u00e7\u00f5es e Contratos objetivando as adequa\u00e7\u00f5es necess\u00e1rias para que atenda adequadamente a legisla\u00e7\u00e3o vigente, inclusive quanto aos recursos de acessibilidade e gera\u00e7\u00e3o de relat\u00f3rios que facilitem a an\u00e1lise das informa\u00e7\u00f5es. Ainda, quanto ao acesso \u00e0 informa\u00e7\u00e3o, refor\u00e7amos que o Sistema [&hellip;]<\/p>\n","protected":false},"author":1,"featured_media":0,"parent":0,"menu_order":0,"comment_status":"closed","ping_status":"closed","template":"","meta":{"footnotes":"","_links_to":"","_links_to_target":""},"class_list":["post-3167","page","type-page","status-publish","hentry","entry"],"_links":{"self":[{"href":"https:\/\/sites.usp.br\/transparencia\/wp-json\/wp\/v2\/pages\/3167","targetHints":{"allow":["GET"]}}],"collection":[{"href":"https:\/\/sites.usp.br\/transparencia\/wp-json\/wp\/v2\/pages"}],"about":[{"href":"https:\/\/sites.usp.br\/transparencia\/wp-json\/wp\/v2\/types\/page"}],"author":[{"embeddable":true,"href":"https:\/\/sites.usp.br\/transparencia\/wp-json\/wp\/v2\/users\/1"}],"replies":[{"embeddable":true,"href":"https:\/\/sites.usp.br\/transparencia\/wp-json\/wp\/v2\/comments?post=3167"}],"version-history":[{"count":4,"href":"https:\/\/sites.usp.br\/transparencia\/wp-json\/wp\/v2\/pages\/3167\/revisions"}],"predecessor-version":[{"id":4039,"href":"https:\/\/sites.usp.br\/transparencia\/wp-json\/wp\/v2\/pages\/3167\/revisions\/4039"}],"wp:attachment":[{"href":"https:\/\/sites.usp.br\/transparencia\/wp-json\/wp\/v2\/media?parent=3167"}],"curies":[{"name":"wp","href":"https:\/\/api.w.org\/{rel}","templated":true}]}}