{"id":3469,"date":"2023-11-22T10:43:34","date_gmt":"2023-11-22T13:43:34","guid":{"rendered":"https:\/\/sites.usp.br\/transparencia\/?page_id=3469"},"modified":"2023-11-22T10:43:34","modified_gmt":"2023-11-22T13:43:34","slug":"atividade-fim","status":"publish","type":"page","link":"https:\/\/sites.usp.br\/transparencia\/atividade-fim\/","title":{"rendered":"Atividade-fim"},"content":{"rendered":"<ul class=\"su-subpages\"><li class=\"page_item page-item-3486 page_item_has_children\"><a href=\"https:\/\/sites.usp.br\/transparencia\/atividade-fim\/atividades-de-assistencia-a-saude\/\">Atividades de Assist\u00eancia \u00e0 Sa\u00fade<\/a>\n<ul class='children'>\n\t<li class=\"page_item page-item-3657\"><a href=\"https:\/\/sites.usp.br\/transparencia\/atividade-fim\/atividades-de-assistencia-a-saude\/atendimentos-nos-varios-servicos-de-saude\/\">Atendimento em Sa\u00fade Humana e Animal<\/a><\/li>\n\t<li class=\"page_item page-item-3668\"><a href=\"https:\/\/sites.usp.br\/transparencia\/atividade-fim\/atividades-de-assistencia-a-saude\/cirurgias-realizadas\/\">Cirurgias realizadas<\/a><\/li>\n\t<li class=\"page_item page-item-3673\"><a href=\"https:\/\/sites.usp.br\/transparencia\/atividade-fim\/atividades-de-assistencia-a-saude\/exames-procedimentos-realizados\/\">Exames\/procedimentos realizados<\/a><\/li>\n\t<li class=\"page_item page-item-3663\"><a href=\"https:\/\/sites.usp.br\/transparencia\/atividade-fim\/atividades-de-assistencia-a-saude\/leitos-disponiveis\/\">Leitos dispon\u00edveis<\/a><\/li>\n<\/ul>\n<\/li>\n<li class=\"page_item page-item-3482 page_item_has_children\"><a href=\"https:\/\/sites.usp.br\/transparencia\/atividade-fim\/comunidade-universitaria\/\">Comunidade Universit\u00e1ria<\/a>\n<ul class='children'>\n\t<li class=\"page_item page-item-3622\"><a href=\"https:\/\/sites.usp.br\/transparencia\/atividade-fim\/comunidade-universitaria\/alunos-de-graduacao-pos-graduacao-senso-estrito-e-extensao\/\">Alunos de gradua\u00e7\u00e3o, p\u00f3s-gradua\u00e7\u00e3o senso estrito e extens\u00e3o<\/a><\/li>\n\t<li class=\"page_item page-item-3632\"><a href=\"https:\/\/sites.usp.br\/transparencia\/atividade-fim\/comunidade-universitaria\/perfil-dos-alunos-da-universidade-em-intercambio\/\">Perfil dos alunos da Universidade em Interc\u00e2mbio<\/a><\/li>\n\t<li class=\"page_item page-item-3627\"><a href=\"https:\/\/sites.usp.br\/transparencia\/atividade-fim\/comunidade-universitaria\/perfil-dos-alunos-intercambistas-na-universidade\/\">Perfil dos alunos intercambistas na Universidade<\/a><\/li>\n\t<li class=\"page_item page-item-3616\"><a href=\"https:\/\/sites.usp.br\/transparencia\/atividade-fim\/comunidade-universitaria\/pos-doutorado-por-area-e-por-nacionalidade\/\">P\u00f3s-Doutorado (por \u00e1rea e por nacionalidade)<\/a><\/li>\n\t<li class=\"page_item page-item-3604\"><a href=\"https:\/\/sites.usp.br\/transparencia\/atividade-fim\/comunidade-universitaria\/professores\/\">Professores<\/a><\/li>\n\t<li class=\"page_item page-item-3609\"><a href=\"https:\/\/sites.usp.br\/transparencia\/atividade-fim\/comunidade-universitaria\/servidores-tecnico-administrativos\/\">Servidores T\u00e9cnico-Administrativos<\/a><\/li>\n<\/ul>\n<\/li>\n<li class=\"page_item page-item-3471 page_item_has_children\"><a href=\"https:\/\/sites.usp.br\/transparencia\/atividade-fim\/cursos-de-graduacao\/\">Cursos de gradua\u00e7\u00e3o<\/a>\n<ul class='children'>\n\t<li class=\"page_item page-item-3525\"><a href=\"https:\/\/sites.usp.br\/transparencia\/atividade-fim\/cursos-de-graduacao\/bolsas-de-iniciacao-cientifica-ofertadas-na-graduacao\/\">Bolsas de Inicia\u00e7\u00e3o Cient\u00edfica ofertadas na Gradua\u00e7\u00e3o<\/a><\/li>\n\t<li class=\"page_item page-item-3498\"><a href=\"https:\/\/sites.usp.br\/transparencia\/atividade-fim\/cursos-de-graduacao\/demanda-por-cursos-na-universidade\/\">Demanda por cursos na Universidade<\/a><\/li>\n\t<li class=\"page_item page-item-3515\"><a href=\"https:\/\/sites.usp.br\/transparencia\/atividade-fim\/cursos-de-graduacao\/egressos-formados-na-graduacao\/\">Egressos formados na gradua\u00e7\u00e3o<\/a><\/li>\n\t<li class=\"page_item page-item-3504\"><a href=\"https:\/\/sites.usp.br\/transparencia\/atividade-fim\/cursos-de-graduacao\/ingressantes-graduacao\/\">Ingressantes Gradua\u00e7\u00e3o<\/a><\/li>\n\t<li class=\"page_item page-item-3474\"><a href=\"https:\/\/sites.usp.br\/transparencia\/atividade-fim\/cursos-de-graduacao\/numero-total-de-estudantes\/\">N\u00famero total de estudantes<\/a><\/li>\n\t<li class=\"page_item page-item-3510\"><a href=\"https:\/\/sites.usp.br\/transparencia\/atividade-fim\/cursos-de-graduacao\/perfil-socioeconomico-do-ingressante\/\">Perfil Socioecon\u00f4mico do Ingressante<\/a><\/li>\n\t<li class=\"page_item page-item-3520\"><a href=\"https:\/\/sites.usp.br\/transparencia\/atividade-fim\/cursos-de-graduacao\/permanencia-na-graduacao\/\">Perman\u00eancia na Gradua\u00e7\u00e3o<\/a><\/li>\n\t<li class=\"page_item page-item-3492\"><a href=\"https:\/\/sites.usp.br\/transparencia\/atividade-fim\/cursos-de-graduacao\/vagas-disponibilizadas-para-ingresso\/\">Vagas disponibilizadas para ingresso<\/a><\/li>\n<\/ul>\n<\/li>\n<li class=\"page_item page-item-3480 page_item_has_children\"><a href=\"https:\/\/sites.usp.br\/transparencia\/atividade-fim\/internacionalizacao\/\">Internacionaliza\u00e7\u00e3o<\/a>\n<ul class='children'>\n\t<li class=\"page_item page-item-3594\"><a href=\"https:\/\/sites.usp.br\/transparencia\/atividade-fim\/internacionalizacao\/alunos-de-graduacao-no-exterior\/\">Alunos de gradua\u00e7\u00e3o no exterior<\/a><\/li>\n\t<li class=\"page_item page-item-3599\"><a href=\"https:\/\/sites.usp.br\/transparencia\/atividade-fim\/internacionalizacao\/alunos-intercambistas-na-universidade\/\">Alunos intercambistas na Universidade<\/a><\/li>\n\t<li class=\"page_item page-item-3589\"><a href=\"https:\/\/sites.usp.br\/transparencia\/atividade-fim\/internacionalizacao\/cooperacao-com-universidades-estrangeiras\/\">Coopera\u00e7\u00e3o com Universidades Estrangeiras<\/a><\/li>\n<\/ul>\n<\/li>\n<li class=\"page_item page-item-3484 page_item_has_children\"><a href=\"https:\/\/sites.usp.br\/transparencia\/atividade-fim\/permanencia-e-servicos\/\">Perman\u00eancia e Servi\u00e7os<\/a>\n<ul class='children'>\n\t<li class=\"page_item page-item-3647\"><a href=\"https:\/\/sites.usp.br\/transparencia\/atividade-fim\/permanencia-e-servicos\/alimentacao\/\">Alimenta\u00e7\u00e3o<\/a><\/li>\n\t<li class=\"page_item page-item-3637\"><a href=\"https:\/\/sites.usp.br\/transparencia\/atividade-fim\/permanencia-e-servicos\/garantia-de-permanencia-dos-estudantes\/\">Garantia de Perman\u00eancia dos estudantes<\/a><\/li>\n\t<li class=\"page_item page-item-3642\"><a href=\"https:\/\/sites.usp.br\/transparencia\/atividade-fim\/permanencia-e-servicos\/volume-de-recursos-financeiros-despendido-com-bolsas-alunos\/\">Volume de recursos financeiros despendido com bolsas\/alunos<\/a><\/li>\n\t<li class=\"page_item page-item-3652\"><a href=\"https:\/\/sites.usp.br\/transparencia\/atividade-fim\/permanencia-e-servicos\/volume-de-recursos-financeiros-despendidos-com-refeicoes-subsidiadas\/\">Volume de recursos financeiros despendidos com refei\u00e7\u00f5es subsidiadas<\/a><\/li>\n<\/ul>\n<\/li>\n<li class=\"page_item page-item-3478 page_item_has_children\"><a href=\"https:\/\/sites.usp.br\/transparencia\/atividade-fim\/pesquisa-e-extensao\/\">Pesquisa e extens\u00e3o<\/a>\n<ul class='children'>\n\t<li class=\"page_item page-item-3583\"><a href=\"https:\/\/sites.usp.br\/transparencia\/atividade-fim\/pesquisa-e-extensao\/cursos-de-extensao\/\">Cursos de extens\u00e3o<\/a><\/li>\n\t<li class=\"page_item page-item-3551\"><a href=\"https:\/\/sites.usp.br\/transparencia\/atividade-fim\/pesquisa-e-extensao\/nucleos-de-apoio-a-pesquisa\/\">N\u00facleos de apoio \u00e0 pesquisa<\/a><\/li>\n\t<li class=\"page_item page-item-3573\"><a href=\"https:\/\/sites.usp.br\/transparencia\/atividade-fim\/pesquisa-e-extensao\/participacao-em-comites-nacionais-e-internacionais\/\">Participa\u00e7\u00e3o em comit\u00eas nacionais e internacionais<\/a><\/li>\n\t<li class=\"page_item page-item-3567\"><a href=\"https:\/\/sites.usp.br\/transparencia\/atividade-fim\/pesquisa-e-extensao\/participacao-em-eventos-reunioes-cientificas-internacionais\/\">Participa\u00e7\u00e3o em eventos \/ reuni\u00f5es cient\u00edficas internacionais<\/a><\/li>\n\t<li class=\"page_item page-item-3578\"><a href=\"https:\/\/sites.usp.br\/transparencia\/atividade-fim\/pesquisa-e-extensao\/pedidos-de-licenciamentos-e-numero-de-patentes-licenciadas\/\">Pedidos de Licenciamentos e N\u00famero de Patentes Licenciadas<\/a><\/li>\n\t<li class=\"page_item page-item-3556\"><a href=\"https:\/\/sites.usp.br\/transparencia\/atividade-fim\/pesquisa-e-extensao\/producao-cientifica-e-artistica\/\">Produ\u00e7\u00e3o cient\u00edfica e art\u00edstica<\/a><\/li>\n<\/ul>\n<\/li>\n<li class=\"page_item page-item-3476 page_item_has_children\"><a href=\"https:\/\/sites.usp.br\/transparencia\/atividade-fim\/pos-graduacao\/\">P\u00f3s-gradua\u00e7\u00e3o<\/a>\n<ul class='children'>\n\t<li class=\"page_item page-item-3541\"><a href=\"https:\/\/sites.usp.br\/transparencia\/atividade-fim\/pos-graduacao\/alunos-de-pos-graduacao-em-atividades-de-monitoria-pae\/\">Alunos de p\u00f3s-gradua\u00e7\u00e3o em atividades de monitoria (PAE)<\/a><\/li>\n\t<li class=\"page_item page-item-3536\"><a href=\"https:\/\/sites.usp.br\/transparencia\/atividade-fim\/pos-graduacao\/egressos-concluintes-de-pos-graduacao\/\">Egressos concluintes de P\u00f3s-Gradua\u00e7\u00e3o<\/a><\/li>\n\t<li class=\"page_item page-item-3546\"><a href=\"https:\/\/sites.usp.br\/transparencia\/atividade-fim\/pos-graduacao\/numero-de-bolsas-pos-graduacao-estrito-senso-capes-fapesp-cnpq\/\">N\u00famero de Bolsas P\u00f3s-gradua\u00e7\u00e3o estrito senso (CAPES, FAPESP, CNPq)<\/a><\/li>\n\t<li class=\"page_item page-item-3530\"><a href=\"https:\/\/sites.usp.br\/transparencia\/atividade-fim\/pos-graduacao\/numero-total-de-estudantes-pos-graduacao\/\">N\u00famero total de estudantes &#8211; P\u00f3s-Gradua\u00e7\u00e3o<\/a><\/li>\n\t<li class=\"page_item page-item-3717\"><a href=\"https:\/\/sites.usp.br\/transparencia\/atividade-fim\/pos-graduacao\/teses-e-dissertacoes-defendidas\/\">Teses e disserta\u00e7\u00f5es defendidas<\/a><\/li>\n<\/ul>\n<\/li>\n<\/ul>\n","protected":false},"excerpt":{"rendered":"","protected":false},"author":1,"featured_media":0,"parent":0,"menu_order":0,"comment_status":"closed","ping_status":"closed","template":"","meta":{"footnotes":"","_links_to":"","_links_to_target":""},"class_list":["post-3469","page","type-page","status-publish","hentry","entry"],"_links":{"self":[{"href":"https:\/\/sites.usp.br\/transparencia\/wp-json\/wp\/v2\/pages\/3469","targetHints":{"allow":["GET"]}}],"collection":[{"href":"https:\/\/sites.usp.br\/transparencia\/wp-json\/wp\/v2\/pages"}],"about":[{"href":"https:\/\/sites.usp.br\/transparencia\/wp-json\/wp\/v2\/types\/page"}],"author":[{"embeddable":true,"href":"https:\/\/sites.usp.br\/transparencia\/wp-json\/wp\/v2\/users\/1"}],"replies":[{"embeddable":true,"href":"https:\/\/sites.usp.br\/transparencia\/wp-json\/wp\/v2\/comments?post=3469"}],"version-history":[{"count":1,"href":"https:\/\/sites.usp.br\/transparencia\/wp-json\/wp\/v2\/pages\/3469\/revisions"}],"predecessor-version":[{"id":3470,"href":"https:\/\/sites.usp.br\/transparencia\/wp-json\/wp\/v2\/pages\/3469\/revisions\/3470"}],"wp:attachment":[{"href":"https:\/\/sites.usp.br\/transparencia\/wp-json\/wp\/v2\/media?parent=3469"}],"curies":[{"name":"wp","href":"https:\/\/api.w.org\/{rel}","templated":true}]}}