{"id":3478,"date":"2023-11-22T11:00:20","date_gmt":"2023-11-22T14:00:20","guid":{"rendered":"https:\/\/sites.usp.br\/transparencia\/?page_id=3478"},"modified":"2023-11-22T11:00:20","modified_gmt":"2023-11-22T14:00:20","slug":"pesquisa-e-extensao","status":"publish","type":"page","link":"https:\/\/sites.usp.br\/transparencia\/atividade-fim\/pesquisa-e-extensao\/","title":{"rendered":"Pesquisa e extens\u00e3o"},"content":{"rendered":"<ul class=\"su-subpages\"><li class=\"page_item page-item-3583\"><a href=\"https:\/\/sites.usp.br\/transparencia\/atividade-fim\/pesquisa-e-extensao\/cursos-de-extensao\/\">Cursos de extens\u00e3o<\/a><\/li>\n<li class=\"page_item page-item-3551\"><a href=\"https:\/\/sites.usp.br\/transparencia\/atividade-fim\/pesquisa-e-extensao\/nucleos-de-apoio-a-pesquisa\/\">N\u00facleos de apoio \u00e0 pesquisa<\/a><\/li>\n<li class=\"page_item page-item-3573\"><a href=\"https:\/\/sites.usp.br\/transparencia\/atividade-fim\/pesquisa-e-extensao\/participacao-em-comites-nacionais-e-internacionais\/\">Participa\u00e7\u00e3o em comit\u00eas nacionais e internacionais<\/a><\/li>\n<li class=\"page_item page-item-3567\"><a href=\"https:\/\/sites.usp.br\/transparencia\/atividade-fim\/pesquisa-e-extensao\/participacao-em-eventos-reunioes-cientificas-internacionais\/\">Participa\u00e7\u00e3o em eventos \/ reuni\u00f5es cient\u00edficas internacionais<\/a><\/li>\n<li class=\"page_item page-item-3578\"><a href=\"https:\/\/sites.usp.br\/transparencia\/atividade-fim\/pesquisa-e-extensao\/pedidos-de-licenciamentos-e-numero-de-patentes-licenciadas\/\">Pedidos de Licenciamentos e N\u00famero de Patentes Licenciadas<\/a><\/li>\n<li class=\"page_item page-item-3556\"><a href=\"https:\/\/sites.usp.br\/transparencia\/atividade-fim\/pesquisa-e-extensao\/producao-cientifica-e-artistica\/\">Produ\u00e7\u00e3o cient\u00edfica e art\u00edstica<\/a><\/li>\n<\/ul>\n","protected":false},"excerpt":{"rendered":"","protected":false},"author":1,"featured_media":0,"parent":3469,"menu_order":0,"comment_status":"closed","ping_status":"closed","template":"","meta":{"footnotes":"","_links_to":"","_links_to_target":""},"class_list":["post-3478","page","type-page","status-publish","hentry","entry"],"_links":{"self":[{"href":"https:\/\/sites.usp.br\/transparencia\/wp-json\/wp\/v2\/pages\/3478","targetHints":{"allow":["GET"]}}],"collection":[{"href":"https:\/\/sites.usp.br\/transparencia\/wp-json\/wp\/v2\/pages"}],"about":[{"href":"https:\/\/sites.usp.br\/transparencia\/wp-json\/wp\/v2\/types\/page"}],"author":[{"embeddable":true,"href":"https:\/\/sites.usp.br\/transparencia\/wp-json\/wp\/v2\/users\/1"}],"replies":[{"embeddable":true,"href":"https:\/\/sites.usp.br\/transparencia\/wp-json\/wp\/v2\/comments?post=3478"}],"version-history":[{"count":1,"href":"https:\/\/sites.usp.br\/transparencia\/wp-json\/wp\/v2\/pages\/3478\/revisions"}],"predecessor-version":[{"id":3479,"href":"https:\/\/sites.usp.br\/transparencia\/wp-json\/wp\/v2\/pages\/3478\/revisions\/3479"}],"up":[{"embeddable":true,"href":"https:\/\/sites.usp.br\/transparencia\/wp-json\/wp\/v2\/pages\/3469"}],"wp:attachment":[{"href":"https:\/\/sites.usp.br\/transparencia\/wp-json\/wp\/v2\/media?parent=3478"}],"curies":[{"name":"wp","href":"https:\/\/api.w.org\/{rel}","templated":true}]}}