{"id":3717,"date":"2023-11-27T17:13:20","date_gmt":"2023-11-27T20:13:20","guid":{"rendered":"https:\/\/sites.usp.br\/transparencia\/?page_id=3717"},"modified":"2023-12-13T11:17:54","modified_gmt":"2023-12-13T14:17:54","slug":"teses-e-dissertacoes-defendidas","status":"publish","type":"page","link":"https:\/\/sites.usp.br\/transparencia\/atividade-fim\/pos-graduacao\/teses-e-dissertacoes-defendidas\/","title":{"rendered":"Teses e disserta\u00e7\u00f5es defendidas"},"content":{"rendered":"\t\t<div data-elementor-type=\"wp-page\" data-elementor-id=\"3717\" class=\"elementor elementor-3717\" data-elementor-post-type=\"page\">\n\t\t\t\t\t\t<section class=\"elementor-section elementor-top-section elementor-element elementor-element-aad3f67 elementor-section-boxed elementor-section-height-default elementor-section-height-default\" data-id=\"aad3f67\" data-element_type=\"section\">\n\t\t\t\t\t\t<div class=\"elementor-container elementor-column-gap-default\">\n\t\t\t\t\t<div class=\"elementor-column elementor-col-33 elementor-top-column elementor-element elementor-element-bcc51b6\" data-id=\"bcc51b6\" data-element_type=\"column\">\n\t\t\t<div class=\"elementor-widget-wrap elementor-element-populated\">\n\t\t\t\t\t\t<div class=\"elementor-element elementor-element-feff411 elementor-widget elementor-widget-heading\" data-id=\"feff411\" data-element_type=\"widget\" data-widget_type=\"heading.default\">\n\t\t\t\t<div class=\"elementor-widget-container\">\n\t\t\t<h2 class=\"elementor-heading-title elementor-size-default\">Fonte:<\/h2>\t\t<\/div>\n\t\t\t\t<\/div>\n\t\t\t\t\t<\/div>\n\t\t<\/div>\n\t\t\t\t<div class=\"elementor-column elementor-col-66 elementor-top-column elementor-element elementor-element-c246738\" data-id=\"c246738\" data-element_type=\"column\">\n\t\t\t<div class=\"elementor-widget-wrap elementor-element-populated\">\n\t\t\t\t\t\t<div class=\"elementor-element elementor-element-2932928 elementor-widget elementor-widget-heading\" data-id=\"2932928\" data-element_type=\"widget\" data-widget_type=\"heading.default\">\n\t\t\t\t<div class=\"elementor-widget-container\">\n\t\t\t<h2 class=\"elementor-heading-title elementor-size-default\"><a href=\"https:\/\/www.teses.usp.br\/\">Biblioteca Digital de Teses e Disserta\u00e7\u00f5es da USP<\/a><\/h2>\t\t<\/div>\n\t\t\t\t<\/div>\n\t\t\t\t<div class=\"elementor-element elementor-element-35f3b02c elementor-widget elementor-widget-text-editor\" data-id=\"35f3b02c\" data-element_type=\"widget\" data-widget_type=\"text-editor.default\">\n\t\t\t\t<div class=\"elementor-widget-container\">\n\t\t\t\t\t\t\t<p>Disponibiliza acesso a teses e disserta\u00e7\u00f5es defendidas por alunos concluintes de p\u00f3s-gradua\u00e7\u00e3o da USP Contato: www.abcd.usp.br &#8211; atendimento@abcd.usp.br<\/p>\t\t\t\t\t\t<\/div>\n\t\t\t\t<\/div>\n\t\t\t\t\t<\/div>\n\t\t<\/div>\n\t\t\t\t\t<\/div>\n\t\t<\/section>\n\t\t\t\t<section class=\"elementor-section elementor-top-section elementor-element elementor-element-7dc5aea elementor-section-boxed elementor-section-height-default elementor-section-height-default\" data-id=\"7dc5aea\" data-element_type=\"section\">\n\t\t\t\t\t\t<div class=\"elementor-container elementor-column-gap-default\">\n\t\t\t\t\t<div class=\"elementor-column elementor-col-33 elementor-top-column elementor-element elementor-element-19dbd3b\" data-id=\"19dbd3b\" data-element_type=\"column\">\n\t\t\t<div class=\"elementor-widget-wrap elementor-element-populated\">\n\t\t\t\t\t\t<div class=\"elementor-element elementor-element-d9b44d7 elementor-widget elementor-widget-heading\" data-id=\"d9b44d7\" data-element_type=\"widget\" data-widget_type=\"heading.default\">\n\t\t\t\t<div class=\"elementor-widget-container\">\n\t\t\t<h2 class=\"elementor-heading-title elementor-size-default\">Contato:<\/h2>\t\t<\/div>\n\t\t\t\t<\/div>\n\t\t\t\t\t<\/div>\n\t\t<\/div>\n\t\t\t\t<div class=\"elementor-column elementor-col-66 elementor-top-column elementor-element elementor-element-1eae47b\" data-id=\"1eae47b\" data-element_type=\"column\">\n\t\t\t<div class=\"elementor-widget-wrap elementor-element-populated\">\n\t\t\t\t\t\t<div class=\"elementor-element elementor-element-ad05215 elementor-widget elementor-widget-text-editor\" data-id=\"ad05215\" data-element_type=\"widget\" data-widget_type=\"text-editor.default\">\n\t\t\t\t<div class=\"elementor-widget-container\">\n\t\t\t\t\t\t\t<p><a href=\"https:\/\/www.abcd.usp.br\/\" target=\"_blank\" rel=\"noopener\">\u00a0www.abcd.usp.br<\/a> | <a href=\"mailto:atendimento@abcd.usp.br\">atendimento@abcd.usp.br<\/a><\/p>\t\t\t\t\t\t<\/div>\n\t\t\t\t<\/div>\n\t\t\t\t\t<\/div>\n\t\t<\/div>\n\t\t\t\t\t<\/div>\n\t\t<\/section>\n\t\t\t\t<section class=\"elementor-section elementor-top-section elementor-element elementor-element-1689d78 elementor-section-boxed elementor-section-height-default elementor-section-height-default\" data-id=\"1689d78\" data-element_type=\"section\">\n\t\t\t\t\t\t<div class=\"elementor-container elementor-column-gap-default\">\n\t\t\t\t\t<div class=\"elementor-column elementor-col-33 elementor-top-column elementor-element elementor-element-e778670\" data-id=\"e778670\" data-element_type=\"column\">\n\t\t\t<div class=\"elementor-widget-wrap elementor-element-populated\">\n\t\t\t\t\t\t\t<\/div>\n\t\t<\/div>\n\t\t\t\t<div class=\"elementor-column elementor-col-66 elementor-top-column elementor-element elementor-element-760ff13\" data-id=\"760ff13\" data-element_type=\"column\">\n\t\t\t<div class=\"elementor-widget-wrap elementor-element-populated\">\n\t\t\t\t\t\t<div class=\"elementor-element elementor-element-8441edf elementor-widget elementor-widget-text-editor\" data-id=\"8441edf\" data-element_type=\"widget\" data-widget_type=\"text-editor.default\">\n\t\t\t\t<div class=\"elementor-widget-container\">\n\t\t\t\t\t\t\t<a href=\"https:\/\/www.teses.usp.br\/\" class=\"su-button su-button-style-stroked\" style=\"color:#FFFFFF;background-color:#2D89EF;border-color:#246ec0;border-radius:7px\" target=\"_blank\" rel=\"noopener noreferrer\"><span style=\"color:#FFFFFF;padding:0px 20px;font-size:16px;line-height:32px;border-color:#6cadf4;border-radius:7px;text-shadow:none\"> Acesse \u00bb Teses e disserta\u00e7\u00f5es<\/span><\/a>\t\t\t\t\t\t<\/div>\n\t\t\t\t<\/div>\n\t\t\t\t\t<\/div>\n\t\t<\/div>\n\t\t\t\t\t<\/div>\n\t\t<\/section>\n\t\t\t\t<section class=\"elementor-section elementor-top-section elementor-element elementor-element-6ff1af84 elementor-section-boxed elementor-section-height-default elementor-section-height-default\" data-id=\"6ff1af84\" data-element_type=\"section\">\n\t\t\t\t\t\t<div class=\"elementor-container elementor-column-gap-default\">\n\t\t\t\t\t<div class=\"elementor-column elementor-col-100 elementor-top-column elementor-element elementor-element-669351e1\" data-id=\"669351e1\" data-element_type=\"column\">\n\t\t\t<div class=\"elementor-widget-wrap\">\n\t\t\t\t\t\t\t<\/div>\n\t\t<\/div>\n\t\t\t\t\t<\/div>\n\t\t<\/section>\n\t\t\t\t<\/div>\n\t\t","protected":false},"excerpt":{"rendered":"<p>Fonte: Biblioteca Digital de Teses e Disserta\u00e7\u00f5es da USP Disponibiliza acesso a teses e disserta\u00e7\u00f5es defendidas por alunos concluintes de p\u00f3s-gradua\u00e7\u00e3o da USP Contato: www.abcd.usp.br &#8211; atendimento@abcd.usp.br Contato: \u00a0www.abcd.usp.br | atendimento@abcd.usp.br<\/p>\n","protected":false},"author":1,"featured_media":0,"parent":3476,"menu_order":0,"comment_status":"closed","ping_status":"closed","template":"","meta":{"footnotes":"","_links_to":"","_links_to_target":""},"class_list":["post-3717","page","type-page","status-publish","hentry","entry"],"_links":{"self":[{"href":"https:\/\/sites.usp.br\/transparencia\/wp-json\/wp\/v2\/pages\/3717","targetHints":{"allow":["GET"]}}],"collection":[{"href":"https:\/\/sites.usp.br\/transparencia\/wp-json\/wp\/v2\/pages"}],"about":[{"href":"https:\/\/sites.usp.br\/transparencia\/wp-json\/wp\/v2\/types\/page"}],"author":[{"embeddable":true,"href":"https:\/\/sites.usp.br\/transparencia\/wp-json\/wp\/v2\/users\/1"}],"replies":[{"embeddable":true,"href":"https:\/\/sites.usp.br\/transparencia\/wp-json\/wp\/v2\/comments?post=3717"}],"version-history":[{"count":4,"href":"https:\/\/sites.usp.br\/transparencia\/wp-json\/wp\/v2\/pages\/3717\/revisions"}],"predecessor-version":[{"id":3799,"href":"https:\/\/sites.usp.br\/transparencia\/wp-json\/wp\/v2\/pages\/3717\/revisions\/3799"}],"up":[{"embeddable":true,"href":"https:\/\/sites.usp.br\/transparencia\/wp-json\/wp\/v2\/pages\/3476"}],"wp:attachment":[{"href":"https:\/\/sites.usp.br\/transparencia\/wp-json\/wp\/v2\/media?parent=3717"}],"curies":[{"name":"wp","href":"https:\/\/api.w.org\/{rel}","templated":true}]}}