{"id":114,"date":"2017-03-27T00:01:58","date_gmt":"2017-03-27T02:01:58","guid":{"rendered":"http:\/\/sites.usp.br\/tributario\/?page_id=114"},"modified":"2025-11-22T10:52:53","modified_gmt":"2025-11-22T12:52:53","slug":"quem-somos","status":"publish","type":"page","link":"https:\/\/sites.usp.br\/tributario\/quem-somos\/","title":{"rendered":"Equipe de Pesquisadores &#8211; FDRP\/USP"},"content":{"rendered":"<style>\n  .team-photo {\n    width: 160px !important;\n    height: 200px !important;\n    object-fit: cover !important;\n    border-radius: 8px !important;\n  }\n<\/style>\n<p>\nA equipe de pesquisadores em Direito Tribut\u00e1rio da Faculdade de Direito de Ribeir\u00e3o Preto da Universidade de S\u00e3o Paulo (FDRP\/USP) \u00e9 respons\u00e1vel pela elabora\u00e7\u00e3o e revis\u00e3o cient\u00edfica dos conte\u00fados deste portal. Abaixo apresentamos os(as) coordenadores(as) e colaboradores(as) que integram o grupo.\n<\/p>\n<h2 style=\"margin-top: 40px;\"><strong>Coordenadores<\/strong><\/h2>\n<p><!-- Alexandre Nishioka --><\/p>\n<div style=\"display: flex; align-items: flex-start; gap: 20px; margin-bottom: 30px;\">\n<div style=\"flex: 0 0 160px;\">\n    <img decoding=\"async\" class=\"team-photo\" \n         src=\"https:\/\/sites.usp.br\/tributario\/wp-content\/uploads\/sites\/805\/2025\/11\/Alexandre-Nishioka-2-150x200-1.jpg\" \n         alt=\"Foto de Alexandre Naoki Nishioka\" \/>\n  <\/div>\n<div>\n<h4>Alexandre Naoki Nishioka<\/h4>\n<p>    Professor Doutor da Faculdade de Direito de Ribeir\u00e3o Preto (FDRP\/USP).\n  <\/p><\/div>\n<\/div>\n<p><!-- Guilherme Mendes --><\/p>\n<div style=\"display: flex; align-items: flex-start; gap: 20px; margin-bottom: 30px;\">\n<div style=\"flex: 0 0 160px;\">\n    <img decoding=\"async\" class=\"team-photo\" \n         src=\"https:\/\/sites.usp.br\/tributario\/wp-content\/uploads\/sites\/805\/2025\/11\/WhatsApp-Image-2025-11-15-at-17.05.13.jpeg\" \n         alt=\"Foto de Guilherme Adolfo dos Santos Mendes\" \/>\n  <\/div>\n<div>\n<h4>Guilherme Adolfo dos Santos Mendes<\/h4>\n<p>    Professor Doutor da Faculdade de Direito de Ribeir\u00e3o Preto (FDRP\/USP).\n  <\/p><\/div>\n<\/div>\n<h2 style=\"margin-top: 40px;\"><strong>Colaboradores<\/strong><\/h2>\n<p><!-- Carolina Campos --><\/p>\n<div style=\"display: flex; align-items: flex-start; gap: 20px; margin-bottom: 30px;\">\n<div style=\"flex: 0 0 160px;\">\n    <img decoding=\"async\" class=\"team-photo\" \n         src=\"https:\/\/sites.usp.br\/tributario\/wp-content\/uploads\/sites\/805\/2025\/11\/WhatsApp-Image-2025-11-11-at-14.34.14.jpeg\" \n         alt=\"Foto de Carolina Campos\" \/>\n  <\/div>\n<div>\n<h4>Carolina Campos<\/h4>\n<p>    Procuradora do Munic\u00edpio de Brodowski, advogada e professora de Direito Tribut\u00e1rio na UNIFAFIBE.<br \/>\n    Doutoranda em Direito pela UNESP. Mestra em Direito e Desenvolvimento, especialista em Direito Tribut\u00e1rio,<br \/>\n    e graduada em Direito pela FDRP\/USP.\n  <\/p><\/div>\n<\/div>\n<p><!-- Diego Araujo --><\/p>\n<div style=\"display: flex; align-items: flex-start; gap: 20px; margin-bottom: 30px;\">\n<div style=\"flex: 0 0 160px;\">\n    <img decoding=\"async\" class=\"team-photo\" \n         src=\"https:\/\/sites.usp.br\/tributario\/wp-content\/uploads\/sites\/805\/2025\/11\/WhatsApp-Image-2025-11-07-at-14.39.39.jpeg\" \n         alt=\"Foto de Diego Araujo\" \/>\n  <\/div>\n<div>\n<h4>Diego Araujo<\/h4>\n<p>    Auditor Fiscal Tribut\u00e1rio em S\u00e3o Jos\u00e9 do Rio Preto, formado e mestre em Direito pela USP e com MBA em IFRS pela FIPECAFI.<br \/>\n    Atuou no Pr\u00e9-Comit\u00ea Gestor do IBS, \u00e9 professor de cursos de especializa\u00e7\u00e3o.\n  <\/p><\/div>\n<\/div>\n<p><!-- Henrique Chamas --><\/p>\n<div style=\"display: flex; align-items: flex-start; gap: 20px; margin-bottom: 30px;\">\n<div style=\"flex: 0 0 160px;\">\n    <img decoding=\"async\" class=\"team-photo\" \n         src=\"https:\/\/sites.usp.br\/tributario\/wp-content\/uploads\/sites\/805\/2025\/11\/WhatsApp-Image-2025-11-07-at-20.12.04.jpeg\" \n         alt=\"Foto de Henrique Chamas\" \/>\n  <\/div>\n<div>\n<h4>Henrique Chamas<\/h4>\n<p>    Conselheiro da Primeira Se\u00e7\u00e3o do CARF. Doutorando e Mestre em Direito pela FDRP\/USP.<br \/>\n    Especialista em Direito Tribut\u00e1rio pelo IBET.\n  <\/p><\/div>\n<\/div>\n<p><!-- Jo\u00e3o Pedro Miyada --><\/p>\n<div style=\"display: flex; align-items: flex-start; gap: 20px; margin-bottom: 30px;\">\n<div style=\"flex: 0 0 160px;\">\n    <img decoding=\"async\" class=\"team-photo\" \n         src=\"https:\/\/sites.usp.br\/tributario\/wp-content\/uploads\/sites\/805\/2025\/11\/Foto_Perfil_21.jpg\" \n         alt=\"Foto de Jo\u00e3o Pedro Miyada do Nascimento\" \/>\n  <\/div>\n<div>\n<h4>Jo\u00e3o Pedro Miyada do Nascimento<\/h4>\n<p>    Advogado na Passos e Sticca Advogados Associados &#8211; PSAA, com atua\u00e7\u00e3o na \u00e1rea de Tribut\u00e1rio Empresarial.<br \/>\n    Mestrando e Graduado na Faculdade de Direito de Ribeir\u00e3o Preto da Universidade de S\u00e3o Paulo.\n  <\/p><\/div>\n<\/div>\n<p><!-- Jo\u00e3o Pedro Toledo --><\/p>\n<div style=\"display: flex; align-items: flex-start; gap: 20px; margin-bottom: 30px;\">\n<div style=\"flex: 0 0 160px;\">\n    <img decoding=\"async\" class=\"team-photo\" \n         src=\"https:\/\/sites.usp.br\/tributario\/wp-content\/uploads\/sites\/805\/2025\/11\/WhatsApp-Image-2025-11-10-at-21.43.39.jpeg\" \n         alt=\"Foto de Jo\u00e3o Pedro Toledo\" \/>\n  <\/div>\n<div>\n<h4>Jo\u00e3o Pedro Toledo<\/h4>\n<p>    Bacharel e mestre pela Faculdade de Direito de Ribeir\u00e3o Preto (USP).<br \/>\n    J\u00e1 atuou como monitor em cursos de gradua\u00e7\u00e3o e p\u00f3s-gradua\u00e7\u00e3o em direito tribut\u00e1rio.<br \/>\n    Advogado tributarista.\n  <\/p><\/div>\n<\/div>\n<p><!-- Laura Charallo Grisolia Elias --><\/p>\n<div style=\"display: flex; align-items: flex-start; gap: 20px; margin-bottom: 30px;\">\n<div style=\"flex: 0 0 160px;\">\n      <img decoding=\"async\" class=\"team-photo\" \n           src=\"https:\/\/sites.usp.br\/tributario\/wp-content\/uploads\/sites\/805\/2025\/11\/WhatsApp-Image-2025-11-15-at-17.51.17.jpeg\" \n           alt=\"Foto de Laura Charallo Grisolia Elias\">\n  <\/div>\n<div>\n<h4>Laura Charallo Grisolia Elias<\/h4>\n<p>      Advogada, professora, doutoranda e mestre em Direito pela FDRP\/USP.\n  <\/p><\/div>\n<\/div>\n<p><!-- Lucas Halah --><\/p>\n<div style=\"display: flex; align-items: flex-start; gap: 20px; margin-bottom: 30px;\">\n<div style=\"flex: 0 0 160px;\">\n    <img decoding=\"async\" class=\"team-photo\" \n         src=\"https:\/\/sites.usp.br\/tributario\/wp-content\/uploads\/sites\/805\/2025\/11\/WhatsApp-Image-2025-11-11-at-10.58.29.jpeg\" \n         alt=\"Foto de Lucas Issa Halah\" \/>\n  <\/div>\n<div>\n<h4>Lucas Issa Halah<\/h4>\n<p>    Conselheiro Vice-Presidente de Turma da 1\u00aa Se\u00e7\u00e3o do CARF.<br \/>\n    Doutorando, mestre e graduado em Direito pela USP.<br \/>\n    Autor do livro <i>Tributa\u00e7\u00e3o da Renda no Agroneg\u00f3cio<\/i> e professor de diversos cursos de especializa\u00e7\u00e3o.\n  <\/div>\n<\/div>\n<p><!-- Manoel Squiapati --><\/p>\n<div style=\"display: flex; align-items: flex-start; gap: 20px; margin-bottom: 30px;\">\n<div style=\"flex: 0 0 160px;\">\n    <img decoding=\"async\" class=\"team-photo\" \n         src=\"https:\/\/sites.usp.br\/tributario\/wp-content\/uploads\/sites\/805\/2025\/11\/WhatsApp-Image-2025-11-12-at-15.49.37.jpeg\" \n         alt=\"Foto de Manoel Squiapati\" \/>\n  <\/div>\n<div>\n<h4>Manoel Squiapati<\/h4>\n<p>    Advogado tributarista, professor de Direito Tribut\u00e1rio da Universidade de Uberaba.<br \/>\n    Graduado e p\u00f3s-graduado (mestre) em Direito na Faculdade de Direito de Ribeir\u00e3o Preto da USP.\n  <\/p><\/div>\n<\/div>\n<p><!-- Tiago Lucena --><\/p>\n<div style=\"display: flex; align-items: flex-start; gap: 20px; margin-bottom: 30px;\">\n<div style=\"flex: 0 0 160px;\">\n    <img decoding=\"async\" class=\"team-photo\" \n         src=\"https:\/\/sites.usp.br\/tributario\/wp-content\/uploads\/sites\/805\/2025\/11\/WhatsApp-Image-2025-11-15-at-17.05.25.jpeg\" \n         alt=\"Foto de Tiago Lucena Figueiredo\" \/>\n  <\/div>\n<div>\n<h4>Tiago Lucena Figueiredo<\/h4>\n<p>    Mestre pela FDRP\/USP e doutorando pela FD\/USP.<br \/>\n    Advogado na \u00e1rea tribut\u00e1ria do escrit\u00f3rio Bernardini, Martins e Ferraz.\n  <\/p><\/div>\n<\/div>\n<p><!-- Tereza Gomes Leal --><\/p>\n<div style=\"display: flex; align-items: flex-start; gap: 20px; margin-bottom: 30px;\">\n<div style=\"flex: 0 0 160px;\">\n    <img decoding=\"async\" class=\"team-photo\" \n         src=\"https:\/\/sites.usp.br\/tributario\/wp-content\/uploads\/sites\/805\/2025\/11\/Blusa-listrada-4.5-1.jpg\" \n         alt=\"Foto de Tereza Gomes Leal\" \/>\n  <\/div>\n<div>\n<h4>Tereza Gomes Leal<\/h4>\n<p>    Mestranda em Desenvolvimento no Estado Democr\u00e1tico de Direito pela FDRP\/USP.<br \/>\n    Graduada em Direito pela UNESP.<br \/>\n    Advogada tributarista em Mello Mataruco Advocacia Tribut\u00e1ria.\n  <\/p><\/div>\n<\/div>\n<p><!-- Vin\u00edcius --><\/p>\n<div style=\"display: flex; align-items: flex-start; gap: 20px; margin-bottom: 30px;\">\n<div style=\"flex: 0 0 160px;\">\n    <img decoding=\"async\" class=\"team-photo\" \n         src=\"https:\/\/sites.usp.br\/tributario\/wp-content\/uploads\/sites\/805\/2025\/11\/WhatsApp-Image-2025-11-06-at-18.26.52.jpeg\" \n         alt=\"Foto de Vin\u00edcius Luiz Peternelli Castanheiro\" \/>\n  <\/div>\n<div>\n<h4>Vin\u00edcius Luiz Peternelli Castanheiro<\/h4>\n<p>    Mestrando em Desenvolvimento no Estado Democr\u00e1tico de Direito pela FDRP\/USP.<br \/>\n    Graduado em Direito pela FDRP\/USP.<br \/>\n    Atua nas \u00e1reas de Direito Tribut\u00e1rio e Direito Administrativo.\n  <\/p><\/div>\n<\/div>\n","protected":false},"excerpt":{"rendered":"<p>A equipe de pesquisadores em Direito Tribut\u00e1rio da Faculdade de Direito de Ribeir\u00e3o Preto da Universidade de S\u00e3o Paulo (FDRP\/USP) \u00e9 respons\u00e1vel pela elabora\u00e7\u00e3o e revis\u00e3o cient\u00edfica dos conte\u00fados deste portal. Abaixo apresentamos os(as) coordenadores(as) e colaboradores(as) que integram o grupo. Coordenadores Alexandre Naoki Nishioka Professor Doutor da Faculdade de Direito de Ribeir\u00e3o Preto (FDRP\/USP). [&hellip;]<\/p>\n","protected":false},"author":309,"featured_media":0,"parent":0,"menu_order":0,"comment_status":"closed","ping_status":"closed","template":"","meta":{"footnotes":"","_links_to":"","_links_to_target":""},"class_list":["post-114","page","type-page","status-publish","hentry"],"_links":{"self":[{"href":"https:\/\/sites.usp.br\/tributario\/wp-json\/wp\/v2\/pages\/114","targetHints":{"allow":["GET"]}}],"collection":[{"href":"https:\/\/sites.usp.br\/tributario\/wp-json\/wp\/v2\/pages"}],"about":[{"href":"https:\/\/sites.usp.br\/tributario\/wp-json\/wp\/v2\/types\/page"}],"author":[{"embeddable":true,"href":"https:\/\/sites.usp.br\/tributario\/wp-json\/wp\/v2\/users\/309"}],"replies":[{"embeddable":true,"href":"https:\/\/sites.usp.br\/tributario\/wp-json\/wp\/v2\/comments?post=114"}],"version-history":[{"count":5,"href":"https:\/\/sites.usp.br\/tributario\/wp-json\/wp\/v2\/pages\/114\/revisions"}],"predecessor-version":[{"id":695,"href":"https:\/\/sites.usp.br\/tributario\/wp-json\/wp\/v2\/pages\/114\/revisions\/695"}],"wp:attachment":[{"href":"https:\/\/sites.usp.br\/tributario\/wp-json\/wp\/v2\/media?parent=114"}],"curies":[{"name":"wp","href":"https:\/\/api.w.org\/{rel}","templated":true}]}}